{"id":58099,"date":"2025-07-31T08:39:53","date_gmt":"2025-07-31T13:39:53","guid":{"rendered":"https:\/\/www.clubmilitar.gov.co\/home\/?page_id=58099"},"modified":"2025-08-15T13:59:53","modified_gmt":"2025-08-15T18:59:53","slug":"contactanos","status":"publish","type":"page","link":"https:\/\/www.clubmilitar.gov.co\/home\/contactanos\/","title":{"rendered":"CONT\u00c1CTANOS"},"content":{"rendered":"\t\t<div data-elementor-type=\"wp-page\" data-elementor-id=\"58099\" class=\"elementor elementor-58099\">\n\t\t\t\t<div class=\"elementor-element elementor-element-4cb6f82 e-flex e-con-boxed e-con e-parent\" data-id=\"4cb6f82\" data-element_type=\"container\" data-e-type=\"container\">\n\t\t\t\t\t<div class=\"e-con-inner\">\n\t\t\t\t<div class=\"elementor-element elementor-element-e0e9365 elementor-widget elementor-widget-heading\" data-id=\"e0e9365\" data-element_type=\"widget\" data-e-type=\"widget\" data-widget_type=\"heading.default\">\n\t\t\t\t<div class=\"elementor-widget-container\">\n\t\t\t\t\t<h2 class=\"elementor-heading-title elementor-size-default\">Cont\u00e1ctanos: l\u00edneas y canales de atenci\u00f3n<\/h2>\t\t\t\t<\/div>\n\t\t\t\t<\/div>\n\t\t\t\t\t<\/div>\n\t\t\t\t<\/div>\n\t\t<div class=\"elementor-element elementor-element-26eb4d5 e-flex e-con-boxed e-con e-parent\" data-id=\"26eb4d5\" data-element_type=\"container\" data-e-type=\"container\">\n\t\t\t\t\t<div class=\"e-con-inner\">\n\t\t<div class=\"elementor-element elementor-element-10ce507 e-con-full e-flex e-con e-child\" data-id=\"10ce507\" data-element_type=\"container\" data-e-type=\"container\">\n\t\t\t\t<div class=\"elementor-element elementor-element-76fdd45 elementor-widget elementor-widget-image\" data-id=\"76fdd45\" data-element_type=\"widget\" data-e-type=\"widget\" data-widget_type=\"image.default\">\n\t\t\t\t<div class=\"elementor-widget-container\">\n\t\t\t\t\t\t\t\t\t\t\t\t\t\t\t<img fetchpriority=\"high\" decoding=\"async\" width=\"1279\" height=\"1600\" src=\"https:\/\/www.clubmilitar.gov.co\/home\/wp-content\/uploads\/2025\/08\/contae1.png\" class=\"attachment-full size-full wp-image-58376\" alt=\"\" srcset=\"https:\/\/www.clubmilitar.gov.co\/home\/wp-content\/uploads\/2025\/08\/contae1.png 1279w, https:\/\/www.clubmilitar.gov.co\/home\/wp-content\/uploads\/2025\/08\/contae1-240x300.png 240w, https:\/\/www.clubmilitar.gov.co\/home\/wp-content\/uploads\/2025\/08\/contae1-819x1024.png 819w, https:\/\/www.clubmilitar.gov.co\/home\/wp-content\/uploads\/2025\/08\/contae1-768x961.png 768w, https:\/\/www.clubmilitar.gov.co\/home\/wp-content\/uploads\/2025\/08\/contae1-1228x1536.png 1228w, https:\/\/www.clubmilitar.gov.co\/home\/wp-content\/uploads\/2025\/08\/contae1-700x876.png 700w\" sizes=\"(max-width: 1279px) 100vw, 1279px\" \/>\t\t\t\t\t\t\t\t\t\t\t\t\t\t\t<\/div>\n\t\t\t\t<\/div>\n\t\t\t\t<\/div>\n\t\t<div class=\"elementor-element elementor-element-0d68847 e-con-full e-flex e-con e-child\" data-id=\"0d68847\" data-element_type=\"container\" data-e-type=\"container\">\n\t\t\t\t<div class=\"elementor-element elementor-element-1c3189b elementor-widget elementor-widget-heading\" data-id=\"1c3189b\" data-element_type=\"widget\" data-e-type=\"widget\" data-widget_type=\"heading.default\">\n\t\t\t\t<div class=\"elementor-widget-container\">\n\t\t\t\t\t<h4 class=\"elementor-heading-title elementor-size-default\">Estamos para ayudarte con tus reservas, inquietudes y solicitudes.\n<\/h4>\t\t\t\t<\/div>\n\t\t\t\t<\/div>\n\t\t\t\t<div class=\"elementor-element elementor-element-7ac1d1b elementor-widget elementor-widget-text-editor\" data-id=\"7ac1d1b\" data-element_type=\"widget\" data-e-type=\"widget\" data-widget_type=\"text-editor.default\">\n\t\t\t\t<div class=\"elementor-widget-container\">\n\t\t\t\t\t\t\t\t\t<p>A continuaci\u00f3n encontrar\u00e1s los canales oficiales de atenci\u00f3n para realizar tus reservas en cualquiera de nuestras tres sedes. Puedes comunicarte con nosotros v\u00eda WhatsApp, correo electr\u00f3nico o l\u00ednea telef\u00f3nica. Nuestro equipo estar\u00e1 encantado de asistirte.<\/p><h3><b>Oficina de Reservas \u2013 Club Militar<\/b><\/h3><div><b>\u00a0<\/b><\/div><div><h3><b>Sede Principal<\/b><\/h3><\/div><p><b>Horario de atenci\u00f3n:<\/b>\u00a0Lunes a viernes, 7:30 a.m. \u2013 4:00 p.m.<\/p><p><b>WhatsApp:\u00a0<\/b>310 272 7208\u00a0<\/p><p><b>Tel\u00e9fono:<\/b>\u00a0601 2905077 Ext. 2602<\/p><p><b>Celular:<\/b>\u00a0310 2727208\u00a0<\/p><p><b>Correo electr\u00f3nico:<\/b>\u00a0reservas@clubmilitar.gov.co<\/p>\t\t\t\t\t\t\t\t<\/div>\n\t\t\t\t<\/div>\n\t\t\t\t<div class=\"elementor-element elementor-element-2044e2c elementor-widget elementor-widget-button\" data-id=\"2044e2c\" data-element_type=\"widget\" data-e-type=\"widget\" data-widget_type=\"button.default\">\n\t\t\t\t<div class=\"elementor-widget-container\">\n\t\t\t\t\t\t\t\t\t<div class=\"elementor-button-wrapper\">\n\t\t\t\t\t<a class=\"elementor-button elementor-button-link elementor-size-sm\" href=\"https:\/\/wa.me\/573102727208?text=Hola%2C%20necesito%20informaci%C3%B3n%20sobre%20los%20servicios%20y%20reservas%20disponibles%20en%20la%20Sede%20Principal%20del%20Club%20Militar.\">\n\t\t\t\t\t\t<span class=\"elementor-button-content-wrapper\">\n\t\t\t\t\t\t<span class=\"elementor-button-icon\">\n\t\t\t\t<i aria-hidden=\"true\" class=\"fab fa-whatsapp\"><\/i>\t\t\t<\/span>\n\t\t\t\t\t\t\t\t\t<span class=\"elementor-button-text\">WhatsApp Sede Principal<\/span>\n\t\t\t\t\t<\/span>\n\t\t\t\t\t<\/a>\n\t\t\t\t<\/div>\n\t\t\t\t\t\t\t\t<\/div>\n\t\t\t\t<\/div>\n\t\t\t\t<div class=\"elementor-element elementor-element-88f5dca elementor-widget elementor-widget-text-editor\" data-id=\"88f5dca\" data-element_type=\"widget\" data-e-type=\"widget\" data-widget_type=\"text-editor.default\">\n\t\t\t\t<div class=\"elementor-widget-container\">\n\t\t\t\t\t\t\t\t\t<p><b style=\"color: #404040; font-size: 23px; letter-spacing: 0px;\">Sede Sochagota<\/b><\/p><p><b style=\"background-color: #f4f4f4;\">WhatsApp: <\/b>310 272 7075\u00a0<\/p><p><b>Tel\u00e9fonos:<\/b> 601 2905077 Exts. 6000 \u2013 6011<\/p><p><b>Celulares:<\/b> 310 2727075 \u2013 317 4597695<\/p><p><b>Correo electr\u00f3nico:<\/b> reservaspaipa@clubmilitar.gov.co<\/p>\t\t\t\t\t\t\t\t<\/div>\n\t\t\t\t<\/div>\n\t\t\t\t<div class=\"elementor-element elementor-element-ef6c07a elementor-widget elementor-widget-button\" data-id=\"ef6c07a\" data-element_type=\"widget\" data-e-type=\"widget\" data-widget_type=\"button.default\">\n\t\t\t\t<div class=\"elementor-widget-container\">\n\t\t\t\t\t\t\t\t\t<div class=\"elementor-button-wrapper\">\n\t\t\t\t\t<a class=\"elementor-button elementor-button-link elementor-size-sm\" href=\"https:\/\/wa.me\/573102727075?text=Hola%2C%20quisiera%20conocer%20los%20servicios%20y%20opciones%20de%20reserva%20en%20la%20Sede%20Sochagota%20del%20Club%20Militar.\">\n\t\t\t\t\t\t<span class=\"elementor-button-content-wrapper\">\n\t\t\t\t\t\t<span class=\"elementor-button-icon\">\n\t\t\t\t<i aria-hidden=\"true\" class=\"fab fa-whatsapp\"><\/i>\t\t\t<\/span>\n\t\t\t\t\t\t\t\t\t<span class=\"elementor-button-text\">WhatsApp Sede Sochagota<\/span>\n\t\t\t\t\t<\/span>\n\t\t\t\t\t<\/a>\n\t\t\t\t<\/div>\n\t\t\t\t\t\t\t\t<\/div>\n\t\t\t\t<\/div>\n\t\t\t\t<div class=\"elementor-element elementor-element-4c1d501 elementor-widget elementor-widget-text-editor\" data-id=\"4c1d501\" data-element_type=\"widget\" data-e-type=\"widget\" data-widget_type=\"text-editor.default\">\n\t\t\t\t<div class=\"elementor-widget-container\">\n\t\t\t\t\t\t\t\t\t<h3><b>Sede Las Mercedes<\/b><\/h3><p><b>WhatsApp:\u00a0<\/b><span style=\"background-color: #f4f4f4;\">310 2726760<\/span>\u00a0<\/p><p><b>Tel\u00e9fonos:<\/b>\u00a0601 2905077 Exts. 3000 \u2013 3001<\/p><p><b>Celular (llamadas):<\/b>\u00a0310 2726760\u00a0<\/p><p><b>Correo electr\u00f3nico:<\/b>\u00a0reservaslasmercedes@clubmilitar.gov.co<\/p>\t\t\t\t\t\t\t\t<\/div>\n\t\t\t\t<\/div>\n\t\t\t\t<div class=\"elementor-element elementor-element-34e80d0 elementor-widget elementor-widget-button\" data-id=\"34e80d0\" data-element_type=\"widget\" data-e-type=\"widget\" data-widget_type=\"button.default\">\n\t\t\t\t<div class=\"elementor-widget-container\">\n\t\t\t\t\t\t\t\t\t<div class=\"elementor-button-wrapper\">\n\t\t\t\t\t<a class=\"elementor-button elementor-button-link elementor-size-sm\" href=\"https:\/\/wa.me\/573102726760?text=Hola%2C%20necesito%20informaci%C3%B3n%20sobre%20los%20servicios%20y%20reservas%20en%20la%20Sede%20Las%20Mercedes%20del%20Club%20Militar.%20%20Podr%C3%ADan%20ayudarme%3F\">\n\t\t\t\t\t\t<span class=\"elementor-button-content-wrapper\">\n\t\t\t\t\t\t<span class=\"elementor-button-icon\">\n\t\t\t\t<i aria-hidden=\"true\" class=\"fab fa-whatsapp\"><\/i>\t\t\t<\/span>\n\t\t\t\t\t\t\t\t\t<span class=\"elementor-button-text\">WhatsApp Sede Las Mercedes<\/span>\n\t\t\t\t\t<\/span>\n\t\t\t\t\t<\/a>\n\t\t\t\t<\/div>\n\t\t\t\t\t\t\t\t<\/div>\n\t\t\t\t<\/div>\n\t\t\t\t<\/div>\n\t\t\t\t\t<\/div>\n\t\t\t\t<\/div>\n\t\t\t\t<\/div>\n\t\t","protected":false},"excerpt":{"rendered":"<p>Cont\u00e1ctanos: l\u00edneas y canales de atenci\u00f3n Estamos para ayudarte con tus reservas, inquietudes y solicitudes. A continuaci\u00f3n encontrar\u00e1s los canales oficiales de atenci\u00f3n para realizar tus reservas en cualquiera de nuestras tres sedes. Puedes comunicarte con nosotros v\u00eda WhatsApp, correo electr\u00f3nico o l\u00ednea telef\u00f3nica. Nuestro equipo estar\u00e1 encantado de asistirte. Oficina de Reservas \u2013 Club Militar \u00a0 Sede Principal Horario de atenci\u00f3n:\u00a0Lunes a viernes, 7:30 a.m. \u2013 4:00 p.m. WhatsApp:\u00a0310 272 7208\u00a0 Tel\u00e9fono:\u00a0601 2905077 Ext. 2602 Celular:\u00a0310 2727208\u00a0 Correo electr\u00f3nico:\u00a0reservas@clubmilitar.gov.co WhatsApp Sede Principal Sede Sochagota WhatsApp: 310 272 7075\u00a0 Tel\u00e9fonos: 601 2905077 Exts. 6000 \u2013 6011 Celulares: 310 2727075 \u2013 317 4597695 Correo electr\u00f3nico: reservaspaipa@clubmilitar.gov.co WhatsApp Sede Sochagota Sede Las Mercedes WhatsApp:\u00a0310 2726760\u00a0 Tel\u00e9fonos:\u00a0601 2905077 Exts. 3000 \u2013 3001 Celular (llamadas):\u00a0310 2726760\u00a0 Correo electr\u00f3nico:\u00a0reservaslasmercedes@clubmilitar.gov.co WhatsApp Sede Las Mercedes<\/p>\n","protected":false},"author":20,"featured_media":0,"parent":0,"menu_order":0,"comment_status":"closed","ping_status":"closed","template":"","meta":{"_price":"","_stock":"","_tribe_ticket_header":"","_tribe_default_ticket_provider":"","_tribe_ticket_capacity":"0","_ticket_start_date":"","_ticket_end_date":"","_tribe_ticket_show_description":"","_tribe_ticket_show_not_going":false,"_tribe_ticket_use_global_stock":"","_tribe_ticket_global_stock_level":"","_global_stock_mode":"","_global_stock_cap":"","_tribe_rsvp_for_event":"","_tribe_ticket_going_count":"","_tribe_ticket_not_going_count":"","_tribe_tickets_list":"[]","_tribe_ticket_has_attendee_info_fields":false,"_EventAllDay":false,"_EventTimezone":"","_EventStartDate":"","_EventEndDate":"","_EventStartDateUTC":"","_EventEndDateUTC":"","_EventShowMap":false,"_EventShowMapLink":false,"_EventURL":"","_EventCost":"","_EventCostDescription":"","_EventCurrencySymbol":"","_EventCurrencyCode":"","_EventCurrencyPosition":"","_EventDateTimeSeparator":"","_EventTimeRangeSeparator":"","_EventOrganizerID":[],"_EventVenueID":[],"_OrganizerEmail":"","_OrganizerPhone":"","_OrganizerWebsite":"","_VenueAddress":"","_VenueCity":"","_VenueCountry":"","_VenueProvince":"","_VenueState":"","_VenueZip":"","_VenuePhone":"","_VenueURL":"","_VenueStateProvince":"","_VenueLat":"","_VenueLng":"","_VenueShowMap":false,"_VenueShowMapLink":false,"footnotes":"","_tec_slr_enabled":"","_tec_slr_layout":""},"class_list":["post-58099","page","type-page","status-publish","hentry"],"yoast_head":"<!-- This site is optimized with the Yoast SEO plugin v27.4 - https:\/\/yoast.com\/product\/yoast-seo-wordpress\/ -->\n<title>CONT\u00c1CTANOS - Club Militar<\/title>\n<meta name=\"robots\" content=\"index, follow, max-snippet:-1, max-image-preview:large, max-video-preview:-1\" \/>\n<link rel=\"canonical\" href=\"https:\/\/www.clubmilitar.gov.co\/home\/contactanos\/\" \/>\n<meta property=\"og:locale\" content=\"es_ES\" \/>\n<meta property=\"og:type\" content=\"article\" \/>\n<meta property=\"og:title\" content=\"CONT\u00c1CTANOS - Club Militar\" \/>\n<meta property=\"og:description\" content=\"Cont\u00e1ctanos: l\u00edneas y canales de atenci\u00f3n Estamos para ayudarte con tus reservas, inquietudes y solicitudes. A continuaci\u00f3n encontrar\u00e1s los canales oficiales de atenci\u00f3n para realizar tus reservas en cualquiera de nuestras tres sedes. Puedes comunicarte con nosotros v\u00eda WhatsApp, correo electr\u00f3nico o l\u00ednea telef\u00f3nica. Nuestro equipo estar\u00e1 encantado de asistirte. Oficina de Reservas \u2013 Club Militar \u00a0 Sede Principal Horario de atenci\u00f3n:\u00a0Lunes a viernes, 7:30 a.m. \u2013 4:00 p.m. WhatsApp:\u00a0310 272 7208\u00a0 Tel\u00e9fono:\u00a0601 2905077 Ext. 2602 Celular:\u00a0310 2727208\u00a0 Correo electr\u00f3nico:\u00a0reservas@clubmilitar.gov.co WhatsApp Sede Principal Sede Sochagota WhatsApp: 310 272 7075\u00a0 Tel\u00e9fonos: 601 2905077 Exts. 6000 \u2013 6011 Celulares: 310 2727075 \u2013 317 4597695 Correo electr\u00f3nico: reservaspaipa@clubmilitar.gov.co WhatsApp Sede Sochagota Sede Las Mercedes WhatsApp:\u00a0310 2726760\u00a0 Tel\u00e9fonos:\u00a0601 2905077 Exts. 3000 \u2013 3001 Celular (llamadas):\u00a0310 2726760\u00a0 Correo electr\u00f3nico:\u00a0reservaslasmercedes@clubmilitar.gov.co WhatsApp Sede Las Mercedes\" \/>\n<meta property=\"og:url\" content=\"https:\/\/www.clubmilitar.gov.co\/home\/contactanos\/\" \/>\n<meta property=\"og:site_name\" content=\"Club Militar\" \/>\n<meta property=\"article:modified_time\" content=\"2025-08-15T18:59:53+00:00\" \/>\n<meta property=\"og:image\" content=\"https:\/\/www.clubmilitar.gov.co\/home\/wp-content\/uploads\/2025\/08\/contae1.png\" \/>\n\t<meta property=\"og:image:width\" content=\"1279\" \/>\n\t<meta property=\"og:image:height\" content=\"1600\" \/>\n\t<meta property=\"og:image:type\" content=\"image\/png\" \/>\n<meta name=\"twitter:card\" content=\"summary_large_image\" \/>\n<meta name=\"twitter:label1\" content=\"Tiempo de lectura\" \/>\n\t<meta name=\"twitter:data1\" content=\"1 minuto\" \/>\n<script type=\"application\/ld+json\" class=\"yoast-schema-graph\">{\"@context\":\"https:\\\/\\\/schema.org\",\"@graph\":[{\"@type\":\"WebPage\",\"@id\":\"https:\\\/\\\/www.clubmilitar.gov.co\\\/home\\\/contactanos\\\/\",\"url\":\"https:\\\/\\\/www.clubmilitar.gov.co\\\/home\\\/contactanos\\\/\",\"name\":\"CONT\u00c1CTANOS - Club Militar\",\"isPartOf\":{\"@id\":\"https:\\\/\\\/www.clubmilitar.gov.co\\\/home\\\/#website\"},\"primaryImageOfPage\":{\"@id\":\"https:\\\/\\\/www.clubmilitar.gov.co\\\/home\\\/contactanos\\\/#primaryimage\"},\"image\":{\"@id\":\"https:\\\/\\\/www.clubmilitar.gov.co\\\/home\\\/contactanos\\\/#primaryimage\"},\"thumbnailUrl\":\"https:\\\/\\\/www.clubmilitar.gov.co\\\/home\\\/wp-content\\\/uploads\\\/2025\\\/08\\\/contae1.png\",\"datePublished\":\"2025-07-31T13:39:53+00:00\",\"dateModified\":\"2025-08-15T18:59:53+00:00\",\"breadcrumb\":{\"@id\":\"https:\\\/\\\/www.clubmilitar.gov.co\\\/home\\\/contactanos\\\/#breadcrumb\"},\"inLanguage\":\"es\",\"potentialAction\":[{\"@type\":\"ReadAction\",\"target\":[\"https:\\\/\\\/www.clubmilitar.gov.co\\\/home\\\/contactanos\\\/\"]}]},{\"@type\":\"ImageObject\",\"inLanguage\":\"es\",\"@id\":\"https:\\\/\\\/www.clubmilitar.gov.co\\\/home\\\/contactanos\\\/#primaryimage\",\"url\":\"https:\\\/\\\/www.clubmilitar.gov.co\\\/home\\\/wp-content\\\/uploads\\\/2025\\\/08\\\/contae1.png\",\"contentUrl\":\"https:\\\/\\\/www.clubmilitar.gov.co\\\/home\\\/wp-content\\\/uploads\\\/2025\\\/08\\\/contae1.png\",\"width\":1279,\"height\":1600},{\"@type\":\"BreadcrumbList\",\"@id\":\"https:\\\/\\\/www.clubmilitar.gov.co\\\/home\\\/contactanos\\\/#breadcrumb\",\"itemListElement\":[{\"@type\":\"ListItem\",\"position\":1,\"name\":\"Inicio\",\"item\":\"https:\\\/\\\/www.clubmilitar.gov.co\\\/home\\\/\"},{\"@type\":\"ListItem\",\"position\":2,\"name\":\"CONT\u00c1CTANOS\"}]},{\"@type\":\"WebSite\",\"@id\":\"https:\\\/\\\/www.clubmilitar.gov.co\\\/home\\\/#website\",\"url\":\"https:\\\/\\\/www.clubmilitar.gov.co\\\/home\\\/\",\"name\":\"Club Militar\",\"description\":\"&quot;Su destino ideal en familia&quot;\",\"publisher\":{\"@id\":\"https:\\\/\\\/www.clubmilitar.gov.co\\\/home\\\/#organization\"},\"potentialAction\":[{\"@type\":\"SearchAction\",\"target\":{\"@type\":\"EntryPoint\",\"urlTemplate\":\"https:\\\/\\\/www.clubmilitar.gov.co\\\/home\\\/?s={search_term_string}\"},\"query-input\":{\"@type\":\"PropertyValueSpecification\",\"valueRequired\":true,\"valueName\":\"search_term_string\"}}],\"inLanguage\":\"es\"},{\"@type\":\"Organization\",\"@id\":\"https:\\\/\\\/www.clubmilitar.gov.co\\\/home\\\/#organization\",\"name\":\"Club Militar\",\"url\":\"https:\\\/\\\/www.clubmilitar.gov.co\\\/home\\\/\",\"logo\":{\"@type\":\"ImageObject\",\"inLanguage\":\"es\",\"@id\":\"https:\\\/\\\/www.clubmilitar.gov.co\\\/home\\\/#\\\/schema\\\/logo\\\/image\\\/\",\"url\":\"https:\\\/\\\/www.clubmilitar.gov.co\\\/home\\\/wp-content\\\/uploads\\\/2024\\\/06\\\/cropped-cropped-cropped-cropped-image-1-1.png\",\"contentUrl\":\"https:\\\/\\\/www.clubmilitar.gov.co\\\/home\\\/wp-content\\\/uploads\\\/2024\\\/06\\\/cropped-cropped-cropped-cropped-image-1-1.png\",\"width\":596,\"height\":133,\"caption\":\"Club Militar\"},\"image\":{\"@id\":\"https:\\\/\\\/www.clubmilitar.gov.co\\\/home\\\/#\\\/schema\\\/logo\\\/image\\\/\"}}]}<\/script>\n<!-- \/ Yoast SEO plugin. -->","yoast_head_json":{"title":"CONT\u00c1CTANOS - Club Militar","robots":{"index":"index","follow":"follow","max-snippet":"max-snippet:-1","max-image-preview":"max-image-preview:large","max-video-preview":"max-video-preview:-1"},"canonical":"https:\/\/www.clubmilitar.gov.co\/home\/contactanos\/","og_locale":"es_ES","og_type":"article","og_title":"CONT\u00c1CTANOS - Club Militar","og_description":"Cont\u00e1ctanos: l\u00edneas y canales de atenci\u00f3n Estamos para ayudarte con tus reservas, inquietudes y solicitudes. A continuaci\u00f3n encontrar\u00e1s los canales oficiales de atenci\u00f3n para realizar tus reservas en cualquiera de nuestras tres sedes. Puedes comunicarte con nosotros v\u00eda WhatsApp, correo electr\u00f3nico o l\u00ednea telef\u00f3nica. Nuestro equipo estar\u00e1 encantado de asistirte. Oficina de Reservas \u2013 Club Militar \u00a0 Sede Principal Horario de atenci\u00f3n:\u00a0Lunes a viernes, 7:30 a.m. \u2013 4:00 p.m. WhatsApp:\u00a0310 272 7208\u00a0 Tel\u00e9fono:\u00a0601 2905077 Ext. 2602 Celular:\u00a0310 2727208\u00a0 Correo electr\u00f3nico:\u00a0reservas@clubmilitar.gov.co WhatsApp Sede Principal Sede Sochagota WhatsApp: 310 272 7075\u00a0 Tel\u00e9fonos: 601 2905077 Exts. 6000 \u2013 6011 Celulares: 310 2727075 \u2013 317 4597695 Correo electr\u00f3nico: reservaspaipa@clubmilitar.gov.co WhatsApp Sede Sochagota Sede Las Mercedes WhatsApp:\u00a0310 2726760\u00a0 Tel\u00e9fonos:\u00a0601 2905077 Exts. 3000 \u2013 3001 Celular (llamadas):\u00a0310 2726760\u00a0 Correo electr\u00f3nico:\u00a0reservaslasmercedes@clubmilitar.gov.co WhatsApp Sede Las Mercedes","og_url":"https:\/\/www.clubmilitar.gov.co\/home\/contactanos\/","og_site_name":"Club Militar","article_modified_time":"2025-08-15T18:59:53+00:00","og_image":[{"width":1279,"height":1600,"url":"https:\/\/www.clubmilitar.gov.co\/home\/wp-content\/uploads\/2025\/08\/contae1.png","type":"image\/png"}],"twitter_card":"summary_large_image","twitter_misc":{"Tiempo de lectura":"1 minuto"},"schema":{"@context":"https:\/\/schema.org","@graph":[{"@type":"WebPage","@id":"https:\/\/www.clubmilitar.gov.co\/home\/contactanos\/","url":"https:\/\/www.clubmilitar.gov.co\/home\/contactanos\/","name":"CONT\u00c1CTANOS - Club Militar","isPartOf":{"@id":"https:\/\/www.clubmilitar.gov.co\/home\/#website"},"primaryImageOfPage":{"@id":"https:\/\/www.clubmilitar.gov.co\/home\/contactanos\/#primaryimage"},"image":{"@id":"https:\/\/www.clubmilitar.gov.co\/home\/contactanos\/#primaryimage"},"thumbnailUrl":"https:\/\/www.clubmilitar.gov.co\/home\/wp-content\/uploads\/2025\/08\/contae1.png","datePublished":"2025-07-31T13:39:53+00:00","dateModified":"2025-08-15T18:59:53+00:00","breadcrumb":{"@id":"https:\/\/www.clubmilitar.gov.co\/home\/contactanos\/#breadcrumb"},"inLanguage":"es","potentialAction":[{"@type":"ReadAction","target":["https:\/\/www.clubmilitar.gov.co\/home\/contactanos\/"]}]},{"@type":"ImageObject","inLanguage":"es","@id":"https:\/\/www.clubmilitar.gov.co\/home\/contactanos\/#primaryimage","url":"https:\/\/www.clubmilitar.gov.co\/home\/wp-content\/uploads\/2025\/08\/contae1.png","contentUrl":"https:\/\/www.clubmilitar.gov.co\/home\/wp-content\/uploads\/2025\/08\/contae1.png","width":1279,"height":1600},{"@type":"BreadcrumbList","@id":"https:\/\/www.clubmilitar.gov.co\/home\/contactanos\/#breadcrumb","itemListElement":[{"@type":"ListItem","position":1,"name":"Inicio","item":"https:\/\/www.clubmilitar.gov.co\/home\/"},{"@type":"ListItem","position":2,"name":"CONT\u00c1CTANOS"}]},{"@type":"WebSite","@id":"https:\/\/www.clubmilitar.gov.co\/home\/#website","url":"https:\/\/www.clubmilitar.gov.co\/home\/","name":"Club Militar","description":"&quot;Su destino ideal en familia&quot;","publisher":{"@id":"https:\/\/www.clubmilitar.gov.co\/home\/#organization"},"potentialAction":[{"@type":"SearchAction","target":{"@type":"EntryPoint","urlTemplate":"https:\/\/www.clubmilitar.gov.co\/home\/?s={search_term_string}"},"query-input":{"@type":"PropertyValueSpecification","valueRequired":true,"valueName":"search_term_string"}}],"inLanguage":"es"},{"@type":"Organization","@id":"https:\/\/www.clubmilitar.gov.co\/home\/#organization","name":"Club Militar","url":"https:\/\/www.clubmilitar.gov.co\/home\/","logo":{"@type":"ImageObject","inLanguage":"es","@id":"https:\/\/www.clubmilitar.gov.co\/home\/#\/schema\/logo\/image\/","url":"https:\/\/www.clubmilitar.gov.co\/home\/wp-content\/uploads\/2024\/06\/cropped-cropped-cropped-cropped-image-1-1.png","contentUrl":"https:\/\/www.clubmilitar.gov.co\/home\/wp-content\/uploads\/2024\/06\/cropped-cropped-cropped-cropped-image-1-1.png","width":596,"height":133,"caption":"Club Militar"},"image":{"@id":"https:\/\/www.clubmilitar.gov.co\/home\/#\/schema\/logo\/image\/"}}]}},"publishpress_future_workflow_manual_trigger":{"enabledWorkflows":[]},"ticketed":false,"_links":{"self":[{"href":"https:\/\/www.clubmilitar.gov.co\/home\/wp-json\/wp\/v2\/pages\/58099","targetHints":{"allow":["GET"]}}],"collection":[{"href":"https:\/\/www.clubmilitar.gov.co\/home\/wp-json\/wp\/v2\/pages"}],"about":[{"href":"https:\/\/www.clubmilitar.gov.co\/home\/wp-json\/wp\/v2\/types\/page"}],"author":[{"embeddable":true,"href":"https:\/\/www.clubmilitar.gov.co\/home\/wp-json\/wp\/v2\/users\/20"}],"replies":[{"embeddable":true,"href":"https:\/\/www.clubmilitar.gov.co\/home\/wp-json\/wp\/v2\/comments?post=58099"}],"version-history":[{"count":30,"href":"https:\/\/www.clubmilitar.gov.co\/home\/wp-json\/wp\/v2\/pages\/58099\/revisions"}],"predecessor-version":[{"id":58394,"href":"https:\/\/www.clubmilitar.gov.co\/home\/wp-json\/wp\/v2\/pages\/58099\/revisions\/58394"}],"wp:attachment":[{"href":"https:\/\/www.clubmilitar.gov.co\/home\/wp-json\/wp\/v2\/media?parent=58099"}],"curies":[{"name":"wp","href":"https:\/\/api.w.org\/{rel}","templated":true}]}}