{"id":57201,"date":"2025-04-01T00:19:50","date_gmt":"2025-04-01T05:19:50","guid":{"rendered":"https:\/\/www.clubmilitar.gov.co\/home\/?page_id=57201"},"modified":"2025-04-18T18:48:14","modified_gmt":"2025-04-18T23:48:14","slug":"nuestra-comunidad-habla","status":"publish","type":"page","link":"https:\/\/www.clubmilitar.gov.co\/home\/nuestra-comunidad-habla\/","title":{"rendered":"Nuestra Comunidad Habla"},"content":{"rendered":"\t\t<div data-elementor-type=\"wp-page\" data-elementor-id=\"57201\" class=\"elementor elementor-57201\">\n\t\t\t\t<div class=\"elementor-element elementor-element-67684a7 e-flex e-con-boxed e-con e-parent\" data-id=\"67684a7\" data-element_type=\"container\" data-e-type=\"container\">\n\t\t\t\t\t<div class=\"e-con-inner\">\n\t\t\t\t<div class=\"elementor-element elementor-element-5027360 elementor-widget elementor-widget-heading\" data-id=\"5027360\" data-element_type=\"widget\" data-e-type=\"widget\" data-widget_type=\"heading.default\">\n\t\t\t\t<div class=\"elementor-widget-container\">\n\t\t\t\t\t<h2 class=\"elementor-heading-title elementor-size-default\">La experiencia de nuestros socios, reflejo del compromiso del Club Militar<\/h2>\t\t\t\t<\/div>\n\t\t\t\t<\/div>\n\t\t\t\t<div class=\"elementor-element elementor-element-15bdef4 elementor-widget-divider--view-line elementor-widget elementor-widget-divider\" data-id=\"15bdef4\" data-element_type=\"widget\" data-e-type=\"widget\" data-widget_type=\"divider.default\">\n\t\t\t\t<div class=\"elementor-widget-container\">\n\t\t\t\t\t\t\t<div class=\"elementor-divider\">\n\t\t\t<span class=\"elementor-divider-separator\">\n\t\t\t\t\t\t<\/span>\n\t\t<\/div>\n\t\t\t\t\t\t<\/div>\n\t\t\t\t<\/div>\n\t\t\t\t\t<\/div>\n\t\t\t\t<\/div>\n\t\t<div class=\"elementor-element elementor-element-a7b4e3c e-con-full e-flex e-con e-parent\" data-id=\"a7b4e3c\" data-element_type=\"container\" data-e-type=\"container\">\n\t\t<div class=\"elementor-element elementor-element-5f47852 e-con-full e-flex e-con e-child\" data-id=\"5f47852\" data-element_type=\"container\" data-e-type=\"container\">\n\t\t\t\t<div class=\"elementor-element elementor-element-2d7c955 elementor-widget elementor-widget-heading\" data-id=\"2d7c955\" data-element_type=\"widget\" data-e-type=\"widget\" data-widget_type=\"heading.default\">\n\t\t\t\t<div class=\"elementor-widget-container\">\n\t\t\t\t\t<h2 class=\"elementor-heading-title elementor-size-default\">Tradici\u00f3n y confianza: la voz de nuestros socios<\/h2>\t\t\t\t<\/div>\n\t\t\t\t<\/div>\n\t\t\t\t<div class=\"elementor-element elementor-element-27b4162 elementor-widget elementor-widget-text-editor\" data-id=\"27b4162\" data-element_type=\"widget\" data-e-type=\"widget\" data-widget_type=\"text-editor.default\">\n\t\t\t\t<div class=\"elementor-widget-container\">\n\t\t\t\t\t\t\t\t\t<p class=\"p1\">En el Club Militar creemos que cada voz tiene un valor inmenso, porque detr\u00e1s de cada palabra hay una experiencia, un recuerdo, una vivencia que construye lo que somos como instituci\u00f3n. Esta p\u00e1gina es un espacio creado para reconocer y visibilizar a quienes dan sentido a nuestro prop\u00f3sito: nuestros socios. Aqu\u00ed encontrar\u00e1s testimonios sinceros, relatos emotivos y rese\u00f1as aut\u00e9nticas de quienes han vivido el Club desde distintas perspectivas. Algunos llevan d\u00e9cadas siendo parte de esta comunidad; otros han llegado recientemente y ya sienten que este lugar es parte de su historia personal. Escuchar sus voces nos permite entender el impacto real de nuestro trabajo diario, y nos impulsa a seguir mejorando con humildad, compromiso y visi\u00f3n. Te invitamos a navegar por estas historias y dejarte inspirar por el testimonio de quienes han hecho del Club Militar su segunda casa. Porque el verdadero valor de nuestra instituci\u00f3n no solo est\u00e1 en sus instalaciones, sino en las personas que le dan vida con cada experiencia compartida.<\/p>\t\t\t\t\t\t\t\t<\/div>\n\t\t\t\t<\/div>\n\t\t\t\t<\/div>\n\t\t<div class=\"elementor-element elementor-element-63f7f8d e-con-full e-flex e-con e-child\" data-id=\"63f7f8d\" data-element_type=\"container\" data-e-type=\"container\">\n\t\t\t\t<div class=\"elementor-element elementor-element-b2c4b10 elementor-widget__width-initial elementor-widget elementor-widget-video\" data-id=\"b2c4b10\" data-element_type=\"widget\" data-e-type=\"widget\" data-settings=\"{&quot;youtube_url&quot;:&quot;https:\\\/\\\/youtube.com\\\/shorts\\\/ZT5H7WpY88E&quot;,&quot;video_type&quot;:&quot;youtube&quot;,&quot;controls&quot;:&quot;yes&quot;}\" data-widget_type=\"video.default\">\n\t\t\t\t<div class=\"elementor-widget-container\">\n\t\t\t\t\t\t\t<div class=\"elementor-wrapper elementor-open-inline\">\n\t\t\t<div class=\"elementor-video\"><\/div>\t\t<\/div>\n\t\t\t\t\t\t<\/div>\n\t\t\t\t<\/div>\n\t\t\t\t<\/div>\n\t\t\t\t<\/div>\n\t\t<div class=\"elementor-element elementor-element-d40e29f e-flex e-con-boxed e-con e-parent\" data-id=\"d40e29f\" data-element_type=\"container\" data-e-type=\"container\">\n\t\t\t\t\t<div class=\"e-con-inner\">\n\t\t<div class=\"elementor-element elementor-element-4e8e82d e-con-full e-flex e-con e-child\" data-id=\"4e8e82d\" data-element_type=\"container\" data-e-type=\"container\">\n\t\t\t\t<div class=\"elementor-element elementor-element-3faa912 elementor-widget elementor-widget-video\" data-id=\"3faa912\" data-element_type=\"widget\" data-e-type=\"widget\" data-settings=\"{&quot;youtube_url&quot;:&quot;https:\\\/\\\/youtube.com\\\/shorts\\\/J2RsB8d52C0?feature=share&quot;,&quot;video_type&quot;:&quot;youtube&quot;,&quot;controls&quot;:&quot;yes&quot;}\" data-widget_type=\"video.default\">\n\t\t\t\t<div class=\"elementor-widget-container\">\n\t\t\t\t\t\t\t<div class=\"elementor-wrapper elementor-open-inline\">\n\t\t\t<div class=\"elementor-video\"><\/div>\t\t<\/div>\n\t\t\t\t\t\t<\/div>\n\t\t\t\t<\/div>\n\t\t\t\t<\/div>\n\t\t<div class=\"elementor-element elementor-element-5f8d698 e-con-full e-flex e-con e-child\" data-id=\"5f8d698\" data-element_type=\"container\" data-e-type=\"container\">\n\t\t\t\t<div class=\"elementor-element elementor-element-9f5726b elementor-widget elementor-widget-video\" data-id=\"9f5726b\" data-element_type=\"widget\" data-e-type=\"widget\" data-settings=\"{&quot;youtube_url&quot;:&quot;https:\\\/\\\/youtube.com\\\/shorts\\\/ldZvQZfCenk?feature=share&quot;,&quot;video_type&quot;:&quot;youtube&quot;,&quot;controls&quot;:&quot;yes&quot;}\" data-widget_type=\"video.default\">\n\t\t\t\t<div class=\"elementor-widget-container\">\n\t\t\t\t\t\t\t<div class=\"elementor-wrapper elementor-open-inline\">\n\t\t\t<div class=\"elementor-video\"><\/div>\t\t<\/div>\n\t\t\t\t\t\t<\/div>\n\t\t\t\t<\/div>\n\t\t\t\t<\/div>\n\t\t\t\t\t<\/div>\n\t\t\t\t<\/div>\n\t\t<div class=\"elementor-element elementor-element-375cd65 e-flex e-con-boxed e-con e-parent\" data-id=\"375cd65\" data-element_type=\"container\" data-e-type=\"container\">\n\t\t\t\t\t<div class=\"e-con-inner\">\n\t\t<div class=\"elementor-element elementor-element-a63ee89 e-con-full e-flex e-con e-child\" data-id=\"a63ee89\" data-element_type=\"container\" data-e-type=\"container\">\n\t\t\t\t<div class=\"elementor-element elementor-element-e9391d7 elementor-widget elementor-widget-video\" data-id=\"e9391d7\" data-element_type=\"widget\" data-e-type=\"widget\" data-settings=\"{&quot;youtube_url&quot;:&quot;https:\\\/\\\/youtube.com\\\/shorts\\\/mbmrMk_isxE?feature=share&quot;,&quot;video_type&quot;:&quot;youtube&quot;,&quot;controls&quot;:&quot;yes&quot;}\" data-widget_type=\"video.default\">\n\t\t\t\t<div class=\"elementor-widget-container\">\n\t\t\t\t\t\t\t<div class=\"elementor-wrapper elementor-open-inline\">\n\t\t\t<div class=\"elementor-video\"><\/div>\t\t<\/div>\n\t\t\t\t\t\t<\/div>\n\t\t\t\t<\/div>\n\t\t\t\t<\/div>\n\t\t<div class=\"elementor-element elementor-element-45f2b45 e-con-full e-flex e-con e-child\" data-id=\"45f2b45\" data-element_type=\"container\" data-e-type=\"container\">\n\t\t\t\t<div class=\"elementor-element elementor-element-0dcf1a3 elementor-widget elementor-widget-video\" data-id=\"0dcf1a3\" data-element_type=\"widget\" data-e-type=\"widget\" data-settings=\"{&quot;youtube_url&quot;:&quot;https:\\\/\\\/youtube.com\\\/shorts\\\/OwqkrXQvLBM?feature=share&quot;,&quot;video_type&quot;:&quot;youtube&quot;,&quot;controls&quot;:&quot;yes&quot;}\" data-widget_type=\"video.default\">\n\t\t\t\t<div class=\"elementor-widget-container\">\n\t\t\t\t\t\t\t<div class=\"elementor-wrapper elementor-open-inline\">\n\t\t\t<div class=\"elementor-video\"><\/div>\t\t<\/div>\n\t\t\t\t\t\t<\/div>\n\t\t\t\t<\/div>\n\t\t\t\t<\/div>\n\t\t\t\t\t<\/div>\n\t\t\t\t<\/div>\n\t\t<div class=\"elementor-element elementor-element-cc99569 e-flex e-con-boxed e-con e-parent\" data-id=\"cc99569\" data-element_type=\"container\" data-e-type=\"container\">\n\t\t\t\t\t<div class=\"e-con-inner\">\n\t\t<div class=\"elementor-element elementor-element-8b0aa2e e-con-full e-flex e-con e-child\" data-id=\"8b0aa2e\" data-element_type=\"container\" data-e-type=\"container\">\n\t\t\t\t<div class=\"elementor-element elementor-element-118bebc elementor-widget elementor-widget-video\" data-id=\"118bebc\" data-element_type=\"widget\" data-e-type=\"widget\" data-settings=\"{&quot;youtube_url&quot;:&quot;https:\\\/\\\/youtube.com\\\/shorts\\\/UDO03dySTd0?feature=share&quot;,&quot;video_type&quot;:&quot;youtube&quot;,&quot;controls&quot;:&quot;yes&quot;}\" data-widget_type=\"video.default\">\n\t\t\t\t<div class=\"elementor-widget-container\">\n\t\t\t\t\t\t\t<div class=\"elementor-wrapper elementor-open-inline\">\n\t\t\t<div class=\"elementor-video\"><\/div>\t\t<\/div>\n\t\t\t\t\t\t<\/div>\n\t\t\t\t<\/div>\n\t\t\t\t<\/div>\n\t\t<div class=\"elementor-element elementor-element-3d49f08 e-con-full e-flex e-con e-child\" data-id=\"3d49f08\" data-element_type=\"container\" data-e-type=\"container\">\n\t\t\t\t<div class=\"elementor-element elementor-element-fd27197 elementor-widget elementor-widget-video\" data-id=\"fd27197\" data-element_type=\"widget\" data-e-type=\"widget\" data-settings=\"{&quot;youtube_url&quot;:&quot;https:\\\/\\\/youtube.com\\\/shorts\\\/BY-ja3XrM1s?feature=share&quot;,&quot;video_type&quot;:&quot;youtube&quot;,&quot;controls&quot;:&quot;yes&quot;}\" data-widget_type=\"video.default\">\n\t\t\t\t<div class=\"elementor-widget-container\">\n\t\t\t\t\t\t\t<div class=\"elementor-wrapper elementor-open-inline\">\n\t\t\t<div class=\"elementor-video\"><\/div>\t\t<\/div>\n\t\t\t\t\t\t<\/div>\n\t\t\t\t<\/div>\n\t\t\t\t<\/div>\n\t\t\t\t\t<\/div>\n\t\t\t\t<\/div>\n\t\t\t\t<\/div>\n\t\t","protected":false},"excerpt":{"rendered":"<p>La experiencia de nuestros socios, reflejo del compromiso del Club Militar Tradici\u00f3n y confianza: la voz de nuestros socios En el Club Militar creemos que cada voz tiene un valor inmenso, porque detr\u00e1s de cada palabra hay una experiencia, un recuerdo, una vivencia que construye lo que somos como instituci\u00f3n. Esta p\u00e1gina es un espacio creado para reconocer y visibilizar a quienes dan sentido a nuestro prop\u00f3sito: nuestros socios. Aqu\u00ed encontrar\u00e1s testimonios sinceros, relatos emotivos y rese\u00f1as aut\u00e9nticas de quienes han vivido el Club desde distintas perspectivas. Algunos llevan d\u00e9cadas siendo parte de esta comunidad; otros han llegado recientemente y ya sienten que este lugar es parte de su historia personal. Escuchar sus voces nos permite entender el impacto real de nuestro trabajo diario, y nos impulsa a seguir mejorando con humildad, compromiso y visi\u00f3n. Te invitamos a navegar por estas historias y dejarte inspirar por el testimonio de quienes han hecho del Club Militar su segunda casa. Porque el verdadero valor de nuestra instituci\u00f3n no solo est\u00e1 en sus instalaciones, sino en las personas que le dan vida con cada experiencia compartida. https:\/\/youtube.com\/shorts\/ZT5H7WpY88Ehttps:\/\/youtube.com\/shorts\/J2RsB8d52C0?feature=sharehttps:\/\/youtube.com\/shorts\/ldZvQZfCenk?feature=sharehttps:\/\/youtube.com\/shorts\/mbmrMk_isxE?feature=sharehttps:\/\/youtube.com\/shorts\/OwqkrXQvLBM?feature=sharehttps:\/\/youtube.com\/shorts\/UDO03dySTd0?feature=sharehttps:\/\/youtube.com\/shorts\/BY-ja3XrM1s?feature=share<\/p>\n","protected":false},"author":20,"featured_media":0,"parent":0,"menu_order":0,"comment_status":"closed","ping_status":"closed","template":"","meta":{"_price":"","_stock":"","_tribe_ticket_header":"","_tribe_default_ticket_provider":"","_tribe_ticket_capacity":"0","_ticket_start_date":"","_ticket_end_date":"","_tribe_ticket_show_description":"","_tribe_ticket_show_not_going":false,"_tribe_ticket_use_global_stock":"","_tribe_ticket_global_stock_level":"","_global_stock_mode":"","_global_stock_cap":"","_tribe_rsvp_for_event":"","_tribe_ticket_going_count":"","_tribe_ticket_not_going_count":"","_tribe_tickets_list":"[]","_tribe_ticket_has_attendee_info_fields":false,"_EventAllDay":false,"_EventTimezone":"","_EventStartDate":"","_EventEndDate":"","_EventStartDateUTC":"","_EventEndDateUTC":"","_EventShowMap":false,"_EventShowMapLink":false,"_EventURL":"","_EventCost":"","_EventCostDescription":"","_EventCurrencySymbol":"","_EventCurrencyCode":"","_EventCurrencyPosition":"","_EventDateTimeSeparator":"","_EventTimeRangeSeparator":"","_EventOrganizerID":[],"_EventVenueID":[],"_OrganizerEmail":"","_OrganizerPhone":"","_OrganizerWebsite":"","_VenueAddress":"","_VenueCity":"","_VenueCountry":"","_VenueProvince":"","_VenueState":"","_VenueZip":"","_VenuePhone":"","_VenueURL":"","_VenueStateProvince":"","_VenueLat":"","_VenueLng":"","_VenueShowMap":false,"_VenueShowMapLink":false,"footnotes":"","_tec_slr_enabled":"","_tec_slr_layout":""},"class_list":["post-57201","page","type-page","status-publish","hentry"],"yoast_head":"<!-- This site is optimized with the Yoast SEO plugin v27.4 - https:\/\/yoast.com\/product\/yoast-seo-wordpress\/ -->\n<title>Nuestra Comunidad Habla - Club Militar<\/title>\n<meta name=\"robots\" content=\"index, follow, max-snippet:-1, max-image-preview:large, max-video-preview:-1\" \/>\n<link rel=\"canonical\" href=\"https:\/\/www.clubmilitar.gov.co\/home\/nuestra-comunidad-habla\/\" \/>\n<meta property=\"og:locale\" content=\"es_ES\" \/>\n<meta property=\"og:type\" content=\"article\" \/>\n<meta property=\"og:title\" content=\"Nuestra Comunidad Habla - Club Militar\" \/>\n<meta property=\"og:description\" content=\"La experiencia de nuestros socios, reflejo del compromiso del Club Militar Tradici\u00f3n y confianza: la voz de nuestros socios En el Club Militar creemos que cada voz tiene un valor inmenso, porque detr\u00e1s de cada palabra hay una experiencia, un recuerdo, una vivencia que construye lo que somos como instituci\u00f3n. Esta p\u00e1gina es un espacio creado para reconocer y visibilizar a quienes dan sentido a nuestro prop\u00f3sito: nuestros socios. Aqu\u00ed encontrar\u00e1s testimonios sinceros, relatos emotivos y rese\u00f1as aut\u00e9nticas de quienes han vivido el Club desde distintas perspectivas. Algunos llevan d\u00e9cadas siendo parte de esta comunidad; otros han llegado recientemente y ya sienten que este lugar es parte de su historia personal. Escuchar sus voces nos permite entender el impacto real de nuestro trabajo diario, y nos impulsa a seguir mejorando con humildad, compromiso y visi\u00f3n. Te invitamos a navegar por estas historias y dejarte inspirar por el testimonio de quienes han hecho del Club Militar su segunda casa. Porque el verdadero valor de nuestra instituci\u00f3n no solo est\u00e1 en sus instalaciones, sino en las personas que le dan vida con cada experiencia compartida. https:\/\/youtube.com\/shorts\/ZT5H7WpY88Ehttps:\/\/youtube.com\/shorts\/J2RsB8d52C0?feature=sharehttps:\/\/youtube.com\/shorts\/ldZvQZfCenk?feature=sharehttps:\/\/youtube.com\/shorts\/mbmrMk_isxE?feature=sharehttps:\/\/youtube.com\/shorts\/OwqkrXQvLBM?feature=sharehttps:\/\/youtube.com\/shorts\/UDO03dySTd0?feature=sharehttps:\/\/youtube.com\/shorts\/BY-ja3XrM1s?feature=share\" \/>\n<meta property=\"og:url\" content=\"https:\/\/www.clubmilitar.gov.co\/home\/nuestra-comunidad-habla\/\" \/>\n<meta property=\"og:site_name\" content=\"Club Militar\" \/>\n<meta property=\"article:modified_time\" content=\"2025-04-18T23:48:14+00:00\" \/>\n<meta name=\"twitter:card\" content=\"summary_large_image\" \/>\n<meta name=\"twitter:label1\" content=\"Tiempo de lectura\" \/>\n\t<meta name=\"twitter:data1\" content=\"1 minuto\" \/>\n<script type=\"application\/ld+json\" class=\"yoast-schema-graph\">{\"@context\":\"https:\\\/\\\/schema.org\",\"@graph\":[{\"@type\":\"WebPage\",\"@id\":\"https:\\\/\\\/www.clubmilitar.gov.co\\\/home\\\/nuestra-comunidad-habla\\\/\",\"url\":\"https:\\\/\\\/www.clubmilitar.gov.co\\\/home\\\/nuestra-comunidad-habla\\\/\",\"name\":\"Nuestra Comunidad Habla - Club Militar\",\"isPartOf\":{\"@id\":\"https:\\\/\\\/www.clubmilitar.gov.co\\\/home\\\/#website\"},\"datePublished\":\"2025-04-01T05:19:50+00:00\",\"dateModified\":\"2025-04-18T23:48:14+00:00\",\"breadcrumb\":{\"@id\":\"https:\\\/\\\/www.clubmilitar.gov.co\\\/home\\\/nuestra-comunidad-habla\\\/#breadcrumb\"},\"inLanguage\":\"es\",\"potentialAction\":[{\"@type\":\"ReadAction\",\"target\":[\"https:\\\/\\\/www.clubmilitar.gov.co\\\/home\\\/nuestra-comunidad-habla\\\/\"]}]},{\"@type\":\"BreadcrumbList\",\"@id\":\"https:\\\/\\\/www.clubmilitar.gov.co\\\/home\\\/nuestra-comunidad-habla\\\/#breadcrumb\",\"itemListElement\":[{\"@type\":\"ListItem\",\"position\":1,\"name\":\"Inicio\",\"item\":\"https:\\\/\\\/www.clubmilitar.gov.co\\\/home\\\/\"},{\"@type\":\"ListItem\",\"position\":2,\"name\":\"Nuestra Comunidad Habla\"}]},{\"@type\":\"WebSite\",\"@id\":\"https:\\\/\\\/www.clubmilitar.gov.co\\\/home\\\/#website\",\"url\":\"https:\\\/\\\/www.clubmilitar.gov.co\\\/home\\\/\",\"name\":\"Club Militar\",\"description\":\"&quot;Su destino ideal en familia&quot;\",\"publisher\":{\"@id\":\"https:\\\/\\\/www.clubmilitar.gov.co\\\/home\\\/#organization\"},\"potentialAction\":[{\"@type\":\"SearchAction\",\"target\":{\"@type\":\"EntryPoint\",\"urlTemplate\":\"https:\\\/\\\/www.clubmilitar.gov.co\\\/home\\\/?s={search_term_string}\"},\"query-input\":{\"@type\":\"PropertyValueSpecification\",\"valueRequired\":true,\"valueName\":\"search_term_string\"}}],\"inLanguage\":\"es\"},{\"@type\":\"Organization\",\"@id\":\"https:\\\/\\\/www.clubmilitar.gov.co\\\/home\\\/#organization\",\"name\":\"Club Militar\",\"url\":\"https:\\\/\\\/www.clubmilitar.gov.co\\\/home\\\/\",\"logo\":{\"@type\":\"ImageObject\",\"inLanguage\":\"es\",\"@id\":\"https:\\\/\\\/www.clubmilitar.gov.co\\\/home\\\/#\\\/schema\\\/logo\\\/image\\\/\",\"url\":\"https:\\\/\\\/www.clubmilitar.gov.co\\\/home\\\/wp-content\\\/uploads\\\/2024\\\/06\\\/cropped-cropped-cropped-cropped-image-1-1.png\",\"contentUrl\":\"https:\\\/\\\/www.clubmilitar.gov.co\\\/home\\\/wp-content\\\/uploads\\\/2024\\\/06\\\/cropped-cropped-cropped-cropped-image-1-1.png\",\"width\":596,\"height\":133,\"caption\":\"Club Militar\"},\"image\":{\"@id\":\"https:\\\/\\\/www.clubmilitar.gov.co\\\/home\\\/#\\\/schema\\\/logo\\\/image\\\/\"}}]}<\/script>\n<!-- \/ Yoast SEO plugin. -->","yoast_head_json":{"title":"Nuestra Comunidad Habla - Club Militar","robots":{"index":"index","follow":"follow","max-snippet":"max-snippet:-1","max-image-preview":"max-image-preview:large","max-video-preview":"max-video-preview:-1"},"canonical":"https:\/\/www.clubmilitar.gov.co\/home\/nuestra-comunidad-habla\/","og_locale":"es_ES","og_type":"article","og_title":"Nuestra Comunidad Habla - Club Militar","og_description":"La experiencia de nuestros socios, reflejo del compromiso del Club Militar Tradici\u00f3n y confianza: la voz de nuestros socios En el Club Militar creemos que cada voz tiene un valor inmenso, porque detr\u00e1s de cada palabra hay una experiencia, un recuerdo, una vivencia que construye lo que somos como instituci\u00f3n. Esta p\u00e1gina es un espacio creado para reconocer y visibilizar a quienes dan sentido a nuestro prop\u00f3sito: nuestros socios. Aqu\u00ed encontrar\u00e1s testimonios sinceros, relatos emotivos y rese\u00f1as aut\u00e9nticas de quienes han vivido el Club desde distintas perspectivas. Algunos llevan d\u00e9cadas siendo parte de esta comunidad; otros han llegado recientemente y ya sienten que este lugar es parte de su historia personal. Escuchar sus voces nos permite entender el impacto real de nuestro trabajo diario, y nos impulsa a seguir mejorando con humildad, compromiso y visi\u00f3n. Te invitamos a navegar por estas historias y dejarte inspirar por el testimonio de quienes han hecho del Club Militar su segunda casa. Porque el verdadero valor de nuestra instituci\u00f3n no solo est\u00e1 en sus instalaciones, sino en las personas que le dan vida con cada experiencia compartida. https:\/\/youtube.com\/shorts\/ZT5H7WpY88Ehttps:\/\/youtube.com\/shorts\/J2RsB8d52C0?feature=sharehttps:\/\/youtube.com\/shorts\/ldZvQZfCenk?feature=sharehttps:\/\/youtube.com\/shorts\/mbmrMk_isxE?feature=sharehttps:\/\/youtube.com\/shorts\/OwqkrXQvLBM?feature=sharehttps:\/\/youtube.com\/shorts\/UDO03dySTd0?feature=sharehttps:\/\/youtube.com\/shorts\/BY-ja3XrM1s?feature=share","og_url":"https:\/\/www.clubmilitar.gov.co\/home\/nuestra-comunidad-habla\/","og_site_name":"Club Militar","article_modified_time":"2025-04-18T23:48:14+00:00","twitter_card":"summary_large_image","twitter_misc":{"Tiempo de lectura":"1 minuto"},"schema":{"@context":"https:\/\/schema.org","@graph":[{"@type":"WebPage","@id":"https:\/\/www.clubmilitar.gov.co\/home\/nuestra-comunidad-habla\/","url":"https:\/\/www.clubmilitar.gov.co\/home\/nuestra-comunidad-habla\/","name":"Nuestra Comunidad Habla - Club Militar","isPartOf":{"@id":"https:\/\/www.clubmilitar.gov.co\/home\/#website"},"datePublished":"2025-04-01T05:19:50+00:00","dateModified":"2025-04-18T23:48:14+00:00","breadcrumb":{"@id":"https:\/\/www.clubmilitar.gov.co\/home\/nuestra-comunidad-habla\/#breadcrumb"},"inLanguage":"es","potentialAction":[{"@type":"ReadAction","target":["https:\/\/www.clubmilitar.gov.co\/home\/nuestra-comunidad-habla\/"]}]},{"@type":"BreadcrumbList","@id":"https:\/\/www.clubmilitar.gov.co\/home\/nuestra-comunidad-habla\/#breadcrumb","itemListElement":[{"@type":"ListItem","position":1,"name":"Inicio","item":"https:\/\/www.clubmilitar.gov.co\/home\/"},{"@type":"ListItem","position":2,"name":"Nuestra Comunidad Habla"}]},{"@type":"WebSite","@id":"https:\/\/www.clubmilitar.gov.co\/home\/#website","url":"https:\/\/www.clubmilitar.gov.co\/home\/","name":"Club Militar","description":"&quot;Su destino ideal en familia&quot;","publisher":{"@id":"https:\/\/www.clubmilitar.gov.co\/home\/#organization"},"potentialAction":[{"@type":"SearchAction","target":{"@type":"EntryPoint","urlTemplate":"https:\/\/www.clubmilitar.gov.co\/home\/?s={search_term_string}"},"query-input":{"@type":"PropertyValueSpecification","valueRequired":true,"valueName":"search_term_string"}}],"inLanguage":"es"},{"@type":"Organization","@id":"https:\/\/www.clubmilitar.gov.co\/home\/#organization","name":"Club Militar","url":"https:\/\/www.clubmilitar.gov.co\/home\/","logo":{"@type":"ImageObject","inLanguage":"es","@id":"https:\/\/www.clubmilitar.gov.co\/home\/#\/schema\/logo\/image\/","url":"https:\/\/www.clubmilitar.gov.co\/home\/wp-content\/uploads\/2024\/06\/cropped-cropped-cropped-cropped-image-1-1.png","contentUrl":"https:\/\/www.clubmilitar.gov.co\/home\/wp-content\/uploads\/2024\/06\/cropped-cropped-cropped-cropped-image-1-1.png","width":596,"height":133,"caption":"Club Militar"},"image":{"@id":"https:\/\/www.clubmilitar.gov.co\/home\/#\/schema\/logo\/image\/"}}]}},"publishpress_future_workflow_manual_trigger":{"enabledWorkflows":[]},"ticketed":false,"_links":{"self":[{"href":"https:\/\/www.clubmilitar.gov.co\/home\/wp-json\/wp\/v2\/pages\/57201","targetHints":{"allow":["GET"]}}],"collection":[{"href":"https:\/\/www.clubmilitar.gov.co\/home\/wp-json\/wp\/v2\/pages"}],"about":[{"href":"https:\/\/www.clubmilitar.gov.co\/home\/wp-json\/wp\/v2\/types\/page"}],"author":[{"embeddable":true,"href":"https:\/\/www.clubmilitar.gov.co\/home\/wp-json\/wp\/v2\/users\/20"}],"replies":[{"embeddable":true,"href":"https:\/\/www.clubmilitar.gov.co\/home\/wp-json\/wp\/v2\/comments?post=57201"}],"version-history":[{"count":10,"href":"https:\/\/www.clubmilitar.gov.co\/home\/wp-json\/wp\/v2\/pages\/57201\/revisions"}],"predecessor-version":[{"id":57543,"href":"https:\/\/www.clubmilitar.gov.co\/home\/wp-json\/wp\/v2\/pages\/57201\/revisions\/57543"}],"wp:attachment":[{"href":"https:\/\/www.clubmilitar.gov.co\/home\/wp-json\/wp\/v2\/media?parent=57201"}],"curies":[{"name":"wp","href":"https:\/\/api.w.org\/{rel}","templated":true}]}}