{"id":55554,"date":"2024-10-23T10:49:01","date_gmt":"2024-10-23T15:49:01","guid":{"rendered":"https:\/\/www.clubmilitar.gov.co\/home\/?page_id=55554"},"modified":"2024-11-08T09:01:34","modified_gmt":"2024-11-08T14:01:34","slug":"informacion-minima-obligatoria","status":"publish","type":"page","link":"https:\/\/www.clubmilitar.gov.co\/home\/informacion-minima-obligatoria\/","title":{"rendered":"INFORMACI\u00d3N MINIMA OBLIGATORIA"},"content":{"rendered":"\t\t<div data-elementor-type=\"wp-page\" data-elementor-id=\"55554\" class=\"elementor elementor-55554\">\n\t\t\t\t<div class=\"elementor-element elementor-element-f14567d e-flex e-con-boxed e-con e-parent\" data-id=\"f14567d\" data-element_type=\"container\" data-e-type=\"container\">\n\t\t\t\t\t<div class=\"e-con-inner\">\n\t\t\t\t<div class=\"elementor-element elementor-element-8f94d74 elementor-widget elementor-widget-text-editor\" data-id=\"8f94d74\" data-element_type=\"widget\" data-e-type=\"widget\" data-widget_type=\"text-editor.default\">\n\t\t\t\t<div class=\"elementor-widget-container\">\n\t\t\t\t\t\t\t\t\t<div style=\"margin-left: 20px; padding-left: 20px;\"><ul style=\"list-style-position: outside;\"><li style=\"list-style-type: none;\"><ol><li><h6><a class=\"link-cm\" href=\"https:\/\/clubmilitar.gov.co\/home\/mecanismos-para-la-atencion-al-ciudadano\/\">Estructura org\u00e1nica, funciones y deberes, la ubicaci\u00f3n de sus sedes y \u00e1reas, divisiones o departamentos, y sus horas de atenci\u00f3n al p\u00fablico<\/a><\/h6><\/li><li><a class=\"link-cm\" href=\"https:\/\/clubmilitar.gov.co\/home\/presupuesto-general-ejecucion-presupuestal-historica-anual-y-planes-de-gasto-publico-para-cada-ano-fiscal\/\">Presupuesto general, ejecuci\u00f3n presupuestal hist\u00f3rica anual y planes de gasto p\u00fablico para cada a\u00f1o fiscal<\/a><\/li><li><a class=\"link-cm\" href=\"https:\/\/www.clubmilitar.gov.co\/home\/directorio-institucional\/\">Directorio que incluya el cargo, direcciones de correo electr\u00f3nico y tel\u00e9fono del despacho de los empleados y funcionarios y las escalas salariales<\/a><\/li><li><a class=\"link-cm\" href=\"https:\/\/www.clubmilitar.gov.co\/home\/normativa-de-la-entidad-o-autoridad\/\">Normas generales y reglamentarias, pol\u00edticas, lineamientos o manuales, las metas y objetivos de las unidades administrativas de conformidad con sus programas operativos y los resultados de las auditor\u00edas al ejercicio presupuestal e indicadores de desempe\u00f1o<\/a><\/li><li><a class=\"link-cm\" href=\"https:\/\/clubmilitar.gov.co\/home\/plan-anual-de-adquisiciones\/\">Plan de compras anual<\/a><\/li><li><a class=\"link-cm\" href=\"https:\/\/clubmilitar.gov.co\/home\/gestion-contractual\/\">Los plazos de cumplimiento de los contratos contrataciones adjudicadas para la correspondiente vigencia en lo relacionado con funcionamiento e inversi\u00f3n, las obras p\u00fablicas, los bienes adquiridos, arrendados y en caso de los servicios de estudios o investigaciones deber\u00e1 se\u00f1alarse el tema espec\u00edfico, de conformidad con el art\u00edculo 74 de la Ley 1474 de 2011. En el caso de las personas naturales con contratos de prestaci\u00f3n de servicios, deber\u00e1 publicarse el objeto del contrato, monto de los honorarios y direcciones de correo electr\u00f3nico, de conformidad con el formato de informaci\u00f3n de servidores p\u00fablicos y contratistas<\/a><\/li><li><a class=\"link-cm\" href=\"https:\/\/clubmilitar.gov.co\/home\/gestion-contractual\/\">Plazos de cumplimiento de los contratos<\/a><\/li><li><a class=\"link-cm\" href=\"https:\/\/clubmilitar.gov.co\/home\/planes-de-anticorrupcion\/\">Plan Anticorrupci\u00f3n y de Atenci\u00f3n al Ciudadano<\/a><\/li><li><a class=\"link-cm\" href=\"https:\/\/clubmilitar.gov.co\/home\/gestion-contractual\/\">Contrataciones en curso y un v\u00ednculo al sistema electr\u00f3nico para la contrataci\u00f3n p\u00fablica o el que haga sus veces, a trav\u00e9s del cual podr\u00e1 accederse directamente a la informaci\u00f3n correspondiente al respectivo proceso contractual, en aquellos que se encuentren sometidas a dicho sistema, sin excepci\u00f3n<\/a><\/li><li><a class=\"link-cm\" href=\"https:\/\/clubmilitar.gov.co\/home\/servicio-al-publico-normas-formularios-y-protocolos-de-atencion\/\">Servicio al p\u00fablico, normas, formularios y protocolos de atenci\u00f3n<\/a><\/li><li><a class=\"link-cm\" href=\"https:\/\/www.clubmilitar.gov.co\/home\/tramites-y-servicios\/\">Tr\u00e1mites (normativa, proceso, costos y formatos o formularios)<\/a><\/li><li><a class=\"link-cm\" href=\"https:\/\/www.clubmilitar.gov.co\/home\/procedimientos-de-cara-al-ciudadano\/\">Procedimientos que se siguen para tomar decisiones en las diferentes \u00e1reas<\/a><\/li><li><a class=\"link-cm\" href=\"https:\/\/www.clubmilitar.gov.co\/home\/decisiones-y-o-politicas-de-interes-al-socio\/\">Decisiones y\/o pol\u00edticas que hayan adoptado y afecte al p\u00fablico, junto con sus fundamentos y toda interpretaci\u00f3n autorizada de ella<\/a><\/li><li><a class=\"link-cm\" href=\"https:\/\/www.clubmilitar.gov.co\/home\/biblioteca-de-informes\/\">Informes de gesti\u00f3n, evaluaci\u00f3n y auditor\u00eda del sujeto obligado<\/a><\/li><li><a class=\"link-cm\" href=\"https:\/\/www.clubmilitar.gov.co\/home\/entes-de-control\/\">Mecanismos internos y externos de supervisi\u00f3n, notificaci\u00f3n y vigilancia pertinente del sujeto obligado<\/a><\/li><li><a class=\"link-cm\" href=\"https:\/\/www.clubmilitar.gov.co\/home\/procedimientos-lineamientos-politicas-en-materia-de-adquisiciones-y-compras-asi-como-todos-los-datos-de-adjudicacion-y-ejecucion-de-contratos-incluidos-concursos-y-licitaciones\/\">Procedimientos, lineamientos, pol\u00edticas en materia de adquisiciones y compras, as\u00ed como todos los datos de adjudicaci\u00f3n y ejecuci\u00f3n de contratos, incluidos concursos y licitaciones<\/a><\/li><li><a class=\"link-cm\" href=\"https:\/\/www.clubmilitar.gov.co\/home\/peticiones-quejas-reclamos-sugerencias-y-denuncias-pqrsd\/\">Mecanismo de presentaci\u00f3n directa de solicitudes, quejas y reclamos a disposici\u00f3n del p\u00fablico en relaci\u00f3n con acciones u omisiones del sujeto obligado, junto con un informe de todas las solicitudes, denuncias y los tiempos de respuesta del sujeto obligado<\/a><\/li><li><a class=\"link-cm\" href=\"https:\/\/www.clubmilitar.gov.co\/home\/participacion-en-la-formulacion-de-politicas\/\">Mecanismo o procedimiento por medio del cual el p\u00fablico pueda participar en la formulaci\u00f3n de la pol\u00edtica o el ejercicio de las facultades de ese sujeto obligado<\/a><\/li><li><a class=\"link-cm\" href=\"https:\/\/www.clubmilitar.gov.co\/home\/registro-de-publicaciones\/\">Registro de publicaciones que contenga los documentos publicados de conformidad con la presente ley y autom\u00e1ticamente disponibles, as\u00ed como un Registro de Activos de Informaci\u00f3n<\/a><\/li><li><a class=\"link-cm\" href=\"https:\/\/www.clubmilitar.gov.co\/home\/implementacion-estrategia-de-gobierno-digital\/\">Datos abiertos, para lo cual deber\u00e1n contemplar las excepciones establecidas en el t\u00edtulo 3 de la presente ley<\/a><\/li><li><a class=\"link-cm\" href=\"https:\/\/www.clubmilitar.gov.co\/home\/registro-de-activos-de-informacion\/\">Registro de Activos de Informaci\u00f3n<\/a><\/li><li><a class=\"link-cm\" href=\"https:\/\/www.clubmilitar.gov.co\/home\/indice-de-informacion-clasificada-y-reservada\/\">\u00cdndice de Informaci\u00f3n Clasificada y Reservada<\/a><\/li><li><a class=\"link-cm\" href=\"https:\/\/www.clubmilitar.gov.co\/home\/esquema-de-publicacion\/\">Esquema de Publicaci\u00f3n de Informaci\u00f3n<\/a><\/li><li><a class=\"link-cm\" href=\"https:\/\/www.clubmilitar.gov.co\/home\/programa-gestion-documental\/\">Programa de Gesti\u00f3n Documental<\/a><\/li><li><a class=\"link-cm\" href=\"https:\/\/www.clubmilitar.gov.co\/home\/instrumentos-de-gestion-de-la-informacion\/\">Tablas de Retenci\u00f3n Documental<\/a><\/li><li><a class=\"link-cm\" href=\"https:\/\/www.clubmilitar.gov.co\/home\/peticiones-quejas-reclamos-sugerencias-y-denuncias-pqrsd\/\">Informe de solicitudes de acceso a la informaci\u00f3n se\u00f1alado en el art\u00edculo 2.1.1.6.2 del presente T\u00edtulo<\/a><\/li><li><a class=\"link-cm\" href=\"https:\/\/www.clubmilitar.gov.co\/home\/wp-content\/uploads\/2019\/10\/RESOLUCION-000714-2019-Costos-de-reproduccion.pdf\">Costos de reproducci\u00f3n de la informaci\u00f3n p\u00fablica, con su respectiva motivaci\u00f3n<\/a><\/li><\/ol><\/li><\/ul><\/div>\t\t\t\t\t\t\t\t<\/div>\n\t\t\t\t<\/div>\n\t\t\t\t\t<\/div>\n\t\t\t\t<\/div>\n\t\t\t\t<\/div>\n\t\t","protected":false},"excerpt":{"rendered":"<p>Estructura org\u00e1nica, funciones y deberes, la ubicaci\u00f3n de sus sedes y \u00e1reas, divisiones o departamentos, y sus horas de atenci\u00f3n al p\u00fablico Presupuesto general, ejecuci\u00f3n presupuestal hist\u00f3rica anual y planes de gasto p\u00fablico para cada a\u00f1o fiscal Directorio que incluya el cargo, direcciones de correo electr\u00f3nico y tel\u00e9fono del despacho de los empleados y funcionarios y las escalas salariales Normas generales y reglamentarias, pol\u00edticas, lineamientos o manuales, las metas y objetivos de las unidades administrativas de conformidad con sus programas operativos y los resultados de las auditor\u00edas al ejercicio presupuestal e indicadores de desempe\u00f1o Plan de compras anual Los plazos de cumplimiento de los contratos contrataciones adjudicadas para la correspondiente vigencia en lo relacionado con funcionamiento e inversi\u00f3n, las obras p\u00fablicas, los bienes adquiridos, arrendados y en caso de los servicios de estudios o investigaciones deber\u00e1 se\u00f1alarse el tema espec\u00edfico, de conformidad con el art\u00edculo 74 de la Ley 1474 de 2011. En el caso de las personas naturales con contratos de prestaci\u00f3n de servicios, deber\u00e1 publicarse el objeto del contrato, monto de los honorarios y direcciones de correo electr\u00f3nico, de conformidad con el formato de informaci\u00f3n de servidores p\u00fablicos y contratistas Plazos de cumplimiento de los contratos Plan Anticorrupci\u00f3n y de Atenci\u00f3n al Ciudadano Contrataciones en curso y un v\u00ednculo al sistema electr\u00f3nico para la contrataci\u00f3n p\u00fablica o el que haga sus veces, a trav\u00e9s del cual podr\u00e1 accederse directamente a la informaci\u00f3n correspondiente al respectivo proceso contractual, en aquellos que se encuentren sometidas a dicho sistema, sin excepci\u00f3n Servicio al p\u00fablico, normas, formularios y protocolos de atenci\u00f3n Tr\u00e1mites (normativa, proceso, costos y formatos o formularios) Procedimientos que se siguen para tomar decisiones en las diferentes \u00e1reas Decisiones y\/o pol\u00edticas que hayan adoptado y afecte al p\u00fablico, junto con sus fundamentos y toda interpretaci\u00f3n autorizada de ella Informes de gesti\u00f3n, evaluaci\u00f3n y auditor\u00eda del sujeto obligado Mecanismos internos y externos de supervisi\u00f3n, notificaci\u00f3n y vigilancia pertinente del sujeto obligado Procedimientos, lineamientos, pol\u00edticas en materia de adquisiciones y compras, as\u00ed como todos los datos de adjudicaci\u00f3n y ejecuci\u00f3n de contratos, incluidos concursos y licitaciones Mecanismo de presentaci\u00f3n directa de solicitudes, quejas y reclamos a disposici\u00f3n del p\u00fablico en relaci\u00f3n con acciones u omisiones del sujeto obligado, junto con un informe de todas las solicitudes, denuncias y los tiempos de respuesta del sujeto&hellip;<\/p>\n","protected":false},"author":16,"featured_media":0,"parent":0,"menu_order":0,"comment_status":"closed","ping_status":"closed","template":"","meta":{"_price":"","_stock":"","_tribe_ticket_header":"","_tribe_default_ticket_provider":"","_tribe_ticket_capacity":"0","_ticket_start_date":"","_ticket_end_date":"","_tribe_ticket_show_description":"","_tribe_ticket_show_not_going":false,"_tribe_ticket_use_global_stock":"","_tribe_ticket_global_stock_level":"","_global_stock_mode":"","_global_stock_cap":"","_tribe_rsvp_for_event":"","_tribe_ticket_going_count":"","_tribe_ticket_not_going_count":"","_tribe_tickets_list":"[]","_tribe_ticket_has_attendee_info_fields":false,"_EventAllDay":false,"_EventTimezone":"","_EventStartDate":"","_EventEndDate":"","_EventStartDateUTC":"","_EventEndDateUTC":"","_EventShowMap":false,"_EventShowMapLink":false,"_EventURL":"","_EventCost":"","_EventCostDescription":"","_EventCurrencySymbol":"","_EventCurrencyCode":"","_EventCurrencyPosition":"","_EventDateTimeSeparator":"","_EventTimeRangeSeparator":"","_EventOrganizerID":[],"_EventVenueID":[],"_OrganizerEmail":"","_OrganizerPhone":"","_OrganizerWebsite":"","_VenueAddress":"","_VenueCity":"","_VenueCountry":"","_VenueProvince":"","_VenueState":"","_VenueZip":"","_VenuePhone":"","_VenueURL":"","_VenueStateProvince":"","_VenueLat":"","_VenueLng":"","_VenueShowMap":false,"_VenueShowMapLink":false,"footnotes":"","_tec_slr_enabled":"","_tec_slr_layout":""},"class_list":["post-55554","page","type-page","status-publish","hentry"],"yoast_head":"<!-- This site is optimized with the Yoast SEO plugin v27.5 - https:\/\/yoast.com\/product\/yoast-seo-wordpress\/ -->\n<title>INFORMACI\u00d3N MINIMA OBLIGATORIA - Club Militar<\/title>\n<meta name=\"robots\" content=\"index, follow, max-snippet:-1, max-image-preview:large, max-video-preview:-1\" \/>\n<link rel=\"canonical\" href=\"https:\/\/www.clubmilitar.gov.co\/home\/informacion-minima-obligatoria\/\" \/>\n<meta property=\"og:locale\" content=\"es_ES\" \/>\n<meta property=\"og:type\" content=\"article\" \/>\n<meta property=\"og:title\" content=\"INFORMACI\u00d3N MINIMA OBLIGATORIA - Club Militar\" \/>\n<meta property=\"og:description\" content=\"Estructura org\u00e1nica, funciones y deberes, la ubicaci\u00f3n de sus sedes y \u00e1reas, divisiones o departamentos, y sus horas de atenci\u00f3n al p\u00fablico Presupuesto general, ejecuci\u00f3n presupuestal hist\u00f3rica anual y planes de gasto p\u00fablico para cada a\u00f1o fiscal Directorio que incluya el cargo, direcciones de correo electr\u00f3nico y tel\u00e9fono del despacho de los empleados y funcionarios y las escalas salariales Normas generales y reglamentarias, pol\u00edticas, lineamientos o manuales, las metas y objetivos de las unidades administrativas de conformidad con sus programas operativos y los resultados de las auditor\u00edas al ejercicio presupuestal e indicadores de desempe\u00f1o Plan de compras anual Los plazos de cumplimiento de los contratos contrataciones adjudicadas para la correspondiente vigencia en lo relacionado con funcionamiento e inversi\u00f3n, las obras p\u00fablicas, los bienes adquiridos, arrendados y en caso de los servicios de estudios o investigaciones deber\u00e1 se\u00f1alarse el tema espec\u00edfico, de conformidad con el art\u00edculo 74 de la Ley 1474 de 2011. En el caso de las personas naturales con contratos de prestaci\u00f3n de servicios, deber\u00e1 publicarse el objeto del contrato, monto de los honorarios y direcciones de correo electr\u00f3nico, de conformidad con el formato de informaci\u00f3n de servidores p\u00fablicos y contratistas Plazos de cumplimiento de los contratos Plan Anticorrupci\u00f3n y de Atenci\u00f3n al Ciudadano Contrataciones en curso y un v\u00ednculo al sistema electr\u00f3nico para la contrataci\u00f3n p\u00fablica o el que haga sus veces, a trav\u00e9s del cual podr\u00e1 accederse directamente a la informaci\u00f3n correspondiente al respectivo proceso contractual, en aquellos que se encuentren sometidas a dicho sistema, sin excepci\u00f3n Servicio al p\u00fablico, normas, formularios y protocolos de atenci\u00f3n Tr\u00e1mites (normativa, proceso, costos y formatos o formularios) Procedimientos que se siguen para tomar decisiones en las diferentes \u00e1reas Decisiones y\/o pol\u00edticas que hayan adoptado y afecte al p\u00fablico, junto con sus fundamentos y toda interpretaci\u00f3n autorizada de ella Informes de gesti\u00f3n, evaluaci\u00f3n y auditor\u00eda del sujeto obligado Mecanismos internos y externos de supervisi\u00f3n, notificaci\u00f3n y vigilancia pertinente del sujeto obligado Procedimientos, lineamientos, pol\u00edticas en materia de adquisiciones y compras, as\u00ed como todos los datos de adjudicaci\u00f3n y ejecuci\u00f3n de contratos, incluidos concursos y licitaciones Mecanismo de presentaci\u00f3n directa de solicitudes, quejas y reclamos a disposici\u00f3n del p\u00fablico en relaci\u00f3n con acciones u omisiones del sujeto obligado, junto con un informe de todas las solicitudes, denuncias y los tiempos de respuesta del sujeto&hellip;\" \/>\n<meta property=\"og:url\" content=\"https:\/\/www.clubmilitar.gov.co\/home\/informacion-minima-obligatoria\/\" \/>\n<meta property=\"og:site_name\" content=\"Club Militar\" \/>\n<meta property=\"article:modified_time\" content=\"2024-11-08T14:01:34+00:00\" \/>\n<meta name=\"twitter:card\" content=\"summary_large_image\" \/>\n<meta name=\"twitter:label1\" content=\"Tiempo de lectura\" \/>\n\t<meta name=\"twitter:data1\" content=\"3 minutos\" \/>\n<script type=\"application\/ld+json\" class=\"yoast-schema-graph\">{\"@context\":\"https:\\\/\\\/schema.org\",\"@graph\":[{\"@type\":\"WebPage\",\"@id\":\"https:\\\/\\\/www.clubmilitar.gov.co\\\/home\\\/informacion-minima-obligatoria\\\/\",\"url\":\"https:\\\/\\\/www.clubmilitar.gov.co\\\/home\\\/informacion-minima-obligatoria\\\/\",\"name\":\"INFORMACI\u00d3N MINIMA OBLIGATORIA - Club Militar\",\"isPartOf\":{\"@id\":\"https:\\\/\\\/www.clubmilitar.gov.co\\\/home\\\/#website\"},\"datePublished\":\"2024-10-23T15:49:01+00:00\",\"dateModified\":\"2024-11-08T14:01:34+00:00\",\"breadcrumb\":{\"@id\":\"https:\\\/\\\/www.clubmilitar.gov.co\\\/home\\\/informacion-minima-obligatoria\\\/#breadcrumb\"},\"inLanguage\":\"es\",\"potentialAction\":[{\"@type\":\"ReadAction\",\"target\":[\"https:\\\/\\\/www.clubmilitar.gov.co\\\/home\\\/informacion-minima-obligatoria\\\/\"]}]},{\"@type\":\"BreadcrumbList\",\"@id\":\"https:\\\/\\\/www.clubmilitar.gov.co\\\/home\\\/informacion-minima-obligatoria\\\/#breadcrumb\",\"itemListElement\":[{\"@type\":\"ListItem\",\"position\":1,\"name\":\"Inicio\",\"item\":\"https:\\\/\\\/www.clubmilitar.gov.co\\\/home\\\/\"},{\"@type\":\"ListItem\",\"position\":2,\"name\":\"INFORMACI\u00d3N MINIMA OBLIGATORIA\"}]},{\"@type\":\"WebSite\",\"@id\":\"https:\\\/\\\/www.clubmilitar.gov.co\\\/home\\\/#website\",\"url\":\"https:\\\/\\\/www.clubmilitar.gov.co\\\/home\\\/\",\"name\":\"Club Militar\",\"description\":\"&quot;Su destino ideal en familia&quot;\",\"publisher\":{\"@id\":\"https:\\\/\\\/www.clubmilitar.gov.co\\\/home\\\/#organization\"},\"potentialAction\":[{\"@type\":\"SearchAction\",\"target\":{\"@type\":\"EntryPoint\",\"urlTemplate\":\"https:\\\/\\\/www.clubmilitar.gov.co\\\/home\\\/?s={search_term_string}\"},\"query-input\":{\"@type\":\"PropertyValueSpecification\",\"valueRequired\":true,\"valueName\":\"search_term_string\"}}],\"inLanguage\":\"es\"},{\"@type\":\"Organization\",\"@id\":\"https:\\\/\\\/www.clubmilitar.gov.co\\\/home\\\/#organization\",\"name\":\"Club Militar\",\"url\":\"https:\\\/\\\/www.clubmilitar.gov.co\\\/home\\\/\",\"logo\":{\"@type\":\"ImageObject\",\"inLanguage\":\"es\",\"@id\":\"https:\\\/\\\/www.clubmilitar.gov.co\\\/home\\\/#\\\/schema\\\/logo\\\/image\\\/\",\"url\":\"https:\\\/\\\/www.clubmilitar.gov.co\\\/home\\\/wp-content\\\/uploads\\\/2024\\\/06\\\/cropped-cropped-cropped-cropped-image-1-1.png\",\"contentUrl\":\"https:\\\/\\\/www.clubmilitar.gov.co\\\/home\\\/wp-content\\\/uploads\\\/2024\\\/06\\\/cropped-cropped-cropped-cropped-image-1-1.png\",\"width\":596,\"height\":133,\"caption\":\"Club Militar\"},\"image\":{\"@id\":\"https:\\\/\\\/www.clubmilitar.gov.co\\\/home\\\/#\\\/schema\\\/logo\\\/image\\\/\"}}]}<\/script>\n<!-- \/ Yoast SEO plugin. -->","yoast_head_json":{"title":"INFORMACI\u00d3N MINIMA OBLIGATORIA - Club Militar","robots":{"index":"index","follow":"follow","max-snippet":"max-snippet:-1","max-image-preview":"max-image-preview:large","max-video-preview":"max-video-preview:-1"},"canonical":"https:\/\/www.clubmilitar.gov.co\/home\/informacion-minima-obligatoria\/","og_locale":"es_ES","og_type":"article","og_title":"INFORMACI\u00d3N MINIMA OBLIGATORIA - Club Militar","og_description":"Estructura org\u00e1nica, funciones y deberes, la ubicaci\u00f3n de sus sedes y \u00e1reas, divisiones o departamentos, y sus horas de atenci\u00f3n al p\u00fablico Presupuesto general, ejecuci\u00f3n presupuestal hist\u00f3rica anual y planes de gasto p\u00fablico para cada a\u00f1o fiscal Directorio que incluya el cargo, direcciones de correo electr\u00f3nico y tel\u00e9fono del despacho de los empleados y funcionarios y las escalas salariales Normas generales y reglamentarias, pol\u00edticas, lineamientos o manuales, las metas y objetivos de las unidades administrativas de conformidad con sus programas operativos y los resultados de las auditor\u00edas al ejercicio presupuestal e indicadores de desempe\u00f1o Plan de compras anual Los plazos de cumplimiento de los contratos contrataciones adjudicadas para la correspondiente vigencia en lo relacionado con funcionamiento e inversi\u00f3n, las obras p\u00fablicas, los bienes adquiridos, arrendados y en caso de los servicios de estudios o investigaciones deber\u00e1 se\u00f1alarse el tema espec\u00edfico, de conformidad con el art\u00edculo 74 de la Ley 1474 de 2011. En el caso de las personas naturales con contratos de prestaci\u00f3n de servicios, deber\u00e1 publicarse el objeto del contrato, monto de los honorarios y direcciones de correo electr\u00f3nico, de conformidad con el formato de informaci\u00f3n de servidores p\u00fablicos y contratistas Plazos de cumplimiento de los contratos Plan Anticorrupci\u00f3n y de Atenci\u00f3n al Ciudadano Contrataciones en curso y un v\u00ednculo al sistema electr\u00f3nico para la contrataci\u00f3n p\u00fablica o el que haga sus veces, a trav\u00e9s del cual podr\u00e1 accederse directamente a la informaci\u00f3n correspondiente al respectivo proceso contractual, en aquellos que se encuentren sometidas a dicho sistema, sin excepci\u00f3n Servicio al p\u00fablico, normas, formularios y protocolos de atenci\u00f3n Tr\u00e1mites (normativa, proceso, costos y formatos o formularios) Procedimientos que se siguen para tomar decisiones en las diferentes \u00e1reas Decisiones y\/o pol\u00edticas que hayan adoptado y afecte al p\u00fablico, junto con sus fundamentos y toda interpretaci\u00f3n autorizada de ella Informes de gesti\u00f3n, evaluaci\u00f3n y auditor\u00eda del sujeto obligado Mecanismos internos y externos de supervisi\u00f3n, notificaci\u00f3n y vigilancia pertinente del sujeto obligado Procedimientos, lineamientos, pol\u00edticas en materia de adquisiciones y compras, as\u00ed como todos los datos de adjudicaci\u00f3n y ejecuci\u00f3n de contratos, incluidos concursos y licitaciones Mecanismo de presentaci\u00f3n directa de solicitudes, quejas y reclamos a disposici\u00f3n del p\u00fablico en relaci\u00f3n con acciones u omisiones del sujeto obligado, junto con un informe de todas las solicitudes, denuncias y los tiempos de respuesta del sujeto&hellip;","og_url":"https:\/\/www.clubmilitar.gov.co\/home\/informacion-minima-obligatoria\/","og_site_name":"Club Militar","article_modified_time":"2024-11-08T14:01:34+00:00","twitter_card":"summary_large_image","twitter_misc":{"Tiempo de lectura":"3 minutos"},"schema":{"@context":"https:\/\/schema.org","@graph":[{"@type":"WebPage","@id":"https:\/\/www.clubmilitar.gov.co\/home\/informacion-minima-obligatoria\/","url":"https:\/\/www.clubmilitar.gov.co\/home\/informacion-minima-obligatoria\/","name":"INFORMACI\u00d3N MINIMA OBLIGATORIA - Club Militar","isPartOf":{"@id":"https:\/\/www.clubmilitar.gov.co\/home\/#website"},"datePublished":"2024-10-23T15:49:01+00:00","dateModified":"2024-11-08T14:01:34+00:00","breadcrumb":{"@id":"https:\/\/www.clubmilitar.gov.co\/home\/informacion-minima-obligatoria\/#breadcrumb"},"inLanguage":"es","potentialAction":[{"@type":"ReadAction","target":["https:\/\/www.clubmilitar.gov.co\/home\/informacion-minima-obligatoria\/"]}]},{"@type":"BreadcrumbList","@id":"https:\/\/www.clubmilitar.gov.co\/home\/informacion-minima-obligatoria\/#breadcrumb","itemListElement":[{"@type":"ListItem","position":1,"name":"Inicio","item":"https:\/\/www.clubmilitar.gov.co\/home\/"},{"@type":"ListItem","position":2,"name":"INFORMACI\u00d3N MINIMA OBLIGATORIA"}]},{"@type":"WebSite","@id":"https:\/\/www.clubmilitar.gov.co\/home\/#website","url":"https:\/\/www.clubmilitar.gov.co\/home\/","name":"Club Militar","description":"&quot;Su destino ideal en familia&quot;","publisher":{"@id":"https:\/\/www.clubmilitar.gov.co\/home\/#organization"},"potentialAction":[{"@type":"SearchAction","target":{"@type":"EntryPoint","urlTemplate":"https:\/\/www.clubmilitar.gov.co\/home\/?s={search_term_string}"},"query-input":{"@type":"PropertyValueSpecification","valueRequired":true,"valueName":"search_term_string"}}],"inLanguage":"es"},{"@type":"Organization","@id":"https:\/\/www.clubmilitar.gov.co\/home\/#organization","name":"Club Militar","url":"https:\/\/www.clubmilitar.gov.co\/home\/","logo":{"@type":"ImageObject","inLanguage":"es","@id":"https:\/\/www.clubmilitar.gov.co\/home\/#\/schema\/logo\/image\/","url":"https:\/\/www.clubmilitar.gov.co\/home\/wp-content\/uploads\/2024\/06\/cropped-cropped-cropped-cropped-image-1-1.png","contentUrl":"https:\/\/www.clubmilitar.gov.co\/home\/wp-content\/uploads\/2024\/06\/cropped-cropped-cropped-cropped-image-1-1.png","width":596,"height":133,"caption":"Club Militar"},"image":{"@id":"https:\/\/www.clubmilitar.gov.co\/home\/#\/schema\/logo\/image\/"}}]}},"publishpress_future_workflow_manual_trigger":{"enabledWorkflows":[]},"ticketed":false,"_links":{"self":[{"href":"https:\/\/www.clubmilitar.gov.co\/home\/wp-json\/wp\/v2\/pages\/55554","targetHints":{"allow":["GET"]}}],"collection":[{"href":"https:\/\/www.clubmilitar.gov.co\/home\/wp-json\/wp\/v2\/pages"}],"about":[{"href":"https:\/\/www.clubmilitar.gov.co\/home\/wp-json\/wp\/v2\/types\/page"}],"author":[{"embeddable":true,"href":"https:\/\/www.clubmilitar.gov.co\/home\/wp-json\/wp\/v2\/users\/16"}],"replies":[{"embeddable":true,"href":"https:\/\/www.clubmilitar.gov.co\/home\/wp-json\/wp\/v2\/comments?post=55554"}],"version-history":[{"count":7,"href":"https:\/\/www.clubmilitar.gov.co\/home\/wp-json\/wp\/v2\/pages\/55554\/revisions"}],"predecessor-version":[{"id":55830,"href":"https:\/\/www.clubmilitar.gov.co\/home\/wp-json\/wp\/v2\/pages\/55554\/revisions\/55830"}],"wp:attachment":[{"href":"https:\/\/www.clubmilitar.gov.co\/home\/wp-json\/wp\/v2\/media?parent=55554"}],"curies":[{"name":"wp","href":"https:\/\/api.w.org\/{rel}","templated":true}]}}