{"id":54993,"date":"2024-09-26T08:43:15","date_gmt":"2024-09-26T13:43:15","guid":{"rendered":"https:\/\/www.clubmilitar.gov.co\/home\/?page_id=54993"},"modified":"2026-02-09T13:56:50","modified_gmt":"2026-02-09T18:56:50","slug":"informes-de-racionalizacion-de-tramites","status":"publish","type":"page","link":"https:\/\/www.clubmilitar.gov.co\/home\/informes-de-racionalizacion-de-tramites\/","title":{"rendered":"INFORMES DE RACIONALIZACI\u00d3N DE TRAMITES"},"content":{"rendered":"\t\t<div data-elementor-type=\"wp-page\" data-elementor-id=\"54993\" class=\"elementor elementor-54993\">\n\t\t\t\t<div class=\"elementor-element elementor-element-f625a38 e-flex e-con-boxed e-con e-parent\" data-id=\"f625a38\" data-element_type=\"container\" data-e-type=\"container\">\n\t\t\t\t\t<div class=\"e-con-inner\">\n\t\t\t\t<div class=\"elementor-element elementor-element-5d6c46a elementor-widget elementor-widget-text-editor\" data-id=\"5d6c46a\" data-element_type=\"widget\" data-e-type=\"widget\" data-widget_type=\"text-editor.default\">\n\t\t\t\t<div class=\"elementor-widget-container\">\n\t\t\t\t\t\t\t\t\t<p>\u00daltima actualizaci\u00f3n: 30 de Enero de 2026<\/p>\t\t\t\t\t\t\t\t<\/div>\n\t\t\t\t<\/div>\n\t\t\t\t<div class=\"elementor-element elementor-element-089152b elementor-widget elementor-widget-text-editor\" data-id=\"089152b\" data-element_type=\"widget\" data-e-type=\"widget\" data-widget_type=\"text-editor.default\">\n\t\t\t\t<div class=\"elementor-widget-container\">\n\t\t\t\t\t\t\t\t\t<p class=\"titulo-cm\"><strong>INFORME DE RACIONALIZACION DE TRAMITES<\/strong><\/p>\t\t\t\t\t\t\t\t<\/div>\n\t\t\t\t<\/div>\n\t\t\t\t\t<\/div>\n\t\t\t\t<\/div>\n\t\t<div class=\"elementor-element elementor-element-e8e4d5d e-flex e-con-boxed e-con e-parent\" data-id=\"e8e4d5d\" data-element_type=\"container\" data-e-type=\"container\">\n\t\t\t\t\t<div class=\"e-con-inner\">\n\t\t\t\t<div class=\"elementor-element elementor-element-c5f9093 elementor-widget elementor-widget-text-editor\" data-id=\"c5f9093\" data-element_type=\"widget\" data-e-type=\"widget\" data-widget_type=\"text-editor.default\">\n\t\t\t\t<div class=\"elementor-widget-container\">\n\t\t\t\t\t\t\t\t\t<p>El Informe de Racionalizaci\u00f3n de Tr\u00e1mites, es un conjunto de acciones de seguimiento y validaci\u00f3n que la Oficina de Control Interno realiza para verificar el cumplimiento del \u00abPlan de acci\u00f3n de Racionalizaci\u00f3n de Tr\u00e1mites de cada vigencia, el cual contiene las acciones o estrategias de mejora a implementar para los tr\u00e1mites y servicios suscritas por el Club Militar y hacen parte del segundo componente de la Estrategia de Racionalizaci\u00f3n de Tr\u00e1mites del Plan Anticorrupci\u00f3n y de Atenci\u00f3n al Ciudadano.<\/p><p>La racionalizaci\u00f3n de los tr\u00e1mites permite cumplir con los principios de transparencia y eficiencia, facilitando adem\u00e1s mejorar la confianza de los ciudadanos (usuarios) en la Entidad al garantizarles el ejercicio de sus derechos a trav\u00e9s de la calidad de los servicios que se ofrecen.<\/p>\t\t\t\t\t\t\t\t<\/div>\n\t\t\t\t<\/div>\n\t\t\t\t\t<\/div>\n\t\t\t\t<\/div>\n\t\t<div class=\"elementor-element elementor-element-0468a4e e-flex e-con-boxed e-con e-parent\" data-id=\"0468a4e\" data-element_type=\"container\" data-e-type=\"container\">\n\t\t\t\t\t<div class=\"e-con-inner\">\n\t\t\t\t<div class=\"elementor-element elementor-element-a47e96f elementor-icon-list--layout-traditional elementor-list-item-link-full_width elementor-widget elementor-widget-icon-list\" data-id=\"a47e96f\" data-element_type=\"widget\" data-e-type=\"widget\" data-widget_type=\"icon-list.default\">\n\t\t\t\t<div class=\"elementor-widget-container\">\n\t\t\t\t\t\t\t<ul class=\"elementor-icon-list-items\">\n\t\t\t\t\t\t\t<li class=\"elementor-icon-list-item\">\n\t\t\t\t\t\t\t\t\t\t\t<a href=\"https:\/\/www.clubmilitar.gov.co\/home\/wp-content\/uploads\/2025\/02\/Informe-seguimiento_estrategia_racionalizacion_consolidado-diciembre-2024.pdf\">\n\n\t\t\t\t\t\t\t\t\t\t\t\t<span class=\"elementor-icon-list-icon\">\n\t\t\t\t\t\t\t<i aria-hidden=\"true\" class=\"fas fa-file-pdf\"><\/i>\t\t\t\t\t\t<\/span>\n\t\t\t\t\t\t\t\t\t\t<span class=\"elementor-icon-list-text\">Informe seguimiento estrategia racionalizaci\u00f3n consolidado diciembre 2024<\/span>\n\t\t\t\t\t\t\t\t\t\t\t<\/a>\n\t\t\t\t\t\t\t\t\t<\/li>\n\t\t\t\t\t\t\t\t<li class=\"elementor-icon-list-item\">\n\t\t\t\t\t\t\t\t\t\t\t<a href=\"https:\/\/www.clubmilitar.gov.co\/home\/wp-content\/uploads\/2024\/09\/INFORME-DE-MONITOREO-Y-SEGUIMIENTO-ESTRATEGIA-DE-RACIONALIZACION-DE-TRAMITES-Enero-a-Agosto-de-2024.pdf\">\n\n\t\t\t\t\t\t\t\t\t\t\t\t<span class=\"elementor-icon-list-icon\">\n\t\t\t\t\t\t\t<i aria-hidden=\"true\" class=\"fas fa-file-pdf\"><\/i>\t\t\t\t\t\t<\/span>\n\t\t\t\t\t\t\t\t\t\t<span class=\"elementor-icon-list-text\">Informe seguimiento estrategia racionalizaci\u00f3n consolidado Agosto 2024<\/span>\n\t\t\t\t\t\t\t\t\t\t\t<\/a>\n\t\t\t\t\t\t\t\t\t<\/li>\n\t\t\t\t\t\t\t\t<li class=\"elementor-icon-list-item\">\n\t\t\t\t\t\t\t\t\t\t\t<a href=\"https:\/\/www.clubmilitar.gov.co\/home\/wp-content\/uploads\/2025\/08\/SEGUIMIENTO-I-TRIMESTRE.pdf\">\n\n\t\t\t\t\t\t\t\t\t\t\t\t<span class=\"elementor-icon-list-icon\">\n\t\t\t\t\t\t\t<i aria-hidden=\"true\" class=\"fas fa-file-pdf\"><\/i>\t\t\t\t\t\t<\/span>\n\t\t\t\t\t\t\t\t\t\t<span class=\"elementor-icon-list-text\">Informe seguimiento estrategia racionalizaci\u00f3n consolidado I Trimestre 2025<\/span>\n\t\t\t\t\t\t\t\t\t\t\t<\/a>\n\t\t\t\t\t\t\t\t\t<\/li>\n\t\t\t\t\t\t\t\t<li class=\"elementor-icon-list-item\">\n\t\t\t\t\t\t\t\t\t\t\t<a href=\"https:\/\/www.clubmilitar.gov.co\/home\/wp-content\/uploads\/2025\/08\/seguimiento_estrategia_racionalizacion_consolidado.pdf\">\n\n\t\t\t\t\t\t\t\t\t\t\t\t<span class=\"elementor-icon-list-icon\">\n\t\t\t\t\t\t\t<i aria-hidden=\"true\" class=\"fas fa-file-pdf\"><\/i>\t\t\t\t\t\t<\/span>\n\t\t\t\t\t\t\t\t\t\t<span class=\"elementor-icon-list-text\">Informe seguimiento estrategia racionalizaci\u00f3n consolidado II Trimestre 2025<\/span>\n\t\t\t\t\t\t\t\t\t\t\t<\/a>\n\t\t\t\t\t\t\t\t\t<\/li>\n\t\t\t\t\t\t\t\t<li class=\"elementor-icon-list-item\">\n\t\t\t\t\t\t\t\t\t\t\t<a href=\"https:\/\/www.clubmilitar.gov.co\/home\/wp-content\/uploads\/2026\/02\/SEGUIMIENTO-A-LA-RACIONALIZACION-DE-TRAMITES-SUIT-2025.pdf\">\n\n\t\t\t\t\t\t\t\t\t\t\t\t<span class=\"elementor-icon-list-icon\">\n\t\t\t\t\t\t\t<i aria-hidden=\"true\" class=\"fas fa-file-pdf\"><\/i>\t\t\t\t\t\t<\/span>\n\t\t\t\t\t\t\t\t\t\t<span class=\"elementor-icon-list-text\">Seguimiento Tr\u00e1mites de Racionalizaci\u00f3n Cuestionario SUITE seguimiento \u00faltimo periodo de la vigencia 2025<\/span>\n\t\t\t\t\t\t\t\t\t\t\t<\/a>\n\t\t\t\t\t\t\t\t\t<\/li>\n\t\t\t\t\t\t<\/ul>\n\t\t\t\t\t\t<\/div>\n\t\t\t\t<\/div>\n\t\t\t\t\t<\/div>\n\t\t\t\t<\/div>\n\t\t\t\t<\/div>\n\t\t","protected":false},"excerpt":{"rendered":"<p>\u00daltima actualizaci\u00f3n: 30 de Enero de 2026 INFORME DE RACIONALIZACION DE TRAMITES El Informe de Racionalizaci\u00f3n de Tr\u00e1mites, es un conjunto de acciones de seguimiento y validaci\u00f3n que la Oficina de Control Interno realiza para verificar el cumplimiento del \u00abPlan de acci\u00f3n de Racionalizaci\u00f3n de Tr\u00e1mites de cada vigencia, el cual contiene las acciones o estrategias de mejora a implementar para los tr\u00e1mites y servicios suscritas por el Club Militar y hacen parte del segundo componente de la Estrategia de Racionalizaci\u00f3n de Tr\u00e1mites del Plan Anticorrupci\u00f3n y de Atenci\u00f3n al Ciudadano. La racionalizaci\u00f3n de los tr\u00e1mites permite cumplir con los principios de transparencia y eficiencia, facilitando adem\u00e1s mejorar la confianza de los ciudadanos (usuarios) en la Entidad al garantizarles el ejercicio de sus derechos a trav\u00e9s de la calidad de los servicios que se ofrecen. Informe seguimiento estrategia racionalizaci\u00f3n consolidado diciembre 2024 Informe seguimiento estrategia racionalizaci\u00f3n consolidado Agosto 2024 Informe seguimiento estrategia racionalizaci\u00f3n consolidado I Trimestre 2025 Informe seguimiento estrategia racionalizaci\u00f3n consolidado II Trimestre 2025 Seguimiento Tr\u00e1mites de Racionalizaci\u00f3n Cuestionario SUITE seguimiento \u00faltimo periodo de la vigencia 2025<\/p>\n","protected":false},"author":16,"featured_media":0,"parent":0,"menu_order":0,"comment_status":"closed","ping_status":"closed","template":"","meta":{"_price":"","_stock":"","_tribe_ticket_header":"","_tribe_default_ticket_provider":"","_tribe_ticket_capacity":"0","_ticket_start_date":"","_ticket_end_date":"","_tribe_ticket_show_description":"","_tribe_ticket_show_not_going":false,"_tribe_ticket_use_global_stock":"","_tribe_ticket_global_stock_level":"","_global_stock_mode":"","_global_stock_cap":"","_tribe_rsvp_for_event":"","_tribe_ticket_going_count":"","_tribe_ticket_not_going_count":"","_tribe_tickets_list":"[]","_tribe_ticket_has_attendee_info_fields":false,"_EventAllDay":false,"_EventTimezone":"","_EventStartDate":"","_EventEndDate":"","_EventStartDateUTC":"","_EventEndDateUTC":"","_EventShowMap":false,"_EventShowMapLink":false,"_EventURL":"","_EventCost":"","_EventCostDescription":"","_EventCurrencySymbol":"","_EventCurrencyCode":"","_EventCurrencyPosition":"","_EventDateTimeSeparator":"","_EventTimeRangeSeparator":"","_EventOrganizerID":[],"_EventVenueID":[],"_OrganizerEmail":"","_OrganizerPhone":"","_OrganizerWebsite":"","_VenueAddress":"","_VenueCity":"","_VenueCountry":"","_VenueProvince":"","_VenueState":"","_VenueZip":"","_VenuePhone":"","_VenueURL":"","_VenueStateProvince":"","_VenueLat":"","_VenueLng":"","_VenueShowMap":false,"_VenueShowMapLink":false,"footnotes":"","_tec_slr_enabled":"","_tec_slr_layout":""},"class_list":["post-54993","page","type-page","status-publish","hentry"],"yoast_head":"<!-- This site is optimized with the Yoast SEO plugin v27.5 - https:\/\/yoast.com\/product\/yoast-seo-wordpress\/ -->\n<title>INFORMES DE RACIONALIZACI\u00d3N DE TRAMITES - Club Militar<\/title>\n<meta name=\"robots\" content=\"index, follow, max-snippet:-1, max-image-preview:large, max-video-preview:-1\" \/>\n<link rel=\"canonical\" href=\"https:\/\/www.clubmilitar.gov.co\/home\/informes-de-racionalizacion-de-tramites\/\" \/>\n<meta property=\"og:locale\" content=\"es_ES\" \/>\n<meta property=\"og:type\" content=\"article\" \/>\n<meta property=\"og:title\" content=\"INFORMES DE RACIONALIZACI\u00d3N DE TRAMITES - Club Militar\" \/>\n<meta property=\"og:description\" content=\"\u00daltima actualizaci\u00f3n: 30 de Enero de 2026 INFORME DE RACIONALIZACION DE TRAMITES El Informe de Racionalizaci\u00f3n de Tr\u00e1mites, es un conjunto de acciones de seguimiento y validaci\u00f3n que la Oficina de Control Interno realiza para verificar el cumplimiento del \u00abPlan de acci\u00f3n de Racionalizaci\u00f3n de Tr\u00e1mites de cada vigencia, el cual contiene las acciones o estrategias de mejora a implementar para los tr\u00e1mites y servicios suscritas por el Club Militar y hacen parte del segundo componente de la Estrategia de Racionalizaci\u00f3n de Tr\u00e1mites del Plan Anticorrupci\u00f3n y de Atenci\u00f3n al Ciudadano. La racionalizaci\u00f3n de los tr\u00e1mites permite cumplir con los principios de transparencia y eficiencia, facilitando adem\u00e1s mejorar la confianza de los ciudadanos (usuarios) en la Entidad al garantizarles el ejercicio de sus derechos a trav\u00e9s de la calidad de los servicios que se ofrecen. Informe seguimiento estrategia racionalizaci\u00f3n consolidado diciembre 2024 Informe seguimiento estrategia racionalizaci\u00f3n consolidado Agosto 2024 Informe seguimiento estrategia racionalizaci\u00f3n consolidado I Trimestre 2025 Informe seguimiento estrategia racionalizaci\u00f3n consolidado II Trimestre 2025 Seguimiento Tr\u00e1mites de Racionalizaci\u00f3n Cuestionario SUITE seguimiento \u00faltimo periodo de la vigencia 2025\" \/>\n<meta property=\"og:url\" content=\"https:\/\/www.clubmilitar.gov.co\/home\/informes-de-racionalizacion-de-tramites\/\" \/>\n<meta property=\"og:site_name\" content=\"Club Militar\" \/>\n<meta property=\"article:modified_time\" content=\"2026-02-09T18:56:50+00:00\" \/>\n<meta name=\"twitter:card\" content=\"summary_large_image\" \/>\n<meta name=\"twitter:label1\" content=\"Tiempo de lectura\" \/>\n\t<meta name=\"twitter:data1\" content=\"1 minuto\" \/>\n<script type=\"application\/ld+json\" class=\"yoast-schema-graph\">{\"@context\":\"https:\\\/\\\/schema.org\",\"@graph\":[{\"@type\":\"WebPage\",\"@id\":\"https:\\\/\\\/www.clubmilitar.gov.co\\\/home\\\/informes-de-racionalizacion-de-tramites\\\/\",\"url\":\"https:\\\/\\\/www.clubmilitar.gov.co\\\/home\\\/informes-de-racionalizacion-de-tramites\\\/\",\"name\":\"INFORMES DE RACIONALIZACI\u00d3N DE TRAMITES - Club Militar\",\"isPartOf\":{\"@id\":\"https:\\\/\\\/www.clubmilitar.gov.co\\\/home\\\/#website\"},\"datePublished\":\"2024-09-26T13:43:15+00:00\",\"dateModified\":\"2026-02-09T18:56:50+00:00\",\"breadcrumb\":{\"@id\":\"https:\\\/\\\/www.clubmilitar.gov.co\\\/home\\\/informes-de-racionalizacion-de-tramites\\\/#breadcrumb\"},\"inLanguage\":\"es\",\"potentialAction\":[{\"@type\":\"ReadAction\",\"target\":[\"https:\\\/\\\/www.clubmilitar.gov.co\\\/home\\\/informes-de-racionalizacion-de-tramites\\\/\"]}]},{\"@type\":\"BreadcrumbList\",\"@id\":\"https:\\\/\\\/www.clubmilitar.gov.co\\\/home\\\/informes-de-racionalizacion-de-tramites\\\/#breadcrumb\",\"itemListElement\":[{\"@type\":\"ListItem\",\"position\":1,\"name\":\"Inicio\",\"item\":\"https:\\\/\\\/www.clubmilitar.gov.co\\\/home\\\/\"},{\"@type\":\"ListItem\",\"position\":2,\"name\":\"INFORMES DE RACIONALIZACI\u00d3N DE TRAMITES\"}]},{\"@type\":\"WebSite\",\"@id\":\"https:\\\/\\\/www.clubmilitar.gov.co\\\/home\\\/#website\",\"url\":\"https:\\\/\\\/www.clubmilitar.gov.co\\\/home\\\/\",\"name\":\"Club Militar\",\"description\":\"&quot;Su destino ideal en familia&quot;\",\"publisher\":{\"@id\":\"https:\\\/\\\/www.clubmilitar.gov.co\\\/home\\\/#organization\"},\"potentialAction\":[{\"@type\":\"SearchAction\",\"target\":{\"@type\":\"EntryPoint\",\"urlTemplate\":\"https:\\\/\\\/www.clubmilitar.gov.co\\\/home\\\/?s={search_term_string}\"},\"query-input\":{\"@type\":\"PropertyValueSpecification\",\"valueRequired\":true,\"valueName\":\"search_term_string\"}}],\"inLanguage\":\"es\"},{\"@type\":\"Organization\",\"@id\":\"https:\\\/\\\/www.clubmilitar.gov.co\\\/home\\\/#organization\",\"name\":\"Club Militar\",\"url\":\"https:\\\/\\\/www.clubmilitar.gov.co\\\/home\\\/\",\"logo\":{\"@type\":\"ImageObject\",\"inLanguage\":\"es\",\"@id\":\"https:\\\/\\\/www.clubmilitar.gov.co\\\/home\\\/#\\\/schema\\\/logo\\\/image\\\/\",\"url\":\"https:\\\/\\\/www.clubmilitar.gov.co\\\/home\\\/wp-content\\\/uploads\\\/2024\\\/06\\\/cropped-cropped-cropped-cropped-image-1-1.png\",\"contentUrl\":\"https:\\\/\\\/www.clubmilitar.gov.co\\\/home\\\/wp-content\\\/uploads\\\/2024\\\/06\\\/cropped-cropped-cropped-cropped-image-1-1.png\",\"width\":596,\"height\":133,\"caption\":\"Club Militar\"},\"image\":{\"@id\":\"https:\\\/\\\/www.clubmilitar.gov.co\\\/home\\\/#\\\/schema\\\/logo\\\/image\\\/\"}}]}<\/script>\n<!-- \/ Yoast SEO plugin. -->","yoast_head_json":{"title":"INFORMES DE RACIONALIZACI\u00d3N DE TRAMITES - Club Militar","robots":{"index":"index","follow":"follow","max-snippet":"max-snippet:-1","max-image-preview":"max-image-preview:large","max-video-preview":"max-video-preview:-1"},"canonical":"https:\/\/www.clubmilitar.gov.co\/home\/informes-de-racionalizacion-de-tramites\/","og_locale":"es_ES","og_type":"article","og_title":"INFORMES DE RACIONALIZACI\u00d3N DE TRAMITES - Club Militar","og_description":"\u00daltima actualizaci\u00f3n: 30 de Enero de 2026 INFORME DE RACIONALIZACION DE TRAMITES El Informe de Racionalizaci\u00f3n de Tr\u00e1mites, es un conjunto de acciones de seguimiento y validaci\u00f3n que la Oficina de Control Interno realiza para verificar el cumplimiento del \u00abPlan de acci\u00f3n de Racionalizaci\u00f3n de Tr\u00e1mites de cada vigencia, el cual contiene las acciones o estrategias de mejora a implementar para los tr\u00e1mites y servicios suscritas por el Club Militar y hacen parte del segundo componente de la Estrategia de Racionalizaci\u00f3n de Tr\u00e1mites del Plan Anticorrupci\u00f3n y de Atenci\u00f3n al Ciudadano. La racionalizaci\u00f3n de los tr\u00e1mites permite cumplir con los principios de transparencia y eficiencia, facilitando adem\u00e1s mejorar la confianza de los ciudadanos (usuarios) en la Entidad al garantizarles el ejercicio de sus derechos a trav\u00e9s de la calidad de los servicios que se ofrecen. Informe seguimiento estrategia racionalizaci\u00f3n consolidado diciembre 2024 Informe seguimiento estrategia racionalizaci\u00f3n consolidado Agosto 2024 Informe seguimiento estrategia racionalizaci\u00f3n consolidado I Trimestre 2025 Informe seguimiento estrategia racionalizaci\u00f3n consolidado II Trimestre 2025 Seguimiento Tr\u00e1mites de Racionalizaci\u00f3n Cuestionario SUITE seguimiento \u00faltimo periodo de la vigencia 2025","og_url":"https:\/\/www.clubmilitar.gov.co\/home\/informes-de-racionalizacion-de-tramites\/","og_site_name":"Club Militar","article_modified_time":"2026-02-09T18:56:50+00:00","twitter_card":"summary_large_image","twitter_misc":{"Tiempo de lectura":"1 minuto"},"schema":{"@context":"https:\/\/schema.org","@graph":[{"@type":"WebPage","@id":"https:\/\/www.clubmilitar.gov.co\/home\/informes-de-racionalizacion-de-tramites\/","url":"https:\/\/www.clubmilitar.gov.co\/home\/informes-de-racionalizacion-de-tramites\/","name":"INFORMES DE RACIONALIZACI\u00d3N DE TRAMITES - Club Militar","isPartOf":{"@id":"https:\/\/www.clubmilitar.gov.co\/home\/#website"},"datePublished":"2024-09-26T13:43:15+00:00","dateModified":"2026-02-09T18:56:50+00:00","breadcrumb":{"@id":"https:\/\/www.clubmilitar.gov.co\/home\/informes-de-racionalizacion-de-tramites\/#breadcrumb"},"inLanguage":"es","potentialAction":[{"@type":"ReadAction","target":["https:\/\/www.clubmilitar.gov.co\/home\/informes-de-racionalizacion-de-tramites\/"]}]},{"@type":"BreadcrumbList","@id":"https:\/\/www.clubmilitar.gov.co\/home\/informes-de-racionalizacion-de-tramites\/#breadcrumb","itemListElement":[{"@type":"ListItem","position":1,"name":"Inicio","item":"https:\/\/www.clubmilitar.gov.co\/home\/"},{"@type":"ListItem","position":2,"name":"INFORMES DE RACIONALIZACI\u00d3N DE TRAMITES"}]},{"@type":"WebSite","@id":"https:\/\/www.clubmilitar.gov.co\/home\/#website","url":"https:\/\/www.clubmilitar.gov.co\/home\/","name":"Club Militar","description":"&quot;Su destino ideal en familia&quot;","publisher":{"@id":"https:\/\/www.clubmilitar.gov.co\/home\/#organization"},"potentialAction":[{"@type":"SearchAction","target":{"@type":"EntryPoint","urlTemplate":"https:\/\/www.clubmilitar.gov.co\/home\/?s={search_term_string}"},"query-input":{"@type":"PropertyValueSpecification","valueRequired":true,"valueName":"search_term_string"}}],"inLanguage":"es"},{"@type":"Organization","@id":"https:\/\/www.clubmilitar.gov.co\/home\/#organization","name":"Club Militar","url":"https:\/\/www.clubmilitar.gov.co\/home\/","logo":{"@type":"ImageObject","inLanguage":"es","@id":"https:\/\/www.clubmilitar.gov.co\/home\/#\/schema\/logo\/image\/","url":"https:\/\/www.clubmilitar.gov.co\/home\/wp-content\/uploads\/2024\/06\/cropped-cropped-cropped-cropped-image-1-1.png","contentUrl":"https:\/\/www.clubmilitar.gov.co\/home\/wp-content\/uploads\/2024\/06\/cropped-cropped-cropped-cropped-image-1-1.png","width":596,"height":133,"caption":"Club Militar"},"image":{"@id":"https:\/\/www.clubmilitar.gov.co\/home\/#\/schema\/logo\/image\/"}}]}},"publishpress_future_workflow_manual_trigger":{"enabledWorkflows":[]},"ticketed":false,"_links":{"self":[{"href":"https:\/\/www.clubmilitar.gov.co\/home\/wp-json\/wp\/v2\/pages\/54993","targetHints":{"allow":["GET"]}}],"collection":[{"href":"https:\/\/www.clubmilitar.gov.co\/home\/wp-json\/wp\/v2\/pages"}],"about":[{"href":"https:\/\/www.clubmilitar.gov.co\/home\/wp-json\/wp\/v2\/types\/page"}],"author":[{"embeddable":true,"href":"https:\/\/www.clubmilitar.gov.co\/home\/wp-json\/wp\/v2\/users\/16"}],"replies":[{"embeddable":true,"href":"https:\/\/www.clubmilitar.gov.co\/home\/wp-json\/wp\/v2\/comments?post=54993"}],"version-history":[{"count":28,"href":"https:\/\/www.clubmilitar.gov.co\/home\/wp-json\/wp\/v2\/pages\/54993\/revisions"}],"predecessor-version":[{"id":59532,"href":"https:\/\/www.clubmilitar.gov.co\/home\/wp-json\/wp\/v2\/pages\/54993\/revisions\/59532"}],"wp:attachment":[{"href":"https:\/\/www.clubmilitar.gov.co\/home\/wp-json\/wp\/v2\/media?parent=54993"}],"curies":[{"name":"wp","href":"https:\/\/api.w.org\/{rel}","templated":true}]}}