{"id":52854,"date":"2024-07-26T12:14:49","date_gmt":"2024-07-26T17:14:49","guid":{"rendered":"https:\/\/www.clubmilitar.gov.co\/home\/?page_id=52854"},"modified":"2025-11-18T11:57:57","modified_gmt":"2025-11-18T16:57:57","slug":"caja-de-herramientas","status":"publish","type":"page","link":"https:\/\/www.clubmilitar.gov.co\/home\/caja-de-herramientas\/","title":{"rendered":"CAJA DE HERRAMIENTAS"},"content":{"rendered":"\t\t<div data-elementor-type=\"wp-page\" data-elementor-id=\"52854\" class=\"elementor elementor-52854\">\n\t\t\t\t\t\t<section class=\"elementor-section elementor-top-section elementor-element elementor-element-8ddda0b elementor-section-boxed elementor-section-height-default elementor-section-height-default\" data-id=\"8ddda0b\" data-element_type=\"section\" data-e-type=\"section\">\n\t\t\t\t\t\t<div class=\"elementor-container elementor-column-gap-default\">\n\t\t\t\t\t<div class=\"elementor-column elementor-col-100 elementor-top-column elementor-element elementor-element-93b3b9a\" data-id=\"93b3b9a\" data-element_type=\"column\" data-e-type=\"column\">\n\t\t\t<div class=\"elementor-widget-wrap elementor-element-populated\">\n\t\t\t\t\t\t<div class=\"elementor-element elementor-element-1a45308 elementor-widget elementor-widget-text-editor\" data-id=\"1a45308\" data-element_type=\"widget\" data-e-type=\"widget\" data-widget_type=\"text-editor.default\">\n\t\t\t\t<div class=\"elementor-widget-container\">\n\t\t\t\t\t\t\t\t\t<p>\u00daltima actualizaci\u00f3n: 18 de Noviembre de 2025<\/p>\t\t\t\t\t\t\t\t<\/div>\n\t\t\t\t<\/div>\n\t\t\t\t\t<\/div>\n\t\t<\/div>\n\t\t\t\t\t<\/div>\n\t\t<\/section>\n\t\t\t\t<section class=\"elementor-section elementor-top-section elementor-element elementor-element-4f7f182 elementor-section-boxed elementor-section-height-default elementor-section-height-default\" data-id=\"4f7f182\" data-element_type=\"section\" data-e-type=\"section\">\n\t\t\t\t\t\t<div class=\"elementor-container elementor-column-gap-default\">\n\t\t\t\t\t<div class=\"elementor-column elementor-col-100 elementor-top-column elementor-element elementor-element-4f7d7e4\" data-id=\"4f7d7e4\" data-element_type=\"column\" data-e-type=\"column\">\n\t\t\t<div class=\"elementor-widget-wrap elementor-element-populated\">\n\t\t\t\t\t\t<div class=\"elementor-element elementor-element-18449b5 elementor-widget elementor-widget-text-editor\" data-id=\"18449b5\" data-element_type=\"widget\" data-e-type=\"widget\" data-widget_type=\"text-editor.default\">\n\t\t\t\t<div class=\"elementor-widget-container\">\n\t\t\t\t\t\t\t\t\t<lu>\n<li><a class=\"link-cm\" href=\"https:\/\/www.clubmilitar.gov.co\/home\/wp-content\/uploads\/2025\/11\/CM-DET-IG-04-GUIA-DE-CARACTERIZACION-GRUPOS-DE-VALOR-E-INTERES.pdf\"><i class=\"fas fa-file-alt\" style=\"color: #e0b717fc; font-size: 20px; margin-right: 8px;\"><\/i>CM-DET-IG-04-GUIA DE CARACTERIZACI\u00d3N GRUPOS DE VALOR E INTER\u00c9S &#8211; 2025<\/a><\/li>\n\n<li><a class=\"link-cm\" href=\"https:\/\/www.clubmilitar.gov.co\/home\/wp-content\/uploads\/2024\/06\/CM-DET-PL_05-PLAN-DE-PARTICIPACION-CIUDADANA-2024.pdf\"><i class=\"fas fa-file-alt\" style=\"color: #e0b717fc; font-size: 20px; margin-right: 8px;\"><\/i>Plan de Participaci\u00f3n Ciudadana 2025<\/a><\/li>\n\n<li><a class=\"link-cm\" href=\"https:\/\/www.clubmilitar.gov.co\/home\/wp-content\/uploads\/2024\/08\/SENSIBILIZACION-PARTICIPACION-CIUDADANA.pdf\"><i class=\"fas fa-file-alt\" style=\"color: #e0b717fc; font-size: 20px; margin-right: 8px;\"><\/i>Sensibilizaci\u00f3n Participaci\u00f3n Ciudadana<\/a><\/li>\n\n<li><a class=\"link-cm\" href=\"https:\/\/www.clubmilitar.gov.co\/home\/wp-content\/uploads\/2024\/08\/PARTICIPACION-CIUDADANA-Y-RENDICION-DE-CUENTAS-1.mp4\"><i class=\"fas fa-file-alt\" style=\"color: #e0b717fc; font-size: 20px; margin-right: 8px;\"><\/i> ABC-Participaci\u00f3n Ciudadana<\/a><\/li>\n\n<li><a class=\"link-cm\" href=\"https:\/\/www.clubmilitar.gov.co\/home\/wp-content\/uploads\/2025\/11\/canales-de-comunicacion-2025.webp\"><i class=\"fas fa-file-alt\" style=\"color: #e0b717fc; font-size: 20px; margin-right: 8px;\"><\/i>Comunicaci\u00f3n de Canales de Atenci\u00f3n <\/a><\/li>\n\n<\/lu>\t\t\t\t\t\t\t\t<\/div>\n\t\t\t\t<\/div>\n\t\t\t\t\t<\/div>\n\t\t<\/div>\n\t\t\t\t\t<\/div>\n\t\t<\/section>\n\t\t<div class=\"elementor-element elementor-element-48ddc16 e-flex e-con-boxed e-con e-parent\" data-id=\"48ddc16\" data-element_type=\"container\" data-e-type=\"container\">\n\t\t\t\t\t<div class=\"e-con-inner\">\n\t\t\t\t<div class=\"elementor-element elementor-element-29ab165 elementor-widget elementor-widget-image\" data-id=\"29ab165\" data-element_type=\"widget\" data-e-type=\"widget\" data-widget_type=\"image.default\">\n\t\t\t\t<div class=\"elementor-widget-container\">\n\t\t\t\t\t\t\t\t\t\t\t\t\t\t\t<img fetchpriority=\"high\" decoding=\"async\" width=\"642\" height=\"950\" src=\"https:\/\/www.clubmilitar.gov.co\/home\/wp-content\/uploads\/2025\/11\/PARTICIPACION-CIUDADANA.webp\" class=\"attachment-medium_large size-medium_large wp-image-59135\" alt=\"\" srcset=\"https:\/\/www.clubmilitar.gov.co\/home\/wp-content\/uploads\/2025\/11\/PARTICIPACION-CIUDADANA.webp 642w, https:\/\/www.clubmilitar.gov.co\/home\/wp-content\/uploads\/2025\/11\/PARTICIPACION-CIUDADANA-203x300.webp 203w\" sizes=\"(max-width: 642px) 100vw, 642px\" \/>\t\t\t\t\t\t\t\t\t\t\t\t\t\t\t<\/div>\n\t\t\t\t<\/div>\n\t\t\t\t\t<\/div>\n\t\t\t\t<\/div>\n\t\t\t\t<\/div>\n\t\t","protected":false},"excerpt":{"rendered":"<p>\u00daltima actualizaci\u00f3n: 18 de Noviembre de 2025 CM-DET-IG-04-GUIA DE CARACTERIZACI\u00d3N GRUPOS DE VALOR E INTER\u00c9S &#8211; 2025 Plan de Participaci\u00f3n Ciudadana 2025 Sensibilizaci\u00f3n Participaci\u00f3n Ciudadana ABC-Participaci\u00f3n Ciudadana Comunicaci\u00f3n de Canales de Atenci\u00f3n<\/p>\n","protected":false},"author":13,"featured_media":0,"parent":0,"menu_order":0,"comment_status":"closed","ping_status":"closed","template":"","meta":{"_price":"","_stock":"","_tribe_ticket_header":"","_tribe_default_ticket_provider":"","_tribe_ticket_capacity":"0","_ticket_start_date":"","_ticket_end_date":"","_tribe_ticket_show_description":"","_tribe_ticket_show_not_going":false,"_tribe_ticket_use_global_stock":"","_tribe_ticket_global_stock_level":"","_global_stock_mode":"","_global_stock_cap":"","_tribe_rsvp_for_event":"","_tribe_ticket_going_count":"","_tribe_ticket_not_going_count":"","_tribe_tickets_list":"[]","_tribe_ticket_has_attendee_info_fields":false,"_EventAllDay":false,"_EventTimezone":"","_EventStartDate":"","_EventEndDate":"","_EventStartDateUTC":"","_EventEndDateUTC":"","_EventShowMap":false,"_EventShowMapLink":false,"_EventURL":"","_EventCost":"","_EventCostDescription":"","_EventCurrencySymbol":"","_EventCurrencyCode":"","_EventCurrencyPosition":"","_EventDateTimeSeparator":"","_EventTimeRangeSeparator":"","_EventOrganizerID":[],"_EventVenueID":[],"_OrganizerEmail":"","_OrganizerPhone":"","_OrganizerWebsite":"","_VenueAddress":"","_VenueCity":"","_VenueCountry":"","_VenueProvince":"","_VenueState":"","_VenueZip":"","_VenuePhone":"","_VenueURL":"","_VenueStateProvince":"","_VenueLat":"","_VenueLng":"","_VenueShowMap":false,"_VenueShowMapLink":false,"footnotes":"","_tec_slr_enabled":"","_tec_slr_layout":""},"class_list":["post-52854","page","type-page","status-publish","hentry"],"yoast_head":"<!-- This site is optimized with the Yoast SEO plugin v27.5 - https:\/\/yoast.com\/product\/yoast-seo-wordpress\/ -->\n<title>CAJA DE HERRAMIENTAS - Club Militar<\/title>\n<meta name=\"robots\" content=\"index, follow, max-snippet:-1, max-image-preview:large, max-video-preview:-1\" \/>\n<link rel=\"canonical\" href=\"https:\/\/www.clubmilitar.gov.co\/home\/caja-de-herramientas\/\" \/>\n<meta property=\"og:locale\" content=\"es_ES\" \/>\n<meta property=\"og:type\" content=\"article\" \/>\n<meta property=\"og:title\" content=\"CAJA DE HERRAMIENTAS - Club Militar\" \/>\n<meta property=\"og:description\" content=\"\u00daltima actualizaci\u00f3n: 18 de Noviembre de 2025 CM-DET-IG-04-GUIA DE CARACTERIZACI\u00d3N GRUPOS DE VALOR E INTER\u00c9S &#8211; 2025 Plan de Participaci\u00f3n Ciudadana 2025 Sensibilizaci\u00f3n Participaci\u00f3n Ciudadana ABC-Participaci\u00f3n Ciudadana Comunicaci\u00f3n de Canales de Atenci\u00f3n\" \/>\n<meta property=\"og:url\" content=\"https:\/\/www.clubmilitar.gov.co\/home\/caja-de-herramientas\/\" \/>\n<meta property=\"og:site_name\" content=\"Club Militar\" \/>\n<meta property=\"article:modified_time\" content=\"2025-11-18T16:57:57+00:00\" \/>\n<meta property=\"og:image\" content=\"https:\/\/www.clubmilitar.gov.co\/home\/wp-content\/uploads\/2025\/11\/PARTICIPACION-CIUDADANA.webp\" \/>\n<meta name=\"twitter:card\" content=\"summary_large_image\" \/>\n<script type=\"application\/ld+json\" class=\"yoast-schema-graph\">{\"@context\":\"https:\\\/\\\/schema.org\",\"@graph\":[{\"@type\":\"WebPage\",\"@id\":\"https:\\\/\\\/www.clubmilitar.gov.co\\\/home\\\/caja-de-herramientas\\\/\",\"url\":\"https:\\\/\\\/www.clubmilitar.gov.co\\\/home\\\/caja-de-herramientas\\\/\",\"name\":\"CAJA DE HERRAMIENTAS - Club Militar\",\"isPartOf\":{\"@id\":\"https:\\\/\\\/www.clubmilitar.gov.co\\\/home\\\/#website\"},\"primaryImageOfPage\":{\"@id\":\"https:\\\/\\\/www.clubmilitar.gov.co\\\/home\\\/caja-de-herramientas\\\/#primaryimage\"},\"image\":{\"@id\":\"https:\\\/\\\/www.clubmilitar.gov.co\\\/home\\\/caja-de-herramientas\\\/#primaryimage\"},\"thumbnailUrl\":\"https:\\\/\\\/www.clubmilitar.gov.co\\\/home\\\/wp-content\\\/uploads\\\/2025\\\/11\\\/PARTICIPACION-CIUDADANA.webp\",\"datePublished\":\"2024-07-26T17:14:49+00:00\",\"dateModified\":\"2025-11-18T16:57:57+00:00\",\"breadcrumb\":{\"@id\":\"https:\\\/\\\/www.clubmilitar.gov.co\\\/home\\\/caja-de-herramientas\\\/#breadcrumb\"},\"inLanguage\":\"es\",\"potentialAction\":[{\"@type\":\"ReadAction\",\"target\":[\"https:\\\/\\\/www.clubmilitar.gov.co\\\/home\\\/caja-de-herramientas\\\/\"]}]},{\"@type\":\"ImageObject\",\"inLanguage\":\"es\",\"@id\":\"https:\\\/\\\/www.clubmilitar.gov.co\\\/home\\\/caja-de-herramientas\\\/#primaryimage\",\"url\":\"https:\\\/\\\/www.clubmilitar.gov.co\\\/home\\\/wp-content\\\/uploads\\\/2025\\\/11\\\/PARTICIPACION-CIUDADANA.webp\",\"contentUrl\":\"https:\\\/\\\/www.clubmilitar.gov.co\\\/home\\\/wp-content\\\/uploads\\\/2025\\\/11\\\/PARTICIPACION-CIUDADANA.webp\",\"width\":642,\"height\":950},{\"@type\":\"BreadcrumbList\",\"@id\":\"https:\\\/\\\/www.clubmilitar.gov.co\\\/home\\\/caja-de-herramientas\\\/#breadcrumb\",\"itemListElement\":[{\"@type\":\"ListItem\",\"position\":1,\"name\":\"Inicio\",\"item\":\"https:\\\/\\\/www.clubmilitar.gov.co\\\/home\\\/\"},{\"@type\":\"ListItem\",\"position\":2,\"name\":\"CAJA DE HERRAMIENTAS\"}]},{\"@type\":\"WebSite\",\"@id\":\"https:\\\/\\\/www.clubmilitar.gov.co\\\/home\\\/#website\",\"url\":\"https:\\\/\\\/www.clubmilitar.gov.co\\\/home\\\/\",\"name\":\"Club Militar\",\"description\":\"&quot;Su destino ideal en familia&quot;\",\"publisher\":{\"@id\":\"https:\\\/\\\/www.clubmilitar.gov.co\\\/home\\\/#organization\"},\"potentialAction\":[{\"@type\":\"SearchAction\",\"target\":{\"@type\":\"EntryPoint\",\"urlTemplate\":\"https:\\\/\\\/www.clubmilitar.gov.co\\\/home\\\/?s={search_term_string}\"},\"query-input\":{\"@type\":\"PropertyValueSpecification\",\"valueRequired\":true,\"valueName\":\"search_term_string\"}}],\"inLanguage\":\"es\"},{\"@type\":\"Organization\",\"@id\":\"https:\\\/\\\/www.clubmilitar.gov.co\\\/home\\\/#organization\",\"name\":\"Club Militar\",\"url\":\"https:\\\/\\\/www.clubmilitar.gov.co\\\/home\\\/\",\"logo\":{\"@type\":\"ImageObject\",\"inLanguage\":\"es\",\"@id\":\"https:\\\/\\\/www.clubmilitar.gov.co\\\/home\\\/#\\\/schema\\\/logo\\\/image\\\/\",\"url\":\"https:\\\/\\\/www.clubmilitar.gov.co\\\/home\\\/wp-content\\\/uploads\\\/2024\\\/06\\\/cropped-cropped-cropped-cropped-image-1-1.png\",\"contentUrl\":\"https:\\\/\\\/www.clubmilitar.gov.co\\\/home\\\/wp-content\\\/uploads\\\/2024\\\/06\\\/cropped-cropped-cropped-cropped-image-1-1.png\",\"width\":596,\"height\":133,\"caption\":\"Club Militar\"},\"image\":{\"@id\":\"https:\\\/\\\/www.clubmilitar.gov.co\\\/home\\\/#\\\/schema\\\/logo\\\/image\\\/\"}}]}<\/script>\n<!-- \/ Yoast SEO plugin. -->","yoast_head_json":{"title":"CAJA DE HERRAMIENTAS - Club Militar","robots":{"index":"index","follow":"follow","max-snippet":"max-snippet:-1","max-image-preview":"max-image-preview:large","max-video-preview":"max-video-preview:-1"},"canonical":"https:\/\/www.clubmilitar.gov.co\/home\/caja-de-herramientas\/","og_locale":"es_ES","og_type":"article","og_title":"CAJA DE HERRAMIENTAS - Club Militar","og_description":"\u00daltima actualizaci\u00f3n: 18 de Noviembre de 2025 CM-DET-IG-04-GUIA DE CARACTERIZACI\u00d3N GRUPOS DE VALOR E INTER\u00c9S &#8211; 2025 Plan de Participaci\u00f3n Ciudadana 2025 Sensibilizaci\u00f3n Participaci\u00f3n Ciudadana ABC-Participaci\u00f3n Ciudadana Comunicaci\u00f3n de Canales de Atenci\u00f3n","og_url":"https:\/\/www.clubmilitar.gov.co\/home\/caja-de-herramientas\/","og_site_name":"Club Militar","article_modified_time":"2025-11-18T16:57:57+00:00","og_image":[{"url":"https:\/\/www.clubmilitar.gov.co\/home\/wp-content\/uploads\/2025\/11\/PARTICIPACION-CIUDADANA.webp","type":"","width":"","height":""}],"twitter_card":"summary_large_image","schema":{"@context":"https:\/\/schema.org","@graph":[{"@type":"WebPage","@id":"https:\/\/www.clubmilitar.gov.co\/home\/caja-de-herramientas\/","url":"https:\/\/www.clubmilitar.gov.co\/home\/caja-de-herramientas\/","name":"CAJA DE HERRAMIENTAS - Club Militar","isPartOf":{"@id":"https:\/\/www.clubmilitar.gov.co\/home\/#website"},"primaryImageOfPage":{"@id":"https:\/\/www.clubmilitar.gov.co\/home\/caja-de-herramientas\/#primaryimage"},"image":{"@id":"https:\/\/www.clubmilitar.gov.co\/home\/caja-de-herramientas\/#primaryimage"},"thumbnailUrl":"https:\/\/www.clubmilitar.gov.co\/home\/wp-content\/uploads\/2025\/11\/PARTICIPACION-CIUDADANA.webp","datePublished":"2024-07-26T17:14:49+00:00","dateModified":"2025-11-18T16:57:57+00:00","breadcrumb":{"@id":"https:\/\/www.clubmilitar.gov.co\/home\/caja-de-herramientas\/#breadcrumb"},"inLanguage":"es","potentialAction":[{"@type":"ReadAction","target":["https:\/\/www.clubmilitar.gov.co\/home\/caja-de-herramientas\/"]}]},{"@type":"ImageObject","inLanguage":"es","@id":"https:\/\/www.clubmilitar.gov.co\/home\/caja-de-herramientas\/#primaryimage","url":"https:\/\/www.clubmilitar.gov.co\/home\/wp-content\/uploads\/2025\/11\/PARTICIPACION-CIUDADANA.webp","contentUrl":"https:\/\/www.clubmilitar.gov.co\/home\/wp-content\/uploads\/2025\/11\/PARTICIPACION-CIUDADANA.webp","width":642,"height":950},{"@type":"BreadcrumbList","@id":"https:\/\/www.clubmilitar.gov.co\/home\/caja-de-herramientas\/#breadcrumb","itemListElement":[{"@type":"ListItem","position":1,"name":"Inicio","item":"https:\/\/www.clubmilitar.gov.co\/home\/"},{"@type":"ListItem","position":2,"name":"CAJA DE HERRAMIENTAS"}]},{"@type":"WebSite","@id":"https:\/\/www.clubmilitar.gov.co\/home\/#website","url":"https:\/\/www.clubmilitar.gov.co\/home\/","name":"Club Militar","description":"&quot;Su destino ideal en familia&quot;","publisher":{"@id":"https:\/\/www.clubmilitar.gov.co\/home\/#organization"},"potentialAction":[{"@type":"SearchAction","target":{"@type":"EntryPoint","urlTemplate":"https:\/\/www.clubmilitar.gov.co\/home\/?s={search_term_string}"},"query-input":{"@type":"PropertyValueSpecification","valueRequired":true,"valueName":"search_term_string"}}],"inLanguage":"es"},{"@type":"Organization","@id":"https:\/\/www.clubmilitar.gov.co\/home\/#organization","name":"Club Militar","url":"https:\/\/www.clubmilitar.gov.co\/home\/","logo":{"@type":"ImageObject","inLanguage":"es","@id":"https:\/\/www.clubmilitar.gov.co\/home\/#\/schema\/logo\/image\/","url":"https:\/\/www.clubmilitar.gov.co\/home\/wp-content\/uploads\/2024\/06\/cropped-cropped-cropped-cropped-image-1-1.png","contentUrl":"https:\/\/www.clubmilitar.gov.co\/home\/wp-content\/uploads\/2024\/06\/cropped-cropped-cropped-cropped-image-1-1.png","width":596,"height":133,"caption":"Club Militar"},"image":{"@id":"https:\/\/www.clubmilitar.gov.co\/home\/#\/schema\/logo\/image\/"}}]}},"publishpress_future_workflow_manual_trigger":{"enabledWorkflows":[]},"ticketed":false,"_links":{"self":[{"href":"https:\/\/www.clubmilitar.gov.co\/home\/wp-json\/wp\/v2\/pages\/52854","targetHints":{"allow":["GET"]}}],"collection":[{"href":"https:\/\/www.clubmilitar.gov.co\/home\/wp-json\/wp\/v2\/pages"}],"about":[{"href":"https:\/\/www.clubmilitar.gov.co\/home\/wp-json\/wp\/v2\/types\/page"}],"author":[{"embeddable":true,"href":"https:\/\/www.clubmilitar.gov.co\/home\/wp-json\/wp\/v2\/users\/13"}],"replies":[{"embeddable":true,"href":"https:\/\/www.clubmilitar.gov.co\/home\/wp-json\/wp\/v2\/comments?post=52854"}],"version-history":[{"count":19,"href":"https:\/\/www.clubmilitar.gov.co\/home\/wp-json\/wp\/v2\/pages\/52854\/revisions"}],"predecessor-version":[{"id":59139,"href":"https:\/\/www.clubmilitar.gov.co\/home\/wp-json\/wp\/v2\/pages\/52854\/revisions\/59139"}],"wp:attachment":[{"href":"https:\/\/www.clubmilitar.gov.co\/home\/wp-json\/wp\/v2\/media?parent=52854"}],"curies":[{"name":"wp","href":"https:\/\/api.w.org\/{rel}","templated":true}]}}