{"id":52654,"date":"2024-07-23T15:44:17","date_gmt":"2024-07-23T20:44:17","guid":{"rendered":"https:\/\/www.clubmilitar.gov.co\/home\/?page_id=52654"},"modified":"2025-08-21T08:44:00","modified_gmt":"2025-08-21T13:44:00","slug":"directorio-de-entidades","status":"publish","type":"page","link":"https:\/\/www.clubmilitar.gov.co\/home\/directorio-de-entidades\/","title":{"rendered":"Directorio de Entidades"},"content":{"rendered":"\t\t<div data-elementor-type=\"wp-page\" data-elementor-id=\"52654\" class=\"elementor elementor-52654\">\n\t\t\t\t\t\t<section class=\"elementor-section elementor-top-section elementor-element elementor-element-dbcb93e elementor-section-boxed elementor-section-height-default elementor-section-height-default\" data-id=\"dbcb93e\" data-element_type=\"section\" data-e-type=\"section\">\n\t\t\t\t\t\t<div class=\"elementor-container elementor-column-gap-default\">\n\t\t\t\t\t<div class=\"elementor-column elementor-col-100 elementor-top-column elementor-element elementor-element-4e229bf\" data-id=\"4e229bf\" data-element_type=\"column\" data-e-type=\"column\">\n\t\t\t<div class=\"elementor-widget-wrap elementor-element-populated\">\n\t\t\t\t\t\t<div class=\"elementor-element elementor-element-9e7cbe6 elementor-widget elementor-widget-heading\" data-id=\"9e7cbe6\" data-element_type=\"widget\" data-e-type=\"widget\" data-widget_type=\"heading.default\">\n\t\t\t\t<div class=\"elementor-widget-container\">\n\t\t\t\t\t<h2 class=\"elementor-heading-title elementor-size-default\">Grupo Social y Empresarial de Defensa GSED<\/h2>\t\t\t\t<\/div>\n\t\t\t\t<\/div>\n\t\t\t\t\t<\/div>\n\t\t<\/div>\n\t\t\t\t\t<\/div>\n\t\t<\/section>\n\t\t\t\t<section class=\"elementor-section elementor-top-section elementor-element elementor-element-51a8866 elementor-section-boxed elementor-section-height-default elementor-section-height-default\" data-id=\"51a8866\" data-element_type=\"section\" data-e-type=\"section\">\n\t\t\t\t\t\t<div class=\"elementor-container elementor-column-gap-default\">\n\t\t\t\t\t<div class=\"elementor-column elementor-col-100 elementor-top-column elementor-element elementor-element-528226f\" data-id=\"528226f\" data-element_type=\"column\" data-e-type=\"column\">\n\t\t\t<div class=\"elementor-widget-wrap elementor-element-populated\">\n\t\t\t\t\t\t<div class=\"elementor-element elementor-element-020d8e9 elementor-widget elementor-widget-text-editor\" data-id=\"020d8e9\" data-element_type=\"widget\" data-e-type=\"widget\" data-widget_type=\"text-editor.default\">\n\t\t\t\t<div class=\"elementor-widget-container\">\n\t\t\t\t\t\t\t\t\t<p class=\"texto-cm\">\u00daltima actualizaci\u00f3n: 19 de Agosto de 2025<\/p>\t\t\t\t\t\t\t\t<\/div>\n\t\t\t\t<\/div>\n\t\t\t\t\t<\/div>\n\t\t<\/div>\n\t\t\t\t\t<\/div>\n\t\t<\/section>\n\t\t\t\t<section class=\"elementor-section elementor-top-section elementor-element elementor-element-a8ea2a5 elementor-section-boxed elementor-section-height-default elementor-section-height-default\" data-id=\"a8ea2a5\" data-element_type=\"section\" data-e-type=\"section\">\n\t\t\t\t\t\t<div class=\"elementor-container elementor-column-gap-default\">\n\t\t\t\t\t<div class=\"elementor-column elementor-col-100 elementor-top-column elementor-element elementor-element-af37d42\" data-id=\"af37d42\" data-element_type=\"column\" data-e-type=\"column\">\n\t\t\t<div class=\"elementor-widget-wrap elementor-element-populated\">\n\t\t\t\t\t\t<div class=\"elementor-element elementor-element-39f05e4 elementor-widget elementor-widget-text-editor\" data-id=\"39f05e4\" data-element_type=\"widget\" data-e-type=\"widget\" data-widget_type=\"text-editor.default\">\n\t\t\t\t<div class=\"elementor-widget-container\">\n\t\t\t\t\t\t\t\t\t<p class=\"texto-cm\">El Club Militar hace parte del Grupo Social y Empresarial de la Defensa GSED conformado por 18 entidades del sector defensa, que actuando como grupo empresarial busca generar sinergias y apoyos en su interior que permitan optimizar recursos y obtener mejores resultados.<\/p>\t\t\t\t\t\t\t\t<\/div>\n\t\t\t\t<\/div>\n\t\t\t\t\t<\/div>\n\t\t<\/div>\n\t\t\t\t\t<\/div>\n\t\t<\/section>\n\t\t\t\t<section class=\"elementor-section elementor-top-section elementor-element elementor-element-f010007 elementor-section-boxed elementor-section-height-default elementor-section-height-default\" data-id=\"f010007\" data-element_type=\"section\" data-e-type=\"section\">\n\t\t\t\t\t\t<div class=\"elementor-container elementor-column-gap-default\">\n\t\t\t\t\t<div class=\"elementor-column elementor-col-100 elementor-top-column elementor-element elementor-element-476df13\" data-id=\"476df13\" data-element_type=\"column\" data-e-type=\"column\">\n\t\t\t<div class=\"elementor-widget-wrap elementor-element-populated\">\n\t\t\t\t\t\t<div class=\"elementor-element elementor-element-8737ee5 elementor-widget elementor-widget-text-editor\" data-id=\"8737ee5\" data-element_type=\"widget\" data-e-type=\"widget\" data-widget_type=\"text-editor.default\">\n\t\t\t\t<div class=\"elementor-widget-container\">\n\t\t\t\t\t\t\t\t\t<p><a class=\"link-cm\" href=\"https:\/\/www.agencialogistica.gov.co\/\"><i class=\"fas fa-building icon-cm\"><\/i>Agencia Log\u00edstica de las Fuerzas Militares<\/a><\/p><p><a class=\"link-cm\" href=\"https:\/\/www.cremil.gov.co\/\"><i class=\"fas fa-building icon-cm\"><\/i>Caja de Retiro de las Fuerzas Militares<\/a><\/p><p><a class=\"link-cm\" href=\"https:\/\/www.casur.gov.co\"> <i class=\"fas fa-building icon-cm\"><\/i>Caja de Sueldos de Retiro de la Polic\u00eda Nacional<\/a><\/p><p><a class=\"link-cm\" href=\"https:\/\/www.cajahonor.gov.co\/Paginas\/default.aspx\"> <i class=\"fas fa-building icon-cm\"><\/i>Caja Promotora de Vivienda Militar y de Polic\u00eda<\/a><\/p><p><a class=\"link-cm\" href=\"https:\/\/www.circulodesuboficiales.com.co\/\"><i class=\"fas fa-building icon-cm\"><\/i>C\u00edrculo de Suboficiales de las FF.MM.<\/a><\/p><p><a class=\"link-cm\" href=\"https:\/\/www.cotecmar.com\/\"> <i class=\"fas fa-building icon-cm\"><\/i>Corporaci\u00f3n de Ciencia y Tecnolog\u00eda para el Desarrollo de la Industria Naval, Mar\u00edtima y Fluvial &#8211; Cotecmar<\/a><\/p><p><a class=\"link-cm\" href=\"https:\/\/corporacionmatamoros.org\/\"><i class=\"fas fa-building icon-cm\"><\/i>Corporaci\u00f3n Gustavo Matamoros<\/a><\/p><p><a class=\"link-cm\" href=\"http:\/\/www.ciac.gov.co\/\"><i class=\"fas fa-building icon-cm\"><\/i>Corporaci\u00f3n de la Industria &#8211; Aeron\u00e1utica Colombiana CIAC SA<\/a><\/p><p><a class=\"link-cm\" href=\"https:\/\/www.defensacivil.gov.co\/\"><i class=\"fas fa-building icon-cm\"><\/i>Defensa Civil Colombiana<\/a><\/p><p><a class=\"link-cm\" href=\"http:\/\/www.forpo.gov.co\/\"> <i class=\"fas fa-building icon-cm\"><\/i>Fondo Rotatorio de la Polic\u00eda Nacional<\/a><\/p><p><a class=\"link-cm\" href=\"https:\/\/www.hospitalmilitar.gov.co\/\"> <i class=\"fas fa-building icon-cm\"><\/i>Hospital Militar Central<\/a><\/p><p><a class=\"link-cm\" href=\"https:\/\/www.tequendamahotel.com\/?lang=es\"> <i class=\"fas fa-building icon-cm\"><\/i>Hotel San Diego Hotel Tequendama <\/a><\/p><p><a class=\"link-cm\" href=\"https:\/\/www.indumil.gov.co\/\"><i class=\"fas fa-building icon-cm\"><\/i>Industria Militar, INDUMIL<\/a><\/p><p><a class=\"link-cm\" href=\"https:\/\/icfe.gov.co\/\"> <i class=\"fas fa-building icon-cm\"><\/i>Instituto de Casas Fiscales<\/a><\/p><p><a class=\"link-cm\" href=\"https:\/\/www.satena.com\/\"> <i class=\"fas fa-building icon-cm\"><\/i>Servicio A\u00e9reo a territorios nacionales SATENA<\/a><\/p><p><a class=\"link-cm\" href=\"https:\/\/www.umng.edu.co\/inicio\"><i class=\"fas fa-building icon-cm\"><\/i>Universidad Militar Nueva Granada <\/a><\/p><p><a class=\"link-cm\" href=\"https:\/\/www.supervigilancia.gov.co\/\"> <i class=\"fas fa-building icon-cm\"><\/i>Superintendencia de Vigilancia y Seguridad Privada<\/a><\/p>\t\t\t\t\t\t\t\t<\/div>\n\t\t\t\t<\/div>\n\t\t\t\t\t<\/div>\n\t\t<\/div>\n\t\t\t\t\t<\/div>\n\t\t<\/section>\n\t\t\t\t<\/div>\n\t\t","protected":false},"excerpt":{"rendered":"<p>Grupo Social y Empresarial de Defensa GSED \u00daltima actualizaci\u00f3n: 19 de Agosto de 2025 El Club Militar hace parte del Grupo Social y Empresarial de la Defensa GSED conformado por 18 entidades del sector defensa, que actuando como grupo empresarial busca generar sinergias y apoyos en su interior que permitan optimizar recursos y obtener mejores resultados. Agencia Log\u00edstica de las Fuerzas Militares Caja de Retiro de las Fuerzas Militares Caja de Sueldos de Retiro de la Polic\u00eda Nacional Caja Promotora de Vivienda Militar y de Polic\u00eda C\u00edrculo de Suboficiales de las FF.MM. Corporaci\u00f3n de Ciencia y Tecnolog\u00eda para el Desarrollo de la Industria Naval, Mar\u00edtima y Fluvial &#8211; Cotecmar Corporaci\u00f3n Gustavo Matamoros Corporaci\u00f3n de la Industria &#8211; Aeron\u00e1utica Colombiana CIAC SA Defensa Civil Colombiana Fondo Rotatorio de la Polic\u00eda Nacional Hospital Militar Central Hotel San Diego Hotel Tequendama Industria Militar, INDUMIL Instituto de Casas Fiscales Servicio A\u00e9reo a territorios nacionales SATENA Universidad Militar Nueva Granada Superintendencia de Vigilancia y Seguridad Privada<\/p>\n","protected":false},"author":13,"featured_media":0,"parent":0,"menu_order":0,"comment_status":"closed","ping_status":"closed","template":"","meta":{"_price":"","_stock":"","_tribe_ticket_header":"","_tribe_default_ticket_provider":"","_tribe_ticket_capacity":"0","_ticket_start_date":"","_ticket_end_date":"","_tribe_ticket_show_description":"","_tribe_ticket_show_not_going":false,"_tribe_ticket_use_global_stock":"","_tribe_ticket_global_stock_level":"","_global_stock_mode":"","_global_stock_cap":"","_tribe_rsvp_for_event":"","_tribe_ticket_going_count":"","_tribe_ticket_not_going_count":"","_tribe_tickets_list":"[]","_tribe_ticket_has_attendee_info_fields":false,"_EventAllDay":false,"_EventTimezone":"","_EventStartDate":"","_EventEndDate":"","_EventStartDateUTC":"","_EventEndDateUTC":"","_EventShowMap":false,"_EventShowMapLink":false,"_EventURL":"","_EventCost":"","_EventCostDescription":"","_EventCurrencySymbol":"","_EventCurrencyCode":"","_EventCurrencyPosition":"","_EventDateTimeSeparator":"","_EventTimeRangeSeparator":"","_EventOrganizerID":[],"_EventVenueID":[],"_OrganizerEmail":"","_OrganizerPhone":"","_OrganizerWebsite":"","_VenueAddress":"","_VenueCity":"","_VenueCountry":"","_VenueProvince":"","_VenueState":"","_VenueZip":"","_VenuePhone":"","_VenueURL":"","_VenueStateProvince":"","_VenueLat":"","_VenueLng":"","_VenueShowMap":false,"_VenueShowMapLink":false,"footnotes":"","_tec_slr_enabled":"","_tec_slr_layout":""},"class_list":["post-52654","page","type-page","status-publish","hentry"],"yoast_head":"<!-- This site is optimized with the Yoast SEO plugin v27.4 - https:\/\/yoast.com\/product\/yoast-seo-wordpress\/ -->\n<title>Directorio de Entidades - Club Militar<\/title>\n<meta name=\"robots\" content=\"index, follow, max-snippet:-1, max-image-preview:large, max-video-preview:-1\" \/>\n<link rel=\"canonical\" href=\"https:\/\/www.clubmilitar.gov.co\/home\/directorio-de-entidades\/\" \/>\n<meta property=\"og:locale\" content=\"es_ES\" \/>\n<meta property=\"og:type\" content=\"article\" \/>\n<meta property=\"og:title\" content=\"Directorio de Entidades - Club Militar\" \/>\n<meta property=\"og:description\" content=\"Grupo Social y Empresarial de Defensa GSED \u00daltima actualizaci\u00f3n: 19 de Agosto de 2025 El Club Militar hace parte del Grupo Social y Empresarial de la Defensa GSED conformado por 18 entidades del sector defensa, que actuando como grupo empresarial busca generar sinergias y apoyos en su interior que permitan optimizar recursos y obtener mejores resultados. Agencia Log\u00edstica de las Fuerzas Militares Caja de Retiro de las Fuerzas Militares Caja de Sueldos de Retiro de la Polic\u00eda Nacional Caja Promotora de Vivienda Militar y de Polic\u00eda C\u00edrculo de Suboficiales de las FF.MM. Corporaci\u00f3n de Ciencia y Tecnolog\u00eda para el Desarrollo de la Industria Naval, Mar\u00edtima y Fluvial &#8211; Cotecmar Corporaci\u00f3n Gustavo Matamoros Corporaci\u00f3n de la Industria &#8211; Aeron\u00e1utica Colombiana CIAC SA Defensa Civil Colombiana Fondo Rotatorio de la Polic\u00eda Nacional Hospital Militar Central Hotel San Diego Hotel Tequendama Industria Militar, INDUMIL Instituto de Casas Fiscales Servicio A\u00e9reo a territorios nacionales SATENA Universidad Militar Nueva Granada Superintendencia de Vigilancia y Seguridad Privada\" \/>\n<meta property=\"og:url\" content=\"https:\/\/www.clubmilitar.gov.co\/home\/directorio-de-entidades\/\" \/>\n<meta property=\"og:site_name\" content=\"Club Militar\" \/>\n<meta property=\"article:modified_time\" content=\"2025-08-21T13:44:00+00:00\" \/>\n<meta name=\"twitter:card\" content=\"summary_large_image\" \/>\n<meta name=\"twitter:label1\" content=\"Tiempo de lectura\" \/>\n\t<meta name=\"twitter:data1\" content=\"1 minuto\" \/>\n<script type=\"application\/ld+json\" class=\"yoast-schema-graph\">{\"@context\":\"https:\\\/\\\/schema.org\",\"@graph\":[{\"@type\":\"WebPage\",\"@id\":\"https:\\\/\\\/www.clubmilitar.gov.co\\\/home\\\/directorio-de-entidades\\\/\",\"url\":\"https:\\\/\\\/www.clubmilitar.gov.co\\\/home\\\/directorio-de-entidades\\\/\",\"name\":\"Directorio de Entidades - Club Militar\",\"isPartOf\":{\"@id\":\"https:\\\/\\\/www.clubmilitar.gov.co\\\/home\\\/#website\"},\"datePublished\":\"2024-07-23T20:44:17+00:00\",\"dateModified\":\"2025-08-21T13:44:00+00:00\",\"breadcrumb\":{\"@id\":\"https:\\\/\\\/www.clubmilitar.gov.co\\\/home\\\/directorio-de-entidades\\\/#breadcrumb\"},\"inLanguage\":\"es\",\"potentialAction\":[{\"@type\":\"ReadAction\",\"target\":[\"https:\\\/\\\/www.clubmilitar.gov.co\\\/home\\\/directorio-de-entidades\\\/\"]}]},{\"@type\":\"BreadcrumbList\",\"@id\":\"https:\\\/\\\/www.clubmilitar.gov.co\\\/home\\\/directorio-de-entidades\\\/#breadcrumb\",\"itemListElement\":[{\"@type\":\"ListItem\",\"position\":1,\"name\":\"Inicio\",\"item\":\"https:\\\/\\\/www.clubmilitar.gov.co\\\/home\\\/\"},{\"@type\":\"ListItem\",\"position\":2,\"name\":\"Directorio de Entidades\"}]},{\"@type\":\"WebSite\",\"@id\":\"https:\\\/\\\/www.clubmilitar.gov.co\\\/home\\\/#website\",\"url\":\"https:\\\/\\\/www.clubmilitar.gov.co\\\/home\\\/\",\"name\":\"Club Militar\",\"description\":\"&quot;Su destino ideal en familia&quot;\",\"publisher\":{\"@id\":\"https:\\\/\\\/www.clubmilitar.gov.co\\\/home\\\/#organization\"},\"potentialAction\":[{\"@type\":\"SearchAction\",\"target\":{\"@type\":\"EntryPoint\",\"urlTemplate\":\"https:\\\/\\\/www.clubmilitar.gov.co\\\/home\\\/?s={search_term_string}\"},\"query-input\":{\"@type\":\"PropertyValueSpecification\",\"valueRequired\":true,\"valueName\":\"search_term_string\"}}],\"inLanguage\":\"es\"},{\"@type\":\"Organization\",\"@id\":\"https:\\\/\\\/www.clubmilitar.gov.co\\\/home\\\/#organization\",\"name\":\"Club Militar\",\"url\":\"https:\\\/\\\/www.clubmilitar.gov.co\\\/home\\\/\",\"logo\":{\"@type\":\"ImageObject\",\"inLanguage\":\"es\",\"@id\":\"https:\\\/\\\/www.clubmilitar.gov.co\\\/home\\\/#\\\/schema\\\/logo\\\/image\\\/\",\"url\":\"https:\\\/\\\/www.clubmilitar.gov.co\\\/home\\\/wp-content\\\/uploads\\\/2024\\\/06\\\/cropped-cropped-cropped-cropped-image-1-1.png\",\"contentUrl\":\"https:\\\/\\\/www.clubmilitar.gov.co\\\/home\\\/wp-content\\\/uploads\\\/2024\\\/06\\\/cropped-cropped-cropped-cropped-image-1-1.png\",\"width\":596,\"height\":133,\"caption\":\"Club Militar\"},\"image\":{\"@id\":\"https:\\\/\\\/www.clubmilitar.gov.co\\\/home\\\/#\\\/schema\\\/logo\\\/image\\\/\"}}]}<\/script>\n<!-- \/ Yoast SEO plugin. -->","yoast_head_json":{"title":"Directorio de Entidades - Club Militar","robots":{"index":"index","follow":"follow","max-snippet":"max-snippet:-1","max-image-preview":"max-image-preview:large","max-video-preview":"max-video-preview:-1"},"canonical":"https:\/\/www.clubmilitar.gov.co\/home\/directorio-de-entidades\/","og_locale":"es_ES","og_type":"article","og_title":"Directorio de Entidades - Club Militar","og_description":"Grupo Social y Empresarial de Defensa GSED \u00daltima actualizaci\u00f3n: 19 de Agosto de 2025 El Club Militar hace parte del Grupo Social y Empresarial de la Defensa GSED conformado por 18 entidades del sector defensa, que actuando como grupo empresarial busca generar sinergias y apoyos en su interior que permitan optimizar recursos y obtener mejores resultados. Agencia Log\u00edstica de las Fuerzas Militares Caja de Retiro de las Fuerzas Militares Caja de Sueldos de Retiro de la Polic\u00eda Nacional Caja Promotora de Vivienda Militar y de Polic\u00eda C\u00edrculo de Suboficiales de las FF.MM. Corporaci\u00f3n de Ciencia y Tecnolog\u00eda para el Desarrollo de la Industria Naval, Mar\u00edtima y Fluvial &#8211; Cotecmar Corporaci\u00f3n Gustavo Matamoros Corporaci\u00f3n de la Industria &#8211; Aeron\u00e1utica Colombiana CIAC SA Defensa Civil Colombiana Fondo Rotatorio de la Polic\u00eda Nacional Hospital Militar Central Hotel San Diego Hotel Tequendama Industria Militar, INDUMIL Instituto de Casas Fiscales Servicio A\u00e9reo a territorios nacionales SATENA Universidad Militar Nueva Granada Superintendencia de Vigilancia y Seguridad Privada","og_url":"https:\/\/www.clubmilitar.gov.co\/home\/directorio-de-entidades\/","og_site_name":"Club Militar","article_modified_time":"2025-08-21T13:44:00+00:00","twitter_card":"summary_large_image","twitter_misc":{"Tiempo de lectura":"1 minuto"},"schema":{"@context":"https:\/\/schema.org","@graph":[{"@type":"WebPage","@id":"https:\/\/www.clubmilitar.gov.co\/home\/directorio-de-entidades\/","url":"https:\/\/www.clubmilitar.gov.co\/home\/directorio-de-entidades\/","name":"Directorio de Entidades - Club Militar","isPartOf":{"@id":"https:\/\/www.clubmilitar.gov.co\/home\/#website"},"datePublished":"2024-07-23T20:44:17+00:00","dateModified":"2025-08-21T13:44:00+00:00","breadcrumb":{"@id":"https:\/\/www.clubmilitar.gov.co\/home\/directorio-de-entidades\/#breadcrumb"},"inLanguage":"es","potentialAction":[{"@type":"ReadAction","target":["https:\/\/www.clubmilitar.gov.co\/home\/directorio-de-entidades\/"]}]},{"@type":"BreadcrumbList","@id":"https:\/\/www.clubmilitar.gov.co\/home\/directorio-de-entidades\/#breadcrumb","itemListElement":[{"@type":"ListItem","position":1,"name":"Inicio","item":"https:\/\/www.clubmilitar.gov.co\/home\/"},{"@type":"ListItem","position":2,"name":"Directorio de Entidades"}]},{"@type":"WebSite","@id":"https:\/\/www.clubmilitar.gov.co\/home\/#website","url":"https:\/\/www.clubmilitar.gov.co\/home\/","name":"Club Militar","description":"&quot;Su destino ideal en familia&quot;","publisher":{"@id":"https:\/\/www.clubmilitar.gov.co\/home\/#organization"},"potentialAction":[{"@type":"SearchAction","target":{"@type":"EntryPoint","urlTemplate":"https:\/\/www.clubmilitar.gov.co\/home\/?s={search_term_string}"},"query-input":{"@type":"PropertyValueSpecification","valueRequired":true,"valueName":"search_term_string"}}],"inLanguage":"es"},{"@type":"Organization","@id":"https:\/\/www.clubmilitar.gov.co\/home\/#organization","name":"Club Militar","url":"https:\/\/www.clubmilitar.gov.co\/home\/","logo":{"@type":"ImageObject","inLanguage":"es","@id":"https:\/\/www.clubmilitar.gov.co\/home\/#\/schema\/logo\/image\/","url":"https:\/\/www.clubmilitar.gov.co\/home\/wp-content\/uploads\/2024\/06\/cropped-cropped-cropped-cropped-image-1-1.png","contentUrl":"https:\/\/www.clubmilitar.gov.co\/home\/wp-content\/uploads\/2024\/06\/cropped-cropped-cropped-cropped-image-1-1.png","width":596,"height":133,"caption":"Club Militar"},"image":{"@id":"https:\/\/www.clubmilitar.gov.co\/home\/#\/schema\/logo\/image\/"}}]}},"publishpress_future_workflow_manual_trigger":{"enabledWorkflows":[]},"ticketed":false,"_links":{"self":[{"href":"https:\/\/www.clubmilitar.gov.co\/home\/wp-json\/wp\/v2\/pages\/52654","targetHints":{"allow":["GET"]}}],"collection":[{"href":"https:\/\/www.clubmilitar.gov.co\/home\/wp-json\/wp\/v2\/pages"}],"about":[{"href":"https:\/\/www.clubmilitar.gov.co\/home\/wp-json\/wp\/v2\/types\/page"}],"author":[{"embeddable":true,"href":"https:\/\/www.clubmilitar.gov.co\/home\/wp-json\/wp\/v2\/users\/13"}],"replies":[{"embeddable":true,"href":"https:\/\/www.clubmilitar.gov.co\/home\/wp-json\/wp\/v2\/comments?post=52654"}],"version-history":[{"count":29,"href":"https:\/\/www.clubmilitar.gov.co\/home\/wp-json\/wp\/v2\/pages\/52654\/revisions"}],"predecessor-version":[{"id":58559,"href":"https:\/\/www.clubmilitar.gov.co\/home\/wp-json\/wp\/v2\/pages\/52654\/revisions\/58559"}],"wp:attachment":[{"href":"https:\/\/www.clubmilitar.gov.co\/home\/wp-json\/wp\/v2\/media?parent=52654"}],"curies":[{"name":"wp","href":"https:\/\/api.w.org\/{rel}","templated":true}]}}