{"id":43668,"date":"2022-02-02T11:47:17","date_gmt":"2022-02-02T16:47:17","guid":{"rendered":"https:\/\/www.clubmilitar.gov.co\/home\/?page_id=43668"},"modified":"2023-08-28T08:17:58","modified_gmt":"2023-08-28T13:17:58","slug":"informacion-para-ninos-ninas-y-adolescentes","status":"publish","type":"page","link":"https:\/\/www.clubmilitar.gov.co\/home\/informacion-para-ninos-ninas-y-adolescentes\/","title":{"rendered":"Informaci\u00f3n para ni\u00f1os, ni\u00f1as y adolescentes"},"content":{"rendered":"\t\t<div data-elementor-type=\"wp-page\" data-elementor-id=\"43668\" class=\"elementor elementor-43668\">\n\t\t\t\t\t\t<section class=\"elementor-section elementor-top-section elementor-element elementor-element-3c888675 elementor-section-boxed elementor-section-height-default elementor-section-height-default\" data-id=\"3c888675\" data-element_type=\"section\" data-e-type=\"section\">\n\t\t\t\t\t\t<div class=\"elementor-container elementor-column-gap-default\">\n\t\t\t\t\t<div class=\"elementor-column elementor-col-100 elementor-top-column elementor-element elementor-element-4610ba5c\" data-id=\"4610ba5c\" data-element_type=\"column\" data-e-type=\"column\">\n\t\t\t<div class=\"elementor-widget-wrap elementor-element-populated\">\n\t\t\t\t\t\t<div class=\"elementor-element elementor-element-4f1a3cd5 elementor-widget elementor-widget-text-editor\" data-id=\"4f1a3cd5\" data-element_type=\"widget\" data-e-type=\"widget\" data-widget_type=\"text-editor.default\">\n\t\t\t\t<div class=\"elementor-widget-container\">\n\t\t\t\t\t\t\t\t\t<p><\/p>\n<p>\u00daltima actualizaci\u00f3n: 28 de agosto de 2023<\/p>\n<p><\/p>\t\t\t\t\t\t\t\t<\/div>\n\t\t\t\t<\/div>\n\t\t\t\t\t<\/div>\n\t\t<\/div>\n\t\t\t\t\t<\/div>\n\t\t<\/section>\n\t\t\t\t<section class=\"elementor-section elementor-top-section elementor-element elementor-element-551f8c5 elementor-section-boxed elementor-section-height-default elementor-section-height-default elementor-invisible\" data-id=\"551f8c5\" data-element_type=\"section\" data-e-type=\"section\" data-settings=\"{&quot;animation&quot;:&quot;lightSpeedIn&quot;}\">\n\t\t\t\t\t\t<div class=\"elementor-container elementor-column-gap-default\">\n\t\t\t\t\t<div class=\"elementor-column elementor-col-100 elementor-top-column elementor-element elementor-element-eb53dbb\" data-id=\"eb53dbb\" data-element_type=\"column\" data-e-type=\"column\">\n\t\t\t<div class=\"elementor-widget-wrap elementor-element-populated\">\n\t\t\t\t\t\t<div class=\"elementor-element elementor-element-a27c123 elementor-arrows-position-inside elementor-pagination-position-outside elementor-widget elementor-widget-image-carousel\" data-id=\"a27c123\" data-element_type=\"widget\" data-e-type=\"widget\" data-settings=\"{&quot;slides_to_show&quot;:&quot;1&quot;,&quot;navigation&quot;:&quot;both&quot;,&quot;autoplay&quot;:&quot;yes&quot;,&quot;pause_on_hover&quot;:&quot;yes&quot;,&quot;pause_on_interaction&quot;:&quot;yes&quot;,&quot;autoplay_speed&quot;:5000,&quot;infinite&quot;:&quot;yes&quot;,&quot;effect&quot;:&quot;slide&quot;,&quot;speed&quot;:500}\" data-widget_type=\"image-carousel.default\">\n\t\t\t\t<div class=\"elementor-widget-container\">\n\t\t\t\t\t\t\t<div class=\"elementor-image-carousel-wrapper swiper\" role=\"region\" aria-roledescription=\"carousel\" aria-label=\"Carrusel de im\u00e1genes\" dir=\"ltr\">\n\t\t\t<div class=\"elementor-image-carousel swiper-wrapper\" aria-live=\"off\">\n\t\t\t\t\t\t\t\t<div class=\"swiper-slide\" role=\"group\" aria-roledescription=\"slide\" aria-label=\"1 de 7\"><figure class=\"swiper-slide-inner\"><img decoding=\"async\" class=\"swiper-slide-image\" src=\"https:\/\/www.clubmilitar.gov.co\/home\/wp-content\/uploads\/2023\/08\/26-de-agosto-2023.-Festival-de-cometas1.png\" alt=\"Festival de cometas1\" \/><\/figure><\/div><div class=\"swiper-slide\" role=\"group\" aria-roledescription=\"slide\" aria-label=\"2 de 7\"><figure class=\"swiper-slide-inner\"><img decoding=\"async\" class=\"swiper-slide-image\" src=\"https:\/\/www.clubmilitar.gov.co\/home\/wp-content\/uploads\/2023\/08\/19-de-agosto-2023.-Festival-de-cometas-Sede-Sochagota.png\" alt=\"Festival de cometas, Sede Sochagota\" \/><\/figure><\/div><div class=\"swiper-slide\" role=\"group\" aria-roledescription=\"slide\" aria-label=\"3 de 7\"><figure class=\"swiper-slide-inner\"><img decoding=\"async\" class=\"swiper-slide-image\" src=\"https:\/\/www.clubmilitar.gov.co\/home\/wp-content\/uploads\/2023\/08\/WhatsApp-Image-2023-08-19-at-18.55.53.jpeg\" alt=\"Cometas y bingo en Sochagota\" \/><\/figure><\/div><div class=\"swiper-slide\" role=\"group\" aria-roledescription=\"slide\" aria-label=\"4 de 7\"><figure class=\"swiper-slide-inner\"><img decoding=\"async\" class=\"swiper-slide-image\" src=\"https:\/\/www.clubmilitar.gov.co\/home\/wp-content\/uploads\/2023\/08\/22-de-agosto-2023.-Escuelas-de-deportes-periodo-septiembre-Sede-Principal.png\" alt=\"Escuelas de deportes periodo septiembre, Sede Principal\" \/><\/figure><\/div><div class=\"swiper-slide\" role=\"group\" aria-roledescription=\"slide\" aria-label=\"5 de 7\"><figure class=\"swiper-slide-inner\"><img decoding=\"async\" class=\"swiper-slide-image\" src=\"https:\/\/www.clubmilitar.gov.co\/home\/wp-content\/uploads\/2023\/04\/30-de-abril-2023.-Bingo-infantil-Sede-Sochagota.png\" alt=\"Bingo infantil, Sede Sochagota\" \/><\/figure><\/div><div class=\"swiper-slide\" role=\"group\" aria-roledescription=\"slide\" aria-label=\"6 de 7\"><figure class=\"swiper-slide-inner\"><img decoding=\"async\" class=\"swiper-slide-image\" src=\"https:\/\/www.clubmilitar.gov.co\/home\/wp-content\/uploads\/2023\/04\/30-de-abril-2023.-Dia-del-nino-Sede-Principal.png\" alt=\"D\u00eda del ni\u00f1o, Sede Principal\" \/><\/figure><\/div><div class=\"swiper-slide\" role=\"group\" aria-roledescription=\"slide\" aria-label=\"7 de 7\"><figure class=\"swiper-slide-inner\"><img decoding=\"async\" class=\"swiper-slide-image\" src=\"https:\/\/www.clubmilitar.gov.co\/home\/wp-content\/uploads\/2023\/04\/30-de-abril-2023.-Dia-del-nino.-Sede-Las-Mercedes.png\" alt=\"D\u00eda del ni\u00f1o. Sede Las Mercedes\" \/><\/figure><\/div>\t\t\t<\/div>\n\t\t\t\t\t\t\t\t\t\t\t\t<div class=\"elementor-swiper-button elementor-swiper-button-prev\" role=\"button\" tabindex=\"0\">\n\t\t\t\t\t\t<i aria-hidden=\"true\" class=\"eicon-chevron-left\"><\/i>\t\t\t\t\t<\/div>\n\t\t\t\t\t<div class=\"elementor-swiper-button elementor-swiper-button-next\" role=\"button\" tabindex=\"0\">\n\t\t\t\t\t\t<i aria-hidden=\"true\" class=\"eicon-chevron-right\"><\/i>\t\t\t\t\t<\/div>\n\t\t\t\t\n\t\t\t\t\t\t\t\t\t<div class=\"swiper-pagination\"><\/div>\n\t\t\t\t\t\t\t\t\t<\/div>\n\t\t\t\t\t\t<\/div>\n\t\t\t\t<\/div>\n\t\t\t\t\t<\/div>\n\t\t<\/div>\n\t\t\t\t\t<\/div>\n\t\t<\/section>\n\t\t\t\t<section class=\"elementor-section elementor-top-section elementor-element elementor-element-dc63eeb elementor-section-boxed elementor-section-height-default elementor-section-height-default\" data-id=\"dc63eeb\" data-element_type=\"section\" data-e-type=\"section\">\n\t\t\t\t\t\t<div class=\"elementor-container elementor-column-gap-default\">\n\t\t\t\t\t<div class=\"elementor-column elementor-col-100 elementor-top-column elementor-element elementor-element-e9c0cc2\" data-id=\"e9c0cc2\" data-element_type=\"column\" data-e-type=\"column\">\n\t\t\t<div class=\"elementor-widget-wrap elementor-element-populated\">\n\t\t\t\t\t\t<section class=\"elementor-section elementor-inner-section elementor-element elementor-element-c8421ff elementor-section-boxed elementor-section-height-default elementor-section-height-default\" data-id=\"c8421ff\" data-element_type=\"section\" data-e-type=\"section\">\n\t\t\t\t\t\t<div class=\"elementor-container elementor-column-gap-default\">\n\t\t\t\t\t<div class=\"elementor-column elementor-col-50 elementor-inner-column elementor-element elementor-element-d328d1e\" data-id=\"d328d1e\" data-element_type=\"column\" data-e-type=\"column\">\n\t\t\t<div class=\"elementor-widget-wrap elementor-element-populated\">\n\t\t\t\t\t\t<div class=\"elementor-element elementor-element-8fa1cb2 elementor-widget elementor-widget-image\" data-id=\"8fa1cb2\" data-element_type=\"widget\" data-e-type=\"widget\" data-widget_type=\"image.default\">\n\t\t\t\t<div class=\"elementor-widget-container\">\n\t\t\t\t\t\t\t\t\t\t\t\t\t\t\t<img fetchpriority=\"high\" decoding=\"async\" width=\"1024\" height=\"768\" src=\"https:\/\/www.clubmilitar.gov.co\/home\/wp-content\/uploads\/2021\/12\/IMG_20211204_124026-1024x768.jpg\" class=\"attachment-large size-large wp-image-41790\" alt=\"\" srcset=\"https:\/\/www.clubmilitar.gov.co\/home\/wp-content\/uploads\/2021\/12\/IMG_20211204_124026-1024x768.jpg 1024w, https:\/\/www.clubmilitar.gov.co\/home\/wp-content\/uploads\/2021\/12\/IMG_20211204_124026-300x225.jpg 300w, https:\/\/www.clubmilitar.gov.co\/home\/wp-content\/uploads\/2021\/12\/IMG_20211204_124026-768x576.jpg 768w, https:\/\/www.clubmilitar.gov.co\/home\/wp-content\/uploads\/2021\/12\/IMG_20211204_124026-1536x1152.jpg 1536w, https:\/\/www.clubmilitar.gov.co\/home\/wp-content\/uploads\/2021\/12\/IMG_20211204_124026-2048x1536.jpg 2048w, https:\/\/www.clubmilitar.gov.co\/home\/wp-content\/uploads\/2021\/12\/IMG_20211204_124026-800x600.jpg 800w, https:\/\/www.clubmilitar.gov.co\/home\/wp-content\/uploads\/2021\/12\/IMG_20211204_124026-700x525.jpg 700w\" sizes=\"(max-width: 1024px) 100vw, 1024px\" \/>\t\t\t\t\t\t\t\t\t\t\t\t\t\t\t<\/div>\n\t\t\t\t<\/div>\n\t\t\t\t\t<\/div>\n\t\t<\/div>\n\t\t\t\t<div class=\"elementor-column elementor-col-50 elementor-inner-column elementor-element elementor-element-f786bd5\" data-id=\"f786bd5\" data-element_type=\"column\" data-e-type=\"column\">\n\t\t\t<div class=\"elementor-widget-wrap elementor-element-populated\">\n\t\t\t\t\t\t<div class=\"elementor-element elementor-element-199288c elementor-widget elementor-widget-text-editor\" data-id=\"199288c\" data-element_type=\"widget\" data-e-type=\"widget\" data-widget_type=\"text-editor.default\">\n\t\t\t\t<div class=\"elementor-widget-container\">\n\t\t\t\t\t\t\t\t\t<h1 style=\"text-align: left;\"><span style=\"color: #0033cc;\"><strong>El Club Militar es una familia<\/strong><\/span><\/h1><p>\u00a0<\/p><p><span style=\"color: #004884;\">M\u00e1s que una entidad p\u00fablica, somos una familia que trabaja unida para brindar servicios de bienestar social, cultural y de recreaci\u00f3n a los socios, beneficiarios, a trav\u00e9s de constante implementaci\u00f3n de mejores pr\u00e1cticas con responsabilidad social, contribuyendo a fortalecer la tradici\u00f3n militar y policial, estrechando lazos familiares y de compa\u00f1erismo.<\/span><\/p><p>\u00a0<\/p><p>\u00a0<\/p><p><span style=\"color: #004884;\">Esto permite que las ni\u00f1as, ni\u00f1os, j\u00f3venes, adultos y personas mayores puedan beneficiarse de las instalaciones en la Sede Principal en Bogot\u00e1, Sede Sochagota en Paipa Boyac\u00e1 y Sede las Mercedes en Nilo Cundinamarca<\/span><\/p>\t\t\t\t\t\t\t\t<\/div>\n\t\t\t\t<\/div>\n\t\t\t\t\t<\/div>\n\t\t<\/div>\n\t\t\t\t\t<\/div>\n\t\t<\/section>\n\t\t\t\t\t<\/div>\n\t\t<\/div>\n\t\t\t\t\t<\/div>\n\t\t<\/section>\n\t\t\t\t<section class=\"elementor-section elementor-top-section elementor-element elementor-element-1165702 elementor-section-boxed elementor-section-height-default elementor-section-height-default\" data-id=\"1165702\" data-element_type=\"section\" data-e-type=\"section\">\n\t\t\t\t\t\t<div class=\"elementor-container elementor-column-gap-default\">\n\t\t\t\t\t<div class=\"elementor-column elementor-col-100 elementor-top-column elementor-element elementor-element-8b35083\" data-id=\"8b35083\" data-element_type=\"column\" data-e-type=\"column\">\n\t\t\t<div class=\"elementor-widget-wrap elementor-element-populated\">\n\t\t\t\t\t\t<div class=\"elementor-element elementor-element-93a78e1 elementor-widget elementor-widget-spacer\" data-id=\"93a78e1\" data-element_type=\"widget\" data-e-type=\"widget\" data-widget_type=\"spacer.default\">\n\t\t\t\t<div class=\"elementor-widget-container\">\n\t\t\t\t\t\t\t<div class=\"elementor-spacer\">\n\t\t\t<div class=\"elementor-spacer-inner\"><\/div>\n\t\t<\/div>\n\t\t\t\t\t\t<\/div>\n\t\t\t\t<\/div>\n\t\t\t\t\t<\/div>\n\t\t<\/div>\n\t\t\t\t\t<\/div>\n\t\t<\/section>\n\t\t\t\t<section class=\"elementor-section elementor-top-section elementor-element elementor-element-a447d17 elementor-section-boxed elementor-section-height-default elementor-section-height-default\" data-id=\"a447d17\" data-element_type=\"section\" data-e-type=\"section\">\n\t\t\t\t\t\t<div class=\"elementor-container elementor-column-gap-default\">\n\t\t\t\t\t<div class=\"elementor-column elementor-col-100 elementor-top-column elementor-element elementor-element-0ac5b27\" data-id=\"0ac5b27\" data-element_type=\"column\" data-e-type=\"column\">\n\t\t\t<div class=\"elementor-widget-wrap elementor-element-populated\">\n\t\t\t\t\t\t<div class=\"elementor-element elementor-element-5fba3fe elementor-widget elementor-widget-text-editor\" data-id=\"5fba3fe\" data-element_type=\"widget\" data-e-type=\"widget\" data-widget_type=\"text-editor.default\">\n\t\t\t\t<div class=\"elementor-widget-container\">\n\t\t\t\t\t\t\t\t\t<h1><span style=\"color: #004884;\"><a style=\"color: #004884;\" href=\"https:\/\/clubmilitar.gov.co\/home\/sala-de-prensa\/los-ninos-tambien-son-importantes\/\">Los ni\u00f1os tambi\u00e9n son importantes para el Club Militar<\/a><\/span><\/h1>\t\t\t\t\t\t\t\t<\/div>\n\t\t\t\t<\/div>\n\t\t\t\t\t<\/div>\n\t\t<\/div>\n\t\t\t\t\t<\/div>\n\t\t<\/section>\n\t\t\t\t<\/div>\n\t\t","protected":false},"excerpt":{"rendered":"<p>\u00daltima actualizaci\u00f3n: 28 de agosto de 2023 El Club Militar es una familia \u00a0 M\u00e1s que una entidad p\u00fablica, somos una familia que trabaja unida para brindar servicios de bienestar social, cultural y de recreaci\u00f3n a los socios, beneficiarios, a trav\u00e9s de constante implementaci\u00f3n de mejores pr\u00e1cticas con responsabilidad social, contribuyendo a fortalecer la tradici\u00f3n militar y policial, estrechando lazos familiares y de compa\u00f1erismo. \u00a0 \u00a0 Esto permite que las ni\u00f1as, ni\u00f1os, j\u00f3venes, adultos y personas mayores puedan beneficiarse de las instalaciones en la Sede Principal en Bogot\u00e1, Sede Sochagota en Paipa Boyac\u00e1 y Sede las Mercedes en Nilo Cundinamarca Los ni\u00f1os tambi\u00e9n son importantes para el Club Militar<\/p>\n","protected":false},"author":4,"featured_media":0,"parent":0,"menu_order":0,"comment_status":"closed","ping_status":"closed","template":"","meta":{"_price":"","_stock":"","_tribe_ticket_header":"","_tribe_default_ticket_provider":"","_tribe_ticket_capacity":"0","_ticket_start_date":"","_ticket_end_date":"","_tribe_ticket_show_description":"","_tribe_ticket_show_not_going":false,"_tribe_ticket_use_global_stock":"","_tribe_ticket_global_stock_level":"","_global_stock_mode":"","_global_stock_cap":"","_tribe_rsvp_for_event":"","_tribe_ticket_going_count":"","_tribe_ticket_not_going_count":"","_tribe_tickets_list":"[]","_tribe_ticket_has_attendee_info_fields":false,"_EventAllDay":false,"_EventTimezone":"","_EventStartDate":"","_EventEndDate":"","_EventStartDateUTC":"","_EventEndDateUTC":"","_EventShowMap":false,"_EventShowMapLink":false,"_EventURL":"","_EventCost":"","_EventCostDescription":"","_EventCurrencySymbol":"","_EventCurrencyCode":"","_EventCurrencyPosition":"","_EventDateTimeSeparator":"","_EventTimeRangeSeparator":"","_EventOrganizerID":[],"_EventVenueID":[],"_OrganizerEmail":"","_OrganizerPhone":"","_OrganizerWebsite":"","_VenueAddress":"","_VenueCity":"","_VenueCountry":"","_VenueProvince":"","_VenueState":"","_VenueZip":"","_VenuePhone":"","_VenueURL":"","_VenueStateProvince":"","_VenueLat":"","_VenueLng":"","_VenueShowMap":false,"_VenueShowMapLink":false,"footnotes":"","_tec_slr_enabled":"","_tec_slr_layout":""},"class_list":["post-43668","page","type-page","status-publish","hentry"],"yoast_head":"<!-- This site is optimized with the Yoast SEO plugin v27.5 - https:\/\/yoast.com\/product\/yoast-seo-wordpress\/ -->\n<title>Informaci\u00f3n para ni\u00f1os, ni\u00f1as y adolescentes - Club Militar<\/title>\n<meta name=\"robots\" content=\"index, follow, max-snippet:-1, max-image-preview:large, max-video-preview:-1\" \/>\n<link rel=\"canonical\" href=\"https:\/\/www.clubmilitar.gov.co\/home\/informacion-para-ninos-ninas-y-adolescentes\/\" \/>\n<meta property=\"og:locale\" content=\"es_ES\" \/>\n<meta property=\"og:type\" content=\"article\" \/>\n<meta property=\"og:title\" content=\"Informaci\u00f3n para ni\u00f1os, ni\u00f1as y adolescentes - Club Militar\" \/>\n<meta property=\"og:description\" content=\"\u00daltima actualizaci\u00f3n: 28 de agosto de 2023 El Club Militar es una familia \u00a0 M\u00e1s que una entidad p\u00fablica, somos una familia que trabaja unida para brindar servicios de bienestar social, cultural y de recreaci\u00f3n a los socios, beneficiarios, a trav\u00e9s de constante implementaci\u00f3n de mejores pr\u00e1cticas con responsabilidad social, contribuyendo a fortalecer la tradici\u00f3n militar y policial, estrechando lazos familiares y de compa\u00f1erismo. \u00a0 \u00a0 Esto permite que las ni\u00f1as, ni\u00f1os, j\u00f3venes, adultos y personas mayores puedan beneficiarse de las instalaciones en la Sede Principal en Bogot\u00e1, Sede Sochagota en Paipa Boyac\u00e1 y Sede las Mercedes en Nilo Cundinamarca Los ni\u00f1os tambi\u00e9n son importantes para el Club Militar\" \/>\n<meta property=\"og:url\" content=\"https:\/\/www.clubmilitar.gov.co\/home\/informacion-para-ninos-ninas-y-adolescentes\/\" \/>\n<meta property=\"og:site_name\" content=\"Club Militar\" \/>\n<meta property=\"article:modified_time\" content=\"2023-08-28T13:17:58+00:00\" \/>\n<meta property=\"og:image\" content=\"https:\/\/www.clubmilitar.gov.co\/home\/wp-content\/uploads\/2023\/08\/26-de-agosto-2023.-Festival-de-cometas1.png\" \/>\n<meta name=\"twitter:card\" content=\"summary_large_image\" \/>\n<meta name=\"twitter:label1\" content=\"Tiempo de lectura\" \/>\n\t<meta name=\"twitter:data1\" content=\"4 minutos\" \/>\n<script type=\"application\/ld+json\" class=\"yoast-schema-graph\">{\"@context\":\"https:\\\/\\\/schema.org\",\"@graph\":[{\"@type\":\"WebPage\",\"@id\":\"https:\\\/\\\/www.clubmilitar.gov.co\\\/home\\\/informacion-para-ninos-ninas-y-adolescentes\\\/\",\"url\":\"https:\\\/\\\/www.clubmilitar.gov.co\\\/home\\\/informacion-para-ninos-ninas-y-adolescentes\\\/\",\"name\":\"Informaci\u00f3n para ni\u00f1os, ni\u00f1as y adolescentes - Club Militar\",\"isPartOf\":{\"@id\":\"https:\\\/\\\/www.clubmilitar.gov.co\\\/home\\\/#website\"},\"primaryImageOfPage\":{\"@id\":\"https:\\\/\\\/www.clubmilitar.gov.co\\\/home\\\/informacion-para-ninos-ninas-y-adolescentes\\\/#primaryimage\"},\"image\":{\"@id\":\"https:\\\/\\\/www.clubmilitar.gov.co\\\/home\\\/informacion-para-ninos-ninas-y-adolescentes\\\/#primaryimage\"},\"thumbnailUrl\":\"https:\\\/\\\/www.clubmilitar.gov.co\\\/home\\\/wp-content\\\/uploads\\\/2023\\\/08\\\/26-de-agosto-2023.-Festival-de-cometas1.png\",\"datePublished\":\"2022-02-02T16:47:17+00:00\",\"dateModified\":\"2023-08-28T13:17:58+00:00\",\"breadcrumb\":{\"@id\":\"https:\\\/\\\/www.clubmilitar.gov.co\\\/home\\\/informacion-para-ninos-ninas-y-adolescentes\\\/#breadcrumb\"},\"inLanguage\":\"es\",\"potentialAction\":[{\"@type\":\"ReadAction\",\"target\":[\"https:\\\/\\\/www.clubmilitar.gov.co\\\/home\\\/informacion-para-ninos-ninas-y-adolescentes\\\/\"]}]},{\"@type\":\"ImageObject\",\"inLanguage\":\"es\",\"@id\":\"https:\\\/\\\/www.clubmilitar.gov.co\\\/home\\\/informacion-para-ninos-ninas-y-adolescentes\\\/#primaryimage\",\"url\":\"https:\\\/\\\/www.clubmilitar.gov.co\\\/home\\\/wp-content\\\/uploads\\\/2023\\\/08\\\/26-de-agosto-2023.-Festival-de-cometas1.png\",\"contentUrl\":\"https:\\\/\\\/www.clubmilitar.gov.co\\\/home\\\/wp-content\\\/uploads\\\/2023\\\/08\\\/26-de-agosto-2023.-Festival-de-cometas1.png\",\"width\":1080,\"height\":1350},{\"@type\":\"BreadcrumbList\",\"@id\":\"https:\\\/\\\/www.clubmilitar.gov.co\\\/home\\\/informacion-para-ninos-ninas-y-adolescentes\\\/#breadcrumb\",\"itemListElement\":[{\"@type\":\"ListItem\",\"position\":1,\"name\":\"Inicio\",\"item\":\"https:\\\/\\\/www.clubmilitar.gov.co\\\/home\\\/\"},{\"@type\":\"ListItem\",\"position\":2,\"name\":\"Informaci\u00f3n para ni\u00f1os, ni\u00f1as y adolescentes\"}]},{\"@type\":\"WebSite\",\"@id\":\"https:\\\/\\\/www.clubmilitar.gov.co\\\/home\\\/#website\",\"url\":\"https:\\\/\\\/www.clubmilitar.gov.co\\\/home\\\/\",\"name\":\"Club Militar\",\"description\":\"&quot;Su destino ideal en familia&quot;\",\"publisher\":{\"@id\":\"https:\\\/\\\/www.clubmilitar.gov.co\\\/home\\\/#organization\"},\"potentialAction\":[{\"@type\":\"SearchAction\",\"target\":{\"@type\":\"EntryPoint\",\"urlTemplate\":\"https:\\\/\\\/www.clubmilitar.gov.co\\\/home\\\/?s={search_term_string}\"},\"query-input\":{\"@type\":\"PropertyValueSpecification\",\"valueRequired\":true,\"valueName\":\"search_term_string\"}}],\"inLanguage\":\"es\"},{\"@type\":\"Organization\",\"@id\":\"https:\\\/\\\/www.clubmilitar.gov.co\\\/home\\\/#organization\",\"name\":\"Club Militar\",\"url\":\"https:\\\/\\\/www.clubmilitar.gov.co\\\/home\\\/\",\"logo\":{\"@type\":\"ImageObject\",\"inLanguage\":\"es\",\"@id\":\"https:\\\/\\\/www.clubmilitar.gov.co\\\/home\\\/#\\\/schema\\\/logo\\\/image\\\/\",\"url\":\"https:\\\/\\\/www.clubmilitar.gov.co\\\/home\\\/wp-content\\\/uploads\\\/2024\\\/06\\\/cropped-cropped-cropped-cropped-image-1-1.png\",\"contentUrl\":\"https:\\\/\\\/www.clubmilitar.gov.co\\\/home\\\/wp-content\\\/uploads\\\/2024\\\/06\\\/cropped-cropped-cropped-cropped-image-1-1.png\",\"width\":596,\"height\":133,\"caption\":\"Club Militar\"},\"image\":{\"@id\":\"https:\\\/\\\/www.clubmilitar.gov.co\\\/home\\\/#\\\/schema\\\/logo\\\/image\\\/\"}}]}<\/script>\n<!-- \/ Yoast SEO plugin. -->","yoast_head_json":{"title":"Informaci\u00f3n para ni\u00f1os, ni\u00f1as y adolescentes - Club Militar","robots":{"index":"index","follow":"follow","max-snippet":"max-snippet:-1","max-image-preview":"max-image-preview:large","max-video-preview":"max-video-preview:-1"},"canonical":"https:\/\/www.clubmilitar.gov.co\/home\/informacion-para-ninos-ninas-y-adolescentes\/","og_locale":"es_ES","og_type":"article","og_title":"Informaci\u00f3n para ni\u00f1os, ni\u00f1as y adolescentes - Club Militar","og_description":"\u00daltima actualizaci\u00f3n: 28 de agosto de 2023 El Club Militar es una familia \u00a0 M\u00e1s que una entidad p\u00fablica, somos una familia que trabaja unida para brindar servicios de bienestar social, cultural y de recreaci\u00f3n a los socios, beneficiarios, a trav\u00e9s de constante implementaci\u00f3n de mejores pr\u00e1cticas con responsabilidad social, contribuyendo a fortalecer la tradici\u00f3n militar y policial, estrechando lazos familiares y de compa\u00f1erismo. \u00a0 \u00a0 Esto permite que las ni\u00f1as, ni\u00f1os, j\u00f3venes, adultos y personas mayores puedan beneficiarse de las instalaciones en la Sede Principal en Bogot\u00e1, Sede Sochagota en Paipa Boyac\u00e1 y Sede las Mercedes en Nilo Cundinamarca Los ni\u00f1os tambi\u00e9n son importantes para el Club Militar","og_url":"https:\/\/www.clubmilitar.gov.co\/home\/informacion-para-ninos-ninas-y-adolescentes\/","og_site_name":"Club Militar","article_modified_time":"2023-08-28T13:17:58+00:00","og_image":[{"url":"https:\/\/www.clubmilitar.gov.co\/home\/wp-content\/uploads\/2023\/08\/26-de-agosto-2023.-Festival-de-cometas1.png","type":"","width":"","height":""}],"twitter_card":"summary_large_image","twitter_misc":{"Tiempo de lectura":"4 minutos"},"schema":{"@context":"https:\/\/schema.org","@graph":[{"@type":"WebPage","@id":"https:\/\/www.clubmilitar.gov.co\/home\/informacion-para-ninos-ninas-y-adolescentes\/","url":"https:\/\/www.clubmilitar.gov.co\/home\/informacion-para-ninos-ninas-y-adolescentes\/","name":"Informaci\u00f3n para ni\u00f1os, ni\u00f1as y adolescentes - Club Militar","isPartOf":{"@id":"https:\/\/www.clubmilitar.gov.co\/home\/#website"},"primaryImageOfPage":{"@id":"https:\/\/www.clubmilitar.gov.co\/home\/informacion-para-ninos-ninas-y-adolescentes\/#primaryimage"},"image":{"@id":"https:\/\/www.clubmilitar.gov.co\/home\/informacion-para-ninos-ninas-y-adolescentes\/#primaryimage"},"thumbnailUrl":"https:\/\/www.clubmilitar.gov.co\/home\/wp-content\/uploads\/2023\/08\/26-de-agosto-2023.-Festival-de-cometas1.png","datePublished":"2022-02-02T16:47:17+00:00","dateModified":"2023-08-28T13:17:58+00:00","breadcrumb":{"@id":"https:\/\/www.clubmilitar.gov.co\/home\/informacion-para-ninos-ninas-y-adolescentes\/#breadcrumb"},"inLanguage":"es","potentialAction":[{"@type":"ReadAction","target":["https:\/\/www.clubmilitar.gov.co\/home\/informacion-para-ninos-ninas-y-adolescentes\/"]}]},{"@type":"ImageObject","inLanguage":"es","@id":"https:\/\/www.clubmilitar.gov.co\/home\/informacion-para-ninos-ninas-y-adolescentes\/#primaryimage","url":"https:\/\/www.clubmilitar.gov.co\/home\/wp-content\/uploads\/2023\/08\/26-de-agosto-2023.-Festival-de-cometas1.png","contentUrl":"https:\/\/www.clubmilitar.gov.co\/home\/wp-content\/uploads\/2023\/08\/26-de-agosto-2023.-Festival-de-cometas1.png","width":1080,"height":1350},{"@type":"BreadcrumbList","@id":"https:\/\/www.clubmilitar.gov.co\/home\/informacion-para-ninos-ninas-y-adolescentes\/#breadcrumb","itemListElement":[{"@type":"ListItem","position":1,"name":"Inicio","item":"https:\/\/www.clubmilitar.gov.co\/home\/"},{"@type":"ListItem","position":2,"name":"Informaci\u00f3n para ni\u00f1os, ni\u00f1as y adolescentes"}]},{"@type":"WebSite","@id":"https:\/\/www.clubmilitar.gov.co\/home\/#website","url":"https:\/\/www.clubmilitar.gov.co\/home\/","name":"Club Militar","description":"&quot;Su destino ideal en familia&quot;","publisher":{"@id":"https:\/\/www.clubmilitar.gov.co\/home\/#organization"},"potentialAction":[{"@type":"SearchAction","target":{"@type":"EntryPoint","urlTemplate":"https:\/\/www.clubmilitar.gov.co\/home\/?s={search_term_string}"},"query-input":{"@type":"PropertyValueSpecification","valueRequired":true,"valueName":"search_term_string"}}],"inLanguage":"es"},{"@type":"Organization","@id":"https:\/\/www.clubmilitar.gov.co\/home\/#organization","name":"Club Militar","url":"https:\/\/www.clubmilitar.gov.co\/home\/","logo":{"@type":"ImageObject","inLanguage":"es","@id":"https:\/\/www.clubmilitar.gov.co\/home\/#\/schema\/logo\/image\/","url":"https:\/\/www.clubmilitar.gov.co\/home\/wp-content\/uploads\/2024\/06\/cropped-cropped-cropped-cropped-image-1-1.png","contentUrl":"https:\/\/www.clubmilitar.gov.co\/home\/wp-content\/uploads\/2024\/06\/cropped-cropped-cropped-cropped-image-1-1.png","width":596,"height":133,"caption":"Club Militar"},"image":{"@id":"https:\/\/www.clubmilitar.gov.co\/home\/#\/schema\/logo\/image\/"}}]}},"publishpress_future_workflow_manual_trigger":{"enabledWorkflows":[]},"ticketed":false,"_links":{"self":[{"href":"https:\/\/www.clubmilitar.gov.co\/home\/wp-json\/wp\/v2\/pages\/43668","targetHints":{"allow":["GET"]}}],"collection":[{"href":"https:\/\/www.clubmilitar.gov.co\/home\/wp-json\/wp\/v2\/pages"}],"about":[{"href":"https:\/\/www.clubmilitar.gov.co\/home\/wp-json\/wp\/v2\/types\/page"}],"author":[{"embeddable":true,"href":"https:\/\/www.clubmilitar.gov.co\/home\/wp-json\/wp\/v2\/users\/4"}],"replies":[{"embeddable":true,"href":"https:\/\/www.clubmilitar.gov.co\/home\/wp-json\/wp\/v2\/comments?post=43668"}],"version-history":[{"count":28,"href":"https:\/\/www.clubmilitar.gov.co\/home\/wp-json\/wp\/v2\/pages\/43668\/revisions"}],"predecessor-version":[{"id":49539,"href":"https:\/\/www.clubmilitar.gov.co\/home\/wp-json\/wp\/v2\/pages\/43668\/revisions\/49539"}],"wp:attachment":[{"href":"https:\/\/www.clubmilitar.gov.co\/home\/wp-json\/wp\/v2\/media?parent=43668"}],"curies":[{"name":"wp","href":"https:\/\/api.w.org\/{rel}","templated":true}]}}