{"id":42965,"date":"2022-01-21T17:09:48","date_gmt":"2022-01-21T22:09:48","guid":{"rendered":"https:\/\/www.clubmilitar.gov.co\/home\/?page_id=42965"},"modified":"2024-09-10T16:11:12","modified_gmt":"2024-09-10T21:11:12","slug":"informe-al-congreso-de-la-republica","status":"publish","type":"page","link":"https:\/\/www.clubmilitar.gov.co\/home\/informe-al-congreso-de-la-republica\/","title":{"rendered":"Informe al Congreso de la Rep\u00fablica"},"content":{"rendered":"\t\t<div data-elementor-type=\"wp-page\" data-elementor-id=\"42965\" class=\"elementor elementor-42965\">\n\t\t\t\t\t\t<section class=\"elementor-section elementor-top-section elementor-element elementor-element-1b9c3674 elementor-section-boxed elementor-section-height-default elementor-section-height-default\" data-id=\"1b9c3674\" data-element_type=\"section\" data-e-type=\"section\">\n\t\t\t\t\t\t<div class=\"elementor-container elementor-column-gap-default\">\n\t\t\t\t\t<div class=\"elementor-column elementor-col-100 elementor-top-column elementor-element elementor-element-78c0f2a9\" data-id=\"78c0f2a9\" data-element_type=\"column\" data-e-type=\"column\">\n\t\t\t<div class=\"elementor-widget-wrap elementor-element-populated\">\n\t\t\t\t\t\t<div class=\"elementor-element elementor-element-568ebbe6 elementor-widget elementor-widget-text-editor\" data-id=\"568ebbe6\" data-element_type=\"widget\" data-e-type=\"widget\" data-widget_type=\"text-editor.default\">\n\t\t\t\t<div class=\"elementor-widget-container\">\n\t\t\t\t\t\t\t\t\t<p><\/p>\n<p class=\"tewxto-cm\"> \u00daltima actualizaci\u00f3n: 24 de Julio de 2024<\/p>\n<p><\/p>\t\t\t\t\t\t\t\t<\/div>\n\t\t\t\t<\/div>\n\t\t\t\t<div class=\"elementor-element elementor-element-377d889 elementor-icon-list--layout-traditional elementor-list-item-link-full_width elementor-widget elementor-widget-icon-list\" data-id=\"377d889\" data-element_type=\"widget\" data-e-type=\"widget\" data-widget_type=\"icon-list.default\">\n\t\t\t\t<div class=\"elementor-widget-container\">\n\t\t\t\t\t\t\t<ul class=\"elementor-icon-list-items\">\n\t\t\t\t\t\t\t<li class=\"elementor-icon-list-item\">\n\t\t\t\t\t\t\t\t\t\t\t<a href=\"https:\/\/www.clubmilitar.gov.co\/home\/wp-content\/uploads\/2024\/07\/Informe-al-Congreso-de-la-Republica-Vigencia-2023.pdf\">\n\n\t\t\t\t\t\t\t\t\t\t\t\t<span class=\"elementor-icon-list-icon\">\n\t\t\t\t\t\t\t<i aria-hidden=\"true\" class=\"fas fa-file-pdf\"><\/i>\t\t\t\t\t\t<\/span>\n\t\t\t\t\t\t\t\t\t\t<span class=\"elementor-icon-list-text\">Informe al Congreso de la Rep\u00fablica vigencia 2023<\/span>\n\t\t\t\t\t\t\t\t\t\t\t<\/a>\n\t\t\t\t\t\t\t\t\t<\/li>\n\t\t\t\t\t\t\t\t<li class=\"elementor-icon-list-item\">\n\t\t\t\t\t\t\t\t\t\t\t<a href=\"https:\/\/www.clubmilitar.gov.co\/home\/wp-content\/uploads\/2023\/08\/Recibi-del-Congreso-de-la-Republica-el-oficio-remisorio-del-informe-vigencia-2022.pdf\">\n\n\t\t\t\t\t\t\t\t\t\t\t\t<span class=\"elementor-icon-list-icon\">\n\t\t\t\t\t\t\t<i aria-hidden=\"true\" class=\"fas fa-file-pdf\"><\/i>\t\t\t\t\t\t<\/span>\n\t\t\t\t\t\t\t\t\t\t<span class=\"elementor-icon-list-text\">Informe al Congreso de la Rep\u00fablica vigencia 2022<\/span>\n\t\t\t\t\t\t\t\t\t\t\t<\/a>\n\t\t\t\t\t\t\t\t\t<\/li>\n\t\t\t\t\t\t\t\t<li class=\"elementor-icon-list-item\">\n\t\t\t\t\t\t\t\t\t\t\t<a href=\"https:\/\/www.clubmilitar.gov.co\/home\/wp-content\/uploads\/2022\/04\/OF-CM.200-A.1-00134-INFORME-CONGRESO-REPUBLICA-2021.pdf\">\n\n\t\t\t\t\t\t\t\t\t\t\t\t<span class=\"elementor-icon-list-icon\">\n\t\t\t\t\t\t\t<i aria-hidden=\"true\" class=\"fas fa-file-pdf\"><\/i>\t\t\t\t\t\t<\/span>\n\t\t\t\t\t\t\t\t\t\t<span class=\"elementor-icon-list-text\">Informe al Congreso de la Rep\u00fablica vigencia 2021<\/span>\n\t\t\t\t\t\t\t\t\t\t\t<\/a>\n\t\t\t\t\t\t\t\t\t<\/li>\n\t\t\t\t\t\t\t\t<li class=\"elementor-icon-list-item\">\n\t\t\t\t\t\t\t\t\t\t\t<a href=\"https:\/\/www.clubmilitar.gov.co\/home\/wp-content\/uploads\/2021\/06\/Inf-Congreso-de-la-Republica-2020.pdf\">\n\n\t\t\t\t\t\t\t\t\t\t\t\t<span class=\"elementor-icon-list-icon\">\n\t\t\t\t\t\t\t<i aria-hidden=\"true\" class=\"fas fa-file-pdf\"><\/i>\t\t\t\t\t\t<\/span>\n\t\t\t\t\t\t\t\t\t\t<span class=\"elementor-icon-list-text\">Informe al Congreso de la Rep\u00fablica vigencia 2020<\/span>\n\t\t\t\t\t\t\t\t\t\t\t<\/a>\n\t\t\t\t\t\t\t\t\t<\/li>\n\t\t\t\t\t\t<\/ul>\n\t\t\t\t\t\t<\/div>\n\t\t\t\t<\/div>\n\t\t\t\t\t<\/div>\n\t\t<\/div>\n\t\t\t\t\t<\/div>\n\t\t<\/section>\n\t\t\t\t<\/div>\n\t\t","protected":false},"excerpt":{"rendered":"<p>\u00daltima actualizaci\u00f3n: 24 de Julio de 2024 Informe al Congreso de la Rep\u00fablica vigencia 2023 Informe al Congreso de la Rep\u00fablica vigencia 2022 Informe al Congreso de la Rep\u00fablica vigencia 2021 Informe al Congreso de la Rep\u00fablica vigencia 2020<\/p>\n","protected":false},"author":4,"featured_media":0,"parent":0,"menu_order":0,"comment_status":"closed","ping_status":"closed","template":"","meta":{"_price":"","_stock":"","_tribe_ticket_header":"","_tribe_default_ticket_provider":"","_tribe_ticket_capacity":"0","_ticket_start_date":"","_ticket_end_date":"","_tribe_ticket_show_description":"","_tribe_ticket_show_not_going":false,"_tribe_ticket_use_global_stock":"","_tribe_ticket_global_stock_level":"","_global_stock_mode":"","_global_stock_cap":"","_tribe_rsvp_for_event":"","_tribe_ticket_going_count":"","_tribe_ticket_not_going_count":"","_tribe_tickets_list":"[]","_tribe_ticket_has_attendee_info_fields":false,"_EventAllDay":false,"_EventTimezone":"","_EventStartDate":"","_EventEndDate":"","_EventStartDateUTC":"","_EventEndDateUTC":"","_EventShowMap":false,"_EventShowMapLink":false,"_EventURL":"","_EventCost":"","_EventCostDescription":"","_EventCurrencySymbol":"","_EventCurrencyCode":"","_EventCurrencyPosition":"","_EventDateTimeSeparator":"","_EventTimeRangeSeparator":"","_EventOrganizerID":[],"_EventVenueID":[],"_OrganizerEmail":"","_OrganizerPhone":"","_OrganizerWebsite":"","_VenueAddress":"","_VenueCity":"","_VenueCountry":"","_VenueProvince":"","_VenueState":"","_VenueZip":"","_VenuePhone":"","_VenueURL":"","_VenueStateProvince":"","_VenueLat":"","_VenueLng":"","_VenueShowMap":false,"_VenueShowMapLink":false,"footnotes":"","_tec_slr_enabled":"","_tec_slr_layout":""},"class_list":["post-42965","page","type-page","status-publish","hentry"],"yoast_head":"<!-- This site is optimized with the Yoast SEO plugin v27.5 - https:\/\/yoast.com\/product\/yoast-seo-wordpress\/ -->\n<title>Informe al Congreso de la Rep\u00fablica - Club Militar<\/title>\n<meta name=\"robots\" content=\"index, follow, max-snippet:-1, max-image-preview:large, max-video-preview:-1\" \/>\n<link rel=\"canonical\" href=\"https:\/\/www.clubmilitar.gov.co\/home\/informe-al-congreso-de-la-republica\/\" \/>\n<meta property=\"og:locale\" content=\"es_ES\" \/>\n<meta property=\"og:type\" content=\"article\" \/>\n<meta property=\"og:title\" content=\"Informe al Congreso de la Rep\u00fablica - Club Militar\" \/>\n<meta property=\"og:description\" content=\"\u00daltima actualizaci\u00f3n: 24 de Julio de 2024 Informe al Congreso de la Rep\u00fablica vigencia 2023 Informe al Congreso de la Rep\u00fablica vigencia 2022 Informe al Congreso de la Rep\u00fablica vigencia 2021 Informe al Congreso de la Rep\u00fablica vigencia 2020\" \/>\n<meta property=\"og:url\" content=\"https:\/\/www.clubmilitar.gov.co\/home\/informe-al-congreso-de-la-republica\/\" \/>\n<meta property=\"og:site_name\" content=\"Club Militar\" \/>\n<meta property=\"article:modified_time\" content=\"2024-09-10T21:11:12+00:00\" \/>\n<meta name=\"twitter:card\" content=\"summary_large_image\" \/>\n<meta name=\"twitter:label1\" content=\"Tiempo de lectura\" \/>\n\t<meta name=\"twitter:data1\" content=\"1 minuto\" \/>\n<script type=\"application\/ld+json\" class=\"yoast-schema-graph\">{\"@context\":\"https:\\\/\\\/schema.org\",\"@graph\":[{\"@type\":\"WebPage\",\"@id\":\"https:\\\/\\\/www.clubmilitar.gov.co\\\/home\\\/informe-al-congreso-de-la-republica\\\/\",\"url\":\"https:\\\/\\\/www.clubmilitar.gov.co\\\/home\\\/informe-al-congreso-de-la-republica\\\/\",\"name\":\"Informe al Congreso de la Rep\u00fablica - Club Militar\",\"isPartOf\":{\"@id\":\"https:\\\/\\\/www.clubmilitar.gov.co\\\/home\\\/#website\"},\"datePublished\":\"2022-01-21T22:09:48+00:00\",\"dateModified\":\"2024-09-10T21:11:12+00:00\",\"breadcrumb\":{\"@id\":\"https:\\\/\\\/www.clubmilitar.gov.co\\\/home\\\/informe-al-congreso-de-la-republica\\\/#breadcrumb\"},\"inLanguage\":\"es\",\"potentialAction\":[{\"@type\":\"ReadAction\",\"target\":[\"https:\\\/\\\/www.clubmilitar.gov.co\\\/home\\\/informe-al-congreso-de-la-republica\\\/\"]}]},{\"@type\":\"BreadcrumbList\",\"@id\":\"https:\\\/\\\/www.clubmilitar.gov.co\\\/home\\\/informe-al-congreso-de-la-republica\\\/#breadcrumb\",\"itemListElement\":[{\"@type\":\"ListItem\",\"position\":1,\"name\":\"Inicio\",\"item\":\"https:\\\/\\\/www.clubmilitar.gov.co\\\/home\\\/\"},{\"@type\":\"ListItem\",\"position\":2,\"name\":\"Informe al Congreso de la Rep\u00fablica\"}]},{\"@type\":\"WebSite\",\"@id\":\"https:\\\/\\\/www.clubmilitar.gov.co\\\/home\\\/#website\",\"url\":\"https:\\\/\\\/www.clubmilitar.gov.co\\\/home\\\/\",\"name\":\"Club Militar\",\"description\":\"&quot;Su destino ideal en familia&quot;\",\"publisher\":{\"@id\":\"https:\\\/\\\/www.clubmilitar.gov.co\\\/home\\\/#organization\"},\"potentialAction\":[{\"@type\":\"SearchAction\",\"target\":{\"@type\":\"EntryPoint\",\"urlTemplate\":\"https:\\\/\\\/www.clubmilitar.gov.co\\\/home\\\/?s={search_term_string}\"},\"query-input\":{\"@type\":\"PropertyValueSpecification\",\"valueRequired\":true,\"valueName\":\"search_term_string\"}}],\"inLanguage\":\"es\"},{\"@type\":\"Organization\",\"@id\":\"https:\\\/\\\/www.clubmilitar.gov.co\\\/home\\\/#organization\",\"name\":\"Club Militar\",\"url\":\"https:\\\/\\\/www.clubmilitar.gov.co\\\/home\\\/\",\"logo\":{\"@type\":\"ImageObject\",\"inLanguage\":\"es\",\"@id\":\"https:\\\/\\\/www.clubmilitar.gov.co\\\/home\\\/#\\\/schema\\\/logo\\\/image\\\/\",\"url\":\"https:\\\/\\\/www.clubmilitar.gov.co\\\/home\\\/wp-content\\\/uploads\\\/2024\\\/06\\\/cropped-cropped-cropped-cropped-image-1-1.png\",\"contentUrl\":\"https:\\\/\\\/www.clubmilitar.gov.co\\\/home\\\/wp-content\\\/uploads\\\/2024\\\/06\\\/cropped-cropped-cropped-cropped-image-1-1.png\",\"width\":596,\"height\":133,\"caption\":\"Club Militar\"},\"image\":{\"@id\":\"https:\\\/\\\/www.clubmilitar.gov.co\\\/home\\\/#\\\/schema\\\/logo\\\/image\\\/\"}}]}<\/script>\n<!-- \/ Yoast SEO plugin. -->","yoast_head_json":{"title":"Informe al Congreso de la Rep\u00fablica - Club Militar","robots":{"index":"index","follow":"follow","max-snippet":"max-snippet:-1","max-image-preview":"max-image-preview:large","max-video-preview":"max-video-preview:-1"},"canonical":"https:\/\/www.clubmilitar.gov.co\/home\/informe-al-congreso-de-la-republica\/","og_locale":"es_ES","og_type":"article","og_title":"Informe al Congreso de la Rep\u00fablica - Club Militar","og_description":"\u00daltima actualizaci\u00f3n: 24 de Julio de 2024 Informe al Congreso de la Rep\u00fablica vigencia 2023 Informe al Congreso de la Rep\u00fablica vigencia 2022 Informe al Congreso de la Rep\u00fablica vigencia 2021 Informe al Congreso de la Rep\u00fablica vigencia 2020","og_url":"https:\/\/www.clubmilitar.gov.co\/home\/informe-al-congreso-de-la-republica\/","og_site_name":"Club Militar","article_modified_time":"2024-09-10T21:11:12+00:00","twitter_card":"summary_large_image","twitter_misc":{"Tiempo de lectura":"1 minuto"},"schema":{"@context":"https:\/\/schema.org","@graph":[{"@type":"WebPage","@id":"https:\/\/www.clubmilitar.gov.co\/home\/informe-al-congreso-de-la-republica\/","url":"https:\/\/www.clubmilitar.gov.co\/home\/informe-al-congreso-de-la-republica\/","name":"Informe al Congreso de la Rep\u00fablica - Club Militar","isPartOf":{"@id":"https:\/\/www.clubmilitar.gov.co\/home\/#website"},"datePublished":"2022-01-21T22:09:48+00:00","dateModified":"2024-09-10T21:11:12+00:00","breadcrumb":{"@id":"https:\/\/www.clubmilitar.gov.co\/home\/informe-al-congreso-de-la-republica\/#breadcrumb"},"inLanguage":"es","potentialAction":[{"@type":"ReadAction","target":["https:\/\/www.clubmilitar.gov.co\/home\/informe-al-congreso-de-la-republica\/"]}]},{"@type":"BreadcrumbList","@id":"https:\/\/www.clubmilitar.gov.co\/home\/informe-al-congreso-de-la-republica\/#breadcrumb","itemListElement":[{"@type":"ListItem","position":1,"name":"Inicio","item":"https:\/\/www.clubmilitar.gov.co\/home\/"},{"@type":"ListItem","position":2,"name":"Informe al Congreso de la Rep\u00fablica"}]},{"@type":"WebSite","@id":"https:\/\/www.clubmilitar.gov.co\/home\/#website","url":"https:\/\/www.clubmilitar.gov.co\/home\/","name":"Club Militar","description":"&quot;Su destino ideal en familia&quot;","publisher":{"@id":"https:\/\/www.clubmilitar.gov.co\/home\/#organization"},"potentialAction":[{"@type":"SearchAction","target":{"@type":"EntryPoint","urlTemplate":"https:\/\/www.clubmilitar.gov.co\/home\/?s={search_term_string}"},"query-input":{"@type":"PropertyValueSpecification","valueRequired":true,"valueName":"search_term_string"}}],"inLanguage":"es"},{"@type":"Organization","@id":"https:\/\/www.clubmilitar.gov.co\/home\/#organization","name":"Club Militar","url":"https:\/\/www.clubmilitar.gov.co\/home\/","logo":{"@type":"ImageObject","inLanguage":"es","@id":"https:\/\/www.clubmilitar.gov.co\/home\/#\/schema\/logo\/image\/","url":"https:\/\/www.clubmilitar.gov.co\/home\/wp-content\/uploads\/2024\/06\/cropped-cropped-cropped-cropped-image-1-1.png","contentUrl":"https:\/\/www.clubmilitar.gov.co\/home\/wp-content\/uploads\/2024\/06\/cropped-cropped-cropped-cropped-image-1-1.png","width":596,"height":133,"caption":"Club Militar"},"image":{"@id":"https:\/\/www.clubmilitar.gov.co\/home\/#\/schema\/logo\/image\/"}}]}},"publishpress_future_workflow_manual_trigger":{"enabledWorkflows":[]},"ticketed":false,"_links":{"self":[{"href":"https:\/\/www.clubmilitar.gov.co\/home\/wp-json\/wp\/v2\/pages\/42965","targetHints":{"allow":["GET"]}}],"collection":[{"href":"https:\/\/www.clubmilitar.gov.co\/home\/wp-json\/wp\/v2\/pages"}],"about":[{"href":"https:\/\/www.clubmilitar.gov.co\/home\/wp-json\/wp\/v2\/types\/page"}],"author":[{"embeddable":true,"href":"https:\/\/www.clubmilitar.gov.co\/home\/wp-json\/wp\/v2\/users\/4"}],"replies":[{"embeddable":true,"href":"https:\/\/www.clubmilitar.gov.co\/home\/wp-json\/wp\/v2\/comments?post=42965"}],"version-history":[{"count":22,"href":"https:\/\/www.clubmilitar.gov.co\/home\/wp-json\/wp\/v2\/pages\/42965\/revisions"}],"predecessor-version":[{"id":54579,"href":"https:\/\/www.clubmilitar.gov.co\/home\/wp-json\/wp\/v2\/pages\/42965\/revisions\/54579"}],"wp:attachment":[{"href":"https:\/\/www.clubmilitar.gov.co\/home\/wp-json\/wp\/v2\/media?parent=42965"}],"curies":[{"name":"wp","href":"https:\/\/api.w.org\/{rel}","templated":true}]}}