{"id":42955,"date":"2022-01-21T15:52:45","date_gmt":"2022-01-21T20:52:45","guid":{"rendered":"https:\/\/www.clubmilitar.gov.co\/home\/?page_id=42955"},"modified":"2024-09-26T09:02:28","modified_gmt":"2024-09-26T14:02:28","slug":"informes-de-gestion-evaluacion-y-auditoria","status":"publish","type":"page","link":"https:\/\/www.clubmilitar.gov.co\/home\/informes-de-gestion-evaluacion-y-auditoria\/","title":{"rendered":"Informes de gesti\u00f3n, evaluaci\u00f3n y auditor\u00eda"},"content":{"rendered":"\t\t<div data-elementor-type=\"wp-page\" data-elementor-id=\"42955\" class=\"elementor elementor-42955\">\n\t\t\t\t\t\t<section class=\"elementor-section elementor-top-section elementor-element elementor-element-285e91a4 elementor-section-boxed elementor-section-height-default elementor-section-height-default\" data-id=\"285e91a4\" data-element_type=\"section\" data-e-type=\"section\">\n\t\t\t\t\t\t<div class=\"elementor-container elementor-column-gap-default\">\n\t\t\t\t\t<div class=\"elementor-column elementor-col-100 elementor-top-column elementor-element elementor-element-60676366\" data-id=\"60676366\" data-element_type=\"column\" data-e-type=\"column\">\n\t\t\t<div class=\"elementor-widget-wrap elementor-element-populated\">\n\t\t\t\t\t\t<div class=\"elementor-element elementor-element-7f28104 elementor-widget elementor-widget-text-editor\" data-id=\"7f28104\" data-element_type=\"widget\" data-e-type=\"widget\" data-widget_type=\"text-editor.default\">\n\t\t\t\t<div class=\"elementor-widget-container\">\n\t\t\t\t\t\t\t\t\t<p><\/p>\n<p class=\"texto-cm\">\u00daltima actualizaci\u00f3n: 05 de Julio de 2024<\/p>\n<p><\/p>\t\t\t\t\t\t\t\t<\/div>\n\t\t\t\t<\/div>\n\t\t\t\t\t<\/div>\n\t\t<\/div>\n\t\t\t\t\t<\/div>\n\t\t<\/section>\n\t\t\t\t<section class=\"elementor-section elementor-top-section elementor-element elementor-element-2b71dcb elementor-section-boxed elementor-section-height-default elementor-section-height-default\" data-id=\"2b71dcb\" data-element_type=\"section\" data-e-type=\"section\">\n\t\t\t\t\t\t<div class=\"elementor-container elementor-column-gap-default\">\n\t\t\t\t\t<div class=\"elementor-column elementor-col-100 elementor-top-column elementor-element elementor-element-47d5fe0\" data-id=\"47d5fe0\" data-element_type=\"column\" data-e-type=\"column\">\n\t\t\t<div class=\"elementor-widget-wrap elementor-element-populated\">\n\t\t\t\t\t\t<div class=\"elementor-element elementor-element-c1c9dd5 elementor-widget elementor-widget-text-editor\" data-id=\"c1c9dd5\" data-element_type=\"widget\" data-e-type=\"widget\" data-widget_type=\"text-editor.default\">\n\t\t\t\t<div class=\"elementor-widget-container\">\n\t\t\t\t\t\t\t\t\t<p><a class=\"link-cm\" href=\"https:\/\/www.clubmilitar.gov.co\/home\/informes-de-gestion\/\"><i class=\"fas fa-building icon-cm\"><\/i>Informe de Gesti\u00f3n<\/a><\/p>\n<p><a class=\"link-cm\" href=\"https:\/\/www.clubmilitar.gov.co\/home\/informe-al-congreso-de-la-republica\/\"><i class=\"fas fa-building icon-cm\"><\/i>Informes al Congreso<\/a><\/p>\n<p><a class=\"link-cm\" href=\"https:\/\/www.clubmilitar.gov.co\/home\/seguimiento-a-la-rendicion-de-cuentas-de-la-entidad-audiencia-publica\/\"><i class=\"fas fa-building icon-cm\"><\/i>Informe de rendici\u00f3n de cuentas a la ciudadan\u00eda<\/a><\/p>\n<p><a class=\"link-cm\" href=\"https:\/\/www.clubmilitar.gov.co\/home\/informe-de-rendicion-de-la-cuenta-fiscal-a-la-contraloria-general-de-la-republica\/\"><i class=\"fas fa-building icon-cm\"><\/i>Informe de rendici\u00f3n de cuentas ante la Contralor\u00eda General de la Rep\u00fablica<\/a><\/p>\n<p><a class=\"link-cm\" href=\"https:\/\/www.clubmilitar.gov.co\/home\/biblioteca-de-informes\/\"><i class=\"fas fa-building icon-cm\"><\/i>Informes a organismos de inspecci\u00f3n, vigilancia y control<\/a><\/p>\n<p><a class=\"link-cm\" href=\"https:\/\/www.clubmilitar.gov.co\/home\/planes-de-mejoramiento-e-informes\/\"><i class=\"fas fa-building icon-cm\"><\/i>Planes de mejoramiento<\/a><\/p>\n<p><a class=\"link-cm\" href=\"https:\/\/www.clubmilitar.gov.co\/home\/informes-de-racionalizacion-de-tramites\/\"><i class=\"fas fa-building icon-cm\"><\/i>Informe de Racionalizaci\u00f3n de Tramites<\/a><\/p>\n<p>\u00a0<\/p>\t\t\t\t\t\t\t\t<\/div>\n\t\t\t\t<\/div>\n\t\t\t\t\t<\/div>\n\t\t<\/div>\n\t\t\t\t\t<\/div>\n\t\t<\/section>\n\t\t\t\t<\/div>\n\t\t","protected":false},"excerpt":{"rendered":"<p>\u00daltima actualizaci\u00f3n: 05 de Julio de 2024 Informe de Gesti\u00f3n Informes al Congreso Informe de rendici\u00f3n de cuentas a la ciudadan\u00eda Informe de rendici\u00f3n de cuentas ante la Contralor\u00eda General de la Rep\u00fablica Informes a organismos de inspecci\u00f3n, vigilancia y control Planes de mejoramiento Informe de Racionalizaci\u00f3n de Tramites \u00a0<\/p>\n","protected":false},"author":4,"featured_media":0,"parent":0,"menu_order":0,"comment_status":"closed","ping_status":"closed","template":"","meta":{"_price":"","_stock":"","_tribe_ticket_header":"","_tribe_default_ticket_provider":"","_tribe_ticket_capacity":"0","_ticket_start_date":"","_ticket_end_date":"","_tribe_ticket_show_description":"","_tribe_ticket_show_not_going":false,"_tribe_ticket_use_global_stock":"","_tribe_ticket_global_stock_level":"","_global_stock_mode":"","_global_stock_cap":"","_tribe_rsvp_for_event":"","_tribe_ticket_going_count":"","_tribe_ticket_not_going_count":"","_tribe_tickets_list":"[]","_tribe_ticket_has_attendee_info_fields":false,"_EventAllDay":false,"_EventTimezone":"","_EventStartDate":"","_EventEndDate":"","_EventStartDateUTC":"","_EventEndDateUTC":"","_EventShowMap":false,"_EventShowMapLink":false,"_EventURL":"","_EventCost":"","_EventCostDescription":"","_EventCurrencySymbol":"","_EventCurrencyCode":"","_EventCurrencyPosition":"","_EventDateTimeSeparator":"","_EventTimeRangeSeparator":"","_EventOrganizerID":[],"_EventVenueID":[],"_OrganizerEmail":"","_OrganizerPhone":"","_OrganizerWebsite":"","_VenueAddress":"","_VenueCity":"","_VenueCountry":"","_VenueProvince":"","_VenueState":"","_VenueZip":"","_VenuePhone":"","_VenueURL":"","_VenueStateProvince":"","_VenueLat":"","_VenueLng":"","_VenueShowMap":false,"_VenueShowMapLink":false,"footnotes":"","_tec_slr_enabled":"","_tec_slr_layout":""},"class_list":["post-42955","page","type-page","status-publish","hentry"],"yoast_head":"<!-- This site is optimized with the Yoast SEO plugin v27.5 - https:\/\/yoast.com\/product\/yoast-seo-wordpress\/ -->\n<title>Informes de gesti\u00f3n, evaluaci\u00f3n y auditor\u00eda - Club Militar<\/title>\n<meta name=\"robots\" content=\"index, follow, max-snippet:-1, max-image-preview:large, max-video-preview:-1\" \/>\n<link rel=\"canonical\" href=\"https:\/\/www.clubmilitar.gov.co\/home\/informes-de-gestion-evaluacion-y-auditoria\/\" \/>\n<meta property=\"og:locale\" content=\"es_ES\" \/>\n<meta property=\"og:type\" content=\"article\" \/>\n<meta property=\"og:title\" content=\"Informes de gesti\u00f3n, evaluaci\u00f3n y auditor\u00eda - Club Militar\" \/>\n<meta property=\"og:description\" content=\"\u00daltima actualizaci\u00f3n: 05 de Julio de 2024 Informe de Gesti\u00f3n Informes al Congreso Informe de rendici\u00f3n de cuentas a la ciudadan\u00eda Informe de rendici\u00f3n de cuentas ante la Contralor\u00eda General de la Rep\u00fablica Informes a organismos de inspecci\u00f3n, vigilancia y control Planes de mejoramiento Informe de Racionalizaci\u00f3n de Tramites \u00a0\" \/>\n<meta property=\"og:url\" content=\"https:\/\/www.clubmilitar.gov.co\/home\/informes-de-gestion-evaluacion-y-auditoria\/\" \/>\n<meta property=\"og:site_name\" content=\"Club Militar\" \/>\n<meta property=\"article:modified_time\" content=\"2024-09-26T14:02:28+00:00\" \/>\n<meta name=\"twitter:card\" content=\"summary_large_image\" \/>\n<meta name=\"twitter:label1\" content=\"Tiempo de lectura\" \/>\n\t<meta name=\"twitter:data1\" content=\"1 minuto\" \/>\n<script type=\"application\/ld+json\" class=\"yoast-schema-graph\">{\"@context\":\"https:\\\/\\\/schema.org\",\"@graph\":[{\"@type\":\"WebPage\",\"@id\":\"https:\\\/\\\/www.clubmilitar.gov.co\\\/home\\\/informes-de-gestion-evaluacion-y-auditoria\\\/\",\"url\":\"https:\\\/\\\/www.clubmilitar.gov.co\\\/home\\\/informes-de-gestion-evaluacion-y-auditoria\\\/\",\"name\":\"Informes de gesti\u00f3n, evaluaci\u00f3n y auditor\u00eda - Club Militar\",\"isPartOf\":{\"@id\":\"https:\\\/\\\/www.clubmilitar.gov.co\\\/home\\\/#website\"},\"datePublished\":\"2022-01-21T20:52:45+00:00\",\"dateModified\":\"2024-09-26T14:02:28+00:00\",\"breadcrumb\":{\"@id\":\"https:\\\/\\\/www.clubmilitar.gov.co\\\/home\\\/informes-de-gestion-evaluacion-y-auditoria\\\/#breadcrumb\"},\"inLanguage\":\"es\",\"potentialAction\":[{\"@type\":\"ReadAction\",\"target\":[\"https:\\\/\\\/www.clubmilitar.gov.co\\\/home\\\/informes-de-gestion-evaluacion-y-auditoria\\\/\"]}]},{\"@type\":\"BreadcrumbList\",\"@id\":\"https:\\\/\\\/www.clubmilitar.gov.co\\\/home\\\/informes-de-gestion-evaluacion-y-auditoria\\\/#breadcrumb\",\"itemListElement\":[{\"@type\":\"ListItem\",\"position\":1,\"name\":\"Inicio\",\"item\":\"https:\\\/\\\/www.clubmilitar.gov.co\\\/home\\\/\"},{\"@type\":\"ListItem\",\"position\":2,\"name\":\"Informes de gesti\u00f3n, evaluaci\u00f3n y auditor\u00eda\"}]},{\"@type\":\"WebSite\",\"@id\":\"https:\\\/\\\/www.clubmilitar.gov.co\\\/home\\\/#website\",\"url\":\"https:\\\/\\\/www.clubmilitar.gov.co\\\/home\\\/\",\"name\":\"Club Militar\",\"description\":\"&quot;Su destino ideal en familia&quot;\",\"publisher\":{\"@id\":\"https:\\\/\\\/www.clubmilitar.gov.co\\\/home\\\/#organization\"},\"potentialAction\":[{\"@type\":\"SearchAction\",\"target\":{\"@type\":\"EntryPoint\",\"urlTemplate\":\"https:\\\/\\\/www.clubmilitar.gov.co\\\/home\\\/?s={search_term_string}\"},\"query-input\":{\"@type\":\"PropertyValueSpecification\",\"valueRequired\":true,\"valueName\":\"search_term_string\"}}],\"inLanguage\":\"es\"},{\"@type\":\"Organization\",\"@id\":\"https:\\\/\\\/www.clubmilitar.gov.co\\\/home\\\/#organization\",\"name\":\"Club Militar\",\"url\":\"https:\\\/\\\/www.clubmilitar.gov.co\\\/home\\\/\",\"logo\":{\"@type\":\"ImageObject\",\"inLanguage\":\"es\",\"@id\":\"https:\\\/\\\/www.clubmilitar.gov.co\\\/home\\\/#\\\/schema\\\/logo\\\/image\\\/\",\"url\":\"https:\\\/\\\/www.clubmilitar.gov.co\\\/home\\\/wp-content\\\/uploads\\\/2024\\\/06\\\/cropped-cropped-cropped-cropped-image-1-1.png\",\"contentUrl\":\"https:\\\/\\\/www.clubmilitar.gov.co\\\/home\\\/wp-content\\\/uploads\\\/2024\\\/06\\\/cropped-cropped-cropped-cropped-image-1-1.png\",\"width\":596,\"height\":133,\"caption\":\"Club Militar\"},\"image\":{\"@id\":\"https:\\\/\\\/www.clubmilitar.gov.co\\\/home\\\/#\\\/schema\\\/logo\\\/image\\\/\"}}]}<\/script>\n<!-- \/ Yoast SEO plugin. -->","yoast_head_json":{"title":"Informes de gesti\u00f3n, evaluaci\u00f3n y auditor\u00eda - Club Militar","robots":{"index":"index","follow":"follow","max-snippet":"max-snippet:-1","max-image-preview":"max-image-preview:large","max-video-preview":"max-video-preview:-1"},"canonical":"https:\/\/www.clubmilitar.gov.co\/home\/informes-de-gestion-evaluacion-y-auditoria\/","og_locale":"es_ES","og_type":"article","og_title":"Informes de gesti\u00f3n, evaluaci\u00f3n y auditor\u00eda - Club Militar","og_description":"\u00daltima actualizaci\u00f3n: 05 de Julio de 2024 Informe de Gesti\u00f3n Informes al Congreso Informe de rendici\u00f3n de cuentas a la ciudadan\u00eda Informe de rendici\u00f3n de cuentas ante la Contralor\u00eda General de la Rep\u00fablica Informes a organismos de inspecci\u00f3n, vigilancia y control Planes de mejoramiento Informe de Racionalizaci\u00f3n de Tramites \u00a0","og_url":"https:\/\/www.clubmilitar.gov.co\/home\/informes-de-gestion-evaluacion-y-auditoria\/","og_site_name":"Club Militar","article_modified_time":"2024-09-26T14:02:28+00:00","twitter_card":"summary_large_image","twitter_misc":{"Tiempo de lectura":"1 minuto"},"schema":{"@context":"https:\/\/schema.org","@graph":[{"@type":"WebPage","@id":"https:\/\/www.clubmilitar.gov.co\/home\/informes-de-gestion-evaluacion-y-auditoria\/","url":"https:\/\/www.clubmilitar.gov.co\/home\/informes-de-gestion-evaluacion-y-auditoria\/","name":"Informes de gesti\u00f3n, evaluaci\u00f3n y auditor\u00eda - Club Militar","isPartOf":{"@id":"https:\/\/www.clubmilitar.gov.co\/home\/#website"},"datePublished":"2022-01-21T20:52:45+00:00","dateModified":"2024-09-26T14:02:28+00:00","breadcrumb":{"@id":"https:\/\/www.clubmilitar.gov.co\/home\/informes-de-gestion-evaluacion-y-auditoria\/#breadcrumb"},"inLanguage":"es","potentialAction":[{"@type":"ReadAction","target":["https:\/\/www.clubmilitar.gov.co\/home\/informes-de-gestion-evaluacion-y-auditoria\/"]}]},{"@type":"BreadcrumbList","@id":"https:\/\/www.clubmilitar.gov.co\/home\/informes-de-gestion-evaluacion-y-auditoria\/#breadcrumb","itemListElement":[{"@type":"ListItem","position":1,"name":"Inicio","item":"https:\/\/www.clubmilitar.gov.co\/home\/"},{"@type":"ListItem","position":2,"name":"Informes de gesti\u00f3n, evaluaci\u00f3n y auditor\u00eda"}]},{"@type":"WebSite","@id":"https:\/\/www.clubmilitar.gov.co\/home\/#website","url":"https:\/\/www.clubmilitar.gov.co\/home\/","name":"Club Militar","description":"&quot;Su destino ideal en familia&quot;","publisher":{"@id":"https:\/\/www.clubmilitar.gov.co\/home\/#organization"},"potentialAction":[{"@type":"SearchAction","target":{"@type":"EntryPoint","urlTemplate":"https:\/\/www.clubmilitar.gov.co\/home\/?s={search_term_string}"},"query-input":{"@type":"PropertyValueSpecification","valueRequired":true,"valueName":"search_term_string"}}],"inLanguage":"es"},{"@type":"Organization","@id":"https:\/\/www.clubmilitar.gov.co\/home\/#organization","name":"Club Militar","url":"https:\/\/www.clubmilitar.gov.co\/home\/","logo":{"@type":"ImageObject","inLanguage":"es","@id":"https:\/\/www.clubmilitar.gov.co\/home\/#\/schema\/logo\/image\/","url":"https:\/\/www.clubmilitar.gov.co\/home\/wp-content\/uploads\/2024\/06\/cropped-cropped-cropped-cropped-image-1-1.png","contentUrl":"https:\/\/www.clubmilitar.gov.co\/home\/wp-content\/uploads\/2024\/06\/cropped-cropped-cropped-cropped-image-1-1.png","width":596,"height":133,"caption":"Club Militar"},"image":{"@id":"https:\/\/www.clubmilitar.gov.co\/home\/#\/schema\/logo\/image\/"}}]}},"publishpress_future_workflow_manual_trigger":{"enabledWorkflows":[]},"ticketed":false,"_links":{"self":[{"href":"https:\/\/www.clubmilitar.gov.co\/home\/wp-json\/wp\/v2\/pages\/42955","targetHints":{"allow":["GET"]}}],"collection":[{"href":"https:\/\/www.clubmilitar.gov.co\/home\/wp-json\/wp\/v2\/pages"}],"about":[{"href":"https:\/\/www.clubmilitar.gov.co\/home\/wp-json\/wp\/v2\/types\/page"}],"author":[{"embeddable":true,"href":"https:\/\/www.clubmilitar.gov.co\/home\/wp-json\/wp\/v2\/users\/4"}],"replies":[{"embeddable":true,"href":"https:\/\/www.clubmilitar.gov.co\/home\/wp-json\/wp\/v2\/comments?post=42955"}],"version-history":[{"count":30,"href":"https:\/\/www.clubmilitar.gov.co\/home\/wp-json\/wp\/v2\/pages\/42955\/revisions"}],"predecessor-version":[{"id":55005,"href":"https:\/\/www.clubmilitar.gov.co\/home\/wp-json\/wp\/v2\/pages\/42955\/revisions\/55005"}],"wp:attachment":[{"href":"https:\/\/www.clubmilitar.gov.co\/home\/wp-json\/wp\/v2\/media?parent=42955"}],"curies":[{"name":"wp","href":"https:\/\/api.w.org\/{rel}","templated":true}]}}