{"id":42730,"date":"2022-01-20T11:04:04","date_gmt":"2022-01-20T16:04:04","guid":{"rendered":"https:\/\/www.clubmilitar.gov.co\/home\/?page_id=42730"},"modified":"2022-03-04T15:48:47","modified_gmt":"2022-03-04T20:48:47","slug":"implementacion-estrategia-de-gobierno-digital","status":"publish","type":"page","link":"https:\/\/www.clubmilitar.gov.co\/home\/implementacion-estrategia-de-gobierno-digital\/","title":{"rendered":"Implementaci\u00f3n Estrategia de Gobierno Digital"},"content":{"rendered":"\t\t<div data-elementor-type=\"wp-page\" data-elementor-id=\"42730\" class=\"elementor elementor-42730\">\n\t\t\t\t\t\t<section class=\"elementor-section elementor-top-section elementor-element elementor-element-10dc692d elementor-section-boxed elementor-section-height-default elementor-section-height-default\" data-id=\"10dc692d\" data-element_type=\"section\" data-e-type=\"section\">\n\t\t\t\t\t\t<div class=\"elementor-container elementor-column-gap-default\">\n\t\t\t\t\t<div class=\"elementor-column elementor-col-100 elementor-top-column elementor-element elementor-element-5ded08e8\" data-id=\"5ded08e8\" data-element_type=\"column\" data-e-type=\"column\">\n\t\t\t<div class=\"elementor-widget-wrap elementor-element-populated\">\n\t\t\t\t\t\t<div class=\"elementor-element elementor-element-5e16229b elementor-widget elementor-widget-text-editor\" data-id=\"5e16229b\" data-element_type=\"widget\" data-e-type=\"widget\" data-widget_type=\"text-editor.default\">\n\t\t\t\t<div class=\"elementor-widget-container\">\n\t\t\t\t\t\t\t\t\t\n<p>\u00daltima actualizaci\u00f3n: 20 de enero de 2022<\/p>\n\t\t\t\t\t\t\t\t<\/div>\n\t\t\t\t<\/div>\n\t\t\t\t\t<\/div>\n\t\t<\/div>\n\t\t\t\t\t<\/div>\n\t\t<\/section>\n\t\t\t\t<section class=\"elementor-section elementor-top-section elementor-element elementor-element-6155d76 elementor-section-boxed elementor-section-height-default elementor-section-height-default\" data-id=\"6155d76\" data-element_type=\"section\" data-e-type=\"section\">\n\t\t\t\t\t\t<div class=\"elementor-container elementor-column-gap-default\">\n\t\t\t\t\t<div class=\"elementor-column elementor-col-100 elementor-top-column elementor-element elementor-element-15c5bb7\" data-id=\"15c5bb7\" data-element_type=\"column\" data-e-type=\"column\">\n\t\t\t<div class=\"elementor-widget-wrap elementor-element-populated\">\n\t\t\t\t\t\t<div class=\"elementor-element elementor-element-987c19d elementor-widget elementor-widget-text-editor\" data-id=\"987c19d\" data-element_type=\"widget\" data-e-type=\"widget\" data-widget_type=\"text-editor.default\">\n\t\t\t\t<div class=\"elementor-widget-container\">\n\t\t\t\t\t\t\t\t\t<p><span style=\"color: #004884;\">Como parte de la implementaci\u00f3n de la estrategia en el componente de TIC para el Gobierno Abierto del Club Militar podr\u00e1 encontrar el conjunto de datos abiertos en el portal <span style=\"text-decoration: underline;\"><strong><a style=\"color: #004884; text-decoration: underline;\" href=\"http:\/\/www.datos.gov.co\">www.datos.gov.co<\/a><\/strong><\/span><\/span><\/p>\t\t\t\t\t\t\t\t<\/div>\n\t\t\t\t<\/div>\n\t\t\t\t\t<\/div>\n\t\t<\/div>\n\t\t\t\t\t<\/div>\n\t\t<\/section>\n\t\t\t\t<section class=\"elementor-section elementor-top-section elementor-element elementor-element-af576db elementor-section-boxed elementor-section-height-default elementor-section-height-default\" data-id=\"af576db\" data-element_type=\"section\" data-e-type=\"section\">\n\t\t\t\t\t\t<div class=\"elementor-container elementor-column-gap-default\">\n\t\t\t\t\t<div class=\"elementor-column elementor-col-100 elementor-top-column elementor-element elementor-element-d929d29\" data-id=\"d929d29\" data-element_type=\"column\" data-e-type=\"column\">\n\t\t\t<div class=\"elementor-widget-wrap elementor-element-populated\">\n\t\t\t\t\t\t<div class=\"elementor-element elementor-element-b464198 elementor-widget elementor-widget-text-editor\" data-id=\"b464198\" data-element_type=\"widget\" data-e-type=\"widget\" data-widget_type=\"text-editor.default\">\n\t\t\t\t<div class=\"elementor-widget-container\">\n\t\t\t\t\t\t\t\t\t<p><strong><a href=\"https:\/\/www.datos.gov.co\/Seguridad-y-Defensa\/10-4-Esquema-de-Publicaci-n-de-Informaci-n\/svhh-vprn\" target=\"_blank\" rel=\"noopener\"><span style=\"color: #004884;\">Esquema de Publicaci\u00f3n de Informaci\u00f3n<\/span><\/a><\/strong><\/p>\n<p>\u00a0<\/p>\n<p><strong><a href=\"https:\/\/www.datos.gov.co\/Seguridad-y-Defensa\/Cuadro-de-Clasificaci-n-Documental-Club-Militar\/cudh-42g9\" target=\"_blank\" rel=\"noopener\"><span style=\"color: #004884;\">Cuadro de Clasificaci\u00f3n Documental Club Militar<\/span><\/a><\/strong><\/p>\n<p><strong><span style=\"color: #004884;\">\u00a0\u00a0\u00a0\u00a0\u00a0\u00a0\u00a0\u00a0\u00a0\u00a0\u00a0\u00a0\u00a0\u00a0\u00a0<\/span><\/strong><\/p>\n<p><strong><a href=\"https:\/\/www.datos.gov.co\/Seguridad-y-Defensa\/Tablas-de-Retenci-n-Documental-Club-Militar\/fvvb-8pmt\" target=\"_blank\" rel=\"noopener\"><span style=\"color: #004884;\">Tablas de Retenci\u00f3n Documental Club Militar<\/span><\/a><\/strong><\/p>\n<p><strong><span style=\"color: #004884;\">\u00a0\u00a0\u00a0\u00a0\u00a0\u00a0\u00a0\u00a0\u00a0\u00a0\u00a0\u00a0\u00a0\u00a0\u00a0<\/span><\/strong><\/p>\n<p><strong><a href=\"https:\/\/www.datos.gov.co\/Seguridad-y-Defensa\/-ndice-de-informaci-n-clasificada-y-reservada-Club\/nbh6-pp4v\" target=\"_blank\" rel=\"noopener\"><span style=\"color: #004884;\">\u00cdndice de informaci\u00f3n clasificada y reservada Club Militar<\/span><\/a><\/strong><\/p>\n<p>\u00a0<\/p>\n<p><strong><a href=\"https:\/\/www.clubmilitar.gov.co\/home\/wp-content\/uploads\/2022\/03\/PLAN-DE-DATOS-ABIERTOS-DEL-CLUB-MILITAR.pdf\"><span style=\"color: #004884;\">Plan de Datos Abiertos del Club Militar<\/span><\/a><\/strong><\/p>\n<p><strong><span style=\"color: #004884;\">\u00a0\u00a0\u00a0\u00a0\u00a0\u00a0\u00a0\u00a0\u00a0\u00a0\u00a0\u00a0\u00a0\u00a0\u00a0<\/span><\/strong><\/p>\n<p>\u00a0<\/p>\t\t\t\t\t\t\t\t<\/div>\n\t\t\t\t<\/div>\n\t\t\t\t\t<\/div>\n\t\t<\/div>\n\t\t\t\t\t<\/div>\n\t\t<\/section>\n\t\t\t\t<\/div>\n\t\t","protected":false},"excerpt":{"rendered":"<p>\u00daltima actualizaci\u00f3n: 20 de enero de 2022 Como parte de la implementaci\u00f3n de la estrategia en el componente de TIC para el Gobierno Abierto del Club Militar podr\u00e1 encontrar el conjunto de datos abiertos en el portal www.datos.gov.co Esquema de Publicaci\u00f3n de Informaci\u00f3n \u00a0 Cuadro de Clasificaci\u00f3n Documental Club Militar \u00a0\u00a0\u00a0\u00a0\u00a0\u00a0\u00a0\u00a0\u00a0\u00a0\u00a0\u00a0\u00a0\u00a0\u00a0 Tablas de Retenci\u00f3n Documental Club Militar \u00a0\u00a0\u00a0\u00a0\u00a0\u00a0\u00a0\u00a0\u00a0\u00a0\u00a0\u00a0\u00a0\u00a0\u00a0 \u00cdndice de informaci\u00f3n clasificada y reservada Club Militar \u00a0 Plan de Datos Abiertos del Club Militar \u00a0\u00a0\u00a0\u00a0\u00a0\u00a0\u00a0\u00a0\u00a0\u00a0\u00a0\u00a0\u00a0\u00a0\u00a0 \u00a0<\/p>\n","protected":false},"author":4,"featured_media":0,"parent":0,"menu_order":0,"comment_status":"closed","ping_status":"closed","template":"","meta":{"_price":"","_stock":"","_tribe_ticket_header":"","_tribe_default_ticket_provider":"","_tribe_ticket_capacity":"0","_ticket_start_date":"","_ticket_end_date":"","_tribe_ticket_show_description":"","_tribe_ticket_show_not_going":false,"_tribe_ticket_use_global_stock":"","_tribe_ticket_global_stock_level":"","_global_stock_mode":"","_global_stock_cap":"","_tribe_rsvp_for_event":"","_tribe_ticket_going_count":"","_tribe_ticket_not_going_count":"","_tribe_tickets_list":"[]","_tribe_ticket_has_attendee_info_fields":false,"_EventAllDay":false,"_EventTimezone":"","_EventStartDate":"","_EventEndDate":"","_EventStartDateUTC":"","_EventEndDateUTC":"","_EventShowMap":false,"_EventShowMapLink":false,"_EventURL":"","_EventCost":"","_EventCostDescription":"","_EventCurrencySymbol":"","_EventCurrencyCode":"","_EventCurrencyPosition":"","_EventDateTimeSeparator":"","_EventTimeRangeSeparator":"","_EventOrganizerID":[],"_EventVenueID":[],"_OrganizerEmail":"","_OrganizerPhone":"","_OrganizerWebsite":"","_VenueAddress":"","_VenueCity":"","_VenueCountry":"","_VenueProvince":"","_VenueState":"","_VenueZip":"","_VenuePhone":"","_VenueURL":"","_VenueStateProvince":"","_VenueLat":"","_VenueLng":"","_VenueShowMap":false,"_VenueShowMapLink":false,"footnotes":"","_tec_slr_enabled":"","_tec_slr_layout":""},"class_list":["post-42730","page","type-page","status-publish","hentry"],"yoast_head":"<!-- This site is optimized with the Yoast SEO plugin v27.5 - https:\/\/yoast.com\/product\/yoast-seo-wordpress\/ -->\n<title>Implementaci\u00f3n Estrategia de Gobierno Digital - Club Militar<\/title>\n<meta name=\"robots\" content=\"index, follow, max-snippet:-1, max-image-preview:large, max-video-preview:-1\" \/>\n<link rel=\"canonical\" href=\"https:\/\/www.clubmilitar.gov.co\/home\/implementacion-estrategia-de-gobierno-digital\/\" \/>\n<meta property=\"og:locale\" content=\"es_ES\" \/>\n<meta property=\"og:type\" content=\"article\" \/>\n<meta property=\"og:title\" content=\"Implementaci\u00f3n Estrategia de Gobierno Digital - Club Militar\" \/>\n<meta property=\"og:description\" content=\"\u00daltima actualizaci\u00f3n: 20 de enero de 2022 Como parte de la implementaci\u00f3n de la estrategia en el componente de TIC para el Gobierno Abierto del Club Militar podr\u00e1 encontrar el conjunto de datos abiertos en el portal www.datos.gov.co Esquema de Publicaci\u00f3n de Informaci\u00f3n \u00a0 Cuadro de Clasificaci\u00f3n Documental Club Militar \u00a0\u00a0\u00a0\u00a0\u00a0\u00a0\u00a0\u00a0\u00a0\u00a0\u00a0\u00a0\u00a0\u00a0\u00a0 Tablas de Retenci\u00f3n Documental Club Militar \u00a0\u00a0\u00a0\u00a0\u00a0\u00a0\u00a0\u00a0\u00a0\u00a0\u00a0\u00a0\u00a0\u00a0\u00a0 \u00cdndice de informaci\u00f3n clasificada y reservada Club Militar \u00a0 Plan de Datos Abiertos del Club Militar \u00a0\u00a0\u00a0\u00a0\u00a0\u00a0\u00a0\u00a0\u00a0\u00a0\u00a0\u00a0\u00a0\u00a0\u00a0 \u00a0\" \/>\n<meta property=\"og:url\" content=\"https:\/\/www.clubmilitar.gov.co\/home\/implementacion-estrategia-de-gobierno-digital\/\" \/>\n<meta property=\"og:site_name\" content=\"Club Militar\" \/>\n<meta property=\"article:modified_time\" content=\"2022-03-04T20:48:47+00:00\" \/>\n<meta name=\"twitter:card\" content=\"summary_large_image\" \/>\n<meta name=\"twitter:label1\" content=\"Tiempo de lectura\" \/>\n\t<meta name=\"twitter:data1\" content=\"1 minuto\" \/>\n<script type=\"application\/ld+json\" class=\"yoast-schema-graph\">{\"@context\":\"https:\\\/\\\/schema.org\",\"@graph\":[{\"@type\":\"WebPage\",\"@id\":\"https:\\\/\\\/www.clubmilitar.gov.co\\\/home\\\/implementacion-estrategia-de-gobierno-digital\\\/\",\"url\":\"https:\\\/\\\/www.clubmilitar.gov.co\\\/home\\\/implementacion-estrategia-de-gobierno-digital\\\/\",\"name\":\"Implementaci\u00f3n Estrategia de Gobierno Digital - Club Militar\",\"isPartOf\":{\"@id\":\"https:\\\/\\\/www.clubmilitar.gov.co\\\/home\\\/#website\"},\"datePublished\":\"2022-01-20T16:04:04+00:00\",\"dateModified\":\"2022-03-04T20:48:47+00:00\",\"breadcrumb\":{\"@id\":\"https:\\\/\\\/www.clubmilitar.gov.co\\\/home\\\/implementacion-estrategia-de-gobierno-digital\\\/#breadcrumb\"},\"inLanguage\":\"es\",\"potentialAction\":[{\"@type\":\"ReadAction\",\"target\":[\"https:\\\/\\\/www.clubmilitar.gov.co\\\/home\\\/implementacion-estrategia-de-gobierno-digital\\\/\"]}]},{\"@type\":\"BreadcrumbList\",\"@id\":\"https:\\\/\\\/www.clubmilitar.gov.co\\\/home\\\/implementacion-estrategia-de-gobierno-digital\\\/#breadcrumb\",\"itemListElement\":[{\"@type\":\"ListItem\",\"position\":1,\"name\":\"Inicio\",\"item\":\"https:\\\/\\\/www.clubmilitar.gov.co\\\/home\\\/\"},{\"@type\":\"ListItem\",\"position\":2,\"name\":\"Implementaci\u00f3n Estrategia de Gobierno Digital\"}]},{\"@type\":\"WebSite\",\"@id\":\"https:\\\/\\\/www.clubmilitar.gov.co\\\/home\\\/#website\",\"url\":\"https:\\\/\\\/www.clubmilitar.gov.co\\\/home\\\/\",\"name\":\"Club Militar\",\"description\":\"&quot;Su destino ideal en familia&quot;\",\"publisher\":{\"@id\":\"https:\\\/\\\/www.clubmilitar.gov.co\\\/home\\\/#organization\"},\"potentialAction\":[{\"@type\":\"SearchAction\",\"target\":{\"@type\":\"EntryPoint\",\"urlTemplate\":\"https:\\\/\\\/www.clubmilitar.gov.co\\\/home\\\/?s={search_term_string}\"},\"query-input\":{\"@type\":\"PropertyValueSpecification\",\"valueRequired\":true,\"valueName\":\"search_term_string\"}}],\"inLanguage\":\"es\"},{\"@type\":\"Organization\",\"@id\":\"https:\\\/\\\/www.clubmilitar.gov.co\\\/home\\\/#organization\",\"name\":\"Club Militar\",\"url\":\"https:\\\/\\\/www.clubmilitar.gov.co\\\/home\\\/\",\"logo\":{\"@type\":\"ImageObject\",\"inLanguage\":\"es\",\"@id\":\"https:\\\/\\\/www.clubmilitar.gov.co\\\/home\\\/#\\\/schema\\\/logo\\\/image\\\/\",\"url\":\"https:\\\/\\\/www.clubmilitar.gov.co\\\/home\\\/wp-content\\\/uploads\\\/2024\\\/06\\\/cropped-cropped-cropped-cropped-image-1-1.png\",\"contentUrl\":\"https:\\\/\\\/www.clubmilitar.gov.co\\\/home\\\/wp-content\\\/uploads\\\/2024\\\/06\\\/cropped-cropped-cropped-cropped-image-1-1.png\",\"width\":596,\"height\":133,\"caption\":\"Club Militar\"},\"image\":{\"@id\":\"https:\\\/\\\/www.clubmilitar.gov.co\\\/home\\\/#\\\/schema\\\/logo\\\/image\\\/\"}}]}<\/script>\n<!-- \/ Yoast SEO plugin. -->","yoast_head_json":{"title":"Implementaci\u00f3n Estrategia de Gobierno Digital - Club Militar","robots":{"index":"index","follow":"follow","max-snippet":"max-snippet:-1","max-image-preview":"max-image-preview:large","max-video-preview":"max-video-preview:-1"},"canonical":"https:\/\/www.clubmilitar.gov.co\/home\/implementacion-estrategia-de-gobierno-digital\/","og_locale":"es_ES","og_type":"article","og_title":"Implementaci\u00f3n Estrategia de Gobierno Digital - Club Militar","og_description":"\u00daltima actualizaci\u00f3n: 20 de enero de 2022 Como parte de la implementaci\u00f3n de la estrategia en el componente de TIC para el Gobierno Abierto del Club Militar podr\u00e1 encontrar el conjunto de datos abiertos en el portal www.datos.gov.co Esquema de Publicaci\u00f3n de Informaci\u00f3n \u00a0 Cuadro de Clasificaci\u00f3n Documental Club Militar \u00a0\u00a0\u00a0\u00a0\u00a0\u00a0\u00a0\u00a0\u00a0\u00a0\u00a0\u00a0\u00a0\u00a0\u00a0 Tablas de Retenci\u00f3n Documental Club Militar \u00a0\u00a0\u00a0\u00a0\u00a0\u00a0\u00a0\u00a0\u00a0\u00a0\u00a0\u00a0\u00a0\u00a0\u00a0 \u00cdndice de informaci\u00f3n clasificada y reservada Club Militar \u00a0 Plan de Datos Abiertos del Club Militar \u00a0\u00a0\u00a0\u00a0\u00a0\u00a0\u00a0\u00a0\u00a0\u00a0\u00a0\u00a0\u00a0\u00a0\u00a0 \u00a0","og_url":"https:\/\/www.clubmilitar.gov.co\/home\/implementacion-estrategia-de-gobierno-digital\/","og_site_name":"Club Militar","article_modified_time":"2022-03-04T20:48:47+00:00","twitter_card":"summary_large_image","twitter_misc":{"Tiempo de lectura":"1 minuto"},"schema":{"@context":"https:\/\/schema.org","@graph":[{"@type":"WebPage","@id":"https:\/\/www.clubmilitar.gov.co\/home\/implementacion-estrategia-de-gobierno-digital\/","url":"https:\/\/www.clubmilitar.gov.co\/home\/implementacion-estrategia-de-gobierno-digital\/","name":"Implementaci\u00f3n Estrategia de Gobierno Digital - Club Militar","isPartOf":{"@id":"https:\/\/www.clubmilitar.gov.co\/home\/#website"},"datePublished":"2022-01-20T16:04:04+00:00","dateModified":"2022-03-04T20:48:47+00:00","breadcrumb":{"@id":"https:\/\/www.clubmilitar.gov.co\/home\/implementacion-estrategia-de-gobierno-digital\/#breadcrumb"},"inLanguage":"es","potentialAction":[{"@type":"ReadAction","target":["https:\/\/www.clubmilitar.gov.co\/home\/implementacion-estrategia-de-gobierno-digital\/"]}]},{"@type":"BreadcrumbList","@id":"https:\/\/www.clubmilitar.gov.co\/home\/implementacion-estrategia-de-gobierno-digital\/#breadcrumb","itemListElement":[{"@type":"ListItem","position":1,"name":"Inicio","item":"https:\/\/www.clubmilitar.gov.co\/home\/"},{"@type":"ListItem","position":2,"name":"Implementaci\u00f3n Estrategia de Gobierno Digital"}]},{"@type":"WebSite","@id":"https:\/\/www.clubmilitar.gov.co\/home\/#website","url":"https:\/\/www.clubmilitar.gov.co\/home\/","name":"Club Militar","description":"&quot;Su destino ideal en familia&quot;","publisher":{"@id":"https:\/\/www.clubmilitar.gov.co\/home\/#organization"},"potentialAction":[{"@type":"SearchAction","target":{"@type":"EntryPoint","urlTemplate":"https:\/\/www.clubmilitar.gov.co\/home\/?s={search_term_string}"},"query-input":{"@type":"PropertyValueSpecification","valueRequired":true,"valueName":"search_term_string"}}],"inLanguage":"es"},{"@type":"Organization","@id":"https:\/\/www.clubmilitar.gov.co\/home\/#organization","name":"Club Militar","url":"https:\/\/www.clubmilitar.gov.co\/home\/","logo":{"@type":"ImageObject","inLanguage":"es","@id":"https:\/\/www.clubmilitar.gov.co\/home\/#\/schema\/logo\/image\/","url":"https:\/\/www.clubmilitar.gov.co\/home\/wp-content\/uploads\/2024\/06\/cropped-cropped-cropped-cropped-image-1-1.png","contentUrl":"https:\/\/www.clubmilitar.gov.co\/home\/wp-content\/uploads\/2024\/06\/cropped-cropped-cropped-cropped-image-1-1.png","width":596,"height":133,"caption":"Club Militar"},"image":{"@id":"https:\/\/www.clubmilitar.gov.co\/home\/#\/schema\/logo\/image\/"}}]}},"publishpress_future_workflow_manual_trigger":{"enabledWorkflows":[]},"ticketed":false,"_links":{"self":[{"href":"https:\/\/www.clubmilitar.gov.co\/home\/wp-json\/wp\/v2\/pages\/42730","targetHints":{"allow":["GET"]}}],"collection":[{"href":"https:\/\/www.clubmilitar.gov.co\/home\/wp-json\/wp\/v2\/pages"}],"about":[{"href":"https:\/\/www.clubmilitar.gov.co\/home\/wp-json\/wp\/v2\/types\/page"}],"author":[{"embeddable":true,"href":"https:\/\/www.clubmilitar.gov.co\/home\/wp-json\/wp\/v2\/users\/4"}],"replies":[{"embeddable":true,"href":"https:\/\/www.clubmilitar.gov.co\/home\/wp-json\/wp\/v2\/comments?post=42730"}],"version-history":[{"count":10,"href":"https:\/\/www.clubmilitar.gov.co\/home\/wp-json\/wp\/v2\/pages\/42730\/revisions"}],"predecessor-version":[{"id":44094,"href":"https:\/\/www.clubmilitar.gov.co\/home\/wp-json\/wp\/v2\/pages\/42730\/revisions\/44094"}],"wp:attachment":[{"href":"https:\/\/www.clubmilitar.gov.co\/home\/wp-json\/wp\/v2\/media?parent=42730"}],"curies":[{"name":"wp","href":"https:\/\/api.w.org\/{rel}","templated":true}]}}