{"id":42632,"date":"2022-01-17T13:37:07","date_gmt":"2022-01-17T18:37:07","guid":{"rendered":"https:\/\/www.clubmilitar.gov.co\/home\/?page_id=42632"},"modified":"2022-01-17T16:12:59","modified_gmt":"2022-01-17T21:12:59","slug":"procedimientos-lineamientos-politicas-en-materia-de-adquisiciones-y-compras-asi-como-todos-los-datos-de-adjudicacion-y-ejecucion-de-contratos-incluidos-concursos-y-licitaciones","status":"publish","type":"page","link":"https:\/\/www.clubmilitar.gov.co\/home\/procedimientos-lineamientos-politicas-en-materia-de-adquisiciones-y-compras-asi-como-todos-los-datos-de-adjudicacion-y-ejecucion-de-contratos-incluidos-concursos-y-licitaciones\/","title":{"rendered":"Procedimientos, lineamientos, pol\u00edticas en materia de adquisiciones y compras, as\u00ed como todos los datos de adjudicaci\u00f3n y ejecuci\u00f3n de contratos, incluidos concursos y licitaciones"},"content":{"rendered":"\t\t<div data-elementor-type=\"wp-page\" data-elementor-id=\"42632\" class=\"elementor elementor-42632\">\n\t\t\t\t\t\t<section class=\"elementor-section elementor-top-section elementor-element elementor-element-3db2ccbd elementor-section-boxed elementor-section-height-default elementor-section-height-default\" data-id=\"3db2ccbd\" data-element_type=\"section\" data-e-type=\"section\">\n\t\t\t\t\t\t<div class=\"elementor-container elementor-column-gap-default\">\n\t\t\t\t\t<div class=\"elementor-column elementor-col-100 elementor-top-column elementor-element elementor-element-561285fc\" data-id=\"561285fc\" data-element_type=\"column\" data-e-type=\"column\">\n\t\t\t<div class=\"elementor-widget-wrap elementor-element-populated\">\n\t\t\t\t\t\t<div class=\"elementor-element elementor-element-8a9d0ee elementor-widget elementor-widget-text-editor\" data-id=\"8a9d0ee\" data-element_type=\"widget\" data-e-type=\"widget\" data-widget_type=\"text-editor.default\">\n\t\t\t\t<div class=\"elementor-widget-container\">\n\t\t\t\t\t\t\t\t\t\n<p class=\"has-small-font-size\">\u00daltima actualizaci\u00f3n: 17 de enero de 2022<\/p>\n\t\t\t\t\t\t\t\t<\/div>\n\t\t\t\t<\/div>\n\t\t\t\t\t<\/div>\n\t\t<\/div>\n\t\t\t\t\t<\/div>\n\t\t<\/section>\n\t\t\t\t<section class=\"elementor-section elementor-top-section elementor-element elementor-element-34140f4 elementor-section-boxed elementor-section-height-default elementor-section-height-default\" data-id=\"34140f4\" data-element_type=\"section\" data-e-type=\"section\">\n\t\t\t\t\t\t<div class=\"elementor-container elementor-column-gap-default\">\n\t\t\t\t\t<div class=\"elementor-column elementor-col-100 elementor-top-column elementor-element elementor-element-bcc2d86\" data-id=\"bcc2d86\" data-element_type=\"column\" data-e-type=\"column\">\n\t\t\t<div class=\"elementor-widget-wrap elementor-element-populated\">\n\t\t\t\t\t\t<div class=\"elementor-element elementor-element-14e3853 elementor-list-item-link-full_width elementor-widget elementor-widget-icon-list\" data-id=\"14e3853\" data-element_type=\"widget\" data-e-type=\"widget\" data-widget_type=\"icon-list.default\">\n\t\t\t\t<div class=\"elementor-widget-container\">\n\t\t\t\t\t\t\t<ul class=\"elementor-icon-list-items\">\n\t\t\t\t\t\t\t<li class=\"elementor-icon-list-item\">\n\t\t\t\t\t\t\t\t\t\t\t<a href=\"https:\/\/www.clubmilitar.gov.co\/home\/modelo-integrado-de-gestion\/\" target=\"_blank\">\n\n\t\t\t\t\t\t\t\t\t\t\t\t<span class=\"elementor-icon-list-icon\">\n\t\t\t\t\t\t\t<i aria-hidden=\"true\" class=\"fas fa-edit\"><\/i>\t\t\t\t\t\t<\/span>\n\t\t\t\t\t\t\t\t\t\t<span class=\"elementor-icon-list-text\">Procesos y procedimientos para la toma de decisiones<\/span>\n\t\t\t\t\t\t\t\t\t\t\t<\/a>\n\t\t\t\t\t\t\t\t\t<\/li>\n\t\t\t\t\t\t\t\t<li class=\"elementor-icon-list-item\">\n\t\t\t\t\t\t\t\t\t\t\t<a href=\"https:\/\/community.secop.gov.co\/Public\/Tendering\/ContractNoticeManagement\/Index?currentLanguage=es-CO&#038;Page=login&#038;Country=CO&#038;SkinName=CCE\" target=\"_blank\">\n\n\t\t\t\t\t\t\t\t\t\t\t\t<span class=\"elementor-icon-list-icon\">\n\t\t\t\t\t\t\t<i aria-hidden=\"true\" class=\"fas fa-edit\"><\/i>\t\t\t\t\t\t<\/span>\n\t\t\t\t\t\t\t\t\t\t<span class=\"elementor-icon-list-text\">Contrataciones en curso<\/span>\n\t\t\t\t\t\t\t\t\t\t\t<\/a>\n\t\t\t\t\t\t\t\t\t<\/li>\n\t\t\t\t\t\t\t\t<li class=\"elementor-icon-list-item\">\n\t\t\t\t\t\t\t\t\t\t\t<a href=\"https:\/\/community.secop.gov.co\/Public\/Tendering\/ContractNoticeManagement\/Index?currentLanguage=es-CO&#038;Page=login&#038;Country=CO&#038;SkinName=CCE\" target=\"_blank\">\n\n\t\t\t\t\t\t\t\t\t\t\t\t<span class=\"elementor-icon-list-icon\">\n\t\t\t\t\t\t\t<i aria-hidden=\"true\" class=\"fas fa-edit\"><\/i>\t\t\t\t\t\t<\/span>\n\t\t\t\t\t\t\t\t\t\t<span class=\"elementor-icon-list-text\">Informes de Ejecuci\u00f3n de contratos<\/span>\n\t\t\t\t\t\t\t\t\t\t\t<\/a>\n\t\t\t\t\t\t\t\t\t<\/li>\n\t\t\t\t\t\t\t\t<li class=\"elementor-icon-list-item\">\n\t\t\t\t\t\t\t\t\t\t\t<a href=\"https:\/\/www.clubmilitar.gov.co\/home\/manual-de-contratacion\/\" target=\"_blank\">\n\n\t\t\t\t\t\t\t\t\t\t\t\t<span class=\"elementor-icon-list-icon\">\n\t\t\t\t\t\t\t<i aria-hidden=\"true\" class=\"fas fa-edit\"><\/i>\t\t\t\t\t\t<\/span>\n\t\t\t\t\t\t\t\t\t\t<span class=\"elementor-icon-list-text\">Publicaci\u00f3n de procedimientos, lineamientos y pol\u00edticas en materia de adquisici\u00f3n y compras<\/span>\n\t\t\t\t\t\t\t\t\t\t\t<\/a>\n\t\t\t\t\t\t\t\t\t<\/li>\n\t\t\t\t\t\t\t\t<li class=\"elementor-icon-list-item\">\n\t\t\t\t\t\t\t\t\t\t\t<a href=\"https:\/\/www.clubmilitar.gov.co\/home\/plan-anual-de-adquisiciones\/\" target=\"_blank\">\n\n\t\t\t\t\t\t\t\t\t\t\t\t<span class=\"elementor-icon-list-icon\">\n\t\t\t\t\t\t\t<i aria-hidden=\"true\" class=\"fas fa-edit\"><\/i>\t\t\t\t\t\t<\/span>\n\t\t\t\t\t\t\t\t\t\t<span class=\"elementor-icon-list-text\">Plan Anual de Adquisiciones<\/span>\n\t\t\t\t\t\t\t\t\t\t\t<\/a>\n\t\t\t\t\t\t\t\t\t<\/li>\n\t\t\t\t\t\t<\/ul>\n\t\t\t\t\t\t<\/div>\n\t\t\t\t<\/div>\n\t\t\t\t\t<\/div>\n\t\t<\/div>\n\t\t\t\t\t<\/div>\n\t\t<\/section>\n\t\t\t\t<\/div>\n\t\t","protected":false},"excerpt":{"rendered":"<p>\u00daltima actualizaci\u00f3n: 17 de enero de 2022 Procesos y procedimientos para la toma de decisiones Contrataciones en curso Informes de Ejecuci\u00f3n de contratos Publicaci\u00f3n de procedimientos, lineamientos y pol\u00edticas en materia de adquisici\u00f3n y compras Plan Anual de Adquisiciones<\/p>\n","protected":false},"author":4,"featured_media":0,"parent":0,"menu_order":0,"comment_status":"closed","ping_status":"closed","template":"","meta":{"_price":"","_stock":"","_tribe_ticket_header":"","_tribe_default_ticket_provider":"","_tribe_ticket_capacity":"0","_ticket_start_date":"","_ticket_end_date":"","_tribe_ticket_show_description":"","_tribe_ticket_show_not_going":false,"_tribe_ticket_use_global_stock":"","_tribe_ticket_global_stock_level":"","_global_stock_mode":"","_global_stock_cap":"","_tribe_rsvp_for_event":"","_tribe_ticket_going_count":"","_tribe_ticket_not_going_count":"","_tribe_tickets_list":"[]","_tribe_ticket_has_attendee_info_fields":false,"_EventAllDay":false,"_EventTimezone":"","_EventStartDate":"","_EventEndDate":"","_EventStartDateUTC":"","_EventEndDateUTC":"","_EventShowMap":false,"_EventShowMapLink":false,"_EventURL":"","_EventCost":"","_EventCostDescription":"","_EventCurrencySymbol":"","_EventCurrencyCode":"","_EventCurrencyPosition":"","_EventDateTimeSeparator":"","_EventTimeRangeSeparator":"","_EventOrganizerID":[],"_EventVenueID":[],"_OrganizerEmail":"","_OrganizerPhone":"","_OrganizerWebsite":"","_VenueAddress":"","_VenueCity":"","_VenueCountry":"","_VenueProvince":"","_VenueState":"","_VenueZip":"","_VenuePhone":"","_VenueURL":"","_VenueStateProvince":"","_VenueLat":"","_VenueLng":"","_VenueShowMap":false,"_VenueShowMapLink":false,"footnotes":"","_tec_slr_enabled":"","_tec_slr_layout":""},"class_list":["post-42632","page","type-page","status-publish","hentry"],"yoast_head":"<!-- This site is optimized with the Yoast SEO plugin v27.5 - https:\/\/yoast.com\/product\/yoast-seo-wordpress\/ -->\n<title>Procedimientos, lineamientos, pol\u00edticas en materia de adquisiciones y compras, as\u00ed como todos los datos de adjudicaci\u00f3n y ejecuci\u00f3n de contratos, incluidos concursos y licitaciones - Club Militar<\/title>\n<meta name=\"robots\" content=\"index, follow, max-snippet:-1, max-image-preview:large, max-video-preview:-1\" \/>\n<link rel=\"canonical\" href=\"https:\/\/www.clubmilitar.gov.co\/home\/procedimientos-lineamientos-politicas-en-materia-de-adquisiciones-y-compras-asi-como-todos-los-datos-de-adjudicacion-y-ejecucion-de-contratos-incluidos-concursos-y-licitaciones\/\" \/>\n<meta property=\"og:locale\" content=\"es_ES\" \/>\n<meta property=\"og:type\" content=\"article\" \/>\n<meta property=\"og:title\" content=\"Procedimientos, lineamientos, pol\u00edticas en materia de adquisiciones y compras, as\u00ed como todos los datos de adjudicaci\u00f3n y ejecuci\u00f3n de contratos, incluidos concursos y licitaciones - Club Militar\" \/>\n<meta property=\"og:description\" content=\"\u00daltima actualizaci\u00f3n: 17 de enero de 2022 Procesos y procedimientos para la toma de decisiones Contrataciones en curso Informes de Ejecuci\u00f3n de contratos Publicaci\u00f3n de procedimientos, lineamientos y pol\u00edticas en materia de adquisici\u00f3n y compras Plan Anual de Adquisiciones\" \/>\n<meta property=\"og:url\" content=\"https:\/\/www.clubmilitar.gov.co\/home\/procedimientos-lineamientos-politicas-en-materia-de-adquisiciones-y-compras-asi-como-todos-los-datos-de-adjudicacion-y-ejecucion-de-contratos-incluidos-concursos-y-licitaciones\/\" \/>\n<meta property=\"og:site_name\" content=\"Club Militar\" \/>\n<meta property=\"article:modified_time\" content=\"2022-01-17T21:12:59+00:00\" \/>\n<meta name=\"twitter:card\" content=\"summary_large_image\" \/>\n<script type=\"application\/ld+json\" class=\"yoast-schema-graph\">{\"@context\":\"https:\\\/\\\/schema.org\",\"@graph\":[{\"@type\":\"WebPage\",\"@id\":\"https:\\\/\\\/www.clubmilitar.gov.co\\\/home\\\/procedimientos-lineamientos-politicas-en-materia-de-adquisiciones-y-compras-asi-como-todos-los-datos-de-adjudicacion-y-ejecucion-de-contratos-incluidos-concursos-y-licitaciones\\\/\",\"url\":\"https:\\\/\\\/www.clubmilitar.gov.co\\\/home\\\/procedimientos-lineamientos-politicas-en-materia-de-adquisiciones-y-compras-asi-como-todos-los-datos-de-adjudicacion-y-ejecucion-de-contratos-incluidos-concursos-y-licitaciones\\\/\",\"name\":\"Procedimientos, lineamientos, pol\u00edticas en materia de adquisiciones y compras, as\u00ed como todos los datos de adjudicaci\u00f3n y ejecuci\u00f3n de contratos, incluidos concursos y licitaciones - Club Militar\",\"isPartOf\":{\"@id\":\"https:\\\/\\\/www.clubmilitar.gov.co\\\/home\\\/#website\"},\"datePublished\":\"2022-01-17T18:37:07+00:00\",\"dateModified\":\"2022-01-17T21:12:59+00:00\",\"breadcrumb\":{\"@id\":\"https:\\\/\\\/www.clubmilitar.gov.co\\\/home\\\/procedimientos-lineamientos-politicas-en-materia-de-adquisiciones-y-compras-asi-como-todos-los-datos-de-adjudicacion-y-ejecucion-de-contratos-incluidos-concursos-y-licitaciones\\\/#breadcrumb\"},\"inLanguage\":\"es\",\"potentialAction\":[{\"@type\":\"ReadAction\",\"target\":[\"https:\\\/\\\/www.clubmilitar.gov.co\\\/home\\\/procedimientos-lineamientos-politicas-en-materia-de-adquisiciones-y-compras-asi-como-todos-los-datos-de-adjudicacion-y-ejecucion-de-contratos-incluidos-concursos-y-licitaciones\\\/\"]}]},{\"@type\":\"BreadcrumbList\",\"@id\":\"https:\\\/\\\/www.clubmilitar.gov.co\\\/home\\\/procedimientos-lineamientos-politicas-en-materia-de-adquisiciones-y-compras-asi-como-todos-los-datos-de-adjudicacion-y-ejecucion-de-contratos-incluidos-concursos-y-licitaciones\\\/#breadcrumb\",\"itemListElement\":[{\"@type\":\"ListItem\",\"position\":1,\"name\":\"Inicio\",\"item\":\"https:\\\/\\\/www.clubmilitar.gov.co\\\/home\\\/\"},{\"@type\":\"ListItem\",\"position\":2,\"name\":\"Procedimientos, lineamientos, pol\u00edticas en materia de adquisiciones y compras, as\u00ed como todos los datos de adjudicaci\u00f3n y ejecuci\u00f3n de contratos, incluidos concursos y licitaciones\"}]},{\"@type\":\"WebSite\",\"@id\":\"https:\\\/\\\/www.clubmilitar.gov.co\\\/home\\\/#website\",\"url\":\"https:\\\/\\\/www.clubmilitar.gov.co\\\/home\\\/\",\"name\":\"Club Militar\",\"description\":\"&quot;Su destino ideal en familia&quot;\",\"publisher\":{\"@id\":\"https:\\\/\\\/www.clubmilitar.gov.co\\\/home\\\/#organization\"},\"potentialAction\":[{\"@type\":\"SearchAction\",\"target\":{\"@type\":\"EntryPoint\",\"urlTemplate\":\"https:\\\/\\\/www.clubmilitar.gov.co\\\/home\\\/?s={search_term_string}\"},\"query-input\":{\"@type\":\"PropertyValueSpecification\",\"valueRequired\":true,\"valueName\":\"search_term_string\"}}],\"inLanguage\":\"es\"},{\"@type\":\"Organization\",\"@id\":\"https:\\\/\\\/www.clubmilitar.gov.co\\\/home\\\/#organization\",\"name\":\"Club Militar\",\"url\":\"https:\\\/\\\/www.clubmilitar.gov.co\\\/home\\\/\",\"logo\":{\"@type\":\"ImageObject\",\"inLanguage\":\"es\",\"@id\":\"https:\\\/\\\/www.clubmilitar.gov.co\\\/home\\\/#\\\/schema\\\/logo\\\/image\\\/\",\"url\":\"https:\\\/\\\/www.clubmilitar.gov.co\\\/home\\\/wp-content\\\/uploads\\\/2024\\\/06\\\/cropped-cropped-cropped-cropped-image-1-1.png\",\"contentUrl\":\"https:\\\/\\\/www.clubmilitar.gov.co\\\/home\\\/wp-content\\\/uploads\\\/2024\\\/06\\\/cropped-cropped-cropped-cropped-image-1-1.png\",\"width\":596,\"height\":133,\"caption\":\"Club Militar\"},\"image\":{\"@id\":\"https:\\\/\\\/www.clubmilitar.gov.co\\\/home\\\/#\\\/schema\\\/logo\\\/image\\\/\"}}]}<\/script>\n<!-- \/ Yoast SEO plugin. -->","yoast_head_json":{"title":"Procedimientos, lineamientos, pol\u00edticas en materia de adquisiciones y compras, as\u00ed como todos los datos de adjudicaci\u00f3n y ejecuci\u00f3n de contratos, incluidos concursos y licitaciones - Club Militar","robots":{"index":"index","follow":"follow","max-snippet":"max-snippet:-1","max-image-preview":"max-image-preview:large","max-video-preview":"max-video-preview:-1"},"canonical":"https:\/\/www.clubmilitar.gov.co\/home\/procedimientos-lineamientos-politicas-en-materia-de-adquisiciones-y-compras-asi-como-todos-los-datos-de-adjudicacion-y-ejecucion-de-contratos-incluidos-concursos-y-licitaciones\/","og_locale":"es_ES","og_type":"article","og_title":"Procedimientos, lineamientos, pol\u00edticas en materia de adquisiciones y compras, as\u00ed como todos los datos de adjudicaci\u00f3n y ejecuci\u00f3n de contratos, incluidos concursos y licitaciones - Club Militar","og_description":"\u00daltima actualizaci\u00f3n: 17 de enero de 2022 Procesos y procedimientos para la toma de decisiones Contrataciones en curso Informes de Ejecuci\u00f3n de contratos Publicaci\u00f3n de procedimientos, lineamientos y pol\u00edticas en materia de adquisici\u00f3n y compras Plan Anual de Adquisiciones","og_url":"https:\/\/www.clubmilitar.gov.co\/home\/procedimientos-lineamientos-politicas-en-materia-de-adquisiciones-y-compras-asi-como-todos-los-datos-de-adjudicacion-y-ejecucion-de-contratos-incluidos-concursos-y-licitaciones\/","og_site_name":"Club Militar","article_modified_time":"2022-01-17T21:12:59+00:00","twitter_card":"summary_large_image","schema":{"@context":"https:\/\/schema.org","@graph":[{"@type":"WebPage","@id":"https:\/\/www.clubmilitar.gov.co\/home\/procedimientos-lineamientos-politicas-en-materia-de-adquisiciones-y-compras-asi-como-todos-los-datos-de-adjudicacion-y-ejecucion-de-contratos-incluidos-concursos-y-licitaciones\/","url":"https:\/\/www.clubmilitar.gov.co\/home\/procedimientos-lineamientos-politicas-en-materia-de-adquisiciones-y-compras-asi-como-todos-los-datos-de-adjudicacion-y-ejecucion-de-contratos-incluidos-concursos-y-licitaciones\/","name":"Procedimientos, lineamientos, pol\u00edticas en materia de adquisiciones y compras, as\u00ed como todos los datos de adjudicaci\u00f3n y ejecuci\u00f3n de contratos, incluidos concursos y licitaciones - Club Militar","isPartOf":{"@id":"https:\/\/www.clubmilitar.gov.co\/home\/#website"},"datePublished":"2022-01-17T18:37:07+00:00","dateModified":"2022-01-17T21:12:59+00:00","breadcrumb":{"@id":"https:\/\/www.clubmilitar.gov.co\/home\/procedimientos-lineamientos-politicas-en-materia-de-adquisiciones-y-compras-asi-como-todos-los-datos-de-adjudicacion-y-ejecucion-de-contratos-incluidos-concursos-y-licitaciones\/#breadcrumb"},"inLanguage":"es","potentialAction":[{"@type":"ReadAction","target":["https:\/\/www.clubmilitar.gov.co\/home\/procedimientos-lineamientos-politicas-en-materia-de-adquisiciones-y-compras-asi-como-todos-los-datos-de-adjudicacion-y-ejecucion-de-contratos-incluidos-concursos-y-licitaciones\/"]}]},{"@type":"BreadcrumbList","@id":"https:\/\/www.clubmilitar.gov.co\/home\/procedimientos-lineamientos-politicas-en-materia-de-adquisiciones-y-compras-asi-como-todos-los-datos-de-adjudicacion-y-ejecucion-de-contratos-incluidos-concursos-y-licitaciones\/#breadcrumb","itemListElement":[{"@type":"ListItem","position":1,"name":"Inicio","item":"https:\/\/www.clubmilitar.gov.co\/home\/"},{"@type":"ListItem","position":2,"name":"Procedimientos, lineamientos, pol\u00edticas en materia de adquisiciones y compras, as\u00ed como todos los datos de adjudicaci\u00f3n y ejecuci\u00f3n de contratos, incluidos concursos y licitaciones"}]},{"@type":"WebSite","@id":"https:\/\/www.clubmilitar.gov.co\/home\/#website","url":"https:\/\/www.clubmilitar.gov.co\/home\/","name":"Club Militar","description":"&quot;Su destino ideal en familia&quot;","publisher":{"@id":"https:\/\/www.clubmilitar.gov.co\/home\/#organization"},"potentialAction":[{"@type":"SearchAction","target":{"@type":"EntryPoint","urlTemplate":"https:\/\/www.clubmilitar.gov.co\/home\/?s={search_term_string}"},"query-input":{"@type":"PropertyValueSpecification","valueRequired":true,"valueName":"search_term_string"}}],"inLanguage":"es"},{"@type":"Organization","@id":"https:\/\/www.clubmilitar.gov.co\/home\/#organization","name":"Club Militar","url":"https:\/\/www.clubmilitar.gov.co\/home\/","logo":{"@type":"ImageObject","inLanguage":"es","@id":"https:\/\/www.clubmilitar.gov.co\/home\/#\/schema\/logo\/image\/","url":"https:\/\/www.clubmilitar.gov.co\/home\/wp-content\/uploads\/2024\/06\/cropped-cropped-cropped-cropped-image-1-1.png","contentUrl":"https:\/\/www.clubmilitar.gov.co\/home\/wp-content\/uploads\/2024\/06\/cropped-cropped-cropped-cropped-image-1-1.png","width":596,"height":133,"caption":"Club Militar"},"image":{"@id":"https:\/\/www.clubmilitar.gov.co\/home\/#\/schema\/logo\/image\/"}}]}},"publishpress_future_workflow_manual_trigger":{"enabledWorkflows":[]},"ticketed":false,"_links":{"self":[{"href":"https:\/\/www.clubmilitar.gov.co\/home\/wp-json\/wp\/v2\/pages\/42632","targetHints":{"allow":["GET"]}}],"collection":[{"href":"https:\/\/www.clubmilitar.gov.co\/home\/wp-json\/wp\/v2\/pages"}],"about":[{"href":"https:\/\/www.clubmilitar.gov.co\/home\/wp-json\/wp\/v2\/types\/page"}],"author":[{"embeddable":true,"href":"https:\/\/www.clubmilitar.gov.co\/home\/wp-json\/wp\/v2\/users\/4"}],"replies":[{"embeddable":true,"href":"https:\/\/www.clubmilitar.gov.co\/home\/wp-json\/wp\/v2\/comments?post=42632"}],"version-history":[{"count":31,"href":"https:\/\/www.clubmilitar.gov.co\/home\/wp-json\/wp\/v2\/pages\/42632\/revisions"}],"predecessor-version":[{"id":48435,"href":"https:\/\/www.clubmilitar.gov.co\/home\/wp-json\/wp\/v2\/pages\/42632\/revisions\/48435"}],"wp:attachment":[{"href":"https:\/\/www.clubmilitar.gov.co\/home\/wp-json\/wp\/v2\/media?parent=42632"}],"curies":[{"name":"wp","href":"https:\/\/api.w.org\/{rel}","templated":true}]}}