{"id":42601,"date":"2022-01-17T10:38:00","date_gmt":"2022-01-17T15:38:00","guid":{"rendered":"https:\/\/www.clubmilitar.gov.co\/home\/?page_id=42601"},"modified":"2022-07-12T14:43:06","modified_gmt":"2022-07-12T19:43:06","slug":"decisiones-y-o-politicas-de-interes-al-socio","status":"publish","type":"page","link":"https:\/\/www.clubmilitar.gov.co\/home\/decisiones-y-o-politicas-de-interes-al-socio\/","title":{"rendered":"DECISIONES Y\/O POL\u00cdTICAS DE INTER\u00c9S AL SOCIO"},"content":{"rendered":"\t\t<div data-elementor-type=\"wp-page\" data-elementor-id=\"42601\" class=\"elementor elementor-42601\">\n\t\t\t\t\t\t<section class=\"elementor-section elementor-top-section elementor-element elementor-element-55fceb8f elementor-section-boxed elementor-section-height-default elementor-section-height-default\" data-id=\"55fceb8f\" data-element_type=\"section\" data-e-type=\"section\">\n\t\t\t\t\t\t<div class=\"elementor-container elementor-column-gap-default\">\n\t\t\t\t\t<div class=\"elementor-column elementor-col-100 elementor-top-column elementor-element elementor-element-487becf3\" data-id=\"487becf3\" data-element_type=\"column\" data-e-type=\"column\">\n\t\t\t<div class=\"elementor-widget-wrap elementor-element-populated\">\n\t\t\t\t\t\t<div class=\"elementor-element elementor-element-c6aec8e elementor-widget elementor-widget-text-editor\" data-id=\"c6aec8e\" data-element_type=\"widget\" data-e-type=\"widget\" data-widget_type=\"text-editor.default\">\n\t\t\t\t<div class=\"elementor-widget-container\">\n\t\t\t\t\t\t\t\t\t<p><\/p>\n<p>\u00daltima actualizaci\u00f3n: 12 de julio de 2022<\/p>\n<p><\/p>\t\t\t\t\t\t\t\t<\/div>\n\t\t\t\t<\/div>\n\t\t\t\t\t<\/div>\n\t\t<\/div>\n\t\t\t\t\t<\/div>\n\t\t<\/section>\n\t\t\t\t<section class=\"elementor-section elementor-top-section elementor-element elementor-element-feca9f6 elementor-section-boxed elementor-section-height-default elementor-section-height-default\" data-id=\"feca9f6\" data-element_type=\"section\" data-e-type=\"section\">\n\t\t\t\t\t\t<div class=\"elementor-container elementor-column-gap-default\">\n\t\t\t\t\t<div class=\"elementor-column elementor-col-100 elementor-top-column elementor-element elementor-element-9859cb9\" data-id=\"9859cb9\" data-element_type=\"column\" data-e-type=\"column\">\n\t\t\t<div class=\"elementor-widget-wrap elementor-element-populated\">\n\t\t\t\t\t\t<div class=\"elementor-element elementor-element-29953e9 elementor-widget elementor-widget-heading\" data-id=\"29953e9\" data-element_type=\"widget\" data-e-type=\"widget\" data-widget_type=\"heading.default\">\n\t\t\t\t<div class=\"elementor-widget-container\">\n\t\t\t\t\t<h2 class=\"elementor-heading-title elementor-size-default\">Apreciado socio: esta informaci\u00f3n le interesa<\/h2>\t\t\t\t<\/div>\n\t\t\t\t<\/div>\n\t\t\t\t\t<\/div>\n\t\t<\/div>\n\t\t\t\t\t<\/div>\n\t\t<\/section>\n\t\t\t\t<section class=\"elementor-section elementor-top-section elementor-element elementor-element-8dab055 elementor-section-boxed elementor-section-height-default elementor-section-height-default\" data-id=\"8dab055\" data-element_type=\"section\" data-e-type=\"section\">\n\t\t\t\t\t\t<div class=\"elementor-container elementor-column-gap-default\">\n\t\t\t\t\t<div class=\"elementor-column elementor-col-100 elementor-top-column elementor-element elementor-element-4bb7081\" data-id=\"4bb7081\" data-element_type=\"column\" data-e-type=\"column\">\n\t\t\t<div class=\"elementor-widget-wrap elementor-element-populated\">\n\t\t\t\t\t\t<div class=\"elementor-element elementor-element-ffa41e7 elementor-widget elementor-widget-image\" data-id=\"ffa41e7\" data-element_type=\"widget\" data-e-type=\"widget\" data-widget_type=\"image.default\">\n\t\t\t\t<div class=\"elementor-widget-container\">\n\t\t\t\t\t\t\t\t\t\t\t\t\t\t\t<img fetchpriority=\"high\" decoding=\"async\" width=\"819\" height=\"1024\" src=\"https:\/\/www.clubmilitar.gov.co\/home\/wp-content\/uploads\/2022\/06\/28-de-febrero-2022.-Actualizacion-Socios-Sede-Principal-819x1024.png\" class=\"attachment-large size-large wp-image-44868\" alt=\"\" srcset=\"https:\/\/www.clubmilitar.gov.co\/home\/wp-content\/uploads\/2022\/06\/28-de-febrero-2022.-Actualizacion-Socios-Sede-Principal-819x1024.png 819w, https:\/\/www.clubmilitar.gov.co\/home\/wp-content\/uploads\/2022\/06\/28-de-febrero-2022.-Actualizacion-Socios-Sede-Principal-240x300.png 240w, https:\/\/www.clubmilitar.gov.co\/home\/wp-content\/uploads\/2022\/06\/28-de-febrero-2022.-Actualizacion-Socios-Sede-Principal-768x960.png 768w, https:\/\/www.clubmilitar.gov.co\/home\/wp-content\/uploads\/2022\/06\/28-de-febrero-2022.-Actualizacion-Socios-Sede-Principal-700x875.png 700w, https:\/\/www.clubmilitar.gov.co\/home\/wp-content\/uploads\/2022\/06\/28-de-febrero-2022.-Actualizacion-Socios-Sede-Principal.png 1080w\" sizes=\"(max-width: 819px) 100vw, 819px\" \/>\t\t\t\t\t\t\t\t\t\t\t\t\t\t\t<\/div>\n\t\t\t\t<\/div>\n\t\t\t\t\t<\/div>\n\t\t<\/div>\n\t\t\t\t\t<\/div>\n\t\t<\/section>\n\t\t\t\t<section class=\"elementor-section elementor-top-section elementor-element elementor-element-c624a23 elementor-section-boxed elementor-section-height-default elementor-section-height-default\" data-id=\"c624a23\" data-element_type=\"section\" data-e-type=\"section\">\n\t\t\t\t\t\t<div class=\"elementor-container elementor-column-gap-default\">\n\t\t\t\t\t<div class=\"elementor-column elementor-col-100 elementor-top-column elementor-element elementor-element-6593949\" data-id=\"6593949\" data-element_type=\"column\" data-e-type=\"column\">\n\t\t\t<div class=\"elementor-widget-wrap elementor-element-populated\">\n\t\t\t\t\t\t<div class=\"elementor-element elementor-element-9dc1a07 elementor-widget elementor-widget-heading\" data-id=\"9dc1a07\" data-element_type=\"widget\" data-e-type=\"widget\" data-widget_type=\"heading.default\">\n\t\t\t\t<div class=\"elementor-widget-container\">\n\t\t\t\t\t<h2 class=\"elementor-heading-title elementor-size-default\">\u201cProceso de Registro Parqueadero Club Militar\u201d<\/h2>\t\t\t\t<\/div>\n\t\t\t\t<\/div>\n\t\t\t\t\t<\/div>\n\t\t<\/div>\n\t\t\t\t\t<\/div>\n\t\t<\/section>\n\t\t\t\t<section class=\"elementor-section elementor-top-section elementor-element elementor-element-a91c33b elementor-section-boxed elementor-section-height-default elementor-section-height-default\" data-id=\"a91c33b\" data-element_type=\"section\" data-e-type=\"section\">\n\t\t\t\t\t\t<div class=\"elementor-container elementor-column-gap-default\">\n\t\t\t\t\t<div class=\"elementor-column elementor-col-100 elementor-top-column elementor-element elementor-element-e24dde0\" data-id=\"e24dde0\" data-element_type=\"column\" data-e-type=\"column\">\n\t\t\t<div class=\"elementor-widget-wrap elementor-element-populated\">\n\t\t\t\t\t\t<div class=\"elementor-element elementor-element-b91dd5e elementor-widget elementor-widget-image\" data-id=\"b91dd5e\" data-element_type=\"widget\" data-e-type=\"widget\" data-widget_type=\"image.default\">\n\t\t\t\t<div class=\"elementor-widget-container\">\n\t\t\t\t\t\t\t\t\t\t\t\t\t\t\t<img decoding=\"async\" width=\"940\" height=\"788\" src=\"https:\/\/www.clubmilitar.gov.co\/home\/wp-content\/uploads\/2019\/09\/campana-semaforo.jpeg\" class=\"attachment-large size-large wp-image-29170\" alt=\"\" srcset=\"https:\/\/www.clubmilitar.gov.co\/home\/wp-content\/uploads\/2019\/09\/campana-semaforo.jpeg 940w, https:\/\/www.clubmilitar.gov.co\/home\/wp-content\/uploads\/2019\/09\/campana-semaforo-300x251.jpeg 300w, https:\/\/www.clubmilitar.gov.co\/home\/wp-content\/uploads\/2019\/09\/campana-semaforo-768x644.jpeg 768w, https:\/\/www.clubmilitar.gov.co\/home\/wp-content\/uploads\/2019\/09\/campana-semaforo-700x587.jpeg 700w\" sizes=\"(max-width: 940px) 100vw, 940px\" \/>\t\t\t\t\t\t\t\t\t\t\t\t\t\t\t<\/div>\n\t\t\t\t<\/div>\n\t\t\t\t\t<\/div>\n\t\t<\/div>\n\t\t\t\t\t<\/div>\n\t\t<\/section>\n\t\t\t\t<section class=\"elementor-section elementor-top-section elementor-element elementor-element-9932641 elementor-section-boxed elementor-section-height-default elementor-section-height-default\" data-id=\"9932641\" data-element_type=\"section\" data-e-type=\"section\">\n\t\t\t\t\t\t<div class=\"elementor-container elementor-column-gap-default\">\n\t\t\t\t\t<div class=\"elementor-column elementor-col-100 elementor-top-column elementor-element elementor-element-d525ea8\" data-id=\"d525ea8\" data-element_type=\"column\" data-e-type=\"column\">\n\t\t\t<div class=\"elementor-widget-wrap elementor-element-populated\">\n\t\t\t\t\t\t<div class=\"elementor-element elementor-element-f4a8597 elementor-widget elementor-widget-text-editor\" data-id=\"f4a8597\" data-element_type=\"widget\" data-e-type=\"widget\" data-widget_type=\"text-editor.default\">\n\t\t\t\t<div class=\"elementor-widget-container\">\n\t\t\t\t\t\t\t\t\t<p>Se\u00f1or oficial. \u00bfPas\u00f3 a la reserva activa? El Club Militar tiene importantes noticias. La Oficina de Socios resolver\u00e1 todas sus inquietudes. \u00a1Lo esperamos!<\/p>\t\t\t\t\t\t\t\t<\/div>\n\t\t\t\t<\/div>\n\t\t\t\t\t<\/div>\n\t\t<\/div>\n\t\t\t\t\t<\/div>\n\t\t<\/section>\n\t\t\t\t<\/div>\n\t\t","protected":false},"excerpt":{"rendered":"<p>\u00daltima actualizaci\u00f3n: 12 de julio de 2022 Apreciado socio: esta informaci\u00f3n le interesa \u201cProceso de Registro Parqueadero Club Militar\u201d Se\u00f1or oficial. \u00bfPas\u00f3 a la reserva activa? El Club Militar tiene importantes noticias. La Oficina de Socios resolver\u00e1 todas sus inquietudes. \u00a1Lo esperamos!<\/p>\n","protected":false},"author":4,"featured_media":0,"parent":0,"menu_order":0,"comment_status":"closed","ping_status":"closed","template":"","meta":{"_price":"","_stock":"","_tribe_ticket_header":"","_tribe_default_ticket_provider":"","_tribe_ticket_capacity":"0","_ticket_start_date":"","_ticket_end_date":"","_tribe_ticket_show_description":"","_tribe_ticket_show_not_going":false,"_tribe_ticket_use_global_stock":"","_tribe_ticket_global_stock_level":"","_global_stock_mode":"","_global_stock_cap":"","_tribe_rsvp_for_event":"","_tribe_ticket_going_count":"","_tribe_ticket_not_going_count":"","_tribe_tickets_list":"[]","_tribe_ticket_has_attendee_info_fields":false,"_EventAllDay":false,"_EventTimezone":"","_EventStartDate":"","_EventEndDate":"","_EventStartDateUTC":"","_EventEndDateUTC":"","_EventShowMap":false,"_EventShowMapLink":false,"_EventURL":"","_EventCost":"","_EventCostDescription":"","_EventCurrencySymbol":"","_EventCurrencyCode":"","_EventCurrencyPosition":"","_EventDateTimeSeparator":"","_EventTimeRangeSeparator":"","_EventOrganizerID":[],"_EventVenueID":[],"_OrganizerEmail":"","_OrganizerPhone":"","_OrganizerWebsite":"","_VenueAddress":"","_VenueCity":"","_VenueCountry":"","_VenueProvince":"","_VenueState":"","_VenueZip":"","_VenuePhone":"","_VenueURL":"","_VenueStateProvince":"","_VenueLat":"","_VenueLng":"","_VenueShowMap":false,"_VenueShowMapLink":false,"footnotes":"","_tec_slr_enabled":"","_tec_slr_layout":""},"class_list":["post-42601","page","type-page","status-publish","hentry"],"yoast_head":"<!-- This site is optimized with the Yoast SEO plugin v27.5 - https:\/\/yoast.com\/product\/yoast-seo-wordpress\/ -->\n<title>DECISIONES Y\/O POL\u00cdTICAS DE INTER\u00c9S AL SOCIO - Club Militar<\/title>\n<meta name=\"robots\" content=\"index, follow, max-snippet:-1, max-image-preview:large, max-video-preview:-1\" \/>\n<link rel=\"canonical\" href=\"https:\/\/www.clubmilitar.gov.co\/home\/decisiones-y-o-politicas-de-interes-al-socio\/\" \/>\n<meta property=\"og:locale\" content=\"es_ES\" \/>\n<meta property=\"og:type\" content=\"article\" \/>\n<meta property=\"og:title\" content=\"DECISIONES Y\/O POL\u00cdTICAS DE INTER\u00c9S AL SOCIO - Club Militar\" \/>\n<meta property=\"og:description\" content=\"\u00daltima actualizaci\u00f3n: 12 de julio de 2022 Apreciado socio: esta informaci\u00f3n le interesa \u201cProceso de Registro Parqueadero Club Militar\u201d Se\u00f1or oficial. \u00bfPas\u00f3 a la reserva activa? El Club Militar tiene importantes noticias. La Oficina de Socios resolver\u00e1 todas sus inquietudes. \u00a1Lo esperamos!\" \/>\n<meta property=\"og:url\" content=\"https:\/\/www.clubmilitar.gov.co\/home\/decisiones-y-o-politicas-de-interes-al-socio\/\" \/>\n<meta property=\"og:site_name\" content=\"Club Militar\" \/>\n<meta property=\"article:modified_time\" content=\"2022-07-12T19:43:06+00:00\" \/>\n<meta property=\"og:image\" content=\"https:\/\/www.clubmilitar.gov.co\/home\/wp-content\/uploads\/2022\/06\/28-de-febrero-2022.-Actualizacion-Socios-Sede-Principal-819x1024.png\" \/>\n<meta name=\"twitter:card\" content=\"summary_large_image\" \/>\n<meta name=\"twitter:label1\" content=\"Tiempo de lectura\" \/>\n\t<meta name=\"twitter:data1\" content=\"1 minuto\" \/>\n<script type=\"application\/ld+json\" class=\"yoast-schema-graph\">{\"@context\":\"https:\\\/\\\/schema.org\",\"@graph\":[{\"@type\":\"WebPage\",\"@id\":\"https:\\\/\\\/www.clubmilitar.gov.co\\\/home\\\/decisiones-y-o-politicas-de-interes-al-socio\\\/\",\"url\":\"https:\\\/\\\/www.clubmilitar.gov.co\\\/home\\\/decisiones-y-o-politicas-de-interes-al-socio\\\/\",\"name\":\"DECISIONES Y\\\/O POL\u00cdTICAS DE INTER\u00c9S AL SOCIO - Club Militar\",\"isPartOf\":{\"@id\":\"https:\\\/\\\/www.clubmilitar.gov.co\\\/home\\\/#website\"},\"primaryImageOfPage\":{\"@id\":\"https:\\\/\\\/www.clubmilitar.gov.co\\\/home\\\/decisiones-y-o-politicas-de-interes-al-socio\\\/#primaryimage\"},\"image\":{\"@id\":\"https:\\\/\\\/www.clubmilitar.gov.co\\\/home\\\/decisiones-y-o-politicas-de-interes-al-socio\\\/#primaryimage\"},\"thumbnailUrl\":\"https:\\\/\\\/www.clubmilitar.gov.co\\\/home\\\/wp-content\\\/uploads\\\/2022\\\/06\\\/28-de-febrero-2022.-Actualizacion-Socios-Sede-Principal-819x1024.png\",\"datePublished\":\"2022-01-17T15:38:00+00:00\",\"dateModified\":\"2022-07-12T19:43:06+00:00\",\"breadcrumb\":{\"@id\":\"https:\\\/\\\/www.clubmilitar.gov.co\\\/home\\\/decisiones-y-o-politicas-de-interes-al-socio\\\/#breadcrumb\"},\"inLanguage\":\"es\",\"potentialAction\":[{\"@type\":\"ReadAction\",\"target\":[\"https:\\\/\\\/www.clubmilitar.gov.co\\\/home\\\/decisiones-y-o-politicas-de-interes-al-socio\\\/\"]}]},{\"@type\":\"ImageObject\",\"inLanguage\":\"es\",\"@id\":\"https:\\\/\\\/www.clubmilitar.gov.co\\\/home\\\/decisiones-y-o-politicas-de-interes-al-socio\\\/#primaryimage\",\"url\":\"https:\\\/\\\/www.clubmilitar.gov.co\\\/home\\\/wp-content\\\/uploads\\\/2022\\\/06\\\/28-de-febrero-2022.-Actualizacion-Socios-Sede-Principal.png\",\"contentUrl\":\"https:\\\/\\\/www.clubmilitar.gov.co\\\/home\\\/wp-content\\\/uploads\\\/2022\\\/06\\\/28-de-febrero-2022.-Actualizacion-Socios-Sede-Principal.png\",\"width\":1080,\"height\":1350},{\"@type\":\"BreadcrumbList\",\"@id\":\"https:\\\/\\\/www.clubmilitar.gov.co\\\/home\\\/decisiones-y-o-politicas-de-interes-al-socio\\\/#breadcrumb\",\"itemListElement\":[{\"@type\":\"ListItem\",\"position\":1,\"name\":\"Inicio\",\"item\":\"https:\\\/\\\/www.clubmilitar.gov.co\\\/home\\\/\"},{\"@type\":\"ListItem\",\"position\":2,\"name\":\"DECISIONES Y\\\/O POL\u00cdTICAS DE INTER\u00c9S AL SOCIO\"}]},{\"@type\":\"WebSite\",\"@id\":\"https:\\\/\\\/www.clubmilitar.gov.co\\\/home\\\/#website\",\"url\":\"https:\\\/\\\/www.clubmilitar.gov.co\\\/home\\\/\",\"name\":\"Club Militar\",\"description\":\"&quot;Su destino ideal en familia&quot;\",\"publisher\":{\"@id\":\"https:\\\/\\\/www.clubmilitar.gov.co\\\/home\\\/#organization\"},\"potentialAction\":[{\"@type\":\"SearchAction\",\"target\":{\"@type\":\"EntryPoint\",\"urlTemplate\":\"https:\\\/\\\/www.clubmilitar.gov.co\\\/home\\\/?s={search_term_string}\"},\"query-input\":{\"@type\":\"PropertyValueSpecification\",\"valueRequired\":true,\"valueName\":\"search_term_string\"}}],\"inLanguage\":\"es\"},{\"@type\":\"Organization\",\"@id\":\"https:\\\/\\\/www.clubmilitar.gov.co\\\/home\\\/#organization\",\"name\":\"Club Militar\",\"url\":\"https:\\\/\\\/www.clubmilitar.gov.co\\\/home\\\/\",\"logo\":{\"@type\":\"ImageObject\",\"inLanguage\":\"es\",\"@id\":\"https:\\\/\\\/www.clubmilitar.gov.co\\\/home\\\/#\\\/schema\\\/logo\\\/image\\\/\",\"url\":\"https:\\\/\\\/www.clubmilitar.gov.co\\\/home\\\/wp-content\\\/uploads\\\/2024\\\/06\\\/cropped-cropped-cropped-cropped-image-1-1.png\",\"contentUrl\":\"https:\\\/\\\/www.clubmilitar.gov.co\\\/home\\\/wp-content\\\/uploads\\\/2024\\\/06\\\/cropped-cropped-cropped-cropped-image-1-1.png\",\"width\":596,\"height\":133,\"caption\":\"Club Militar\"},\"image\":{\"@id\":\"https:\\\/\\\/www.clubmilitar.gov.co\\\/home\\\/#\\\/schema\\\/logo\\\/image\\\/\"}}]}<\/script>\n<!-- \/ Yoast SEO plugin. -->","yoast_head_json":{"title":"DECISIONES Y\/O POL\u00cdTICAS DE INTER\u00c9S AL SOCIO - Club Militar","robots":{"index":"index","follow":"follow","max-snippet":"max-snippet:-1","max-image-preview":"max-image-preview:large","max-video-preview":"max-video-preview:-1"},"canonical":"https:\/\/www.clubmilitar.gov.co\/home\/decisiones-y-o-politicas-de-interes-al-socio\/","og_locale":"es_ES","og_type":"article","og_title":"DECISIONES Y\/O POL\u00cdTICAS DE INTER\u00c9S AL SOCIO - Club Militar","og_description":"\u00daltima actualizaci\u00f3n: 12 de julio de 2022 Apreciado socio: esta informaci\u00f3n le interesa \u201cProceso de Registro Parqueadero Club Militar\u201d Se\u00f1or oficial. \u00bfPas\u00f3 a la reserva activa? El Club Militar tiene importantes noticias. La Oficina de Socios resolver\u00e1 todas sus inquietudes. \u00a1Lo esperamos!","og_url":"https:\/\/www.clubmilitar.gov.co\/home\/decisiones-y-o-politicas-de-interes-al-socio\/","og_site_name":"Club Militar","article_modified_time":"2022-07-12T19:43:06+00:00","og_image":[{"url":"https:\/\/www.clubmilitar.gov.co\/home\/wp-content\/uploads\/2022\/06\/28-de-febrero-2022.-Actualizacion-Socios-Sede-Principal-819x1024.png","type":"","width":"","height":""}],"twitter_card":"summary_large_image","twitter_misc":{"Tiempo de lectura":"1 minuto"},"schema":{"@context":"https:\/\/schema.org","@graph":[{"@type":"WebPage","@id":"https:\/\/www.clubmilitar.gov.co\/home\/decisiones-y-o-politicas-de-interes-al-socio\/","url":"https:\/\/www.clubmilitar.gov.co\/home\/decisiones-y-o-politicas-de-interes-al-socio\/","name":"DECISIONES Y\/O POL\u00cdTICAS DE INTER\u00c9S AL SOCIO - Club Militar","isPartOf":{"@id":"https:\/\/www.clubmilitar.gov.co\/home\/#website"},"primaryImageOfPage":{"@id":"https:\/\/www.clubmilitar.gov.co\/home\/decisiones-y-o-politicas-de-interes-al-socio\/#primaryimage"},"image":{"@id":"https:\/\/www.clubmilitar.gov.co\/home\/decisiones-y-o-politicas-de-interes-al-socio\/#primaryimage"},"thumbnailUrl":"https:\/\/www.clubmilitar.gov.co\/home\/wp-content\/uploads\/2022\/06\/28-de-febrero-2022.-Actualizacion-Socios-Sede-Principal-819x1024.png","datePublished":"2022-01-17T15:38:00+00:00","dateModified":"2022-07-12T19:43:06+00:00","breadcrumb":{"@id":"https:\/\/www.clubmilitar.gov.co\/home\/decisiones-y-o-politicas-de-interes-al-socio\/#breadcrumb"},"inLanguage":"es","potentialAction":[{"@type":"ReadAction","target":["https:\/\/www.clubmilitar.gov.co\/home\/decisiones-y-o-politicas-de-interes-al-socio\/"]}]},{"@type":"ImageObject","inLanguage":"es","@id":"https:\/\/www.clubmilitar.gov.co\/home\/decisiones-y-o-politicas-de-interes-al-socio\/#primaryimage","url":"https:\/\/www.clubmilitar.gov.co\/home\/wp-content\/uploads\/2022\/06\/28-de-febrero-2022.-Actualizacion-Socios-Sede-Principal.png","contentUrl":"https:\/\/www.clubmilitar.gov.co\/home\/wp-content\/uploads\/2022\/06\/28-de-febrero-2022.-Actualizacion-Socios-Sede-Principal.png","width":1080,"height":1350},{"@type":"BreadcrumbList","@id":"https:\/\/www.clubmilitar.gov.co\/home\/decisiones-y-o-politicas-de-interes-al-socio\/#breadcrumb","itemListElement":[{"@type":"ListItem","position":1,"name":"Inicio","item":"https:\/\/www.clubmilitar.gov.co\/home\/"},{"@type":"ListItem","position":2,"name":"DECISIONES Y\/O POL\u00cdTICAS DE INTER\u00c9S AL SOCIO"}]},{"@type":"WebSite","@id":"https:\/\/www.clubmilitar.gov.co\/home\/#website","url":"https:\/\/www.clubmilitar.gov.co\/home\/","name":"Club Militar","description":"&quot;Su destino ideal en familia&quot;","publisher":{"@id":"https:\/\/www.clubmilitar.gov.co\/home\/#organization"},"potentialAction":[{"@type":"SearchAction","target":{"@type":"EntryPoint","urlTemplate":"https:\/\/www.clubmilitar.gov.co\/home\/?s={search_term_string}"},"query-input":{"@type":"PropertyValueSpecification","valueRequired":true,"valueName":"search_term_string"}}],"inLanguage":"es"},{"@type":"Organization","@id":"https:\/\/www.clubmilitar.gov.co\/home\/#organization","name":"Club Militar","url":"https:\/\/www.clubmilitar.gov.co\/home\/","logo":{"@type":"ImageObject","inLanguage":"es","@id":"https:\/\/www.clubmilitar.gov.co\/home\/#\/schema\/logo\/image\/","url":"https:\/\/www.clubmilitar.gov.co\/home\/wp-content\/uploads\/2024\/06\/cropped-cropped-cropped-cropped-image-1-1.png","contentUrl":"https:\/\/www.clubmilitar.gov.co\/home\/wp-content\/uploads\/2024\/06\/cropped-cropped-cropped-cropped-image-1-1.png","width":596,"height":133,"caption":"Club Militar"},"image":{"@id":"https:\/\/www.clubmilitar.gov.co\/home\/#\/schema\/logo\/image\/"}}]}},"publishpress_future_workflow_manual_trigger":{"enabledWorkflows":[]},"ticketed":false,"_links":{"self":[{"href":"https:\/\/www.clubmilitar.gov.co\/home\/wp-json\/wp\/v2\/pages\/42601","targetHints":{"allow":["GET"]}}],"collection":[{"href":"https:\/\/www.clubmilitar.gov.co\/home\/wp-json\/wp\/v2\/pages"}],"about":[{"href":"https:\/\/www.clubmilitar.gov.co\/home\/wp-json\/wp\/v2\/types\/page"}],"author":[{"embeddable":true,"href":"https:\/\/www.clubmilitar.gov.co\/home\/wp-json\/wp\/v2\/users\/4"}],"replies":[{"embeddable":true,"href":"https:\/\/www.clubmilitar.gov.co\/home\/wp-json\/wp\/v2\/comments?post=42601"}],"version-history":[{"count":10,"href":"https:\/\/www.clubmilitar.gov.co\/home\/wp-json\/wp\/v2\/pages\/42601\/revisions"}],"predecessor-version":[{"id":45332,"href":"https:\/\/www.clubmilitar.gov.co\/home\/wp-json\/wp\/v2\/pages\/42601\/revisions\/45332"}],"wp:attachment":[{"href":"https:\/\/www.clubmilitar.gov.co\/home\/wp-json\/wp\/v2\/media?parent=42601"}],"curies":[{"name":"wp","href":"https:\/\/api.w.org\/{rel}","templated":true}]}}