{"id":42321,"date":"2022-01-12T14:58:35","date_gmt":"2022-01-12T19:58:35","guid":{"rendered":"https:\/\/www.clubmilitar.gov.co\/home\/?page_id=42321"},"modified":"2022-01-12T16:40:00","modified_gmt":"2022-01-12T21:40:00","slug":"otros-instrumentos-y-documentos-de-la-gestion-archivistica","status":"publish","type":"page","link":"https:\/\/www.clubmilitar.gov.co\/home\/otros-instrumentos-y-documentos-de-la-gestion-archivistica\/","title":{"rendered":"Otros instrumentos y documentos de la gesti\u00f3n archiv\u00edstica"},"content":{"rendered":"\t\t<div data-elementor-type=\"wp-page\" data-elementor-id=\"42321\" class=\"elementor elementor-42321\">\n\t\t\t\t\t\t<section class=\"elementor-section elementor-top-section elementor-element elementor-element-19138948 elementor-section-boxed elementor-section-height-default elementor-section-height-default\" data-id=\"19138948\" data-element_type=\"section\" data-e-type=\"section\">\n\t\t\t\t\t\t<div class=\"elementor-container elementor-column-gap-default\">\n\t\t\t\t\t<div class=\"elementor-column elementor-col-100 elementor-top-column elementor-element elementor-element-48b534ce\" data-id=\"48b534ce\" data-element_type=\"column\" data-e-type=\"column\">\n\t\t\t<div class=\"elementor-widget-wrap elementor-element-populated\">\n\t\t\t\t\t\t<div class=\"elementor-element elementor-element-3661c53c elementor-widget elementor-widget-text-editor\" data-id=\"3661c53c\" data-element_type=\"widget\" data-e-type=\"widget\" data-widget_type=\"text-editor.default\">\n\t\t\t\t<div class=\"elementor-widget-container\">\n\t\t\t\t\t\t\t\t\t\n<p>\u00daltima actualizaci\u00f3n: 12 de enero de 2022<\/p>\n\t\t\t\t\t\t\t\t<\/div>\n\t\t\t\t<\/div>\n\t\t\t\t\t<\/div>\n\t\t<\/div>\n\t\t\t\t\t<\/div>\n\t\t<\/section>\n\t\t\t\t<section class=\"elementor-section elementor-top-section elementor-element elementor-element-f6865ab elementor-section-boxed elementor-section-height-default elementor-section-height-default\" data-id=\"f6865ab\" data-element_type=\"section\" data-e-type=\"section\">\n\t\t\t\t\t\t<div class=\"elementor-container elementor-column-gap-default\">\n\t\t\t\t\t<div class=\"elementor-column elementor-col-100 elementor-top-column elementor-element elementor-element-7129d97\" data-id=\"7129d97\" data-element_type=\"column\" data-e-type=\"column\">\n\t\t\t<div class=\"elementor-widget-wrap elementor-element-populated\">\n\t\t\t\t\t\t<div class=\"elementor-element elementor-element-7f5581f elementor-widget elementor-widget-text-editor\" data-id=\"7f5581f\" data-element_type=\"widget\" data-e-type=\"widget\" data-widget_type=\"text-editor.default\">\n\t\t\t\t<div class=\"elementor-widget-container\">\n\t\t\t\t\t\t\t\t\t<h6><a href=\"https:\/\/www.clubmilitar.gov.co\/home\/wp-content\/uploads\/2022\/01\/Diagnostico-Archivo-Club-Militar_2019.pdf\" target=\"_blank\" rel=\"noopener\"><span style=\"color: #004884;\">Diagn\u00f3stico integral de archivos<\/span><\/a><\/h6>\n<h6>\u00a0<\/h6>\n<h6><a href=\"https:\/\/www.clubmilitar.gov.co\/home\/plan-institucional-de-archivos\/\" target=\"_blank\" rel=\"noopener\"><span style=\"color: #004884;\">Plan institucional de archivos<\/span><\/a><\/h6>\n<h6>\u00a0<\/h6>\n<h6><a href=\"https:\/\/www.clubmilitar.gov.co\/home\/wp-content\/uploads\/2022\/01\/GLA-M07-MANUAL-SISTEMA-INTEGRADO-DE-CONSERVACION.pdf\" target=\"_blank\" rel=\"noopener\"><span style=\"color: #004884;\">Sistema integrado de conservaci\u00f3n<\/span><\/a><\/h6>\n<h6>\u00a0<\/h6>\n<h6><span style=\"color: #004884;\">Tablas de control de acceso<\/span><\/h6>\n<h6>\u00a0<\/h6>\n<h6><a href=\"https:\/\/www.clubmilitar.gov.co\/home\/tablas-de-valoracion-documental\/\" target=\"_blank\" rel=\"noopener\"><span style=\"color: #004884;\">Tablas de valoraci\u00f3n documental<\/span><\/a><\/h6>\n<h6>\u00a0<\/h6>\n<h6><span style=\"color: #004884;\">Inventario documental<\/span><\/h6>\n<h6>\u00a0<\/h6>\n<h6><span style=\"color: #004884;\">Transferencias<\/span><\/h6>\n<h6>\u00a0<\/h6>\n<h6><a href=\"https:\/\/www.clubmilitar.gov.co\/home\/wp-content\/uploads\/2022\/01\/GLA-I05-INSTRUCTIVO-PARA-ELIMINACION-DE-DOCUMENTOS-FISICOS.pdf\" target=\"_blank\" rel=\"noopener\"><span style=\"color: #004884;\">Eliminaci\u00f3n documental<\/span><\/a><\/h6>\n<h6>\u00a0<\/h6>\n<h6><span style=\"color: #004884;\">Modelo de requisitos para la gesti\u00f3n de documentos electr\u00f3nicos de archivos<\/span><\/h6>\t\t\t\t\t\t\t\t<\/div>\n\t\t\t\t<\/div>\n\t\t\t\t\t<\/div>\n\t\t<\/div>\n\t\t\t\t\t<\/div>\n\t\t<\/section>\n\t\t\t\t<\/div>\n\t\t","protected":false},"excerpt":{"rendered":"<p>\u00daltima actualizaci\u00f3n: 12 de enero de 2022 Diagn\u00f3stico integral de archivos \u00a0 Plan institucional de archivos \u00a0 Sistema integrado de conservaci\u00f3n \u00a0 Tablas de control de acceso \u00a0 Tablas de valoraci\u00f3n documental \u00a0 Inventario documental \u00a0 Transferencias \u00a0 Eliminaci\u00f3n documental \u00a0 Modelo de requisitos para la gesti\u00f3n de documentos electr\u00f3nicos de archivos<\/p>\n","protected":false},"author":4,"featured_media":0,"parent":0,"menu_order":0,"comment_status":"closed","ping_status":"closed","template":"","meta":{"_price":"","_stock":"","_tribe_ticket_header":"","_tribe_default_ticket_provider":"","_tribe_ticket_capacity":"0","_ticket_start_date":"","_ticket_end_date":"","_tribe_ticket_show_description":"","_tribe_ticket_show_not_going":false,"_tribe_ticket_use_global_stock":"","_tribe_ticket_global_stock_level":"","_global_stock_mode":"","_global_stock_cap":"","_tribe_rsvp_for_event":"","_tribe_ticket_going_count":"","_tribe_ticket_not_going_count":"","_tribe_tickets_list":"[]","_tribe_ticket_has_attendee_info_fields":false,"_EventAllDay":false,"_EventTimezone":"","_EventStartDate":"","_EventEndDate":"","_EventStartDateUTC":"","_EventEndDateUTC":"","_EventShowMap":false,"_EventShowMapLink":false,"_EventURL":"","_EventCost":"","_EventCostDescription":"","_EventCurrencySymbol":"","_EventCurrencyCode":"","_EventCurrencyPosition":"","_EventDateTimeSeparator":"","_EventTimeRangeSeparator":"","_EventOrganizerID":[],"_EventVenueID":[],"_OrganizerEmail":"","_OrganizerPhone":"","_OrganizerWebsite":"","_VenueAddress":"","_VenueCity":"","_VenueCountry":"","_VenueProvince":"","_VenueState":"","_VenueZip":"","_VenuePhone":"","_VenueURL":"","_VenueStateProvince":"","_VenueLat":"","_VenueLng":"","_VenueShowMap":false,"_VenueShowMapLink":false,"footnotes":"","_tec_slr_enabled":"","_tec_slr_layout":""},"class_list":["post-42321","page","type-page","status-publish","hentry"],"yoast_head":"<!-- This site is optimized with the Yoast SEO plugin v27.5 - https:\/\/yoast.com\/product\/yoast-seo-wordpress\/ -->\n<title>Otros instrumentos y documentos de la gesti\u00f3n archiv\u00edstica - Club Militar<\/title>\n<meta name=\"robots\" content=\"index, follow, max-snippet:-1, max-image-preview:large, max-video-preview:-1\" \/>\n<link rel=\"canonical\" href=\"https:\/\/www.clubmilitar.gov.co\/home\/otros-instrumentos-y-documentos-de-la-gestion-archivistica\/\" \/>\n<meta property=\"og:locale\" content=\"es_ES\" \/>\n<meta property=\"og:type\" content=\"article\" \/>\n<meta property=\"og:title\" content=\"Otros instrumentos y documentos de la gesti\u00f3n archiv\u00edstica - Club Militar\" \/>\n<meta property=\"og:description\" content=\"\u00daltima actualizaci\u00f3n: 12 de enero de 2022 Diagn\u00f3stico integral de archivos \u00a0 Plan institucional de archivos \u00a0 Sistema integrado de conservaci\u00f3n \u00a0 Tablas de control de acceso \u00a0 Tablas de valoraci\u00f3n documental \u00a0 Inventario documental \u00a0 Transferencias \u00a0 Eliminaci\u00f3n documental \u00a0 Modelo de requisitos para la gesti\u00f3n de documentos electr\u00f3nicos de archivos\" \/>\n<meta property=\"og:url\" content=\"https:\/\/www.clubmilitar.gov.co\/home\/otros-instrumentos-y-documentos-de-la-gestion-archivistica\/\" \/>\n<meta property=\"og:site_name\" content=\"Club Militar\" \/>\n<meta property=\"article:modified_time\" content=\"2022-01-12T21:40:00+00:00\" \/>\n<meta name=\"twitter:card\" content=\"summary_large_image\" \/>\n<script type=\"application\/ld+json\" class=\"yoast-schema-graph\">{\"@context\":\"https:\\\/\\\/schema.org\",\"@graph\":[{\"@type\":\"WebPage\",\"@id\":\"https:\\\/\\\/www.clubmilitar.gov.co\\\/home\\\/otros-instrumentos-y-documentos-de-la-gestion-archivistica\\\/\",\"url\":\"https:\\\/\\\/www.clubmilitar.gov.co\\\/home\\\/otros-instrumentos-y-documentos-de-la-gestion-archivistica\\\/\",\"name\":\"Otros instrumentos y documentos de la gesti\u00f3n archiv\u00edstica - Club Militar\",\"isPartOf\":{\"@id\":\"https:\\\/\\\/www.clubmilitar.gov.co\\\/home\\\/#website\"},\"datePublished\":\"2022-01-12T19:58:35+00:00\",\"dateModified\":\"2022-01-12T21:40:00+00:00\",\"breadcrumb\":{\"@id\":\"https:\\\/\\\/www.clubmilitar.gov.co\\\/home\\\/otros-instrumentos-y-documentos-de-la-gestion-archivistica\\\/#breadcrumb\"},\"inLanguage\":\"es\",\"potentialAction\":[{\"@type\":\"ReadAction\",\"target\":[\"https:\\\/\\\/www.clubmilitar.gov.co\\\/home\\\/otros-instrumentos-y-documentos-de-la-gestion-archivistica\\\/\"]}]},{\"@type\":\"BreadcrumbList\",\"@id\":\"https:\\\/\\\/www.clubmilitar.gov.co\\\/home\\\/otros-instrumentos-y-documentos-de-la-gestion-archivistica\\\/#breadcrumb\",\"itemListElement\":[{\"@type\":\"ListItem\",\"position\":1,\"name\":\"Inicio\",\"item\":\"https:\\\/\\\/www.clubmilitar.gov.co\\\/home\\\/\"},{\"@type\":\"ListItem\",\"position\":2,\"name\":\"Otros instrumentos y documentos de la gesti\u00f3n archiv\u00edstica\"}]},{\"@type\":\"WebSite\",\"@id\":\"https:\\\/\\\/www.clubmilitar.gov.co\\\/home\\\/#website\",\"url\":\"https:\\\/\\\/www.clubmilitar.gov.co\\\/home\\\/\",\"name\":\"Club Militar\",\"description\":\"&quot;Su destino ideal en familia&quot;\",\"publisher\":{\"@id\":\"https:\\\/\\\/www.clubmilitar.gov.co\\\/home\\\/#organization\"},\"potentialAction\":[{\"@type\":\"SearchAction\",\"target\":{\"@type\":\"EntryPoint\",\"urlTemplate\":\"https:\\\/\\\/www.clubmilitar.gov.co\\\/home\\\/?s={search_term_string}\"},\"query-input\":{\"@type\":\"PropertyValueSpecification\",\"valueRequired\":true,\"valueName\":\"search_term_string\"}}],\"inLanguage\":\"es\"},{\"@type\":\"Organization\",\"@id\":\"https:\\\/\\\/www.clubmilitar.gov.co\\\/home\\\/#organization\",\"name\":\"Club Militar\",\"url\":\"https:\\\/\\\/www.clubmilitar.gov.co\\\/home\\\/\",\"logo\":{\"@type\":\"ImageObject\",\"inLanguage\":\"es\",\"@id\":\"https:\\\/\\\/www.clubmilitar.gov.co\\\/home\\\/#\\\/schema\\\/logo\\\/image\\\/\",\"url\":\"https:\\\/\\\/www.clubmilitar.gov.co\\\/home\\\/wp-content\\\/uploads\\\/2024\\\/06\\\/cropped-cropped-cropped-cropped-image-1-1.png\",\"contentUrl\":\"https:\\\/\\\/www.clubmilitar.gov.co\\\/home\\\/wp-content\\\/uploads\\\/2024\\\/06\\\/cropped-cropped-cropped-cropped-image-1-1.png\",\"width\":596,\"height\":133,\"caption\":\"Club Militar\"},\"image\":{\"@id\":\"https:\\\/\\\/www.clubmilitar.gov.co\\\/home\\\/#\\\/schema\\\/logo\\\/image\\\/\"}}]}<\/script>\n<!-- \/ Yoast SEO plugin. -->","yoast_head_json":{"title":"Otros instrumentos y documentos de la gesti\u00f3n archiv\u00edstica - Club Militar","robots":{"index":"index","follow":"follow","max-snippet":"max-snippet:-1","max-image-preview":"max-image-preview:large","max-video-preview":"max-video-preview:-1"},"canonical":"https:\/\/www.clubmilitar.gov.co\/home\/otros-instrumentos-y-documentos-de-la-gestion-archivistica\/","og_locale":"es_ES","og_type":"article","og_title":"Otros instrumentos y documentos de la gesti\u00f3n archiv\u00edstica - Club Militar","og_description":"\u00daltima actualizaci\u00f3n: 12 de enero de 2022 Diagn\u00f3stico integral de archivos \u00a0 Plan institucional de archivos \u00a0 Sistema integrado de conservaci\u00f3n \u00a0 Tablas de control de acceso \u00a0 Tablas de valoraci\u00f3n documental \u00a0 Inventario documental \u00a0 Transferencias \u00a0 Eliminaci\u00f3n documental \u00a0 Modelo de requisitos para la gesti\u00f3n de documentos electr\u00f3nicos de archivos","og_url":"https:\/\/www.clubmilitar.gov.co\/home\/otros-instrumentos-y-documentos-de-la-gestion-archivistica\/","og_site_name":"Club Militar","article_modified_time":"2022-01-12T21:40:00+00:00","twitter_card":"summary_large_image","schema":{"@context":"https:\/\/schema.org","@graph":[{"@type":"WebPage","@id":"https:\/\/www.clubmilitar.gov.co\/home\/otros-instrumentos-y-documentos-de-la-gestion-archivistica\/","url":"https:\/\/www.clubmilitar.gov.co\/home\/otros-instrumentos-y-documentos-de-la-gestion-archivistica\/","name":"Otros instrumentos y documentos de la gesti\u00f3n archiv\u00edstica - Club Militar","isPartOf":{"@id":"https:\/\/www.clubmilitar.gov.co\/home\/#website"},"datePublished":"2022-01-12T19:58:35+00:00","dateModified":"2022-01-12T21:40:00+00:00","breadcrumb":{"@id":"https:\/\/www.clubmilitar.gov.co\/home\/otros-instrumentos-y-documentos-de-la-gestion-archivistica\/#breadcrumb"},"inLanguage":"es","potentialAction":[{"@type":"ReadAction","target":["https:\/\/www.clubmilitar.gov.co\/home\/otros-instrumentos-y-documentos-de-la-gestion-archivistica\/"]}]},{"@type":"BreadcrumbList","@id":"https:\/\/www.clubmilitar.gov.co\/home\/otros-instrumentos-y-documentos-de-la-gestion-archivistica\/#breadcrumb","itemListElement":[{"@type":"ListItem","position":1,"name":"Inicio","item":"https:\/\/www.clubmilitar.gov.co\/home\/"},{"@type":"ListItem","position":2,"name":"Otros instrumentos y documentos de la gesti\u00f3n archiv\u00edstica"}]},{"@type":"WebSite","@id":"https:\/\/www.clubmilitar.gov.co\/home\/#website","url":"https:\/\/www.clubmilitar.gov.co\/home\/","name":"Club Militar","description":"&quot;Su destino ideal en familia&quot;","publisher":{"@id":"https:\/\/www.clubmilitar.gov.co\/home\/#organization"},"potentialAction":[{"@type":"SearchAction","target":{"@type":"EntryPoint","urlTemplate":"https:\/\/www.clubmilitar.gov.co\/home\/?s={search_term_string}"},"query-input":{"@type":"PropertyValueSpecification","valueRequired":true,"valueName":"search_term_string"}}],"inLanguage":"es"},{"@type":"Organization","@id":"https:\/\/www.clubmilitar.gov.co\/home\/#organization","name":"Club Militar","url":"https:\/\/www.clubmilitar.gov.co\/home\/","logo":{"@type":"ImageObject","inLanguage":"es","@id":"https:\/\/www.clubmilitar.gov.co\/home\/#\/schema\/logo\/image\/","url":"https:\/\/www.clubmilitar.gov.co\/home\/wp-content\/uploads\/2024\/06\/cropped-cropped-cropped-cropped-image-1-1.png","contentUrl":"https:\/\/www.clubmilitar.gov.co\/home\/wp-content\/uploads\/2024\/06\/cropped-cropped-cropped-cropped-image-1-1.png","width":596,"height":133,"caption":"Club Militar"},"image":{"@id":"https:\/\/www.clubmilitar.gov.co\/home\/#\/schema\/logo\/image\/"}}]}},"publishpress_future_workflow_manual_trigger":{"enabledWorkflows":[]},"ticketed":false,"_links":{"self":[{"href":"https:\/\/www.clubmilitar.gov.co\/home\/wp-json\/wp\/v2\/pages\/42321","targetHints":{"allow":["GET"]}}],"collection":[{"href":"https:\/\/www.clubmilitar.gov.co\/home\/wp-json\/wp\/v2\/pages"}],"about":[{"href":"https:\/\/www.clubmilitar.gov.co\/home\/wp-json\/wp\/v2\/types\/page"}],"author":[{"embeddable":true,"href":"https:\/\/www.clubmilitar.gov.co\/home\/wp-json\/wp\/v2\/users\/4"}],"replies":[{"embeddable":true,"href":"https:\/\/www.clubmilitar.gov.co\/home\/wp-json\/wp\/v2\/comments?post=42321"}],"version-history":[{"count":16,"href":"https:\/\/www.clubmilitar.gov.co\/home\/wp-json\/wp\/v2\/pages\/42321\/revisions"}],"predecessor-version":[{"id":42379,"href":"https:\/\/www.clubmilitar.gov.co\/home\/wp-json\/wp\/v2\/pages\/42321\/revisions\/42379"}],"wp:attachment":[{"href":"https:\/\/www.clubmilitar.gov.co\/home\/wp-json\/wp\/v2\/media?parent=42321"}],"curies":[{"name":"wp","href":"https:\/\/api.w.org\/{rel}","templated":true}]}}