{"id":42304,"date":"2022-01-12T14:18:08","date_gmt":"2022-01-12T19:18:08","guid":{"rendered":"https:\/\/www.clubmilitar.gov.co\/home\/?page_id=42304"},"modified":"2024-11-15T16:58:56","modified_gmt":"2024-11-15T21:58:56","slug":"registro-de-publicaciones","status":"publish","type":"page","link":"https:\/\/www.clubmilitar.gov.co\/home\/registro-de-publicaciones\/","title":{"rendered":"Registro de publicaciones"},"content":{"rendered":"\t\t<div data-elementor-type=\"wp-page\" data-elementor-id=\"42304\" class=\"elementor elementor-42304\">\n\t\t\t\t\t\t<section class=\"elementor-section elementor-top-section elementor-element elementor-element-353b89cd elementor-section-boxed elementor-section-height-default elementor-section-height-default\" data-id=\"353b89cd\" data-element_type=\"section\" data-e-type=\"section\">\n\t\t\t\t\t\t<div class=\"elementor-container elementor-column-gap-default\">\n\t\t\t\t\t<div class=\"elementor-column elementor-col-100 elementor-top-column elementor-element elementor-element-411cdc4b\" data-id=\"411cdc4b\" data-element_type=\"column\" data-e-type=\"column\">\n\t\t\t<div class=\"elementor-widget-wrap elementor-element-populated\">\n\t\t\t\t\t\t<div class=\"elementor-element elementor-element-a78b322 elementor-widget elementor-widget-text-editor\" data-id=\"a78b322\" data-element_type=\"widget\" data-e-type=\"widget\" data-widget_type=\"text-editor.default\">\n\t\t\t\t<div class=\"elementor-widget-container\">\n\t\t\t\t\t\t\t\t\t\n<p>\u00daltima actualizaci\u00f3n: 15 de noviembre de 2024<\/p>\n\t\t\t\t\t\t\t\t<\/div>\n\t\t\t\t<\/div>\n\t\t\t\t\t<\/div>\n\t\t<\/div>\n\t\t\t\t\t<\/div>\n\t\t<\/section>\n\t\t\t\t<section class=\"elementor-section elementor-top-section elementor-element elementor-element-4b71287 elementor-section-boxed elementor-section-height-default elementor-section-height-default\" data-id=\"4b71287\" data-element_type=\"section\" data-e-type=\"section\">\n\t\t\t\t\t\t<div class=\"elementor-container elementor-column-gap-default\">\n\t\t\t\t\t<div class=\"elementor-column elementor-col-100 elementor-top-column elementor-element elementor-element-9bcb80a\" data-id=\"9bcb80a\" data-element_type=\"column\" data-e-type=\"column\">\n\t\t\t<div class=\"elementor-widget-wrap elementor-element-populated\">\n\t\t\t\t\t\t<div class=\"elementor-element elementor-element-f9fc7b1 elementor-widget elementor-widget-text-editor\" data-id=\"f9fc7b1\" data-element_type=\"widget\" data-e-type=\"widget\" data-widget_type=\"text-editor.default\">\n\t\t\t\t<div class=\"elementor-widget-container\">\n\t\t\t\t\t\t\t\t\t<p>Nuestro objetivo es garantizar el acceso transparente y oportuno a la informaci\u00f3n relevante, cumpliendo con los principios de divulgaci\u00f3n y acceso p\u00fablico, por lo que en esta secci\u00f3n podr\u00e1 consultar el hist\u00f3rico de los registros de publicaciones. \u00a0<\/p>\t\t\t\t\t\t\t\t<\/div>\n\t\t\t\t<\/div>\n\t\t\t\t<div class=\"elementor-element elementor-element-96b9f48 elementor-widget elementor-widget-text-editor\" data-id=\"96b9f48\" data-element_type=\"widget\" data-e-type=\"widget\" data-widget_type=\"text-editor.default\">\n\t\t\t\t<div class=\"elementor-widget-container\">\n\t\t\t\t\t\t\t\t\t<ul>\n<li><a class=\"link-cm\" href=\"https:\/\/www.clubmilitar.gov.co\/home\/wp-content\/uploads\/2024\/10\/Esquema-de-Publicaciones.xlsx\">Esquema de Publicaci\u00f3n 2024<\/a><\/li>\n<li><a class=\"link-cm\" href=\"https:\/\/www.clubmilitar.gov.co\/home\/wp-content\/uploads\/2024\/11\/GT-NP01-ESQUEMA-DE-PUBLICACION-05-10-2023.xlsx\">Esquema de Publicaci\u00f3n 2023<\/a><\/li>\n<li><a class=\"link-cm\" href=\"https:\/\/www.clubmilitar.gov.co\/home\/wp-content\/uploads\/2021\/05\/GT-NP01-F01-REGISTRO-PUBLICACIONES-2021_1.pdf\">Registro de publicaciones 2021<\/a><\/li>\n<li><a class=\"link-cm\" href=\"https:\/\/www.clubmilitar.gov.co\/home\/wp-content\/uploads\/2020\/10\/GT-NP01-F01-REGISTRO-PUBLICACIONES-2020.xlsx\">Registro de publicaciones 2020<\/a><\/li>\n<li><a class=\"link-cm\" href=\"https:\/\/www.clubmilitar.gov.co\/home\/wp-content\/uploads\/2019\/10\/GT-NP01-F01-REGISTRO-PUBLICACIONES.xlsx\">Registro de publicaciones 2019<\/a><\/li>\n<li><a class=\"link-cm\" href=\"https:\/\/www.clubmilitar.gov.co\/home\/wp-content\/uploads\/2021\/06\/Cuadro-de-clasificacion-documental-Club-Militar.xlsx\">Registro de activos de informaci\u00f3n<\/a><\/li>\n<\/ul>\n<p>\u00a0<\/p>\t\t\t\t\t\t\t\t<\/div>\n\t\t\t\t<\/div>\n\t\t\t\t\t<\/div>\n\t\t<\/div>\n\t\t\t\t\t<\/div>\n\t\t<\/section>\n\t\t\t\t<\/div>\n\t\t","protected":false},"excerpt":{"rendered":"<p>\u00daltima actualizaci\u00f3n: 15 de noviembre de 2024 Nuestro objetivo es garantizar el acceso transparente y oportuno a la informaci\u00f3n relevante, cumpliendo con los principios de divulgaci\u00f3n y acceso p\u00fablico, por lo que en esta secci\u00f3n podr\u00e1 consultar el hist\u00f3rico de los registros de publicaciones. \u00a0 Esquema de Publicaci\u00f3n 2024 Esquema de Publicaci\u00f3n 2023 Registro de publicaciones 2021 Registro de publicaciones 2020 Registro de publicaciones 2019 Registro de activos de informaci\u00f3n \u00a0<\/p>\n","protected":false},"author":4,"featured_media":0,"parent":0,"menu_order":0,"comment_status":"closed","ping_status":"closed","template":"","meta":{"_price":"","_stock":"","_tribe_ticket_header":"","_tribe_default_ticket_provider":"","_tribe_ticket_capacity":"0","_ticket_start_date":"","_ticket_end_date":"","_tribe_ticket_show_description":"","_tribe_ticket_show_not_going":false,"_tribe_ticket_use_global_stock":"","_tribe_ticket_global_stock_level":"","_global_stock_mode":"","_global_stock_cap":"","_tribe_rsvp_for_event":"","_tribe_ticket_going_count":"","_tribe_ticket_not_going_count":"","_tribe_tickets_list":"[]","_tribe_ticket_has_attendee_info_fields":false,"_EventAllDay":false,"_EventTimezone":"","_EventStartDate":"","_EventEndDate":"","_EventStartDateUTC":"","_EventEndDateUTC":"","_EventShowMap":false,"_EventShowMapLink":false,"_EventURL":"","_EventCost":"","_EventCostDescription":"","_EventCurrencySymbol":"","_EventCurrencyCode":"","_EventCurrencyPosition":"","_EventDateTimeSeparator":"","_EventTimeRangeSeparator":"","_EventOrganizerID":[],"_EventVenueID":[],"_OrganizerEmail":"","_OrganizerPhone":"","_OrganizerWebsite":"","_VenueAddress":"","_VenueCity":"","_VenueCountry":"","_VenueProvince":"","_VenueState":"","_VenueZip":"","_VenuePhone":"","_VenueURL":"","_VenueStateProvince":"","_VenueLat":"","_VenueLng":"","_VenueShowMap":false,"_VenueShowMapLink":false,"footnotes":"","_tec_slr_enabled":"","_tec_slr_layout":""},"class_list":["post-42304","page","type-page","status-publish","hentry"],"yoast_head":"<!-- This site is optimized with the Yoast SEO plugin v27.5 - https:\/\/yoast.com\/product\/yoast-seo-wordpress\/ -->\n<title>Registro de publicaciones - Club Militar<\/title>\n<meta name=\"robots\" content=\"index, follow, max-snippet:-1, max-image-preview:large, max-video-preview:-1\" \/>\n<link rel=\"canonical\" href=\"https:\/\/www.clubmilitar.gov.co\/home\/registro-de-publicaciones\/\" \/>\n<meta property=\"og:locale\" content=\"es_ES\" \/>\n<meta property=\"og:type\" content=\"article\" \/>\n<meta property=\"og:title\" content=\"Registro de publicaciones - Club Militar\" \/>\n<meta property=\"og:description\" content=\"\u00daltima actualizaci\u00f3n: 15 de noviembre de 2024 Nuestro objetivo es garantizar el acceso transparente y oportuno a la informaci\u00f3n relevante, cumpliendo con los principios de divulgaci\u00f3n y acceso p\u00fablico, por lo que en esta secci\u00f3n podr\u00e1 consultar el hist\u00f3rico de los registros de publicaciones. \u00a0 Esquema de Publicaci\u00f3n 2024 Esquema de Publicaci\u00f3n 2023 Registro de publicaciones 2021 Registro de publicaciones 2020 Registro de publicaciones 2019 Registro de activos de informaci\u00f3n \u00a0\" \/>\n<meta property=\"og:url\" content=\"https:\/\/www.clubmilitar.gov.co\/home\/registro-de-publicaciones\/\" \/>\n<meta property=\"og:site_name\" content=\"Club Militar\" \/>\n<meta property=\"article:modified_time\" content=\"2024-11-15T21:58:56+00:00\" \/>\n<meta name=\"twitter:card\" content=\"summary_large_image\" \/>\n<script type=\"application\/ld+json\" class=\"yoast-schema-graph\">{\"@context\":\"https:\\\/\\\/schema.org\",\"@graph\":[{\"@type\":\"WebPage\",\"@id\":\"https:\\\/\\\/www.clubmilitar.gov.co\\\/home\\\/registro-de-publicaciones\\\/\",\"url\":\"https:\\\/\\\/www.clubmilitar.gov.co\\\/home\\\/registro-de-publicaciones\\\/\",\"name\":\"Registro de publicaciones - Club Militar\",\"isPartOf\":{\"@id\":\"https:\\\/\\\/www.clubmilitar.gov.co\\\/home\\\/#website\"},\"datePublished\":\"2022-01-12T19:18:08+00:00\",\"dateModified\":\"2024-11-15T21:58:56+00:00\",\"breadcrumb\":{\"@id\":\"https:\\\/\\\/www.clubmilitar.gov.co\\\/home\\\/registro-de-publicaciones\\\/#breadcrumb\"},\"inLanguage\":\"es\",\"potentialAction\":[{\"@type\":\"ReadAction\",\"target\":[\"https:\\\/\\\/www.clubmilitar.gov.co\\\/home\\\/registro-de-publicaciones\\\/\"]}]},{\"@type\":\"BreadcrumbList\",\"@id\":\"https:\\\/\\\/www.clubmilitar.gov.co\\\/home\\\/registro-de-publicaciones\\\/#breadcrumb\",\"itemListElement\":[{\"@type\":\"ListItem\",\"position\":1,\"name\":\"Inicio\",\"item\":\"https:\\\/\\\/www.clubmilitar.gov.co\\\/home\\\/\"},{\"@type\":\"ListItem\",\"position\":2,\"name\":\"Registro de publicaciones\"}]},{\"@type\":\"WebSite\",\"@id\":\"https:\\\/\\\/www.clubmilitar.gov.co\\\/home\\\/#website\",\"url\":\"https:\\\/\\\/www.clubmilitar.gov.co\\\/home\\\/\",\"name\":\"Club Militar\",\"description\":\"&quot;Su destino ideal en familia&quot;\",\"publisher\":{\"@id\":\"https:\\\/\\\/www.clubmilitar.gov.co\\\/home\\\/#organization\"},\"potentialAction\":[{\"@type\":\"SearchAction\",\"target\":{\"@type\":\"EntryPoint\",\"urlTemplate\":\"https:\\\/\\\/www.clubmilitar.gov.co\\\/home\\\/?s={search_term_string}\"},\"query-input\":{\"@type\":\"PropertyValueSpecification\",\"valueRequired\":true,\"valueName\":\"search_term_string\"}}],\"inLanguage\":\"es\"},{\"@type\":\"Organization\",\"@id\":\"https:\\\/\\\/www.clubmilitar.gov.co\\\/home\\\/#organization\",\"name\":\"Club Militar\",\"url\":\"https:\\\/\\\/www.clubmilitar.gov.co\\\/home\\\/\",\"logo\":{\"@type\":\"ImageObject\",\"inLanguage\":\"es\",\"@id\":\"https:\\\/\\\/www.clubmilitar.gov.co\\\/home\\\/#\\\/schema\\\/logo\\\/image\\\/\",\"url\":\"https:\\\/\\\/www.clubmilitar.gov.co\\\/home\\\/wp-content\\\/uploads\\\/2024\\\/06\\\/cropped-cropped-cropped-cropped-image-1-1.png\",\"contentUrl\":\"https:\\\/\\\/www.clubmilitar.gov.co\\\/home\\\/wp-content\\\/uploads\\\/2024\\\/06\\\/cropped-cropped-cropped-cropped-image-1-1.png\",\"width\":596,\"height\":133,\"caption\":\"Club Militar\"},\"image\":{\"@id\":\"https:\\\/\\\/www.clubmilitar.gov.co\\\/home\\\/#\\\/schema\\\/logo\\\/image\\\/\"}}]}<\/script>\n<!-- \/ Yoast SEO plugin. -->","yoast_head_json":{"title":"Registro de publicaciones - Club Militar","robots":{"index":"index","follow":"follow","max-snippet":"max-snippet:-1","max-image-preview":"max-image-preview:large","max-video-preview":"max-video-preview:-1"},"canonical":"https:\/\/www.clubmilitar.gov.co\/home\/registro-de-publicaciones\/","og_locale":"es_ES","og_type":"article","og_title":"Registro de publicaciones - Club Militar","og_description":"\u00daltima actualizaci\u00f3n: 15 de noviembre de 2024 Nuestro objetivo es garantizar el acceso transparente y oportuno a la informaci\u00f3n relevante, cumpliendo con los principios de divulgaci\u00f3n y acceso p\u00fablico, por lo que en esta secci\u00f3n podr\u00e1 consultar el hist\u00f3rico de los registros de publicaciones. \u00a0 Esquema de Publicaci\u00f3n 2024 Esquema de Publicaci\u00f3n 2023 Registro de publicaciones 2021 Registro de publicaciones 2020 Registro de publicaciones 2019 Registro de activos de informaci\u00f3n \u00a0","og_url":"https:\/\/www.clubmilitar.gov.co\/home\/registro-de-publicaciones\/","og_site_name":"Club Militar","article_modified_time":"2024-11-15T21:58:56+00:00","twitter_card":"summary_large_image","schema":{"@context":"https:\/\/schema.org","@graph":[{"@type":"WebPage","@id":"https:\/\/www.clubmilitar.gov.co\/home\/registro-de-publicaciones\/","url":"https:\/\/www.clubmilitar.gov.co\/home\/registro-de-publicaciones\/","name":"Registro de publicaciones - Club Militar","isPartOf":{"@id":"https:\/\/www.clubmilitar.gov.co\/home\/#website"},"datePublished":"2022-01-12T19:18:08+00:00","dateModified":"2024-11-15T21:58:56+00:00","breadcrumb":{"@id":"https:\/\/www.clubmilitar.gov.co\/home\/registro-de-publicaciones\/#breadcrumb"},"inLanguage":"es","potentialAction":[{"@type":"ReadAction","target":["https:\/\/www.clubmilitar.gov.co\/home\/registro-de-publicaciones\/"]}]},{"@type":"BreadcrumbList","@id":"https:\/\/www.clubmilitar.gov.co\/home\/registro-de-publicaciones\/#breadcrumb","itemListElement":[{"@type":"ListItem","position":1,"name":"Inicio","item":"https:\/\/www.clubmilitar.gov.co\/home\/"},{"@type":"ListItem","position":2,"name":"Registro de publicaciones"}]},{"@type":"WebSite","@id":"https:\/\/www.clubmilitar.gov.co\/home\/#website","url":"https:\/\/www.clubmilitar.gov.co\/home\/","name":"Club Militar","description":"&quot;Su destino ideal en familia&quot;","publisher":{"@id":"https:\/\/www.clubmilitar.gov.co\/home\/#organization"},"potentialAction":[{"@type":"SearchAction","target":{"@type":"EntryPoint","urlTemplate":"https:\/\/www.clubmilitar.gov.co\/home\/?s={search_term_string}"},"query-input":{"@type":"PropertyValueSpecification","valueRequired":true,"valueName":"search_term_string"}}],"inLanguage":"es"},{"@type":"Organization","@id":"https:\/\/www.clubmilitar.gov.co\/home\/#organization","name":"Club Militar","url":"https:\/\/www.clubmilitar.gov.co\/home\/","logo":{"@type":"ImageObject","inLanguage":"es","@id":"https:\/\/www.clubmilitar.gov.co\/home\/#\/schema\/logo\/image\/","url":"https:\/\/www.clubmilitar.gov.co\/home\/wp-content\/uploads\/2024\/06\/cropped-cropped-cropped-cropped-image-1-1.png","contentUrl":"https:\/\/www.clubmilitar.gov.co\/home\/wp-content\/uploads\/2024\/06\/cropped-cropped-cropped-cropped-image-1-1.png","width":596,"height":133,"caption":"Club Militar"},"image":{"@id":"https:\/\/www.clubmilitar.gov.co\/home\/#\/schema\/logo\/image\/"}}]}},"publishpress_future_workflow_manual_trigger":{"enabledWorkflows":[]},"ticketed":false,"_links":{"self":[{"href":"https:\/\/www.clubmilitar.gov.co\/home\/wp-json\/wp\/v2\/pages\/42304","targetHints":{"allow":["GET"]}}],"collection":[{"href":"https:\/\/www.clubmilitar.gov.co\/home\/wp-json\/wp\/v2\/pages"}],"about":[{"href":"https:\/\/www.clubmilitar.gov.co\/home\/wp-json\/wp\/v2\/types\/page"}],"author":[{"embeddable":true,"href":"https:\/\/www.clubmilitar.gov.co\/home\/wp-json\/wp\/v2\/users\/4"}],"replies":[{"embeddable":true,"href":"https:\/\/www.clubmilitar.gov.co\/home\/wp-json\/wp\/v2\/comments?post=42304"}],"version-history":[{"count":30,"href":"https:\/\/www.clubmilitar.gov.co\/home\/wp-json\/wp\/v2\/pages\/42304\/revisions"}],"predecessor-version":[{"id":56126,"href":"https:\/\/www.clubmilitar.gov.co\/home\/wp-json\/wp\/v2\/pages\/42304\/revisions\/56126"}],"wp:attachment":[{"href":"https:\/\/www.clubmilitar.gov.co\/home\/wp-json\/wp\/v2\/media?parent=42304"}],"curies":[{"name":"wp","href":"https:\/\/api.w.org\/{rel}","templated":true}]}}