{"id":42294,"date":"2022-01-12T14:40:01","date_gmt":"2022-01-12T19:40:01","guid":{"rendered":"https:\/\/www.clubmilitar.gov.co\/home\/?page_id=42294"},"modified":"2025-08-29T08:04:13","modified_gmt":"2025-08-29T13:04:13","slug":"instrumentos-de-gestion-de-la-informacion","status":"publish","type":"page","link":"https:\/\/www.clubmilitar.gov.co\/home\/instrumentos-de-gestion-de-la-informacion\/","title":{"rendered":"Instrumentos de gesti\u00f3n de la informaci\u00f3n"},"content":{"rendered":"\t\t<div data-elementor-type=\"wp-page\" data-elementor-id=\"42294\" class=\"elementor elementor-42294\">\n\t\t\t\t\t\t<section class=\"elementor-section elementor-top-section elementor-element elementor-element-432cca6a elementor-section-boxed elementor-section-height-default elementor-section-height-default\" data-id=\"432cca6a\" data-element_type=\"section\" data-e-type=\"section\">\n\t\t\t\t\t\t<div class=\"elementor-container elementor-column-gap-default\">\n\t\t\t\t\t<div class=\"elementor-column elementor-col-100 elementor-top-column elementor-element elementor-element-41c14ab1\" data-id=\"41c14ab1\" data-element_type=\"column\" data-e-type=\"column\">\n\t\t\t<div class=\"elementor-widget-wrap elementor-element-populated\">\n\t\t\t\t\t\t<div class=\"elementor-element elementor-element-401b5e58 elementor-widget elementor-widget-text-editor\" data-id=\"401b5e58\" data-element_type=\"widget\" data-e-type=\"widget\" data-widget_type=\"text-editor.default\">\n\t\t\t\t<div class=\"elementor-widget-container\">\n\t\t\t\t\t\t\t\t\t<p>\u00daltima actualizaci\u00f3n: 28 de Agosto de 2025<\/p>\n<p><!-- \/wp:paragraph --><\/p>\t\t\t\t\t\t\t\t<\/div>\n\t\t\t\t<\/div>\n\t\t\t\t\t<\/div>\n\t\t<\/div>\n\t\t\t\t\t<\/div>\n\t\t<\/section>\n\t\t<div class=\"elementor-element elementor-element-eb06c7d e-flex e-con-boxed e-con e-parent\" data-id=\"eb06c7d\" data-element_type=\"container\" data-e-type=\"container\">\n\t\t\t\t\t<div class=\"e-con-inner\">\n\t\t\t\t<div class=\"elementor-element elementor-element-f509668 elementor-widget elementor-widget-heading\" data-id=\"f509668\" data-element_type=\"widget\" data-e-type=\"widget\" data-widget_type=\"heading.default\">\n\t\t\t\t<div class=\"elementor-widget-container\">\n\t\t\t\t\t<span class=\"elementor-heading-title elementor-size-default\">1. REGISTROS DE ACTIVOS DE INFORMACI\u00d3N<\/span>\t\t\t\t<\/div>\n\t\t\t\t<\/div>\n\t\t\t\t<div class=\"elementor-element elementor-element-92952b4 elementor-widget elementor-widget-text-editor\" data-id=\"92952b4\" data-element_type=\"widget\" data-e-type=\"widget\" data-widget_type=\"text-editor.default\">\n\t\t\t\t<div class=\"elementor-widget-container\">\n\t\t\t\t\t\t\t\t\t<p>Descargue el Registro de Activos de informaci\u00f3n en el siguiente enlace\u00a0<a class=\"link-cm\" href=\"https:\/\/www.clubmilitar.gov.co\/home\/wp-content\/uploads\/2024\/07\/Inventario-y-clasificacion-de-activos-de-informacion-1.xlsx\">Registro de Activos de Informaci\u00f3n<\/a><\/p>\n<p>o cons\u00faltelo en el link datos.gov dando clic <a class=\"link-cm\" href=\"https:\/\/www.datos.gov.co\/browse?q=CLUB%20MILITAR&amp;sortBy=relevance\">aqu\u00ed<\/a><\/p>\t\t\t\t\t\t\t\t<\/div>\n\t\t\t\t<\/div>\n\t\t\t\t<div class=\"elementor-element elementor-element-3bfbedd elementor-widget elementor-widget-heading\" data-id=\"3bfbedd\" data-element_type=\"widget\" data-e-type=\"widget\" data-widget_type=\"heading.default\">\n\t\t\t\t<div class=\"elementor-widget-container\">\n\t\t\t\t\t<span class=\"elementor-heading-title elementor-size-default\">2. \u00cdNDICE DE INFORMACI\u00d3N CLASIFICADA Y RESERVADA<\/span>\t\t\t\t<\/div>\n\t\t\t\t<\/div>\n\t\t\t\t<div class=\"elementor-element elementor-element-e28e2c5 elementor-widget elementor-widget-text-editor\" data-id=\"e28e2c5\" data-element_type=\"widget\" data-e-type=\"widget\" data-widget_type=\"text-editor.default\">\n\t\t\t\t<div class=\"elementor-widget-container\">\n\t\t\t\t\t\t\t\t\t<p>Descargue el documento de indice de informaci\u00f3n clasificada y reservada en el siguiente enlace <a class=\"link-cm\" href=\"https:\/\/www.clubmilitar.gov.co\/home\/wp-content\/uploads\/2021\/06\/IndiceInformacionReservadaClasificadaClubMilitar.xlsx\">\u00cdndice de informaci\u00f3n clasificada y reservada<\/a><\/p>\n<p>o cons\u00faltelo en el link datos.gov dando clic <a class=\"link-cm\" href=\"https:\/\/www.datos.gov.co\/browse?q=CLUB%20MILITAR&amp;sortBy=relevance\">aqu\u00ed<\/a><\/p>\t\t\t\t\t\t\t\t<\/div>\n\t\t\t\t<\/div>\n\t\t\t\t<div class=\"elementor-element elementor-element-2d78ce8 elementor-widget elementor-widget-heading\" data-id=\"2d78ce8\" data-element_type=\"widget\" data-e-type=\"widget\" data-widget_type=\"heading.default\">\n\t\t\t\t<div class=\"elementor-widget-container\">\n\t\t\t\t\t<span class=\"elementor-heading-title elementor-size-default\">3. ESQUEMA DE PUBLICACI\u00d3N DE LA INFORMACI\u00d3N <\/span>\t\t\t\t<\/div>\n\t\t\t\t<\/div>\n\t\t\t\t<div class=\"elementor-element elementor-element-24269af elementor-widget elementor-widget-text-editor\" data-id=\"24269af\" data-element_type=\"widget\" data-e-type=\"widget\" data-widget_type=\"text-editor.default\">\n\t\t\t\t<div class=\"elementor-widget-container\">\n\t\t\t\t\t\t\t\t\t<p>Descargue el documento del esquema de publicaci\u00f3n de la informaci\u00f3n en el siguiente enlace <a class=\"link-cm\" href=\"https:\/\/www.clubmilitar.gov.co\/home\/wp-content\/uploads\/2024\/10\/Esquema-de-Publicaciones.xlsx\">Esquema de Publicaci\u00f3n<\/a><\/p>\n<p>o cons\u00faltelo en el link datos.gov dando clic <a class=\"link-cm\" href=\"https:\/\/www.datos.gov.co\/browse?q=CLUB%20MILITAR&amp;sortBy=relevance\">aqu\u00ed<\/a><\/p>\n<p>En el siguiente enlace podr\u00e1 consultar el hist\u00f3rico del Registro de Publicaciones <a class=\"link-cm\" href=\"https:\/\/www.clubmilitar.gov.co\/home\/registro-de-publicaciones\/\">Aqu\u00ed<\/a><\/p>\t\t\t\t\t\t\t\t<\/div>\n\t\t\t\t<\/div>\n\t\t\t\t<div class=\"elementor-element elementor-element-3ba004f elementor-widget elementor-widget-heading\" data-id=\"3ba004f\" data-element_type=\"widget\" data-e-type=\"widget\" data-widget_type=\"heading.default\">\n\t\t\t\t<div class=\"elementor-widget-container\">\n\t\t\t\t\t<span class=\"elementor-heading-title elementor-size-default\">4. PROGRAMA DE GESTI\u00d3N DOCUMENTAL<\/span>\t\t\t\t<\/div>\n\t\t\t\t<\/div>\n\t\t\t\t<div class=\"elementor-element elementor-element-767a57a elementor-widget elementor-widget-text-editor\" data-id=\"767a57a\" data-element_type=\"widget\" data-e-type=\"widget\" data-widget_type=\"text-editor.default\">\n\t\t\t\t<div class=\"elementor-widget-container\">\n\t\t\t\t\t\t\t\t\t<p>Descargue los documentos que hacen parte del programa de Gesti\u00f3n Documental, dando clic en cada uno de los enlaces<\/p>\n<ul>\n<li><a class=\"link-cm\" href=\"https:\/\/www.clubmilitar.gov.co\/home\/wp-content\/uploads\/2023\/01\/GLA-M01-MANUAL-GESTION-DOCUMENTAL-V9.Firmado.pdf\">Programa gesti\u00f3n documental<\/a><\/li>\n<li><a class=\"link-cm\" href=\"https:\/\/www.clubmilitar.gov.co\/home\/wp-content\/uploads\/2023\/01\/GLA-Q02-PLAN-DE-GESTION-DOCUMENTAL-2023-2026.Firmado.pdf\">Plan De Gesti\u00f3n Documental 2023-2026<\/a><\/li>\n<li><a class=\"link-cm\" href=\"https:\/\/www.clubmilitar.gov.co\/home\/wp-content\/uploads\/2023\/10\/e.-Cuadro-de-Clasificacion-Documental-CCD.pdf\">Cuadro de clasificaci\u00f3n Documental<\/a><\/li>\n<li><a class=\"link-cm\" href=\"https:\/\/www.clubmilitar.gov.co\/home\/wp-content\/uploads\/2023\/01\/GLA-M01-MANUAL-GESTION-DOCUMENTAL-V9.Firmado.pdf\">Manual Gesti\u00f3n Documental<\/a><\/li>\n<li><a class=\"link-cm\" href=\"https:\/\/www.clubmilitar.gov.co\/home\/otros-instrumentos-y-documentos-de-la-gestion-archivistica\/\">Otros instrumentos y documentos de la gesti\u00f3n archiv\u00edstica<\/a><\/li>\n<li><a class=\"link-cm\" href=\"https:\/\/www.clubmilitar.gov.co\/home\/wp-content\/uploads\/2024\/03\/CM-GTI-PL-08-PLAN-INSTITUCIONAL-DE-ARCHIVO_PINAR-2023-2026.pdf\">Plan Institucional de Archivos de la Entidad \u00adPINAR<\/a><\/li>\n<li><a class=\"link-cm\" href=\"https:\/\/www.clubmilitar.gov.co\/home\/tablas-de-valoracion-documental\/\">Tablas de valoraci\u00f3n documental<\/a><\/li>\n\t\t\t\t\t\t\t\t<\/div>\n\t\t\t\t<\/div>\n\t\t\t\t<div class=\"elementor-element elementor-element-f65838b elementor-widget elementor-widget-heading\" data-id=\"f65838b\" data-element_type=\"widget\" data-e-type=\"widget\" data-widget_type=\"heading.default\">\n\t\t\t\t<div class=\"elementor-widget-container\">\n\t\t\t\t\t<span class=\"elementor-heading-title elementor-size-default\">5. TABLAS DE RETENCI\u00d3N DOCUMENTAL <\/span>\t\t\t\t<\/div>\n\t\t\t\t<\/div>\n\t\t\t\t<div class=\"elementor-element elementor-element-29d1c61 elementor-widget elementor-widget-text-editor\" data-id=\"29d1c61\" data-element_type=\"widget\" data-e-type=\"widget\" data-widget_type=\"text-editor.default\">\n\t\t\t\t<div class=\"elementor-widget-container\">\n\t\t\t\t\t\t\t\t\t<p>Descargue o consulte los documentos relacionados con la tabla de retenci\u00f3n documental dando clic en los siguientes enlaces:<\/p>\n<li><a class=\"link-cm\" href=\"https:\/\/www.clubmilitar.gov.co\/home\/wp-content\/uploads\/2021\/06\/TRD-CLUB-MILITAR.pdf\">Tablas de retenci\u00f3n documental<\/a><\/li>\n<li><a class=\"link-cm\" href=\"https:\/\/www.clubmilitar.gov.co\/home\/wp-content\/uploads\/2022\/12\/RESOLUCION-NO.-000539-2021-POR-LA-CUAL-SE-ADOPTAN-TABLAS-DE-RETENCION-DOCUMENTAL-CM-4.pdf\">Tablas de retenci\u00f3n documental &#8211; Acto Administrativo<\/a><\/li>\n\n\t\t\t\t\t\t\t\t<\/div>\n\t\t\t\t<\/div>\n\t\t\t\t\t<\/div>\n\t\t\t\t<\/div>\n\t\t\t\t<\/div>\n\t\t","protected":false},"excerpt":{"rendered":"<p>\u00daltima actualizaci\u00f3n: 28 de Agosto de 2025 1. REGISTROS DE ACTIVOS DE INFORMACI\u00d3N Descargue el Registro de Activos de informaci\u00f3n en el siguiente enlace\u00a0Registro de Activos de Informaci\u00f3n o cons\u00faltelo en el link datos.gov dando clic aqu\u00ed 2. \u00cdNDICE DE INFORMACI\u00d3N CLASIFICADA Y RESERVADA Descargue el documento de indice de informaci\u00f3n clasificada y reservada en el siguiente enlace \u00cdndice de informaci\u00f3n clasificada y reservada o cons\u00faltelo en el link datos.gov dando clic aqu\u00ed 3. ESQUEMA DE PUBLICACI\u00d3N DE LA INFORMACI\u00d3N Descargue el documento del esquema de publicaci\u00f3n de la informaci\u00f3n en el siguiente enlace Esquema de Publicaci\u00f3n o cons\u00faltelo en el link datos.gov dando clic aqu\u00ed En el siguiente enlace podr\u00e1 consultar el hist\u00f3rico del Registro de Publicaciones Aqu\u00ed 4. PROGRAMA DE GESTI\u00d3N DOCUMENTAL Descargue los documentos que hacen parte del programa de Gesti\u00f3n Documental, dando clic en cada uno de los enlaces Programa gesti\u00f3n documental Plan De Gesti\u00f3n Documental 2023-2026 Cuadro de clasificaci\u00f3n Documental Manual Gesti\u00f3n Documental Otros instrumentos y documentos de la gesti\u00f3n archiv\u00edstica Plan Institucional de Archivos de la Entidad \u00adPINAR Tablas de valoraci\u00f3n documental 5. TABLAS DE RETENCI\u00d3N DOCUMENTAL Descargue o consulte los documentos relacionados con la tabla de retenci\u00f3n documental dando clic en los siguientes enlaces: Tablas de retenci\u00f3n documental Tablas de retenci\u00f3n documental &#8211; Acto Administrativo<\/p>\n","protected":false},"author":4,"featured_media":0,"parent":0,"menu_order":0,"comment_status":"closed","ping_status":"closed","template":"","meta":{"_price":"","_stock":"","_tribe_ticket_header":"","_tribe_default_ticket_provider":"","_tribe_ticket_capacity":"0","_ticket_start_date":"","_ticket_end_date":"","_tribe_ticket_show_description":"","_tribe_ticket_show_not_going":false,"_tribe_ticket_use_global_stock":"","_tribe_ticket_global_stock_level":"","_global_stock_mode":"","_global_stock_cap":"","_tribe_rsvp_for_event":"","_tribe_ticket_going_count":"","_tribe_ticket_not_going_count":"","_tribe_tickets_list":"[]","_tribe_ticket_has_attendee_info_fields":false,"_EventAllDay":false,"_EventTimezone":"","_EventStartDate":"","_EventEndDate":"","_EventStartDateUTC":"","_EventEndDateUTC":"","_EventShowMap":false,"_EventShowMapLink":false,"_EventURL":"","_EventCost":"","_EventCostDescription":"","_EventCurrencySymbol":"","_EventCurrencyCode":"","_EventCurrencyPosition":"","_EventDateTimeSeparator":"","_EventTimeRangeSeparator":"","_EventOrganizerID":[],"_EventVenueID":[],"_OrganizerEmail":"","_OrganizerPhone":"","_OrganizerWebsite":"","_VenueAddress":"","_VenueCity":"","_VenueCountry":"","_VenueProvince":"","_VenueState":"","_VenueZip":"","_VenuePhone":"","_VenueURL":"","_VenueStateProvince":"","_VenueLat":"","_VenueLng":"","_VenueShowMap":false,"_VenueShowMapLink":false,"footnotes":"","_tec_slr_enabled":"","_tec_slr_layout":""},"class_list":["post-42294","page","type-page","status-publish","hentry"],"yoast_head":"<!-- This site is optimized with the Yoast SEO plugin v27.5 - https:\/\/yoast.com\/product\/yoast-seo-wordpress\/ -->\n<title>Instrumentos de gesti\u00f3n de la informaci\u00f3n - Club Militar<\/title>\n<meta name=\"robots\" content=\"index, follow, max-snippet:-1, max-image-preview:large, max-video-preview:-1\" \/>\n<link rel=\"canonical\" href=\"https:\/\/www.clubmilitar.gov.co\/home\/instrumentos-de-gestion-de-la-informacion\/\" \/>\n<meta property=\"og:locale\" content=\"es_ES\" \/>\n<meta property=\"og:type\" content=\"article\" \/>\n<meta property=\"og:title\" content=\"Instrumentos de gesti\u00f3n de la informaci\u00f3n - Club Militar\" \/>\n<meta property=\"og:description\" content=\"\u00daltima actualizaci\u00f3n: 28 de Agosto de 2025 1. REGISTROS DE ACTIVOS DE INFORMACI\u00d3N Descargue el Registro de Activos de informaci\u00f3n en el siguiente enlace\u00a0Registro de Activos de Informaci\u00f3n o cons\u00faltelo en el link datos.gov dando clic aqu\u00ed 2. \u00cdNDICE DE INFORMACI\u00d3N CLASIFICADA Y RESERVADA Descargue el documento de indice de informaci\u00f3n clasificada y reservada en el siguiente enlace \u00cdndice de informaci\u00f3n clasificada y reservada o cons\u00faltelo en el link datos.gov dando clic aqu\u00ed 3. ESQUEMA DE PUBLICACI\u00d3N DE LA INFORMACI\u00d3N Descargue el documento del esquema de publicaci\u00f3n de la informaci\u00f3n en el siguiente enlace Esquema de Publicaci\u00f3n o cons\u00faltelo en el link datos.gov dando clic aqu\u00ed En el siguiente enlace podr\u00e1 consultar el hist\u00f3rico del Registro de Publicaciones Aqu\u00ed 4. PROGRAMA DE GESTI\u00d3N DOCUMENTAL Descargue los documentos que hacen parte del programa de Gesti\u00f3n Documental, dando clic en cada uno de los enlaces Programa gesti\u00f3n documental Plan De Gesti\u00f3n Documental 2023-2026 Cuadro de clasificaci\u00f3n Documental Manual Gesti\u00f3n Documental Otros instrumentos y documentos de la gesti\u00f3n archiv\u00edstica Plan Institucional de Archivos de la Entidad \u00adPINAR Tablas de valoraci\u00f3n documental 5. TABLAS DE RETENCI\u00d3N DOCUMENTAL Descargue o consulte los documentos relacionados con la tabla de retenci\u00f3n documental dando clic en los siguientes enlaces: Tablas de retenci\u00f3n documental Tablas de retenci\u00f3n documental &#8211; Acto Administrativo\" \/>\n<meta property=\"og:url\" content=\"https:\/\/www.clubmilitar.gov.co\/home\/instrumentos-de-gestion-de-la-informacion\/\" \/>\n<meta property=\"og:site_name\" content=\"Club Militar\" \/>\n<meta property=\"article:modified_time\" content=\"2025-08-29T13:04:13+00:00\" \/>\n<meta name=\"twitter:card\" content=\"summary_large_image\" \/>\n<meta name=\"twitter:label1\" content=\"Tiempo de lectura\" \/>\n\t<meta name=\"twitter:data1\" content=\"1 minuto\" \/>\n<script type=\"application\/ld+json\" class=\"yoast-schema-graph\">{\"@context\":\"https:\\\/\\\/schema.org\",\"@graph\":[{\"@type\":\"WebPage\",\"@id\":\"https:\\\/\\\/www.clubmilitar.gov.co\\\/home\\\/instrumentos-de-gestion-de-la-informacion\\\/\",\"url\":\"https:\\\/\\\/www.clubmilitar.gov.co\\\/home\\\/instrumentos-de-gestion-de-la-informacion\\\/\",\"name\":\"Instrumentos de gesti\u00f3n de la informaci\u00f3n - Club Militar\",\"isPartOf\":{\"@id\":\"https:\\\/\\\/www.clubmilitar.gov.co\\\/home\\\/#website\"},\"datePublished\":\"2022-01-12T19:40:01+00:00\",\"dateModified\":\"2025-08-29T13:04:13+00:00\",\"breadcrumb\":{\"@id\":\"https:\\\/\\\/www.clubmilitar.gov.co\\\/home\\\/instrumentos-de-gestion-de-la-informacion\\\/#breadcrumb\"},\"inLanguage\":\"es\",\"potentialAction\":[{\"@type\":\"ReadAction\",\"target\":[\"https:\\\/\\\/www.clubmilitar.gov.co\\\/home\\\/instrumentos-de-gestion-de-la-informacion\\\/\"]}]},{\"@type\":\"BreadcrumbList\",\"@id\":\"https:\\\/\\\/www.clubmilitar.gov.co\\\/home\\\/instrumentos-de-gestion-de-la-informacion\\\/#breadcrumb\",\"itemListElement\":[{\"@type\":\"ListItem\",\"position\":1,\"name\":\"Inicio\",\"item\":\"https:\\\/\\\/www.clubmilitar.gov.co\\\/home\\\/\"},{\"@type\":\"ListItem\",\"position\":2,\"name\":\"Instrumentos de gesti\u00f3n de la informaci\u00f3n\"}]},{\"@type\":\"WebSite\",\"@id\":\"https:\\\/\\\/www.clubmilitar.gov.co\\\/home\\\/#website\",\"url\":\"https:\\\/\\\/www.clubmilitar.gov.co\\\/home\\\/\",\"name\":\"Club Militar\",\"description\":\"&quot;Su destino ideal en familia&quot;\",\"publisher\":{\"@id\":\"https:\\\/\\\/www.clubmilitar.gov.co\\\/home\\\/#organization\"},\"potentialAction\":[{\"@type\":\"SearchAction\",\"target\":{\"@type\":\"EntryPoint\",\"urlTemplate\":\"https:\\\/\\\/www.clubmilitar.gov.co\\\/home\\\/?s={search_term_string}\"},\"query-input\":{\"@type\":\"PropertyValueSpecification\",\"valueRequired\":true,\"valueName\":\"search_term_string\"}}],\"inLanguage\":\"es\"},{\"@type\":\"Organization\",\"@id\":\"https:\\\/\\\/www.clubmilitar.gov.co\\\/home\\\/#organization\",\"name\":\"Club Militar\",\"url\":\"https:\\\/\\\/www.clubmilitar.gov.co\\\/home\\\/\",\"logo\":{\"@type\":\"ImageObject\",\"inLanguage\":\"es\",\"@id\":\"https:\\\/\\\/www.clubmilitar.gov.co\\\/home\\\/#\\\/schema\\\/logo\\\/image\\\/\",\"url\":\"https:\\\/\\\/www.clubmilitar.gov.co\\\/home\\\/wp-content\\\/uploads\\\/2024\\\/06\\\/cropped-cropped-cropped-cropped-image-1-1.png\",\"contentUrl\":\"https:\\\/\\\/www.clubmilitar.gov.co\\\/home\\\/wp-content\\\/uploads\\\/2024\\\/06\\\/cropped-cropped-cropped-cropped-image-1-1.png\",\"width\":596,\"height\":133,\"caption\":\"Club Militar\"},\"image\":{\"@id\":\"https:\\\/\\\/www.clubmilitar.gov.co\\\/home\\\/#\\\/schema\\\/logo\\\/image\\\/\"}}]}<\/script>\n<!-- \/ Yoast SEO plugin. -->","yoast_head_json":{"title":"Instrumentos de gesti\u00f3n de la informaci\u00f3n - Club Militar","robots":{"index":"index","follow":"follow","max-snippet":"max-snippet:-1","max-image-preview":"max-image-preview:large","max-video-preview":"max-video-preview:-1"},"canonical":"https:\/\/www.clubmilitar.gov.co\/home\/instrumentos-de-gestion-de-la-informacion\/","og_locale":"es_ES","og_type":"article","og_title":"Instrumentos de gesti\u00f3n de la informaci\u00f3n - Club Militar","og_description":"\u00daltima actualizaci\u00f3n: 28 de Agosto de 2025 1. REGISTROS DE ACTIVOS DE INFORMACI\u00d3N Descargue el Registro de Activos de informaci\u00f3n en el siguiente enlace\u00a0Registro de Activos de Informaci\u00f3n o cons\u00faltelo en el link datos.gov dando clic aqu\u00ed 2. \u00cdNDICE DE INFORMACI\u00d3N CLASIFICADA Y RESERVADA Descargue el documento de indice de informaci\u00f3n clasificada y reservada en el siguiente enlace \u00cdndice de informaci\u00f3n clasificada y reservada o cons\u00faltelo en el link datos.gov dando clic aqu\u00ed 3. ESQUEMA DE PUBLICACI\u00d3N DE LA INFORMACI\u00d3N Descargue el documento del esquema de publicaci\u00f3n de la informaci\u00f3n en el siguiente enlace Esquema de Publicaci\u00f3n o cons\u00faltelo en el link datos.gov dando clic aqu\u00ed En el siguiente enlace podr\u00e1 consultar el hist\u00f3rico del Registro de Publicaciones Aqu\u00ed 4. PROGRAMA DE GESTI\u00d3N DOCUMENTAL Descargue los documentos que hacen parte del programa de Gesti\u00f3n Documental, dando clic en cada uno de los enlaces Programa gesti\u00f3n documental Plan De Gesti\u00f3n Documental 2023-2026 Cuadro de clasificaci\u00f3n Documental Manual Gesti\u00f3n Documental Otros instrumentos y documentos de la gesti\u00f3n archiv\u00edstica Plan Institucional de Archivos de la Entidad \u00adPINAR Tablas de valoraci\u00f3n documental 5. TABLAS DE RETENCI\u00d3N DOCUMENTAL Descargue o consulte los documentos relacionados con la tabla de retenci\u00f3n documental dando clic en los siguientes enlaces: Tablas de retenci\u00f3n documental Tablas de retenci\u00f3n documental &#8211; Acto Administrativo","og_url":"https:\/\/www.clubmilitar.gov.co\/home\/instrumentos-de-gestion-de-la-informacion\/","og_site_name":"Club Militar","article_modified_time":"2025-08-29T13:04:13+00:00","twitter_card":"summary_large_image","twitter_misc":{"Tiempo de lectura":"1 minuto"},"schema":{"@context":"https:\/\/schema.org","@graph":[{"@type":"WebPage","@id":"https:\/\/www.clubmilitar.gov.co\/home\/instrumentos-de-gestion-de-la-informacion\/","url":"https:\/\/www.clubmilitar.gov.co\/home\/instrumentos-de-gestion-de-la-informacion\/","name":"Instrumentos de gesti\u00f3n de la informaci\u00f3n - Club Militar","isPartOf":{"@id":"https:\/\/www.clubmilitar.gov.co\/home\/#website"},"datePublished":"2022-01-12T19:40:01+00:00","dateModified":"2025-08-29T13:04:13+00:00","breadcrumb":{"@id":"https:\/\/www.clubmilitar.gov.co\/home\/instrumentos-de-gestion-de-la-informacion\/#breadcrumb"},"inLanguage":"es","potentialAction":[{"@type":"ReadAction","target":["https:\/\/www.clubmilitar.gov.co\/home\/instrumentos-de-gestion-de-la-informacion\/"]}]},{"@type":"BreadcrumbList","@id":"https:\/\/www.clubmilitar.gov.co\/home\/instrumentos-de-gestion-de-la-informacion\/#breadcrumb","itemListElement":[{"@type":"ListItem","position":1,"name":"Inicio","item":"https:\/\/www.clubmilitar.gov.co\/home\/"},{"@type":"ListItem","position":2,"name":"Instrumentos de gesti\u00f3n de la informaci\u00f3n"}]},{"@type":"WebSite","@id":"https:\/\/www.clubmilitar.gov.co\/home\/#website","url":"https:\/\/www.clubmilitar.gov.co\/home\/","name":"Club Militar","description":"&quot;Su destino ideal en familia&quot;","publisher":{"@id":"https:\/\/www.clubmilitar.gov.co\/home\/#organization"},"potentialAction":[{"@type":"SearchAction","target":{"@type":"EntryPoint","urlTemplate":"https:\/\/www.clubmilitar.gov.co\/home\/?s={search_term_string}"},"query-input":{"@type":"PropertyValueSpecification","valueRequired":true,"valueName":"search_term_string"}}],"inLanguage":"es"},{"@type":"Organization","@id":"https:\/\/www.clubmilitar.gov.co\/home\/#organization","name":"Club Militar","url":"https:\/\/www.clubmilitar.gov.co\/home\/","logo":{"@type":"ImageObject","inLanguage":"es","@id":"https:\/\/www.clubmilitar.gov.co\/home\/#\/schema\/logo\/image\/","url":"https:\/\/www.clubmilitar.gov.co\/home\/wp-content\/uploads\/2024\/06\/cropped-cropped-cropped-cropped-image-1-1.png","contentUrl":"https:\/\/www.clubmilitar.gov.co\/home\/wp-content\/uploads\/2024\/06\/cropped-cropped-cropped-cropped-image-1-1.png","width":596,"height":133,"caption":"Club Militar"},"image":{"@id":"https:\/\/www.clubmilitar.gov.co\/home\/#\/schema\/logo\/image\/"}}]}},"publishpress_future_workflow_manual_trigger":{"enabledWorkflows":[]},"ticketed":false,"_links":{"self":[{"href":"https:\/\/www.clubmilitar.gov.co\/home\/wp-json\/wp\/v2\/pages\/42294","targetHints":{"allow":["GET"]}}],"collection":[{"href":"https:\/\/www.clubmilitar.gov.co\/home\/wp-json\/wp\/v2\/pages"}],"about":[{"href":"https:\/\/www.clubmilitar.gov.co\/home\/wp-json\/wp\/v2\/types\/page"}],"author":[{"embeddable":true,"href":"https:\/\/www.clubmilitar.gov.co\/home\/wp-json\/wp\/v2\/users\/4"}],"replies":[{"embeddable":true,"href":"https:\/\/www.clubmilitar.gov.co\/home\/wp-json\/wp\/v2\/comments?post=42294"}],"version-history":[{"count":30,"href":"https:\/\/www.clubmilitar.gov.co\/home\/wp-json\/wp\/v2\/pages\/42294\/revisions"}],"predecessor-version":[{"id":58730,"href":"https:\/\/www.clubmilitar.gov.co\/home\/wp-json\/wp\/v2\/pages\/42294\/revisions\/58730"}],"wp:attachment":[{"href":"https:\/\/www.clubmilitar.gov.co\/home\/wp-json\/wp\/v2\/media?parent=42294"}],"curies":[{"name":"wp","href":"https:\/\/api.w.org\/{rel}","templated":true}]}}