{"id":41532,"date":"2021-12-01T11:16:21","date_gmt":"2021-12-01T16:16:21","guid":{"rendered":"https:\/\/clubmilitar.gov.co\/home\/?page_id=41532"},"modified":"2025-08-15T15:09:28","modified_gmt":"2025-08-15T20:09:28","slug":"seguimiento-a-la-rendicion-de-cuentas-de-la-entidad-audiencia-publica","status":"publish","type":"page","link":"https:\/\/www.clubmilitar.gov.co\/home\/seguimiento-a-la-rendicion-de-cuentas-de-la-entidad-audiencia-publica\/","title":{"rendered":"Seguimiento a la Rendici\u00f3n de Cuentas de la Entidad \u2013 Audiencia P\u00fablica"},"content":{"rendered":"\t\t<div data-elementor-type=\"wp-page\" data-elementor-id=\"41532\" class=\"elementor elementor-41532\">\n\t\t\t\t\t\t<section class=\"elementor-section elementor-top-section elementor-element elementor-element-7ca32021 elementor-section-boxed elementor-section-height-default elementor-section-height-default\" data-id=\"7ca32021\" data-element_type=\"section\" data-e-type=\"section\">\n\t\t\t\t\t\t<div class=\"elementor-container elementor-column-gap-default\">\n\t\t\t\t\t<div class=\"elementor-column elementor-col-100 elementor-top-column elementor-element elementor-element-6e7d1064\" data-id=\"6e7d1064\" data-element_type=\"column\" data-e-type=\"column\">\n\t\t\t<div class=\"elementor-widget-wrap elementor-element-populated\">\n\t\t\t\t\t\t<div class=\"elementor-element elementor-element-185c59ea elementor-widget elementor-widget-text-editor\" data-id=\"185c59ea\" data-element_type=\"widget\" data-e-type=\"widget\" data-widget_type=\"text-editor.default\">\n\t\t\t\t<div class=\"elementor-widget-container\">\n\t\t\t\t\t\t\t\t\t<p class=\"texto-cm\">\u00daltima actualizaci\u00f3n: 15 de Agosto 2025<\/p>\n<p><!-- \/wp:paragraph --><\/p>\t\t\t\t\t\t\t\t<\/div>\n\t\t\t\t<\/div>\n\t\t\t\t\t<\/div>\n\t\t<\/div>\n\t\t\t\t\t<\/div>\n\t\t<\/section>\n\t\t\t\t<section class=\"elementor-section elementor-top-section elementor-element elementor-element-35ccbec elementor-section-boxed elementor-section-height-default elementor-section-height-default\" data-id=\"35ccbec\" data-element_type=\"section\" data-e-type=\"section\">\n\t\t\t\t\t\t<div class=\"elementor-container elementor-column-gap-default\">\n\t\t\t\t\t<div class=\"elementor-column elementor-col-100 elementor-top-column elementor-element elementor-element-183f7ad\" data-id=\"183f7ad\" data-element_type=\"column\" data-e-type=\"column\">\n\t\t\t<div class=\"elementor-widget-wrap elementor-element-populated\">\n\t\t\t\t\t\t<div class=\"elementor-element elementor-element-33533c3 elementor-icon-list--layout-traditional elementor-list-item-link-full_width elementor-widget elementor-widget-icon-list\" data-id=\"33533c3\" data-element_type=\"widget\" data-e-type=\"widget\" data-widget_type=\"icon-list.default\">\n\t\t\t\t<div class=\"elementor-widget-container\">\n\t\t\t\t\t\t\t<ul class=\"elementor-icon-list-items\">\n\t\t\t\t\t\t\t<li class=\"elementor-icon-list-item\">\n\t\t\t\t\t\t\t\t\t\t\t<a href=\"https:\/\/www.clubmilitar.gov.co\/home\/wp-content\/uploads\/2025\/08\/1.-MEMORANDO-120.119-ENTREGA-INFORME-029.pdf\" target=\"_blank\">\n\n\t\t\t\t\t\t\t\t\t\t\t\t<span class=\"elementor-icon-list-icon\">\n\t\t\t\t\t\t\t<i aria-hidden=\"true\" class=\"fas fa-file-pdf\"><\/i>\t\t\t\t\t\t<\/span>\n\t\t\t\t\t\t\t\t\t\t<span class=\"elementor-icon-list-text\">Informe de seguimiento audiencia p\u00fablica de rendici\u00f3n de Cuentas (Vigencia 2024)<\/span>\n\t\t\t\t\t\t\t\t\t\t\t<\/a>\n\t\t\t\t\t\t\t\t\t<\/li>\n\t\t\t\t\t\t\t\t<li class=\"elementor-icon-list-item\">\n\t\t\t\t\t\t\t\t\t\t\t<a href=\"https:\/\/www.clubmilitar.gov.co\/home\/wp-content\/uploads\/2024\/07\/INFORME-N\u00b0017-CONCLUSIONES-Y-EVALUACION-AUDIENCIA-PUBLICA-DE-RENDICION-DE-CUENTAS-A-LA-CIUDADANIA-VIGENCIA-2023.pdf\" target=\"_blank\">\n\n\t\t\t\t\t\t\t\t\t\t\t\t<span class=\"elementor-icon-list-icon\">\n\t\t\t\t\t\t\t<i aria-hidden=\"true\" class=\"fas fa-file-pdf\"><\/i>\t\t\t\t\t\t<\/span>\n\t\t\t\t\t\t\t\t\t\t<span class=\"elementor-icon-list-text\">Informe de seguimiento audiencia p\u00fablica de rendici\u00f3n de Cuentas (Vigencia 2023)<\/span>\n\t\t\t\t\t\t\t\t\t\t\t<\/a>\n\t\t\t\t\t\t\t\t\t<\/li>\n\t\t\t\t\t\t\t\t<li class=\"elementor-icon-list-item\">\n\t\t\t\t\t\t\t\t\t\t\t<a href=\"https:\/\/www.clubmilitar.gov.co\/home\/wp-content\/uploads\/2024\/02\/INFORME-DE-CONCLUSIONES-Y-EVALUACION-AUDIENCIA-PUBLICA-DE-RENDICION-DE-CUENTAS-A-LA-CIUDADANIA-VIGENCIA-2022.pdf\" target=\"_blank\">\n\n\t\t\t\t\t\t\t\t\t\t\t\t<span class=\"elementor-icon-list-icon\">\n\t\t\t\t\t\t\t<i aria-hidden=\"true\" class=\"fas fa-file-pdf\"><\/i>\t\t\t\t\t\t<\/span>\n\t\t\t\t\t\t\t\t\t\t<span class=\"elementor-icon-list-text\">Informe de seguimiento audiencia p\u00fablica de rendici\u00f3n de Cuentas (Vigencia 2022)<\/span>\n\t\t\t\t\t\t\t\t\t\t\t<\/a>\n\t\t\t\t\t\t\t\t\t<\/li>\n\t\t\t\t\t\t\t\t<li class=\"elementor-icon-list-item\">\n\t\t\t\t\t\t\t\t\t\t\t<a href=\"https:\/\/www.clubmilitar.gov.co\/home\/wp-content\/uploads\/2022\/09\/Informe-de-resultados-APRC-VIGENCIA-2021.pdf\">\n\n\t\t\t\t\t\t\t\t\t\t\t\t<span class=\"elementor-icon-list-icon\">\n\t\t\t\t\t\t\t<i aria-hidden=\"true\" class=\"fas fa-file-pdf\"><\/i>\t\t\t\t\t\t<\/span>\n\t\t\t\t\t\t\t\t\t\t<span class=\"elementor-icon-list-text\">Informe de seguimiento audiencia p\u00fablica de rendici\u00f3n de Cuentas (Vigencia 2021)<\/span>\n\t\t\t\t\t\t\t\t\t\t\t<\/a>\n\t\t\t\t\t\t\t\t\t<\/li>\n\t\t\t\t\t\t\t\t<li class=\"elementor-icon-list-item\">\n\t\t\t\t\t\t\t\t\t\t\t<a href=\"https:\/\/www.clubmilitar.gov.co\/home\/wp-content\/uploads\/2022\/02\/Comp.-3-Subcomp.-4-4.2-Informe-audiencia-publica-2020-Area-de-Comunicaciones.pdf\" target=\"_blank\">\n\n\t\t\t\t\t\t\t\t\t\t\t\t<span class=\"elementor-icon-list-icon\">\n\t\t\t\t\t\t\t<i aria-hidden=\"true\" class=\"fas fa-file-pdf\"><\/i>\t\t\t\t\t\t<\/span>\n\t\t\t\t\t\t\t\t\t\t<span class=\"elementor-icon-list-text\">Informe de seguimiento audiencia p\u00fablica de rendici\u00f3n de Cuentas (Vigencia 2020)<\/span>\n\t\t\t\t\t\t\t\t\t\t\t<\/a>\n\t\t\t\t\t\t\t\t\t<\/li>\n\t\t\t\t\t\t\t\t<li class=\"elementor-icon-list-item\">\n\t\t\t\t\t\t\t\t\t\t\t<a href=\"https:\/\/clubmilitar.gov.co\/home\/wp-content\/uploads\/2020\/10\/INFORME-AUDIENCIA-PUBLICA-2019.pdf\" target=\"_blank\">\n\n\t\t\t\t\t\t\t\t\t\t\t\t<span class=\"elementor-icon-list-icon\">\n\t\t\t\t\t\t\t<i aria-hidden=\"true\" class=\"fas fa-file-pdf\"><\/i>\t\t\t\t\t\t<\/span>\n\t\t\t\t\t\t\t\t\t\t<span class=\"elementor-icon-list-text\">Informe de seguimiento audiencia p\u00fablica de rendici\u00f3n de Cuentas (Vigencia 2019)<\/span>\n\t\t\t\t\t\t\t\t\t\t\t<\/a>\n\t\t\t\t\t\t\t\t\t<\/li>\n\t\t\t\t\t\t\t\t<li class=\"elementor-icon-list-item\">\n\t\t\t\t\t\t\t\t\t\t\t<a href=\"https:\/\/clubmilitar.gov.co\/home\/wp-content\/uploads\/2019\/09\/Informe-de-seguimiento-audiencia-publica-de-rendicion-de-Cuentas-Vigencia-2018.pdf\" target=\"_blank\">\n\n\t\t\t\t\t\t\t\t\t\t\t\t<span class=\"elementor-icon-list-icon\">\n\t\t\t\t\t\t\t<i aria-hidden=\"true\" class=\"fas fa-file-pdf\"><\/i>\t\t\t\t\t\t<\/span>\n\t\t\t\t\t\t\t\t\t\t<span class=\"elementor-icon-list-text\">Informe de seguimiento audiencia p\u00fablica de rendici\u00f3n de Cuentas (Vigencia 2018)<\/span>\n\t\t\t\t\t\t\t\t\t\t\t<\/a>\n\t\t\t\t\t\t\t\t\t<\/li>\n\t\t\t\t\t\t\t\t<li class=\"elementor-icon-list-item\">\n\t\t\t\t\t\t\t\t\t\t\t<a href=\"https:\/\/clubmilitar.gov.co\/home\/wp-content\/uploads\/2021\/12\/Informe-de-seguimiento-audiencia-publica-de-rendicion-de-Cuentas-Vigencia-2017..pdf\" target=\"_blank\">\n\n\t\t\t\t\t\t\t\t\t\t\t\t<span class=\"elementor-icon-list-icon\">\n\t\t\t\t\t\t\t<i aria-hidden=\"true\" class=\"fas fa-file-pdf\"><\/i>\t\t\t\t\t\t<\/span>\n\t\t\t\t\t\t\t\t\t\t<span class=\"elementor-icon-list-text\">Informe de seguimiento audiencia p\u00fablica de rendici\u00f3n de Cuentas (Vigencia 2017)<\/span>\n\t\t\t\t\t\t\t\t\t\t\t<\/a>\n\t\t\t\t\t\t\t\t\t<\/li>\n\t\t\t\t\t\t\t\t<li class=\"elementor-icon-list-item\">\n\t\t\t\t\t\t\t\t\t\t\t<a href=\"https:\/\/clubmilitar.gov.co\/home\/wp-content\/uploads\/2021\/12\/Informe-de-seguimiento-audiencia-publica-de-rendicion-de-Cuentas-Vigencia-2016..pdf\" target=\"_blank\">\n\n\t\t\t\t\t\t\t\t\t\t\t\t<span class=\"elementor-icon-list-icon\">\n\t\t\t\t\t\t\t<i aria-hidden=\"true\" class=\"fas fa-file-pdf\"><\/i>\t\t\t\t\t\t<\/span>\n\t\t\t\t\t\t\t\t\t\t<span class=\"elementor-icon-list-text\">Informe de seguimiento audiencia p\u00fablica de rendici\u00f3n de Cuentas (Vigencia 2016)<\/span>\n\t\t\t\t\t\t\t\t\t\t\t<\/a>\n\t\t\t\t\t\t\t\t\t<\/li>\n\t\t\t\t\t\t\t\t<li class=\"elementor-icon-list-item\">\n\t\t\t\t\t\t\t\t\t\t\t<a href=\"https:\/\/clubmilitar.gov.co\/home\/wp-content\/uploads\/2021\/12\/Informe-de-seguimiento-audiencia-publica-de-rendicion-de-Cuentas-Vigencia-2015..pdf\" target=\"_blank\">\n\n\t\t\t\t\t\t\t\t\t\t\t\t<span class=\"elementor-icon-list-icon\">\n\t\t\t\t\t\t\t<i aria-hidden=\"true\" class=\"fas fa-file-pdf\"><\/i>\t\t\t\t\t\t<\/span>\n\t\t\t\t\t\t\t\t\t\t<span class=\"elementor-icon-list-text\">Informe de seguimiento audiencia p\u00fablica de rendici\u00f3n de Cuentas (Vigencia 2015)<\/span>\n\t\t\t\t\t\t\t\t\t\t\t<\/a>\n\t\t\t\t\t\t\t\t\t<\/li>\n\t\t\t\t\t\t<\/ul>\n\t\t\t\t\t\t<\/div>\n\t\t\t\t<\/div>\n\t\t\t\t\t<\/div>\n\t\t<\/div>\n\t\t\t\t\t<\/div>\n\t\t<\/section>\n\t\t\t\t<\/div>\n\t\t","protected":false},"excerpt":{"rendered":"<p>\u00daltima actualizaci\u00f3n: 15 de Agosto 2025 Informe de seguimiento audiencia p\u00fablica de rendici\u00f3n de Cuentas (Vigencia 2024) Informe de seguimiento audiencia p\u00fablica de rendici\u00f3n de Cuentas (Vigencia 2023) Informe de seguimiento audiencia p\u00fablica de rendici\u00f3n de Cuentas (Vigencia 2022) Informe de seguimiento audiencia p\u00fablica de rendici\u00f3n de Cuentas (Vigencia 2021) Informe de seguimiento audiencia p\u00fablica de rendici\u00f3n de Cuentas (Vigencia 2020) Informe de seguimiento audiencia p\u00fablica de rendici\u00f3n de Cuentas (Vigencia 2019) Informe de seguimiento audiencia p\u00fablica de rendici\u00f3n de Cuentas (Vigencia 2018) Informe de seguimiento audiencia p\u00fablica de rendici\u00f3n de Cuentas (Vigencia 2017) Informe de seguimiento audiencia p\u00fablica de rendici\u00f3n de Cuentas (Vigencia 2016) Informe de seguimiento audiencia p\u00fablica de rendici\u00f3n de Cuentas (Vigencia 2015)<\/p>\n","protected":false},"author":13,"featured_media":0,"parent":0,"menu_order":0,"comment_status":"closed","ping_status":"closed","template":"","meta":{"_price":"","_stock":"","_tribe_ticket_header":"","_tribe_default_ticket_provider":"","_tribe_ticket_capacity":"0","_ticket_start_date":"","_ticket_end_date":"","_tribe_ticket_show_description":"","_tribe_ticket_show_not_going":false,"_tribe_ticket_use_global_stock":"","_tribe_ticket_global_stock_level":"","_global_stock_mode":"","_global_stock_cap":"","_tribe_rsvp_for_event":"","_tribe_ticket_going_count":"","_tribe_ticket_not_going_count":"","_tribe_tickets_list":"[]","_tribe_ticket_has_attendee_info_fields":false,"_EventAllDay":false,"_EventTimezone":"","_EventStartDate":"","_EventEndDate":"","_EventStartDateUTC":"","_EventEndDateUTC":"","_EventShowMap":false,"_EventShowMapLink":false,"_EventURL":"","_EventCost":"","_EventCostDescription":"","_EventCurrencySymbol":"","_EventCurrencyCode":"","_EventCurrencyPosition":"","_EventDateTimeSeparator":"","_EventTimeRangeSeparator":"","_EventOrganizerID":[],"_EventVenueID":[],"_OrganizerEmail":"","_OrganizerPhone":"","_OrganizerWebsite":"","_VenueAddress":"","_VenueCity":"","_VenueCountry":"","_VenueProvince":"","_VenueState":"","_VenueZip":"","_VenuePhone":"","_VenueURL":"","_VenueStateProvince":"","_VenueLat":"","_VenueLng":"","_VenueShowMap":false,"_VenueShowMapLink":false,"footnotes":"","_tec_slr_enabled":"","_tec_slr_layout":""},"class_list":["post-41532","page","type-page","status-publish","hentry"],"yoast_head":"<!-- This site is optimized with the Yoast SEO plugin v27.5 - https:\/\/yoast.com\/product\/yoast-seo-wordpress\/ -->\n<title>Seguimiento a la Rendici\u00f3n de Cuentas de la Entidad \u2013 Audiencia P\u00fablica - Club Militar<\/title>\n<meta name=\"robots\" content=\"index, follow, max-snippet:-1, max-image-preview:large, max-video-preview:-1\" \/>\n<link rel=\"canonical\" href=\"https:\/\/www.clubmilitar.gov.co\/home\/seguimiento-a-la-rendicion-de-cuentas-de-la-entidad-audiencia-publica\/\" \/>\n<meta property=\"og:locale\" content=\"es_ES\" \/>\n<meta property=\"og:type\" content=\"article\" \/>\n<meta property=\"og:title\" content=\"Seguimiento a la Rendici\u00f3n de Cuentas de la Entidad \u2013 Audiencia P\u00fablica - Club Militar\" \/>\n<meta property=\"og:description\" content=\"\u00daltima actualizaci\u00f3n: 15 de Agosto 2025 Informe de seguimiento audiencia p\u00fablica de rendici\u00f3n de Cuentas (Vigencia 2024) Informe de seguimiento audiencia p\u00fablica de rendici\u00f3n de Cuentas (Vigencia 2023) Informe de seguimiento audiencia p\u00fablica de rendici\u00f3n de Cuentas (Vigencia 2022) Informe de seguimiento audiencia p\u00fablica de rendici\u00f3n de Cuentas (Vigencia 2021) Informe de seguimiento audiencia p\u00fablica de rendici\u00f3n de Cuentas (Vigencia 2020) Informe de seguimiento audiencia p\u00fablica de rendici\u00f3n de Cuentas (Vigencia 2019) Informe de seguimiento audiencia p\u00fablica de rendici\u00f3n de Cuentas (Vigencia 2018) Informe de seguimiento audiencia p\u00fablica de rendici\u00f3n de Cuentas (Vigencia 2017) Informe de seguimiento audiencia p\u00fablica de rendici\u00f3n de Cuentas (Vigencia 2016) Informe de seguimiento audiencia p\u00fablica de rendici\u00f3n de Cuentas (Vigencia 2015)\" \/>\n<meta property=\"og:url\" content=\"https:\/\/www.clubmilitar.gov.co\/home\/seguimiento-a-la-rendicion-de-cuentas-de-la-entidad-audiencia-publica\/\" \/>\n<meta property=\"og:site_name\" content=\"Club Militar\" \/>\n<meta property=\"article:modified_time\" content=\"2025-08-15T20:09:28+00:00\" \/>\n<meta name=\"twitter:card\" content=\"summary_large_image\" \/>\n<meta name=\"twitter:label1\" content=\"Tiempo de lectura\" \/>\n\t<meta name=\"twitter:data1\" content=\"1 minuto\" \/>\n<script type=\"application\/ld+json\" class=\"yoast-schema-graph\">{\"@context\":\"https:\\\/\\\/schema.org\",\"@graph\":[{\"@type\":\"WebPage\",\"@id\":\"https:\\\/\\\/www.clubmilitar.gov.co\\\/home\\\/seguimiento-a-la-rendicion-de-cuentas-de-la-entidad-audiencia-publica\\\/\",\"url\":\"https:\\\/\\\/www.clubmilitar.gov.co\\\/home\\\/seguimiento-a-la-rendicion-de-cuentas-de-la-entidad-audiencia-publica\\\/\",\"name\":\"Seguimiento a la Rendici\u00f3n de Cuentas de la Entidad \u2013 Audiencia P\u00fablica - Club Militar\",\"isPartOf\":{\"@id\":\"https:\\\/\\\/www.clubmilitar.gov.co\\\/home\\\/#website\"},\"datePublished\":\"2021-12-01T16:16:21+00:00\",\"dateModified\":\"2025-08-15T20:09:28+00:00\",\"breadcrumb\":{\"@id\":\"https:\\\/\\\/www.clubmilitar.gov.co\\\/home\\\/seguimiento-a-la-rendicion-de-cuentas-de-la-entidad-audiencia-publica\\\/#breadcrumb\"},\"inLanguage\":\"es\",\"potentialAction\":[{\"@type\":\"ReadAction\",\"target\":[\"https:\\\/\\\/www.clubmilitar.gov.co\\\/home\\\/seguimiento-a-la-rendicion-de-cuentas-de-la-entidad-audiencia-publica\\\/\"]}]},{\"@type\":\"BreadcrumbList\",\"@id\":\"https:\\\/\\\/www.clubmilitar.gov.co\\\/home\\\/seguimiento-a-la-rendicion-de-cuentas-de-la-entidad-audiencia-publica\\\/#breadcrumb\",\"itemListElement\":[{\"@type\":\"ListItem\",\"position\":1,\"name\":\"Inicio\",\"item\":\"https:\\\/\\\/www.clubmilitar.gov.co\\\/home\\\/\"},{\"@type\":\"ListItem\",\"position\":2,\"name\":\"Seguimiento a la Rendici\u00f3n de Cuentas de la Entidad \u2013 Audiencia P\u00fablica\"}]},{\"@type\":\"WebSite\",\"@id\":\"https:\\\/\\\/www.clubmilitar.gov.co\\\/home\\\/#website\",\"url\":\"https:\\\/\\\/www.clubmilitar.gov.co\\\/home\\\/\",\"name\":\"Club Militar\",\"description\":\"&quot;Su destino ideal en familia&quot;\",\"publisher\":{\"@id\":\"https:\\\/\\\/www.clubmilitar.gov.co\\\/home\\\/#organization\"},\"potentialAction\":[{\"@type\":\"SearchAction\",\"target\":{\"@type\":\"EntryPoint\",\"urlTemplate\":\"https:\\\/\\\/www.clubmilitar.gov.co\\\/home\\\/?s={search_term_string}\"},\"query-input\":{\"@type\":\"PropertyValueSpecification\",\"valueRequired\":true,\"valueName\":\"search_term_string\"}}],\"inLanguage\":\"es\"},{\"@type\":\"Organization\",\"@id\":\"https:\\\/\\\/www.clubmilitar.gov.co\\\/home\\\/#organization\",\"name\":\"Club Militar\",\"url\":\"https:\\\/\\\/www.clubmilitar.gov.co\\\/home\\\/\",\"logo\":{\"@type\":\"ImageObject\",\"inLanguage\":\"es\",\"@id\":\"https:\\\/\\\/www.clubmilitar.gov.co\\\/home\\\/#\\\/schema\\\/logo\\\/image\\\/\",\"url\":\"https:\\\/\\\/www.clubmilitar.gov.co\\\/home\\\/wp-content\\\/uploads\\\/2024\\\/06\\\/cropped-cropped-cropped-cropped-image-1-1.png\",\"contentUrl\":\"https:\\\/\\\/www.clubmilitar.gov.co\\\/home\\\/wp-content\\\/uploads\\\/2024\\\/06\\\/cropped-cropped-cropped-cropped-image-1-1.png\",\"width\":596,\"height\":133,\"caption\":\"Club Militar\"},\"image\":{\"@id\":\"https:\\\/\\\/www.clubmilitar.gov.co\\\/home\\\/#\\\/schema\\\/logo\\\/image\\\/\"}}]}<\/script>\n<!-- \/ Yoast SEO plugin. -->","yoast_head_json":{"title":"Seguimiento a la Rendici\u00f3n de Cuentas de la Entidad \u2013 Audiencia P\u00fablica - Club Militar","robots":{"index":"index","follow":"follow","max-snippet":"max-snippet:-1","max-image-preview":"max-image-preview:large","max-video-preview":"max-video-preview:-1"},"canonical":"https:\/\/www.clubmilitar.gov.co\/home\/seguimiento-a-la-rendicion-de-cuentas-de-la-entidad-audiencia-publica\/","og_locale":"es_ES","og_type":"article","og_title":"Seguimiento a la Rendici\u00f3n de Cuentas de la Entidad \u2013 Audiencia P\u00fablica - Club Militar","og_description":"\u00daltima actualizaci\u00f3n: 15 de Agosto 2025 Informe de seguimiento audiencia p\u00fablica de rendici\u00f3n de Cuentas (Vigencia 2024) Informe de seguimiento audiencia p\u00fablica de rendici\u00f3n de Cuentas (Vigencia 2023) Informe de seguimiento audiencia p\u00fablica de rendici\u00f3n de Cuentas (Vigencia 2022) Informe de seguimiento audiencia p\u00fablica de rendici\u00f3n de Cuentas (Vigencia 2021) Informe de seguimiento audiencia p\u00fablica de rendici\u00f3n de Cuentas (Vigencia 2020) Informe de seguimiento audiencia p\u00fablica de rendici\u00f3n de Cuentas (Vigencia 2019) Informe de seguimiento audiencia p\u00fablica de rendici\u00f3n de Cuentas (Vigencia 2018) Informe de seguimiento audiencia p\u00fablica de rendici\u00f3n de Cuentas (Vigencia 2017) Informe de seguimiento audiencia p\u00fablica de rendici\u00f3n de Cuentas (Vigencia 2016) Informe de seguimiento audiencia p\u00fablica de rendici\u00f3n de Cuentas (Vigencia 2015)","og_url":"https:\/\/www.clubmilitar.gov.co\/home\/seguimiento-a-la-rendicion-de-cuentas-de-la-entidad-audiencia-publica\/","og_site_name":"Club Militar","article_modified_time":"2025-08-15T20:09:28+00:00","twitter_card":"summary_large_image","twitter_misc":{"Tiempo de lectura":"1 minuto"},"schema":{"@context":"https:\/\/schema.org","@graph":[{"@type":"WebPage","@id":"https:\/\/www.clubmilitar.gov.co\/home\/seguimiento-a-la-rendicion-de-cuentas-de-la-entidad-audiencia-publica\/","url":"https:\/\/www.clubmilitar.gov.co\/home\/seguimiento-a-la-rendicion-de-cuentas-de-la-entidad-audiencia-publica\/","name":"Seguimiento a la Rendici\u00f3n de Cuentas de la Entidad \u2013 Audiencia P\u00fablica - Club Militar","isPartOf":{"@id":"https:\/\/www.clubmilitar.gov.co\/home\/#website"},"datePublished":"2021-12-01T16:16:21+00:00","dateModified":"2025-08-15T20:09:28+00:00","breadcrumb":{"@id":"https:\/\/www.clubmilitar.gov.co\/home\/seguimiento-a-la-rendicion-de-cuentas-de-la-entidad-audiencia-publica\/#breadcrumb"},"inLanguage":"es","potentialAction":[{"@type":"ReadAction","target":["https:\/\/www.clubmilitar.gov.co\/home\/seguimiento-a-la-rendicion-de-cuentas-de-la-entidad-audiencia-publica\/"]}]},{"@type":"BreadcrumbList","@id":"https:\/\/www.clubmilitar.gov.co\/home\/seguimiento-a-la-rendicion-de-cuentas-de-la-entidad-audiencia-publica\/#breadcrumb","itemListElement":[{"@type":"ListItem","position":1,"name":"Inicio","item":"https:\/\/www.clubmilitar.gov.co\/home\/"},{"@type":"ListItem","position":2,"name":"Seguimiento a la Rendici\u00f3n de Cuentas de la Entidad \u2013 Audiencia P\u00fablica"}]},{"@type":"WebSite","@id":"https:\/\/www.clubmilitar.gov.co\/home\/#website","url":"https:\/\/www.clubmilitar.gov.co\/home\/","name":"Club Militar","description":"&quot;Su destino ideal en familia&quot;","publisher":{"@id":"https:\/\/www.clubmilitar.gov.co\/home\/#organization"},"potentialAction":[{"@type":"SearchAction","target":{"@type":"EntryPoint","urlTemplate":"https:\/\/www.clubmilitar.gov.co\/home\/?s={search_term_string}"},"query-input":{"@type":"PropertyValueSpecification","valueRequired":true,"valueName":"search_term_string"}}],"inLanguage":"es"},{"@type":"Organization","@id":"https:\/\/www.clubmilitar.gov.co\/home\/#organization","name":"Club Militar","url":"https:\/\/www.clubmilitar.gov.co\/home\/","logo":{"@type":"ImageObject","inLanguage":"es","@id":"https:\/\/www.clubmilitar.gov.co\/home\/#\/schema\/logo\/image\/","url":"https:\/\/www.clubmilitar.gov.co\/home\/wp-content\/uploads\/2024\/06\/cropped-cropped-cropped-cropped-image-1-1.png","contentUrl":"https:\/\/www.clubmilitar.gov.co\/home\/wp-content\/uploads\/2024\/06\/cropped-cropped-cropped-cropped-image-1-1.png","width":596,"height":133,"caption":"Club Militar"},"image":{"@id":"https:\/\/www.clubmilitar.gov.co\/home\/#\/schema\/logo\/image\/"}}]}},"publishpress_future_workflow_manual_trigger":{"enabledWorkflows":[]},"ticketed":false,"_links":{"self":[{"href":"https:\/\/www.clubmilitar.gov.co\/home\/wp-json\/wp\/v2\/pages\/41532","targetHints":{"allow":["GET"]}}],"collection":[{"href":"https:\/\/www.clubmilitar.gov.co\/home\/wp-json\/wp\/v2\/pages"}],"about":[{"href":"https:\/\/www.clubmilitar.gov.co\/home\/wp-json\/wp\/v2\/types\/page"}],"author":[{"embeddable":true,"href":"https:\/\/www.clubmilitar.gov.co\/home\/wp-json\/wp\/v2\/users\/13"}],"replies":[{"embeddable":true,"href":"https:\/\/www.clubmilitar.gov.co\/home\/wp-json\/wp\/v2\/comments?post=41532"}],"version-history":[{"count":30,"href":"https:\/\/www.clubmilitar.gov.co\/home\/wp-json\/wp\/v2\/pages\/41532\/revisions"}],"predecessor-version":[{"id":58408,"href":"https:\/\/www.clubmilitar.gov.co\/home\/wp-json\/wp\/v2\/pages\/41532\/revisions\/58408"}],"wp:attachment":[{"href":"https:\/\/www.clubmilitar.gov.co\/home\/wp-json\/wp\/v2\/media?parent=41532"}],"curies":[{"name":"wp","href":"https:\/\/api.w.org\/{rel}","templated":true}]}}