{"id":41008,"date":"2021-10-27T18:37:45","date_gmt":"2021-10-27T23:37:45","guid":{"rendered":"https:\/\/clubmilitar.gov.co\/home\/?page_id=41008"},"modified":"2025-10-20T14:14:14","modified_gmt":"2025-10-20T19:14:14","slug":"resoluciones","status":"publish","type":"page","link":"https:\/\/www.clubmilitar.gov.co\/home\/resoluciones\/","title":{"rendered":"RESOLUCIONES"},"content":{"rendered":"\t\t<div data-elementor-type=\"wp-page\" data-elementor-id=\"41008\" class=\"elementor elementor-41008\">\n\t\t\t\t\t\t<section class=\"elementor-section elementor-top-section elementor-element elementor-element-262da5df elementor-section-boxed elementor-section-height-default elementor-section-height-default\" data-id=\"262da5df\" data-element_type=\"section\" data-e-type=\"section\">\n\t\t\t\t\t\t<div class=\"elementor-container elementor-column-gap-default\">\n\t\t\t\t\t<div class=\"elementor-column elementor-col-100 elementor-top-column elementor-element elementor-element-3cd98548\" data-id=\"3cd98548\" data-element_type=\"column\" data-e-type=\"column\">\n\t\t\t<div class=\"elementor-widget-wrap elementor-element-populated\">\n\t\t\t\t\t\t<div class=\"elementor-element elementor-element-11f23638 elementor-widget elementor-widget-text-editor\" data-id=\"11f23638\" data-element_type=\"widget\" data-e-type=\"widget\" data-widget_type=\"text-editor.default\">\n\t\t\t\t<div class=\"elementor-widget-container\">\n\t\t\t\t\t\t\t\t\t<p>\u00daltima actualizaci\u00f3n: 20 de Octubre de 2025<\/p>\n<p>&nbsp;<\/p>\n<p><!-- \/wp:paragraph --><\/p>\n<p>&nbsp;<\/p>\n<p><a href=\"https:\/\/www.clubmilitar.gov.co\/home\/wp-content\/uploads\/2025\/10\/RESOLUCION-N\u00b0-0000300-DE-14-DE-JULIO-DE-2025-SE-MODIFICA-EL-ART.-5-DE-LA-RESOLUCION-000011-DEL-08-DE-ENERO-DE-2018.pdf\"><span style=\"color: #004884;\"><strong>RESOLUCI\u00d3N N\u00b0 0000300 DE 14 DE JULIO DE 2025 &#8211; SE MODIFICA EL ART. 5 DE LA RESOLUCI\u00d3N 000011 DEL 08 DE ENERO DE 2018<\/strong><\/span><\/a><\/p>\n<p>&nbsp;<\/p>\n<p><a href=\"https:\/\/www.clubmilitar.gov.co\/home\/wp-content\/uploads\/2025\/10\/RESOLUCION-N\u00b0-0000004-DEL-09-ENERO-2025-REVOCAN-RESOLUCIONES-0000423-Y-0000131-SE-REDEFINEN-LOS-GRUPOS-DE-TRABAJO-Y-ESTABLECEN-AREAS-DE-TRABAJO-2.pdf\"><span style=\"color: #004884;\"><strong>RESOLUCI\u00d3N N\u00b0 0000004 DEL 09 ENERO 2025 &#8211; REVOCAN RESOLUCIONES 0000423 Y 0000131 SE REDEFINEN LOS GRUPOS DE TRABAJO Y ESTABLECEN AREAS DE TRABAJO<\/strong><\/span><\/a><\/p>\n<p>&nbsp;<\/p>\n<p><a href=\"https:\/\/www.clubmilitar.gov.co\/home\/wp-content\/uploads\/2025\/10\/RESOLUCION-N\u00b0-0000271-DE-10-JULIO-2024-INTEGRACION-Y-REGLAMENTO-DEL-COMITE-INSTITUCIONAL-DE-GESTION-Y-DESEMPENO-MIPG.pdf\"><span style=\"color: #004884;\"><strong>RESOLUCI\u00d3N N\u00b0 0000271 DE 10 JULIO 2024 &#8211; INTEGRACION Y REGLAMENTO DEL COMIT\u00c9 INSTITUCIONAL DE GESTI\u00d3N Y DESEMPE\u00d1O &#8211; MIPG<\/strong><\/span><\/a><\/p>\n<p>&nbsp;<\/p>\n<p><a href=\"https:\/\/www.clubmilitar.gov.co\/home\/wp-content\/uploads\/2025\/10\/RESOLUCION-00011-DE-2018-COMITE-CONTROL-INTERNO.pdf\"><span style=\"color: #004884;\"><strong>RESOLUCI\u00d3N 00011 DE 2018 &#8211; COMITE CONTROL INTERNO<\/strong><\/span><\/a><\/p>\n<p>&nbsp;<\/p>\n<p><a href=\"https:\/\/www.clubmilitar.gov.co\/home\/wp-content\/uploads\/2023\/10\/RESOLUCION-N\u00b0-0000351-DE-11-DE-AGOSTO-DE-2022-ASIGNA-FUNCIONES-DE-INSTRUCCION-PROCESO-DISCIPLINARIO-A-PROFESIONAL-DE-DEFENSA-FUNCIONES-DE-JUZGAMIENTO-EN-PRIMERA-INSTANCIA-1.pdf\"><span style=\"color: #004884;\"><strong>Resoluci\u00f3n N\u00b0 0000351 De 11 De agosto De 2022 &#8211; Asigna Funciones De Instrucci\u00f3n Proceso Disciplinario A Profesional De Defensa &#8211; Funciones De Juzgamiento En Primera Instancia<\/strong><\/span><\/a><\/p>\n<p>&nbsp;<\/p>\n<p><a href=\"https:\/\/www.clubmilitar.gov.co\/home\/wp-content\/uploads\/2023\/10\/RESOLUCION-N\u00b0-0000360-DE-17-AGOSTO-2022-ASIGNA-FUNCIONES-DE-INSTRUCCION-PROCESO-DISCIPLINARIO-A-PROFESIONAL-DE-DEFENSA-Y-FUNCIONES-DE-JUZGAMIENTO-PRIMERA-INSTANCIA.pdf\"><span style=\"color: #004884;\"><strong>Resoluci\u00f3n N\u00b0 0000360 De 17 agosto 2022 &#8211; Asigna Funciones De instrucci\u00f3n Proceso Disciplinario A Profesional De Defensa Y Funciones De Juzgamiento Primera Instancia<\/strong><\/span><\/a><\/p>\n<p><!-- \/wp:paragraph --><\/p>\n<p><!-- wp:group --><\/p>\n<div class=\"wp-block-group\">\n<p><!-- wp:columns --><\/p>\n<div class=\"wp-block-columns\">\n<p><!-- wp:column {\"width\":\"100%\"} --><\/p>\n<div class=\"wp-block-column\" style=\"flex-basis: 100%;\">\n<p><!-- wp:group --><\/p>\n<div class=\"wp-block-group\">\n<p><!-- wp:freeform --><\/p>\n<p>&nbsp;<\/p>\n<p><strong><span style=\"color: #004884;\"><a style=\"color: #004884;\" href=\"https:\/\/clubmilitar.gov.co\/home\/wp-content\/uploads\/2020\/06\/Resoluciones-2020.pdf\" target=\"_blank\" rel=\"noopener\">Resoluciones-2020<\/a><\/span><\/strong><\/p>\n<p>&nbsp;<\/p>\n<p><strong><span style=\"color: #004884;\"><a style=\"color: #004884;\" href=\"https:\/\/clubmilitar.gov.co\/home\/wp-content\/uploads\/2020\/06\/RESOLUCION-000391-2020-OPTIMIZAR-USO-TECNOLOGIA-Y-COMUNICACIONES-TRAMITE-P.-DISCIPLINARIOS-CM.pdf\" target=\"_blank\" rel=\"noopener\">Resoluci\u00f3n-000391-2020-Optimizar-Uso-Tecnologia-Y-Comunicaciones-Tramite-P.-Disciplinarios-Cm<\/a><\/span><\/strong><\/p>\n<p>&nbsp;<\/p>\n<p><strong><span style=\"color: #004884;\"><a style=\"color: #004884;\" href=\"https:\/\/clubmilitar.gov.co\/home\/wp-content\/uploads\/2020\/09\/RESOLUCION-694-ADOPTA-EL-MANUAL-POLITICAS-MANEJO-SEGURIDAD-DE-LA-INFORMACION.pdf\" target=\"_blank\" rel=\"noopener\">Resoluci\u00f3n 694 de 2018 Adopci\u00f3n Manual de Pol\u00edticas de Seguridad de la Informaci\u00f3n<\/a><\/span><\/strong><\/p>\n<p>&nbsp;<\/p>\n<p><strong><span style=\"color: #004884;\"><a style=\"color: #004884;\" href=\"https:\/\/clubmilitar.gov.co\/home\/wp-content\/uploads\/2019\/09\/RESOLUCION-1333-de-2017-implementa-MIPG.pdf\" target=\"_blank\" rel=\"noopener\">Resoluci\u00f3n 1333 de 2017 Implementaci\u00f3n Modelo Integrado de Planeaci\u00f3n y Gesti\u00f3n<\/a><\/span><\/strong><\/p>\n<p>&nbsp;<\/p>\n<p><strong><span style=\"color: #004884;\"><a style=\"color: #004884;\" href=\"https:\/\/clubmilitar.gov.co\/home\/wp-content\/uploads\/2019\/09\/RESOLUCION-0925-DE-2017-ADOPTA-MANUAL-DE-CONTRATACION.pdf\" target=\"_blank\" rel=\"noopener\">Resoluci\u00f3n 925 de 2017 Adopci\u00f3n Manual de Contrataci\u00f3n<\/a><\/span><\/strong><\/p>\n<p>&nbsp;<\/p>\n<p><strong><a href=\"https:\/\/clubmilitar.gov.co\/home\/wp-content\/uploads\/2021\/10\/EV.-3.2-Resolucion-652-de-2017-Grupos-Interno-de-trabajo.pdf\" target=\"_blank\" rel=\"noopener\"><span style=\"color: #004884;\">Resoluci\u00f3n 652 de 2017 Estructura Org\u00e1nica \u2013 Grupos Internos de trabajo<\/span><\/a><\/strong><\/p>\n<p><!-- \/wp:freeform --><\/p>\n<\/div>\n<p><!-- \/wp:group --><\/p>\n<\/div>\n<p><!-- \/wp:column --><\/p>\n<\/div>\n<p><!-- \/wp:columns --><\/p>\n<\/div>\n<p><!-- \/wp:group --><\/p>\n<p><!-- wp:paragraph --><\/p>\n<p>&nbsp;<\/p>\n<p><!-- \/wp:paragraph --><\/p>\t\t\t\t\t\t\t\t<\/div>\n\t\t\t\t<\/div>\n\t\t\t\t\t<\/div>\n\t\t<\/div>\n\t\t\t\t\t<\/div>\n\t\t<\/section>\n\t\t\t\t<\/div>\n\t\t","protected":false},"excerpt":{"rendered":"<p>\u00daltima actualizaci\u00f3n: 20 de Octubre de 2025 &nbsp; &nbsp; RESOLUCI\u00d3N N\u00b0 0000300 DE 14 DE JULIO DE 2025 &#8211; SE MODIFICA EL ART. 5 DE LA RESOLUCI\u00d3N 000011 DEL 08 DE ENERO DE 2018 &nbsp; RESOLUCI\u00d3N N\u00b0 0000004 DEL 09 ENERO 2025 &#8211; REVOCAN RESOLUCIONES 0000423 Y 0000131 SE REDEFINEN LOS GRUPOS DE TRABAJO Y ESTABLECEN AREAS DE TRABAJO &nbsp; RESOLUCI\u00d3N N\u00b0 0000271 DE 10 JULIO 2024 &#8211; INTEGRACION Y REGLAMENTO DEL COMIT\u00c9 INSTITUCIONAL DE GESTI\u00d3N Y DESEMPE\u00d1O &#8211; MIPG &nbsp; RESOLUCI\u00d3N 00011 DE 2018 &#8211; COMITE CONTROL INTERNO &nbsp; Resoluci\u00f3n N\u00b0 0000351 De 11 De agosto De 2022 &#8211; Asigna Funciones De Instrucci\u00f3n Proceso Disciplinario A Profesional De Defensa &#8211; Funciones De Juzgamiento En Primera Instancia &nbsp; Resoluci\u00f3n N\u00b0 0000360 De 17 agosto 2022 &#8211; Asigna Funciones De instrucci\u00f3n Proceso Disciplinario A Profesional De Defensa Y Funciones De Juzgamiento Primera Instancia &nbsp; Resoluciones-2020 &nbsp; Resoluci\u00f3n-000391-2020-Optimizar-Uso-Tecnologia-Y-Comunicaciones-Tramite-P.-Disciplinarios-Cm &nbsp; Resoluci\u00f3n 694 de 2018 Adopci\u00f3n Manual de Pol\u00edticas de Seguridad de la Informaci\u00f3n &nbsp; Resoluci\u00f3n 1333 de 2017 Implementaci\u00f3n Modelo Integrado de Planeaci\u00f3n y Gesti\u00f3n &nbsp; Resoluci\u00f3n 925 de 2017 Adopci\u00f3n Manual de Contrataci\u00f3n &nbsp; Resoluci\u00f3n 652 de 2017 Estructura Org\u00e1nica \u2013 Grupos Internos de trabajo &nbsp;<\/p>\n","protected":false},"author":13,"featured_media":0,"parent":0,"menu_order":0,"comment_status":"closed","ping_status":"closed","template":"","meta":{"_price":"","_stock":"","_tribe_ticket_header":"","_tribe_default_ticket_provider":"","_tribe_ticket_capacity":"0","_ticket_start_date":"","_ticket_end_date":"","_tribe_ticket_show_description":"","_tribe_ticket_show_not_going":false,"_tribe_ticket_use_global_stock":"","_tribe_ticket_global_stock_level":"","_global_stock_mode":"","_global_stock_cap":"","_tribe_rsvp_for_event":"","_tribe_ticket_going_count":"","_tribe_ticket_not_going_count":"","_tribe_tickets_list":"[]","_tribe_ticket_has_attendee_info_fields":false,"_EventAllDay":false,"_EventTimezone":"","_EventStartDate":"","_EventEndDate":"","_EventStartDateUTC":"","_EventEndDateUTC":"","_EventShowMap":false,"_EventShowMapLink":false,"_EventURL":"","_EventCost":"","_EventCostDescription":"","_EventCurrencySymbol":"","_EventCurrencyCode":"","_EventCurrencyPosition":"","_EventDateTimeSeparator":"","_EventTimeRangeSeparator":"","_EventOrganizerID":[],"_EventVenueID":[],"_OrganizerEmail":"","_OrganizerPhone":"","_OrganizerWebsite":"","_VenueAddress":"","_VenueCity":"","_VenueCountry":"","_VenueProvince":"","_VenueState":"","_VenueZip":"","_VenuePhone":"","_VenueURL":"","_VenueStateProvince":"","_VenueLat":"","_VenueLng":"","_VenueShowMap":false,"_VenueShowMapLink":false,"footnotes":"","_tec_slr_enabled":"","_tec_slr_layout":""},"class_list":["post-41008","page","type-page","status-publish","hentry"],"yoast_head":"<!-- This site is optimized with the Yoast SEO plugin v27.6 - https:\/\/yoast.com\/product\/yoast-seo-wordpress\/ -->\n<title>RESOLUCIONES - Club Militar<\/title>\n<meta name=\"robots\" content=\"index, follow, max-snippet:-1, max-image-preview:large, max-video-preview:-1\" \/>\n<link rel=\"canonical\" href=\"https:\/\/www.clubmilitar.gov.co\/home\/resoluciones\/\" \/>\n<meta property=\"og:locale\" content=\"es_ES\" \/>\n<meta property=\"og:type\" content=\"article\" \/>\n<meta property=\"og:title\" content=\"RESOLUCIONES - Club Militar\" \/>\n<meta property=\"og:description\" content=\"\u00daltima actualizaci\u00f3n: 20 de Octubre de 2025 &nbsp; &nbsp; RESOLUCI\u00d3N N\u00b0 0000300 DE 14 DE JULIO DE 2025 &#8211; SE MODIFICA EL ART. 5 DE LA RESOLUCI\u00d3N 000011 DEL 08 DE ENERO DE 2018 &nbsp; RESOLUCI\u00d3N N\u00b0 0000004 DEL 09 ENERO 2025 &#8211; REVOCAN RESOLUCIONES 0000423 Y 0000131 SE REDEFINEN LOS GRUPOS DE TRABAJO Y ESTABLECEN AREAS DE TRABAJO &nbsp; RESOLUCI\u00d3N N\u00b0 0000271 DE 10 JULIO 2024 &#8211; INTEGRACION Y REGLAMENTO DEL COMIT\u00c9 INSTITUCIONAL DE GESTI\u00d3N Y DESEMPE\u00d1O &#8211; MIPG &nbsp; RESOLUCI\u00d3N 00011 DE 2018 &#8211; COMITE CONTROL INTERNO &nbsp; Resoluci\u00f3n N\u00b0 0000351 De 11 De agosto De 2022 &#8211; Asigna Funciones De Instrucci\u00f3n Proceso Disciplinario A Profesional De Defensa &#8211; Funciones De Juzgamiento En Primera Instancia &nbsp; Resoluci\u00f3n N\u00b0 0000360 De 17 agosto 2022 &#8211; Asigna Funciones De instrucci\u00f3n Proceso Disciplinario A Profesional De Defensa Y Funciones De Juzgamiento Primera Instancia &nbsp; Resoluciones-2020 &nbsp; Resoluci\u00f3n-000391-2020-Optimizar-Uso-Tecnologia-Y-Comunicaciones-Tramite-P.-Disciplinarios-Cm &nbsp; Resoluci\u00f3n 694 de 2018 Adopci\u00f3n Manual de Pol\u00edticas de Seguridad de la Informaci\u00f3n &nbsp; Resoluci\u00f3n 1333 de 2017 Implementaci\u00f3n Modelo Integrado de Planeaci\u00f3n y Gesti\u00f3n &nbsp; Resoluci\u00f3n 925 de 2017 Adopci\u00f3n Manual de Contrataci\u00f3n &nbsp; Resoluci\u00f3n 652 de 2017 Estructura Org\u00e1nica \u2013 Grupos Internos de trabajo &nbsp;\" \/>\n<meta property=\"og:url\" content=\"https:\/\/www.clubmilitar.gov.co\/home\/resoluciones\/\" \/>\n<meta property=\"og:site_name\" content=\"Club Militar\" \/>\n<meta property=\"article:modified_time\" content=\"2025-10-20T19:14:14+00:00\" \/>\n<meta name=\"twitter:card\" content=\"summary_large_image\" \/>\n<meta name=\"twitter:label1\" content=\"Tiempo de lectura\" \/>\n\t<meta name=\"twitter:data1\" content=\"1 minuto\" \/>\n<script type=\"application\/ld+json\" class=\"yoast-schema-graph\">{\"@context\":\"https:\\\/\\\/schema.org\",\"@graph\":[{\"@type\":\"WebPage\",\"@id\":\"https:\\\/\\\/www.clubmilitar.gov.co\\\/home\\\/resoluciones\\\/\",\"url\":\"https:\\\/\\\/www.clubmilitar.gov.co\\\/home\\\/resoluciones\\\/\",\"name\":\"RESOLUCIONES - Club Militar\",\"isPartOf\":{\"@id\":\"https:\\\/\\\/www.clubmilitar.gov.co\\\/home\\\/#website\"},\"datePublished\":\"2021-10-27T23:37:45+00:00\",\"dateModified\":\"2025-10-20T19:14:14+00:00\",\"breadcrumb\":{\"@id\":\"https:\\\/\\\/www.clubmilitar.gov.co\\\/home\\\/resoluciones\\\/#breadcrumb\"},\"inLanguage\":\"es\",\"potentialAction\":[{\"@type\":\"ReadAction\",\"target\":[\"https:\\\/\\\/www.clubmilitar.gov.co\\\/home\\\/resoluciones\\\/\"]}]},{\"@type\":\"BreadcrumbList\",\"@id\":\"https:\\\/\\\/www.clubmilitar.gov.co\\\/home\\\/resoluciones\\\/#breadcrumb\",\"itemListElement\":[{\"@type\":\"ListItem\",\"position\":1,\"name\":\"Inicio\",\"item\":\"https:\\\/\\\/www.clubmilitar.gov.co\\\/home\\\/\"},{\"@type\":\"ListItem\",\"position\":2,\"name\":\"RESOLUCIONES\"}]},{\"@type\":\"WebSite\",\"@id\":\"https:\\\/\\\/www.clubmilitar.gov.co\\\/home\\\/#website\",\"url\":\"https:\\\/\\\/www.clubmilitar.gov.co\\\/home\\\/\",\"name\":\"Club Militar\",\"description\":\"&quot;Su destino ideal en familia&quot;\",\"publisher\":{\"@id\":\"https:\\\/\\\/www.clubmilitar.gov.co\\\/home\\\/#organization\"},\"potentialAction\":[{\"@type\":\"SearchAction\",\"target\":{\"@type\":\"EntryPoint\",\"urlTemplate\":\"https:\\\/\\\/www.clubmilitar.gov.co\\\/home\\\/?s={search_term_string}\"},\"query-input\":{\"@type\":\"PropertyValueSpecification\",\"valueRequired\":true,\"valueName\":\"search_term_string\"}}],\"inLanguage\":\"es\"},{\"@type\":\"Organization\",\"@id\":\"https:\\\/\\\/www.clubmilitar.gov.co\\\/home\\\/#organization\",\"name\":\"Club Militar\",\"url\":\"https:\\\/\\\/www.clubmilitar.gov.co\\\/home\\\/\",\"logo\":{\"@type\":\"ImageObject\",\"inLanguage\":\"es\",\"@id\":\"https:\\\/\\\/www.clubmilitar.gov.co\\\/home\\\/#\\\/schema\\\/logo\\\/image\\\/\",\"url\":\"https:\\\/\\\/www.clubmilitar.gov.co\\\/home\\\/wp-content\\\/uploads\\\/2024\\\/06\\\/cropped-cropped-cropped-cropped-image-1-1.png\",\"contentUrl\":\"https:\\\/\\\/www.clubmilitar.gov.co\\\/home\\\/wp-content\\\/uploads\\\/2024\\\/06\\\/cropped-cropped-cropped-cropped-image-1-1.png\",\"width\":596,\"height\":133,\"caption\":\"Club Militar\"},\"image\":{\"@id\":\"https:\\\/\\\/www.clubmilitar.gov.co\\\/home\\\/#\\\/schema\\\/logo\\\/image\\\/\"}}]}<\/script>\n<!-- \/ Yoast SEO plugin. -->","yoast_head_json":{"title":"RESOLUCIONES - Club Militar","robots":{"index":"index","follow":"follow","max-snippet":"max-snippet:-1","max-image-preview":"max-image-preview:large","max-video-preview":"max-video-preview:-1"},"canonical":"https:\/\/www.clubmilitar.gov.co\/home\/resoluciones\/","og_locale":"es_ES","og_type":"article","og_title":"RESOLUCIONES - Club Militar","og_description":"\u00daltima actualizaci\u00f3n: 20 de Octubre de 2025 &nbsp; &nbsp; RESOLUCI\u00d3N N\u00b0 0000300 DE 14 DE JULIO DE 2025 &#8211; SE MODIFICA EL ART. 5 DE LA RESOLUCI\u00d3N 000011 DEL 08 DE ENERO DE 2018 &nbsp; RESOLUCI\u00d3N N\u00b0 0000004 DEL 09 ENERO 2025 &#8211; REVOCAN RESOLUCIONES 0000423 Y 0000131 SE REDEFINEN LOS GRUPOS DE TRABAJO Y ESTABLECEN AREAS DE TRABAJO &nbsp; RESOLUCI\u00d3N N\u00b0 0000271 DE 10 JULIO 2024 &#8211; INTEGRACION Y REGLAMENTO DEL COMIT\u00c9 INSTITUCIONAL DE GESTI\u00d3N Y DESEMPE\u00d1O &#8211; MIPG &nbsp; RESOLUCI\u00d3N 00011 DE 2018 &#8211; COMITE CONTROL INTERNO &nbsp; Resoluci\u00f3n N\u00b0 0000351 De 11 De agosto De 2022 &#8211; Asigna Funciones De Instrucci\u00f3n Proceso Disciplinario A Profesional De Defensa &#8211; Funciones De Juzgamiento En Primera Instancia &nbsp; Resoluci\u00f3n N\u00b0 0000360 De 17 agosto 2022 &#8211; Asigna Funciones De instrucci\u00f3n Proceso Disciplinario A Profesional De Defensa Y Funciones De Juzgamiento Primera Instancia &nbsp; Resoluciones-2020 &nbsp; Resoluci\u00f3n-000391-2020-Optimizar-Uso-Tecnologia-Y-Comunicaciones-Tramite-P.-Disciplinarios-Cm &nbsp; Resoluci\u00f3n 694 de 2018 Adopci\u00f3n Manual de Pol\u00edticas de Seguridad de la Informaci\u00f3n &nbsp; Resoluci\u00f3n 1333 de 2017 Implementaci\u00f3n Modelo Integrado de Planeaci\u00f3n y Gesti\u00f3n &nbsp; Resoluci\u00f3n 925 de 2017 Adopci\u00f3n Manual de Contrataci\u00f3n &nbsp; Resoluci\u00f3n 652 de 2017 Estructura Org\u00e1nica \u2013 Grupos Internos de trabajo &nbsp;","og_url":"https:\/\/www.clubmilitar.gov.co\/home\/resoluciones\/","og_site_name":"Club Militar","article_modified_time":"2025-10-20T19:14:14+00:00","twitter_card":"summary_large_image","twitter_misc":{"Tiempo de lectura":"1 minuto"},"schema":{"@context":"https:\/\/schema.org","@graph":[{"@type":"WebPage","@id":"https:\/\/www.clubmilitar.gov.co\/home\/resoluciones\/","url":"https:\/\/www.clubmilitar.gov.co\/home\/resoluciones\/","name":"RESOLUCIONES - Club Militar","isPartOf":{"@id":"https:\/\/www.clubmilitar.gov.co\/home\/#website"},"datePublished":"2021-10-27T23:37:45+00:00","dateModified":"2025-10-20T19:14:14+00:00","breadcrumb":{"@id":"https:\/\/www.clubmilitar.gov.co\/home\/resoluciones\/#breadcrumb"},"inLanguage":"es","potentialAction":[{"@type":"ReadAction","target":["https:\/\/www.clubmilitar.gov.co\/home\/resoluciones\/"]}]},{"@type":"BreadcrumbList","@id":"https:\/\/www.clubmilitar.gov.co\/home\/resoluciones\/#breadcrumb","itemListElement":[{"@type":"ListItem","position":1,"name":"Inicio","item":"https:\/\/www.clubmilitar.gov.co\/home\/"},{"@type":"ListItem","position":2,"name":"RESOLUCIONES"}]},{"@type":"WebSite","@id":"https:\/\/www.clubmilitar.gov.co\/home\/#website","url":"https:\/\/www.clubmilitar.gov.co\/home\/","name":"Club Militar","description":"&quot;Su destino ideal en familia&quot;","publisher":{"@id":"https:\/\/www.clubmilitar.gov.co\/home\/#organization"},"potentialAction":[{"@type":"SearchAction","target":{"@type":"EntryPoint","urlTemplate":"https:\/\/www.clubmilitar.gov.co\/home\/?s={search_term_string}"},"query-input":{"@type":"PropertyValueSpecification","valueRequired":true,"valueName":"search_term_string"}}],"inLanguage":"es"},{"@type":"Organization","@id":"https:\/\/www.clubmilitar.gov.co\/home\/#organization","name":"Club Militar","url":"https:\/\/www.clubmilitar.gov.co\/home\/","logo":{"@type":"ImageObject","inLanguage":"es","@id":"https:\/\/www.clubmilitar.gov.co\/home\/#\/schema\/logo\/image\/","url":"https:\/\/www.clubmilitar.gov.co\/home\/wp-content\/uploads\/2024\/06\/cropped-cropped-cropped-cropped-image-1-1.png","contentUrl":"https:\/\/www.clubmilitar.gov.co\/home\/wp-content\/uploads\/2024\/06\/cropped-cropped-cropped-cropped-image-1-1.png","width":596,"height":133,"caption":"Club Militar"},"image":{"@id":"https:\/\/www.clubmilitar.gov.co\/home\/#\/schema\/logo\/image\/"}}]}},"publishpress_future_workflow_manual_trigger":{"enabledWorkflows":[]},"ticketed":false,"_links":{"self":[{"href":"https:\/\/www.clubmilitar.gov.co\/home\/wp-json\/wp\/v2\/pages\/41008","targetHints":{"allow":["GET"]}}],"collection":[{"href":"https:\/\/www.clubmilitar.gov.co\/home\/wp-json\/wp\/v2\/pages"}],"about":[{"href":"https:\/\/www.clubmilitar.gov.co\/home\/wp-json\/wp\/v2\/types\/page"}],"author":[{"embeddable":true,"href":"https:\/\/www.clubmilitar.gov.co\/home\/wp-json\/wp\/v2\/users\/13"}],"replies":[{"embeddable":true,"href":"https:\/\/www.clubmilitar.gov.co\/home\/wp-json\/wp\/v2\/comments?post=41008"}],"version-history":[{"count":24,"href":"https:\/\/www.clubmilitar.gov.co\/home\/wp-json\/wp\/v2\/pages\/41008\/revisions"}],"predecessor-version":[{"id":58939,"href":"https:\/\/www.clubmilitar.gov.co\/home\/wp-json\/wp\/v2\/pages\/41008\/revisions\/58939"}],"wp:attachment":[{"href":"https:\/\/www.clubmilitar.gov.co\/home\/wp-json\/wp\/v2\/media?parent=41008"}],"curies":[{"name":"wp","href":"https:\/\/api.w.org\/{rel}","templated":true}]}}