{"id":40973,"date":"2021-10-27T10:03:51","date_gmt":"2021-10-27T15:03:51","guid":{"rendered":"https:\/\/clubmilitar.gov.co\/home\/?page_id=40973"},"modified":"2026-04-30T17:17:16","modified_gmt":"2026-04-30T22:17:16","slug":"directorio-de-informacion-de-servidores-publicos-empleados-y-contratistas","status":"publish","type":"page","link":"https:\/\/www.clubmilitar.gov.co\/home\/directorio-de-informacion-de-servidores-publicos-empleados-y-contratistas\/","title":{"rendered":"Directorio de informaci\u00f3n de servidores p\u00fablicos, empleados y contratistas"},"content":{"rendered":"\t\t<div data-elementor-type=\"wp-page\" data-elementor-id=\"40973\" class=\"elementor elementor-40973\">\n\t\t\t\t\t\t<section class=\"elementor-section elementor-top-section elementor-element elementor-element-4201ee91 elementor-section-boxed elementor-section-height-default elementor-section-height-default\" data-id=\"4201ee91\" data-element_type=\"section\" data-e-type=\"section\">\n\t\t\t\t\t\t<div class=\"elementor-container elementor-column-gap-default\">\n\t\t\t\t\t<div class=\"elementor-column elementor-col-100 elementor-top-column elementor-element elementor-element-666d58e0\" data-id=\"666d58e0\" data-element_type=\"column\" data-e-type=\"column\">\n\t\t\t<div class=\"elementor-widget-wrap elementor-element-populated\">\n\t\t\t\t\t\t<div class=\"elementor-element elementor-element-799b7b0f elementor-widget elementor-widget-text-editor\" data-id=\"799b7b0f\" data-element_type=\"widget\" data-e-type=\"widget\" data-widget_type=\"text-editor.default\">\n\t\t\t\t<div class=\"elementor-widget-container\">\n\t\t\t\t\t\t\t\t\t<p>\u00daltima actualizaci\u00f3n: 29 de Enero de 2026<\/p><p><!-- \/wp:paragraph --><\/p>\t\t\t\t\t\t\t\t<\/div>\n\t\t\t\t<\/div>\n\t\t\t\t\t<\/div>\n\t\t<\/div>\n\t\t\t\t\t<\/div>\n\t\t<\/section>\n\t\t<div class=\"elementor-element elementor-element-30c2ac7 e-flex e-con-boxed e-con e-parent\" data-id=\"30c2ac7\" data-element_type=\"container\" data-e-type=\"container\">\n\t\t\t\t\t<div class=\"e-con-inner\">\n\t\t\t\t<div class=\"elementor-element elementor-element-3edda00 e-n-tabs-mobile elementor-widget elementor-widget-n-tabs\" data-id=\"3edda00\" data-element_type=\"widget\" data-e-type=\"widget\" data-widget_type=\"nested-tabs.default\">\n\t\t\t\t<div class=\"elementor-widget-container\">\n\t\t\t\t\t\t\t<div class=\"e-n-tabs\" data-widget-number=\"65919488\" aria-label=\"Pesta\u00f1as. Abre elementos con Intro o Espacio, ci\u00e9rralos con Escape y navega con las fechas.\">\n\t\t\t<div class=\"e-n-tabs-heading\" role=\"tablist\">\n\t\t\t\t\t<button id=\"e-n-tab-title-659194881\" data-tab-title-id=\"e-n-tab-title-659194881\" class=\"e-n-tab-title\" aria-selected=\"true\" data-tab-index=\"1\" role=\"tab\" tabindex=\"0\" aria-controls=\"e-n-tab-content-659194881\" style=\"--n-tabs-title-order: 1;\">\n\t\t\t\t\t\t<span class=\"e-n-tab-title-text\">\n\t\t\t\tDirecrorio de servidores Publicos\t\t\t<\/span>\n\t\t<\/button>\n\t\t\t\t<button id=\"e-n-tab-title-659194882\" data-tab-title-id=\"e-n-tab-title-659194882\" class=\"e-n-tab-title\" aria-selected=\"false\" data-tab-index=\"2\" role=\"tab\" tabindex=\"-1\" aria-controls=\"e-n-tab-content-659194882\" style=\"--n-tabs-title-order: 2;\">\n\t\t\t\t\t\t<span class=\"e-n-tab-title-text\">\n\t\t\t\tDirectorio de Contratistas\t\t\t<\/span>\n\t\t<\/button>\n\t\t\t\t<button id=\"e-n-tab-title-659194883\" data-tab-title-id=\"e-n-tab-title-659194883\" class=\"e-n-tab-title\" aria-selected=\"false\" data-tab-index=\"3\" role=\"tab\" tabindex=\"-1\" aria-controls=\"e-n-tab-content-659194883\" style=\"--n-tabs-title-order: 3;\">\n\t\t\t\t\t\t<span class=\"e-n-tab-title-text\">\n\t\t\t\tTabla de Salarios  OPS\t\t\t<\/span>\n\t\t<\/button>\n\t\t\t\t\t<\/div>\n\t\t\t<div class=\"e-n-tabs-content\">\n\t\t\t\t<div id=\"e-n-tab-content-659194881\" role=\"tabpanel\" aria-labelledby=\"e-n-tab-title-659194881\" data-tab-index=\"1\" style=\"--n-tabs-title-order: 1;\" class=\"e-active elementor-element elementor-element-23f4cc2 e-flex e-con-boxed e-con e-child\" data-id=\"23f4cc2\" data-element_type=\"container\" data-e-type=\"container\">\n\t\t\t\t\t<div class=\"e-con-inner\">\n\t\t\t\t<div class=\"elementor-element elementor-element-e729498 elementor-widget elementor-widget-heading\" data-id=\"e729498\" data-element_type=\"widget\" data-e-type=\"widget\" data-widget_type=\"heading.default\">\n\t\t\t\t<div class=\"elementor-widget-container\">\n\t\t\t\t\t<h2 class=\"elementor-heading-title elementor-size-default\">DIRECTORIO DE SERVIDORES PUBLICOS<\/h2>\t\t\t\t<\/div>\n\t\t\t\t<\/div>\n\t\t\t\t<div class=\"elementor-element elementor-element-a761d5a elementor-widget elementor-widget-text-editor\" data-id=\"a761d5a\" data-element_type=\"widget\" data-e-type=\"widget\" data-widget_type=\"text-editor.default\">\n\t\t\t\t<div class=\"elementor-widget-container\">\n\t\t\t\t\t\t\t\t\t<p><a class=\"link-cm\" href=\"https:\/\/www.clubmilitar.gov.co\/home\/wp-content\/uploads\/2026\/01\/EMPLEADOS-POR-SEDES-Y-AREAS.xlsx\"><i class=\"fas fa-building icon-cm\"><\/i>Directorio Servidores P\u00fablicos<\/a><\/p><p><a class=\"link-cm\" href=\"https:\/\/www.funcionpublica.gov.co\/dafpIndexerBHV\/hvSigep?find=FindNext&amp;query=&amp;entidadSeleccionado=5265&amp;bloquearFiltroEntidadSeleccionado=true\"><i class=\"fas fa-building icon-cm\"><\/i>Directorio de servidores p\u00fablicos, empleados o contratistas SIGEP II (Club Militar<\/a><\/p><p><a class=\"link-cm\" href=\"https:\/\/clubmilitar.gov.co\/home\/nuestro-club\/directorio\/\" target=\"_blank\" rel=\"noopener\"><i class=\"fas fa-building icon-cm\"><\/i>Directorio principales funcionarios <\/a><\/p><p><a class=\"link-cm\" href=\"https:\/\/www.clubmilitar.gov.co\/home\/wp-content\/uploads\/2024\/07\/Directorio-Funcionarios-CM-2024-1.pdf\"><i class=\"fas fa-building icon-cm\"><\/i>Directorio de Oficinas <\/a><\/p><p><a class=\"link-cm\" href=\"https:\/\/www.clubmilitar.gov.co\/home\/wp-content\/uploads\/2026\/01\/User_Download_29012026_174708.xlsx\" target=\"_blank\" rel=\"noopener\"><i class=\"fas fa-building icon-cm\"><\/i>Directorio Web de oficinas <\/a><\/p>\t\t\t\t\t\t\t\t<\/div>\n\t\t\t\t<\/div>\n\t\t\t\t<div class=\"elementor-element elementor-element-f7fee69 elementor-align-center elementor-widget elementor-widget-button\" data-id=\"f7fee69\" data-element_type=\"widget\" data-e-type=\"widget\" data-widget_type=\"button.default\">\n\t\t\t\t<div class=\"elementor-widget-container\">\n\t\t\t\t\t\t\t\t\t<div class=\"elementor-button-wrapper\">\n\t\t\t\t\t<a class=\"elementor-button elementor-button-link elementor-size-sm\" href=\"https:\/\/www.clubmilitar.gov.co\/home\/wp-content\/uploads\/2026\/04\/tabla-salarial-2026.pdf\">\n\t\t\t\t\t\t<span class=\"elementor-button-content-wrapper\">\n\t\t\t\t\t\t\t\t\t<span class=\"elementor-button-text\">Escala Salarial<\/span>\n\t\t\t\t\t<\/span>\n\t\t\t\t\t<\/a>\n\t\t\t\t<\/div>\n\t\t\t\t\t\t\t\t<\/div>\n\t\t\t\t<\/div>\n\t\t\t\t\t<\/div>\n\t\t\t\t<\/div>\n\t\t<div id=\"e-n-tab-content-659194882\" role=\"tabpanel\" aria-labelledby=\"e-n-tab-title-659194882\" data-tab-index=\"2\" style=\"--n-tabs-title-order: 2;\" class=\" elementor-element elementor-element-6cc532e e-con-full e-flex e-con e-child\" data-id=\"6cc532e\" data-element_type=\"container\" data-e-type=\"container\">\n\t\t\t\t<div class=\"elementor-element elementor-element-e555030 elementor-widget elementor-widget-heading\" data-id=\"e555030\" data-element_type=\"widget\" data-e-type=\"widget\" data-widget_type=\"heading.default\">\n\t\t\t\t<div class=\"elementor-widget-container\">\n\t\t\t\t\t<h2 class=\"elementor-heading-title elementor-size-default\">DIRECTORIO DE CONTRATISTAS<\/h2>\t\t\t\t<\/div>\n\t\t\t\t<\/div>\n\t\t\t\t<div class=\"elementor-element elementor-element-61a402b elementor-widget elementor-widget-text-editor\" data-id=\"61a402b\" data-element_type=\"widget\" data-e-type=\"widget\" data-widget_type=\"text-editor.default\">\n\t\t\t\t<div class=\"elementor-widget-container\">\n\t\t\t\t\t\t\t\t\t<p><a class=\"link-cm\" href=\"https:\/\/www1.funcionpublica.gov.co\/web\/sigep2\/directorio\" target=\"_blank\" rel=\"noopener\"><i class=\"fas fa-building icon-cm\"><\/i>Contrataci\u00f3n de servicios &#8211; SIGEP\u00a0 II (Club Militar) <\/a><\/p>\n<p><a class=\"link-cm\" href=\"https:\/\/www.clubmilitar.gov.co\/home\/wp-content\/uploads\/2024\/07\/Directorio-Contratistas.pdf\"><i class=\"fas fa-building icon-cm\"><\/i>Directorio de contratistas <\/a><\/p>\t\t\t\t\t\t\t\t<\/div>\n\t\t\t\t<\/div>\n\t\t\t\t<\/div>\n\t\t<div id=\"e-n-tab-content-659194883\" role=\"tabpanel\" aria-labelledby=\"e-n-tab-title-659194883\" data-tab-index=\"3\" style=\"--n-tabs-title-order: 3;\" class=\" elementor-element elementor-element-6c4d04e e-con-full e-flex e-con e-child\" data-id=\"6c4d04e\" data-element_type=\"container\" data-e-type=\"container\">\n\t\t\t\t<div class=\"elementor-element elementor-element-0b27f5b elementor-widget elementor-widget-heading\" data-id=\"0b27f5b\" data-element_type=\"widget\" data-e-type=\"widget\" data-widget_type=\"heading.default\">\n\t\t\t\t<div class=\"elementor-widget-container\">\n\t\t\t\t\t<h2 class=\"elementor-heading-title elementor-size-default\">DIRECTORIO DE CONTRATISTAS<\/h2>\t\t\t\t<\/div>\n\t\t\t\t<\/div>\n\t\t\t\t<div class=\"elementor-element elementor-element-1f4880f elementor-widget elementor-widget-text-editor\" data-id=\"1f4880f\" data-element_type=\"widget\" data-e-type=\"widget\" data-widget_type=\"text-editor.default\">\n\t\t\t\t<div class=\"elementor-widget-container\">\n\t\t\t\t\t\t\t\t\t<p><a class=\"link-cm\" href=\"https:\/\/www1.funcionpublica.gov.co\/web\/sigep2\/directorio\" target=\"_blank\" rel=\"noopener\">Tabla de salarios OPS<\/a><\/p>\n<p>\u00a0<\/p>\t\t\t\t\t\t\t\t<\/div>\n\t\t\t\t<\/div>\n\t\t\t\t<\/div>\n\t\t\t\t\t<\/div>\n\t\t<\/div>\n\t\t\t\t\t\t<\/div>\n\t\t\t\t<\/div>\n\t\t\t\t\t<\/div>\n\t\t\t\t<\/div>\n\t\t\t\t<\/div>\n\t\t","protected":false},"excerpt":{"rendered":"<p>\u00daltima actualizaci\u00f3n: 29 de Enero de 2026 Direcrorio de servidores Publicos Directorio de Contratistas Tabla de Salarios OPS DIRECTORIO DE SERVIDORES PUBLICOS Directorio Servidores P\u00fablicos Directorio de servidores p\u00fablicos, empleados o contratistas SIGEP II (Club Militar Directorio principales funcionarios Directorio de Oficinas Directorio Web de oficinas Escala Salarial DIRECTORIO DE CONTRATISTAS Contrataci\u00f3n de servicios &#8211; SIGEP\u00a0 II (Club Militar) Directorio de contratistas DIRECTORIO DE CONTRATISTAS Tabla de salarios OPS \u00a0 DIRECTORIO DE SERVIDORES PUBLICOS Directorio Servidores P\u00fablicos Directorio de servidores p\u00fablicos, empleados o contratistas SIGEP II (Club Militar Directorio principales funcionarios Directorio de Oficinas Directorio Web de oficinas Escala Salarial DIRECTORIO DE CONTRATISTAS Contrataci\u00f3n de servicios &#8211; SIGEP\u00a0 II (Club Militar) Directorio de contratistas DIRECTORIO DE CONTRATISTAS Tabla de salarios OPS \u00a0<\/p>\n","protected":false},"author":13,"featured_media":0,"parent":0,"menu_order":0,"comment_status":"closed","ping_status":"closed","template":"","meta":{"_price":"","_stock":"","_tribe_ticket_header":"","_tribe_default_ticket_provider":"","_tribe_ticket_capacity":"0","_ticket_start_date":"","_ticket_end_date":"","_tribe_ticket_show_description":"","_tribe_ticket_show_not_going":false,"_tribe_ticket_use_global_stock":"","_tribe_ticket_global_stock_level":"","_global_stock_mode":"","_global_stock_cap":"","_tribe_rsvp_for_event":"","_tribe_ticket_going_count":"","_tribe_ticket_not_going_count":"","_tribe_tickets_list":"[]","_tribe_ticket_has_attendee_info_fields":false,"_EventAllDay":false,"_EventTimezone":"","_EventStartDate":"","_EventEndDate":"","_EventStartDateUTC":"","_EventEndDateUTC":"","_EventShowMap":false,"_EventShowMapLink":false,"_EventURL":"","_EventCost":"","_EventCostDescription":"","_EventCurrencySymbol":"","_EventCurrencyCode":"","_EventCurrencyPosition":"","_EventDateTimeSeparator":"","_EventTimeRangeSeparator":"","_EventOrganizerID":[],"_EventVenueID":[],"_OrganizerEmail":"","_OrganizerPhone":"","_OrganizerWebsite":"","_VenueAddress":"","_VenueCity":"","_VenueCountry":"","_VenueProvince":"","_VenueState":"","_VenueZip":"","_VenuePhone":"","_VenueURL":"","_VenueStateProvince":"","_VenueLat":"","_VenueLng":"","_VenueShowMap":false,"_VenueShowMapLink":false,"footnotes":"","_tec_slr_enabled":"","_tec_slr_layout":""},"class_list":["post-40973","page","type-page","status-publish","hentry"],"yoast_head":"<!-- This site is optimized with the Yoast SEO plugin v27.5 - https:\/\/yoast.com\/product\/yoast-seo-wordpress\/ -->\n<title>Directorio de informaci\u00f3n de servidores p\u00fablicos, empleados y contratistas - Club Militar<\/title>\n<meta name=\"robots\" content=\"index, follow, max-snippet:-1, max-image-preview:large, max-video-preview:-1\" \/>\n<link rel=\"canonical\" href=\"https:\/\/www.clubmilitar.gov.co\/home\/directorio-de-informacion-de-servidores-publicos-empleados-y-contratistas\/\" \/>\n<meta property=\"og:locale\" content=\"es_ES\" \/>\n<meta property=\"og:type\" content=\"article\" \/>\n<meta property=\"og:title\" content=\"Directorio de informaci\u00f3n de servidores p\u00fablicos, empleados y contratistas - Club Militar\" \/>\n<meta property=\"og:description\" content=\"\u00daltima actualizaci\u00f3n: 29 de Enero de 2026 Direcrorio de servidores Publicos Directorio de Contratistas Tabla de Salarios OPS DIRECTORIO DE SERVIDORES PUBLICOS Directorio Servidores P\u00fablicos Directorio de servidores p\u00fablicos, empleados o contratistas SIGEP II (Club Militar Directorio principales funcionarios Directorio de Oficinas Directorio Web de oficinas Escala Salarial DIRECTORIO DE CONTRATISTAS Contrataci\u00f3n de servicios &#8211; SIGEP\u00a0 II (Club Militar) Directorio de contratistas DIRECTORIO DE CONTRATISTAS Tabla de salarios OPS \u00a0 DIRECTORIO DE SERVIDORES PUBLICOS Directorio Servidores P\u00fablicos Directorio de servidores p\u00fablicos, empleados o contratistas SIGEP II (Club Militar Directorio principales funcionarios Directorio de Oficinas Directorio Web de oficinas Escala Salarial DIRECTORIO DE CONTRATISTAS Contrataci\u00f3n de servicios &#8211; SIGEP\u00a0 II (Club Militar) Directorio de contratistas DIRECTORIO DE CONTRATISTAS Tabla de salarios OPS \u00a0\" \/>\n<meta property=\"og:url\" content=\"https:\/\/www.clubmilitar.gov.co\/home\/directorio-de-informacion-de-servidores-publicos-empleados-y-contratistas\/\" \/>\n<meta property=\"og:site_name\" content=\"Club Militar\" \/>\n<meta property=\"article:modified_time\" content=\"2026-04-30T22:17:16+00:00\" \/>\n<meta name=\"twitter:card\" content=\"summary_large_image\" \/>\n<meta name=\"twitter:label1\" content=\"Tiempo de lectura\" \/>\n\t<meta name=\"twitter:data1\" content=\"1 minuto\" \/>\n<script type=\"application\/ld+json\" class=\"yoast-schema-graph\">{\"@context\":\"https:\\\/\\\/schema.org\",\"@graph\":[{\"@type\":\"WebPage\",\"@id\":\"https:\\\/\\\/www.clubmilitar.gov.co\\\/home\\\/directorio-de-informacion-de-servidores-publicos-empleados-y-contratistas\\\/\",\"url\":\"https:\\\/\\\/www.clubmilitar.gov.co\\\/home\\\/directorio-de-informacion-de-servidores-publicos-empleados-y-contratistas\\\/\",\"name\":\"Directorio de informaci\u00f3n de servidores p\u00fablicos, empleados y contratistas - Club Militar\",\"isPartOf\":{\"@id\":\"https:\\\/\\\/www.clubmilitar.gov.co\\\/home\\\/#website\"},\"datePublished\":\"2021-10-27T15:03:51+00:00\",\"dateModified\":\"2026-04-30T22:17:16+00:00\",\"breadcrumb\":{\"@id\":\"https:\\\/\\\/www.clubmilitar.gov.co\\\/home\\\/directorio-de-informacion-de-servidores-publicos-empleados-y-contratistas\\\/#breadcrumb\"},\"inLanguage\":\"es\",\"potentialAction\":[{\"@type\":\"ReadAction\",\"target\":[\"https:\\\/\\\/www.clubmilitar.gov.co\\\/home\\\/directorio-de-informacion-de-servidores-publicos-empleados-y-contratistas\\\/\"]}]},{\"@type\":\"BreadcrumbList\",\"@id\":\"https:\\\/\\\/www.clubmilitar.gov.co\\\/home\\\/directorio-de-informacion-de-servidores-publicos-empleados-y-contratistas\\\/#breadcrumb\",\"itemListElement\":[{\"@type\":\"ListItem\",\"position\":1,\"name\":\"Inicio\",\"item\":\"https:\\\/\\\/www.clubmilitar.gov.co\\\/home\\\/\"},{\"@type\":\"ListItem\",\"position\":2,\"name\":\"Directorio de informaci\u00f3n de servidores p\u00fablicos, empleados y contratistas\"}]},{\"@type\":\"WebSite\",\"@id\":\"https:\\\/\\\/www.clubmilitar.gov.co\\\/home\\\/#website\",\"url\":\"https:\\\/\\\/www.clubmilitar.gov.co\\\/home\\\/\",\"name\":\"Club Militar\",\"description\":\"&quot;Su destino ideal en familia&quot;\",\"publisher\":{\"@id\":\"https:\\\/\\\/www.clubmilitar.gov.co\\\/home\\\/#organization\"},\"potentialAction\":[{\"@type\":\"SearchAction\",\"target\":{\"@type\":\"EntryPoint\",\"urlTemplate\":\"https:\\\/\\\/www.clubmilitar.gov.co\\\/home\\\/?s={search_term_string}\"},\"query-input\":{\"@type\":\"PropertyValueSpecification\",\"valueRequired\":true,\"valueName\":\"search_term_string\"}}],\"inLanguage\":\"es\"},{\"@type\":\"Organization\",\"@id\":\"https:\\\/\\\/www.clubmilitar.gov.co\\\/home\\\/#organization\",\"name\":\"Club Militar\",\"url\":\"https:\\\/\\\/www.clubmilitar.gov.co\\\/home\\\/\",\"logo\":{\"@type\":\"ImageObject\",\"inLanguage\":\"es\",\"@id\":\"https:\\\/\\\/www.clubmilitar.gov.co\\\/home\\\/#\\\/schema\\\/logo\\\/image\\\/\",\"url\":\"https:\\\/\\\/www.clubmilitar.gov.co\\\/home\\\/wp-content\\\/uploads\\\/2024\\\/06\\\/cropped-cropped-cropped-cropped-image-1-1.png\",\"contentUrl\":\"https:\\\/\\\/www.clubmilitar.gov.co\\\/home\\\/wp-content\\\/uploads\\\/2024\\\/06\\\/cropped-cropped-cropped-cropped-image-1-1.png\",\"width\":596,\"height\":133,\"caption\":\"Club Militar\"},\"image\":{\"@id\":\"https:\\\/\\\/www.clubmilitar.gov.co\\\/home\\\/#\\\/schema\\\/logo\\\/image\\\/\"}}]}<\/script>\n<!-- \/ Yoast SEO plugin. -->","yoast_head_json":{"title":"Directorio de informaci\u00f3n de servidores p\u00fablicos, empleados y contratistas - Club Militar","robots":{"index":"index","follow":"follow","max-snippet":"max-snippet:-1","max-image-preview":"max-image-preview:large","max-video-preview":"max-video-preview:-1"},"canonical":"https:\/\/www.clubmilitar.gov.co\/home\/directorio-de-informacion-de-servidores-publicos-empleados-y-contratistas\/","og_locale":"es_ES","og_type":"article","og_title":"Directorio de informaci\u00f3n de servidores p\u00fablicos, empleados y contratistas - Club Militar","og_description":"\u00daltima actualizaci\u00f3n: 29 de Enero de 2026 Direcrorio de servidores Publicos Directorio de Contratistas Tabla de Salarios OPS DIRECTORIO DE SERVIDORES PUBLICOS Directorio Servidores P\u00fablicos Directorio de servidores p\u00fablicos, empleados o contratistas SIGEP II (Club Militar Directorio principales funcionarios Directorio de Oficinas Directorio Web de oficinas Escala Salarial DIRECTORIO DE CONTRATISTAS Contrataci\u00f3n de servicios &#8211; SIGEP\u00a0 II (Club Militar) Directorio de contratistas DIRECTORIO DE CONTRATISTAS Tabla de salarios OPS \u00a0 DIRECTORIO DE SERVIDORES PUBLICOS Directorio Servidores P\u00fablicos Directorio de servidores p\u00fablicos, empleados o contratistas SIGEP II (Club Militar Directorio principales funcionarios Directorio de Oficinas Directorio Web de oficinas Escala Salarial DIRECTORIO DE CONTRATISTAS Contrataci\u00f3n de servicios &#8211; SIGEP\u00a0 II (Club Militar) Directorio de contratistas DIRECTORIO DE CONTRATISTAS Tabla de salarios OPS \u00a0","og_url":"https:\/\/www.clubmilitar.gov.co\/home\/directorio-de-informacion-de-servidores-publicos-empleados-y-contratistas\/","og_site_name":"Club Militar","article_modified_time":"2026-04-30T22:17:16+00:00","twitter_card":"summary_large_image","twitter_misc":{"Tiempo de lectura":"1 minuto"},"schema":{"@context":"https:\/\/schema.org","@graph":[{"@type":"WebPage","@id":"https:\/\/www.clubmilitar.gov.co\/home\/directorio-de-informacion-de-servidores-publicos-empleados-y-contratistas\/","url":"https:\/\/www.clubmilitar.gov.co\/home\/directorio-de-informacion-de-servidores-publicos-empleados-y-contratistas\/","name":"Directorio de informaci\u00f3n de servidores p\u00fablicos, empleados y contratistas - Club Militar","isPartOf":{"@id":"https:\/\/www.clubmilitar.gov.co\/home\/#website"},"datePublished":"2021-10-27T15:03:51+00:00","dateModified":"2026-04-30T22:17:16+00:00","breadcrumb":{"@id":"https:\/\/www.clubmilitar.gov.co\/home\/directorio-de-informacion-de-servidores-publicos-empleados-y-contratistas\/#breadcrumb"},"inLanguage":"es","potentialAction":[{"@type":"ReadAction","target":["https:\/\/www.clubmilitar.gov.co\/home\/directorio-de-informacion-de-servidores-publicos-empleados-y-contratistas\/"]}]},{"@type":"BreadcrumbList","@id":"https:\/\/www.clubmilitar.gov.co\/home\/directorio-de-informacion-de-servidores-publicos-empleados-y-contratistas\/#breadcrumb","itemListElement":[{"@type":"ListItem","position":1,"name":"Inicio","item":"https:\/\/www.clubmilitar.gov.co\/home\/"},{"@type":"ListItem","position":2,"name":"Directorio de informaci\u00f3n de servidores p\u00fablicos, empleados y contratistas"}]},{"@type":"WebSite","@id":"https:\/\/www.clubmilitar.gov.co\/home\/#website","url":"https:\/\/www.clubmilitar.gov.co\/home\/","name":"Club Militar","description":"&quot;Su destino ideal en familia&quot;","publisher":{"@id":"https:\/\/www.clubmilitar.gov.co\/home\/#organization"},"potentialAction":[{"@type":"SearchAction","target":{"@type":"EntryPoint","urlTemplate":"https:\/\/www.clubmilitar.gov.co\/home\/?s={search_term_string}"},"query-input":{"@type":"PropertyValueSpecification","valueRequired":true,"valueName":"search_term_string"}}],"inLanguage":"es"},{"@type":"Organization","@id":"https:\/\/www.clubmilitar.gov.co\/home\/#organization","name":"Club Militar","url":"https:\/\/www.clubmilitar.gov.co\/home\/","logo":{"@type":"ImageObject","inLanguage":"es","@id":"https:\/\/www.clubmilitar.gov.co\/home\/#\/schema\/logo\/image\/","url":"https:\/\/www.clubmilitar.gov.co\/home\/wp-content\/uploads\/2024\/06\/cropped-cropped-cropped-cropped-image-1-1.png","contentUrl":"https:\/\/www.clubmilitar.gov.co\/home\/wp-content\/uploads\/2024\/06\/cropped-cropped-cropped-cropped-image-1-1.png","width":596,"height":133,"caption":"Club Militar"},"image":{"@id":"https:\/\/www.clubmilitar.gov.co\/home\/#\/schema\/logo\/image\/"}}]}},"publishpress_future_workflow_manual_trigger":{"enabledWorkflows":[]},"ticketed":false,"_links":{"self":[{"href":"https:\/\/www.clubmilitar.gov.co\/home\/wp-json\/wp\/v2\/pages\/40973","targetHints":{"allow":["GET"]}}],"collection":[{"href":"https:\/\/www.clubmilitar.gov.co\/home\/wp-json\/wp\/v2\/pages"}],"about":[{"href":"https:\/\/www.clubmilitar.gov.co\/home\/wp-json\/wp\/v2\/types\/page"}],"author":[{"embeddable":true,"href":"https:\/\/www.clubmilitar.gov.co\/home\/wp-json\/wp\/v2\/users\/13"}],"replies":[{"embeddable":true,"href":"https:\/\/www.clubmilitar.gov.co\/home\/wp-json\/wp\/v2\/comments?post=40973"}],"version-history":[{"count":31,"href":"https:\/\/www.clubmilitar.gov.co\/home\/wp-json\/wp\/v2\/pages\/40973\/revisions"}],"predecessor-version":[{"id":59727,"href":"https:\/\/www.clubmilitar.gov.co\/home\/wp-json\/wp\/v2\/pages\/40973\/revisions\/59727"}],"wp:attachment":[{"href":"https:\/\/www.clubmilitar.gov.co\/home\/wp-json\/wp\/v2\/media?parent=40973"}],"curies":[{"name":"wp","href":"https:\/\/api.w.org\/{rel}","templated":true}]}}