{"id":40549,"date":"2021-10-24T19:50:12","date_gmt":"2021-10-25T00:50:12","guid":{"rendered":"https:\/\/clubmilitar.gov.co\/home\/?page_id=40549"},"modified":"2024-11-08T08:56:04","modified_gmt":"2024-11-08T13:56:04","slug":"mecanismos-para-la-atencion-al-ciudadano","status":"publish","type":"page","link":"https:\/\/www.clubmilitar.gov.co\/home\/mecanismos-para-la-atencion-al-ciudadano\/","title":{"rendered":"Mecanismos para la atenci\u00f3n al ciudadano"},"content":{"rendered":"\t\t<div data-elementor-type=\"wp-page\" data-elementor-id=\"40549\" class=\"elementor elementor-40549\">\n\t\t\t\t\t\t<section class=\"elementor-section elementor-top-section elementor-element elementor-element-cfea60b elementor-section-boxed elementor-section-height-default elementor-section-height-default\" data-id=\"cfea60b\" data-element_type=\"section\" data-e-type=\"section\">\n\t\t\t\t\t\t<div class=\"elementor-container elementor-column-gap-default\">\n\t\t\t\t\t<div class=\"elementor-column elementor-col-100 elementor-top-column elementor-element elementor-element-8f7ea2c\" data-id=\"8f7ea2c\" data-element_type=\"column\" data-e-type=\"column\">\n\t\t\t<div class=\"elementor-widget-wrap elementor-element-populated\">\n\t\t\t\t\t\t<div class=\"elementor-element elementor-element-d373db2 elementor-widget elementor-widget-text-editor\" data-id=\"d373db2\" data-element_type=\"widget\" data-e-type=\"widget\" data-widget_type=\"text-editor.default\">\n\t\t\t\t<div class=\"elementor-widget-container\">\n\t\t\t\t\t\t\t\t\t<p class=\"MsoNormal\"><span lang=\"ES-CO\" style=\"color: black; mso-themecolor: text1;\">\u00daltima actualizaci\u00f3n: 08 de noviembre de 2024<\/span><\/p>\t\t\t\t\t\t\t\t<\/div>\n\t\t\t\t<\/div>\n\t\t\t\t\t<\/div>\n\t\t<\/div>\n\t\t\t\t\t<\/div>\n\t\t<\/section>\n\t\t\t\t<section class=\"elementor-section elementor-top-section elementor-element elementor-element-221e44d5 elementor-section-boxed elementor-section-height-default elementor-section-height-default\" data-id=\"221e44d5\" data-element_type=\"section\" data-e-type=\"section\">\n\t\t\t\t\t\t<div class=\"elementor-container elementor-column-gap-default\">\n\t\t\t\t\t<div class=\"elementor-column elementor-col-100 elementor-top-column elementor-element elementor-element-1e837953\" data-id=\"1e837953\" data-element_type=\"column\" data-e-type=\"column\">\n\t\t\t<div class=\"elementor-widget-wrap elementor-element-populated\">\n\t\t\t\t\t\t<div class=\"elementor-element elementor-element-1cb61559 elementor-widget elementor-widget-text-editor\" data-id=\"1cb61559\" data-element_type=\"widget\" data-e-type=\"widget\" data-widget_type=\"text-editor.default\">\n\t\t\t\t<div class=\"elementor-widget-container\">\n\t\t\t\t\t\t\t\t\t<ol>\n \t<li><a class=\"link-cm\" href=\"https:\/\/clubmilitar.gov.co\/home\/estructura-organica-organigrama\/\" target=\"_blank\" rel=\"noopener\"><span style=\"color: #004884;\">Estructura Org\u00e1nica<\/span><\/a><\/li>\n \t<li><a class=\"link-cm\" href=\"https:\/\/clubmilitar.gov.co\/home\/manual-de-funciones-del-club-militar\/\" target=\"_blank\" rel=\"noopener\"><span style=\"color: #004884;\">Funciones y deberes<\/span><\/a><\/li>\n \t<li><a class=\"link-cm\" href=\"https:\/\/www.clubmilitar.gov.co\/home\/directorio-institucional\/\" target=\"_blank\" rel=\"noopener\"><span style=\"color: #004884;\">Localizaci\u00f3n f\u00edsica, sedes, horarios y d\u00edas de atenci\u00f3n al socio<\/span><\/a><\/li>\n \t<li><a class=\"link-cm\" href=\"https:\/\/www.clubmilitar.gov.co\/home\/peticiones-quejas-reclamos-sugerencias-y-denuncias-pqrsd\/\" target=\"_blank\" rel=\"noopener\"><span style=\"color: #004884;\">Mecanismos para la atenci\u00f3n al ciudadano<\/span><\/a><\/li>\n \t<li><a class=\"link-cm\" href=\"https:\/\/clubmilitar.gov.co\/pqrsd\/\" target=\"_blank\" rel=\"noopener\"><span style=\"color: #004884;\">Formulario electr\u00f3nico de Peticiones, Solicitudes, Quejas, Reclamos y Denuncias<\/span><\/a><\/li>\n \t<li><a class=\"link-cm\" href=\"https:\/\/www.clubmilitar.gov.co\/home\/denuncias-actos-de-corrupcion\/\" target=\"_blank\" rel=\"noopener\"><span style=\"color: #004884;\">Denuncias por actos de corrupci\u00f3n<\/span><\/a><\/li>\n \t<li><a class=\"link-cm\" href=\"https:\/\/www.clubmilitar.gov.co\/home\/directorio-de-informacion-de-servidores-publicos-empleados-y-contratistas\/\" target=\"_blank\" rel=\"noopener\"><span style=\"color: #004884;\">Directorio de informaci\u00f3n de servidores p\u00fablicos, empleados y contratistas Contrataci\u00f3n de servicios &#8211; SIGEP<\/span><\/a><\/li>\n \t<li><a class=\"link-cm\" href=\"https:\/\/www1.funcionpublica.gov.co\/web\/sigep2\/directorio\" target=\"_blank\" rel=\"noopener\"><span style=\"color: #004884;\">Contrataci\u00f3n de servicios &#8211; SIGEP (CLUB MILITAR)<\/span><\/a><\/li>\n \t<li><a class=\"link-cm\" href=\"https:\/\/www.gsed.gov.co\/irj\/portal\/GSED\/contenido?NavigationTarget=navurl:\/\/4b5053d012fb3a8b3aea254dd0a42a63&amp;guest_user=Guest_GSED\" target=\"_blank\" rel=\"noopener\"><span style=\"color: #004884;\">Directorio de entidades<\/span><\/a><\/li>\n \t<li><a class=\"link-cm\" href=\"https:\/\/clubmilitar.gov.co\/home\/agremiaciones-y-asociaciones\/\" target=\"_blank\" rel=\"noopener\"><span style=\"color: #004884;\">Directorio de agremiaciones, asociaciones y otros grupos de inter\u00e9s<\/span><\/a><\/li>\n \t<li><a class=\"link-cm\" href=\"https:\/\/www.clubmilitar.gov.co\/home\/directorio-web-de-oficinas\/\" target=\"_blank\" rel=\"noopener\"><span style=\"color: #004884;\">Directorio Web de oficinas<\/span><\/a><\/li>\n<\/ol>\t\t\t\t\t\t\t\t<\/div>\n\t\t\t\t<\/div>\n\t\t\t\t\t<\/div>\n\t\t<\/div>\n\t\t\t\t\t<\/div>\n\t\t<\/section>\n\t\t\t\t<\/div>\n\t\t","protected":false},"excerpt":{"rendered":"<p>\u00daltima actualizaci\u00f3n: 08 de noviembre de 2024 Estructura Org\u00e1nica Funciones y deberes Localizaci\u00f3n f\u00edsica, sedes, horarios y d\u00edas de atenci\u00f3n al socio Mecanismos para la atenci\u00f3n al ciudadano Formulario electr\u00f3nico de Peticiones, Solicitudes, Quejas, Reclamos y Denuncias Denuncias por actos de corrupci\u00f3n Directorio de informaci\u00f3n de servidores p\u00fablicos, empleados y contratistas Contrataci\u00f3n de servicios &#8211; SIGEP Contrataci\u00f3n de servicios &#8211; SIGEP (CLUB MILITAR) Directorio de entidades Directorio de agremiaciones, asociaciones y otros grupos de inter\u00e9s Directorio Web de oficinas<\/p>\n","protected":false},"author":13,"featured_media":0,"parent":0,"menu_order":0,"comment_status":"closed","ping_status":"closed","template":"","meta":{"_price":"","_stock":"","_tribe_ticket_header":"","_tribe_default_ticket_provider":"","_tribe_ticket_capacity":"0","_ticket_start_date":"","_ticket_end_date":"","_tribe_ticket_show_description":"","_tribe_ticket_show_not_going":false,"_tribe_ticket_use_global_stock":"","_tribe_ticket_global_stock_level":"","_global_stock_mode":"","_global_stock_cap":"","_tribe_rsvp_for_event":"","_tribe_ticket_going_count":"","_tribe_ticket_not_going_count":"","_tribe_tickets_list":"[]","_tribe_ticket_has_attendee_info_fields":false,"_EventAllDay":false,"_EventTimezone":"","_EventStartDate":"","_EventEndDate":"","_EventStartDateUTC":"","_EventEndDateUTC":"","_EventShowMap":false,"_EventShowMapLink":false,"_EventURL":"","_EventCost":"","_EventCostDescription":"","_EventCurrencySymbol":"","_EventCurrencyCode":"","_EventCurrencyPosition":"","_EventDateTimeSeparator":"","_EventTimeRangeSeparator":"","_EventOrganizerID":[],"_EventVenueID":[],"_OrganizerEmail":"","_OrganizerPhone":"","_OrganizerWebsite":"","_VenueAddress":"","_VenueCity":"","_VenueCountry":"","_VenueProvince":"","_VenueState":"","_VenueZip":"","_VenuePhone":"","_VenueURL":"","_VenueStateProvince":"","_VenueLat":"","_VenueLng":"","_VenueShowMap":false,"_VenueShowMapLink":false,"footnotes":"","_tec_slr_enabled":"","_tec_slr_layout":""},"class_list":["post-40549","page","type-page","status-publish","hentry"],"yoast_head":"<!-- This site is optimized with the Yoast SEO plugin v27.5 - https:\/\/yoast.com\/product\/yoast-seo-wordpress\/ -->\n<title>Mecanismos para la atenci\u00f3n al ciudadano - Club Militar<\/title>\n<meta name=\"robots\" content=\"index, follow, max-snippet:-1, max-image-preview:large, max-video-preview:-1\" \/>\n<link rel=\"canonical\" href=\"https:\/\/www.clubmilitar.gov.co\/home\/mecanismos-para-la-atencion-al-ciudadano\/\" \/>\n<meta property=\"og:locale\" content=\"es_ES\" \/>\n<meta property=\"og:type\" content=\"article\" \/>\n<meta property=\"og:title\" content=\"Mecanismos para la atenci\u00f3n al ciudadano - Club Militar\" \/>\n<meta property=\"og:description\" content=\"\u00daltima actualizaci\u00f3n: 08 de noviembre de 2024 Estructura Org\u00e1nica Funciones y deberes Localizaci\u00f3n f\u00edsica, sedes, horarios y d\u00edas de atenci\u00f3n al socio Mecanismos para la atenci\u00f3n al ciudadano Formulario electr\u00f3nico de Peticiones, Solicitudes, Quejas, Reclamos y Denuncias Denuncias por actos de corrupci\u00f3n Directorio de informaci\u00f3n de servidores p\u00fablicos, empleados y contratistas Contrataci\u00f3n de servicios &#8211; SIGEP Contrataci\u00f3n de servicios &#8211; SIGEP (CLUB MILITAR) Directorio de entidades Directorio de agremiaciones, asociaciones y otros grupos de inter\u00e9s Directorio Web de oficinas\" \/>\n<meta property=\"og:url\" content=\"https:\/\/www.clubmilitar.gov.co\/home\/mecanismos-para-la-atencion-al-ciudadano\/\" \/>\n<meta property=\"og:site_name\" content=\"Club Militar\" \/>\n<meta property=\"article:modified_time\" content=\"2024-11-08T13:56:04+00:00\" \/>\n<meta name=\"twitter:card\" content=\"summary_large_image\" \/>\n<meta name=\"twitter:label1\" content=\"Tiempo de lectura\" \/>\n\t<meta name=\"twitter:data1\" content=\"1 minuto\" \/>\n<script type=\"application\/ld+json\" class=\"yoast-schema-graph\">{\"@context\":\"https:\\\/\\\/schema.org\",\"@graph\":[{\"@type\":\"WebPage\",\"@id\":\"https:\\\/\\\/www.clubmilitar.gov.co\\\/home\\\/mecanismos-para-la-atencion-al-ciudadano\\\/\",\"url\":\"https:\\\/\\\/www.clubmilitar.gov.co\\\/home\\\/mecanismos-para-la-atencion-al-ciudadano\\\/\",\"name\":\"Mecanismos para la atenci\u00f3n al ciudadano - Club Militar\",\"isPartOf\":{\"@id\":\"https:\\\/\\\/www.clubmilitar.gov.co\\\/home\\\/#website\"},\"datePublished\":\"2021-10-25T00:50:12+00:00\",\"dateModified\":\"2024-11-08T13:56:04+00:00\",\"breadcrumb\":{\"@id\":\"https:\\\/\\\/www.clubmilitar.gov.co\\\/home\\\/mecanismos-para-la-atencion-al-ciudadano\\\/#breadcrumb\"},\"inLanguage\":\"es\",\"potentialAction\":[{\"@type\":\"ReadAction\",\"target\":[\"https:\\\/\\\/www.clubmilitar.gov.co\\\/home\\\/mecanismos-para-la-atencion-al-ciudadano\\\/\"]}]},{\"@type\":\"BreadcrumbList\",\"@id\":\"https:\\\/\\\/www.clubmilitar.gov.co\\\/home\\\/mecanismos-para-la-atencion-al-ciudadano\\\/#breadcrumb\",\"itemListElement\":[{\"@type\":\"ListItem\",\"position\":1,\"name\":\"Inicio\",\"item\":\"https:\\\/\\\/www.clubmilitar.gov.co\\\/home\\\/\"},{\"@type\":\"ListItem\",\"position\":2,\"name\":\"Mecanismos para la atenci\u00f3n al ciudadano\"}]},{\"@type\":\"WebSite\",\"@id\":\"https:\\\/\\\/www.clubmilitar.gov.co\\\/home\\\/#website\",\"url\":\"https:\\\/\\\/www.clubmilitar.gov.co\\\/home\\\/\",\"name\":\"Club Militar\",\"description\":\"&quot;Su destino ideal en familia&quot;\",\"publisher\":{\"@id\":\"https:\\\/\\\/www.clubmilitar.gov.co\\\/home\\\/#organization\"},\"potentialAction\":[{\"@type\":\"SearchAction\",\"target\":{\"@type\":\"EntryPoint\",\"urlTemplate\":\"https:\\\/\\\/www.clubmilitar.gov.co\\\/home\\\/?s={search_term_string}\"},\"query-input\":{\"@type\":\"PropertyValueSpecification\",\"valueRequired\":true,\"valueName\":\"search_term_string\"}}],\"inLanguage\":\"es\"},{\"@type\":\"Organization\",\"@id\":\"https:\\\/\\\/www.clubmilitar.gov.co\\\/home\\\/#organization\",\"name\":\"Club Militar\",\"url\":\"https:\\\/\\\/www.clubmilitar.gov.co\\\/home\\\/\",\"logo\":{\"@type\":\"ImageObject\",\"inLanguage\":\"es\",\"@id\":\"https:\\\/\\\/www.clubmilitar.gov.co\\\/home\\\/#\\\/schema\\\/logo\\\/image\\\/\",\"url\":\"https:\\\/\\\/www.clubmilitar.gov.co\\\/home\\\/wp-content\\\/uploads\\\/2024\\\/06\\\/cropped-cropped-cropped-cropped-image-1-1.png\",\"contentUrl\":\"https:\\\/\\\/www.clubmilitar.gov.co\\\/home\\\/wp-content\\\/uploads\\\/2024\\\/06\\\/cropped-cropped-cropped-cropped-image-1-1.png\",\"width\":596,\"height\":133,\"caption\":\"Club Militar\"},\"image\":{\"@id\":\"https:\\\/\\\/www.clubmilitar.gov.co\\\/home\\\/#\\\/schema\\\/logo\\\/image\\\/\"}}]}<\/script>\n<!-- \/ Yoast SEO plugin. -->","yoast_head_json":{"title":"Mecanismos para la atenci\u00f3n al ciudadano - Club Militar","robots":{"index":"index","follow":"follow","max-snippet":"max-snippet:-1","max-image-preview":"max-image-preview:large","max-video-preview":"max-video-preview:-1"},"canonical":"https:\/\/www.clubmilitar.gov.co\/home\/mecanismos-para-la-atencion-al-ciudadano\/","og_locale":"es_ES","og_type":"article","og_title":"Mecanismos para la atenci\u00f3n al ciudadano - Club Militar","og_description":"\u00daltima actualizaci\u00f3n: 08 de noviembre de 2024 Estructura Org\u00e1nica Funciones y deberes Localizaci\u00f3n f\u00edsica, sedes, horarios y d\u00edas de atenci\u00f3n al socio Mecanismos para la atenci\u00f3n al ciudadano Formulario electr\u00f3nico de Peticiones, Solicitudes, Quejas, Reclamos y Denuncias Denuncias por actos de corrupci\u00f3n Directorio de informaci\u00f3n de servidores p\u00fablicos, empleados y contratistas Contrataci\u00f3n de servicios &#8211; SIGEP Contrataci\u00f3n de servicios &#8211; SIGEP (CLUB MILITAR) Directorio de entidades Directorio de agremiaciones, asociaciones y otros grupos de inter\u00e9s Directorio Web de oficinas","og_url":"https:\/\/www.clubmilitar.gov.co\/home\/mecanismos-para-la-atencion-al-ciudadano\/","og_site_name":"Club Militar","article_modified_time":"2024-11-08T13:56:04+00:00","twitter_card":"summary_large_image","twitter_misc":{"Tiempo de lectura":"1 minuto"},"schema":{"@context":"https:\/\/schema.org","@graph":[{"@type":"WebPage","@id":"https:\/\/www.clubmilitar.gov.co\/home\/mecanismos-para-la-atencion-al-ciudadano\/","url":"https:\/\/www.clubmilitar.gov.co\/home\/mecanismos-para-la-atencion-al-ciudadano\/","name":"Mecanismos para la atenci\u00f3n al ciudadano - Club Militar","isPartOf":{"@id":"https:\/\/www.clubmilitar.gov.co\/home\/#website"},"datePublished":"2021-10-25T00:50:12+00:00","dateModified":"2024-11-08T13:56:04+00:00","breadcrumb":{"@id":"https:\/\/www.clubmilitar.gov.co\/home\/mecanismos-para-la-atencion-al-ciudadano\/#breadcrumb"},"inLanguage":"es","potentialAction":[{"@type":"ReadAction","target":["https:\/\/www.clubmilitar.gov.co\/home\/mecanismos-para-la-atencion-al-ciudadano\/"]}]},{"@type":"BreadcrumbList","@id":"https:\/\/www.clubmilitar.gov.co\/home\/mecanismos-para-la-atencion-al-ciudadano\/#breadcrumb","itemListElement":[{"@type":"ListItem","position":1,"name":"Inicio","item":"https:\/\/www.clubmilitar.gov.co\/home\/"},{"@type":"ListItem","position":2,"name":"Mecanismos para la atenci\u00f3n al ciudadano"}]},{"@type":"WebSite","@id":"https:\/\/www.clubmilitar.gov.co\/home\/#website","url":"https:\/\/www.clubmilitar.gov.co\/home\/","name":"Club Militar","description":"&quot;Su destino ideal en familia&quot;","publisher":{"@id":"https:\/\/www.clubmilitar.gov.co\/home\/#organization"},"potentialAction":[{"@type":"SearchAction","target":{"@type":"EntryPoint","urlTemplate":"https:\/\/www.clubmilitar.gov.co\/home\/?s={search_term_string}"},"query-input":{"@type":"PropertyValueSpecification","valueRequired":true,"valueName":"search_term_string"}}],"inLanguage":"es"},{"@type":"Organization","@id":"https:\/\/www.clubmilitar.gov.co\/home\/#organization","name":"Club Militar","url":"https:\/\/www.clubmilitar.gov.co\/home\/","logo":{"@type":"ImageObject","inLanguage":"es","@id":"https:\/\/www.clubmilitar.gov.co\/home\/#\/schema\/logo\/image\/","url":"https:\/\/www.clubmilitar.gov.co\/home\/wp-content\/uploads\/2024\/06\/cropped-cropped-cropped-cropped-image-1-1.png","contentUrl":"https:\/\/www.clubmilitar.gov.co\/home\/wp-content\/uploads\/2024\/06\/cropped-cropped-cropped-cropped-image-1-1.png","width":596,"height":133,"caption":"Club Militar"},"image":{"@id":"https:\/\/www.clubmilitar.gov.co\/home\/#\/schema\/logo\/image\/"}}]}},"publishpress_future_workflow_manual_trigger":{"enabledWorkflows":[]},"ticketed":false,"_links":{"self":[{"href":"https:\/\/www.clubmilitar.gov.co\/home\/wp-json\/wp\/v2\/pages\/40549","targetHints":{"allow":["GET"]}}],"collection":[{"href":"https:\/\/www.clubmilitar.gov.co\/home\/wp-json\/wp\/v2\/pages"}],"about":[{"href":"https:\/\/www.clubmilitar.gov.co\/home\/wp-json\/wp\/v2\/types\/page"}],"author":[{"embeddable":true,"href":"https:\/\/www.clubmilitar.gov.co\/home\/wp-json\/wp\/v2\/users\/13"}],"replies":[{"embeddable":true,"href":"https:\/\/www.clubmilitar.gov.co\/home\/wp-json\/wp\/v2\/comments?post=40549"}],"version-history":[{"count":30,"href":"https:\/\/www.clubmilitar.gov.co\/home\/wp-json\/wp\/v2\/pages\/40549\/revisions"}],"predecessor-version":[{"id":55821,"href":"https:\/\/www.clubmilitar.gov.co\/home\/wp-json\/wp\/v2\/pages\/40549\/revisions\/55821"}],"wp:attachment":[{"href":"https:\/\/www.clubmilitar.gov.co\/home\/wp-json\/wp\/v2\/media?parent=40549"}],"curies":[{"name":"wp","href":"https:\/\/api.w.org\/{rel}","templated":true}]}}