{"id":40427,"date":"2021-10-21T16:22:44","date_gmt":"2021-10-21T21:22:44","guid":{"rendered":"https:\/\/clubmilitar.gov.co\/home\/?page_id=40427"},"modified":"2025-08-28T08:39:22","modified_gmt":"2025-08-28T13:39:22","slug":"estructura-organica-organigrama","status":"publish","type":"page","link":"https:\/\/www.clubmilitar.gov.co\/home\/estructura-organica-organigrama\/","title":{"rendered":"ESTRUCTURA ORGANICA"},"content":{"rendered":"\t\t<div data-elementor-type=\"wp-page\" data-elementor-id=\"40427\" class=\"elementor elementor-40427\">\n\t\t\t\t\t\t<section class=\"elementor-section elementor-top-section elementor-element elementor-element-439fcda elementor-section-boxed elementor-section-height-default elementor-section-height-default\" data-id=\"439fcda\" data-element_type=\"section\" data-e-type=\"section\">\n\t\t\t\t\t\t<div class=\"elementor-container elementor-column-gap-default\">\n\t\t\t\t\t<div class=\"elementor-column elementor-col-100 elementor-top-column elementor-element elementor-element-2adc3e41\" data-id=\"2adc3e41\" data-element_type=\"column\" data-e-type=\"column\">\n\t\t\t<div class=\"elementor-widget-wrap elementor-element-populated\">\n\t\t\t\t\t\t<div class=\"elementor-element elementor-element-3892ce43 elementor-widget elementor-widget-text-editor\" data-id=\"3892ce43\" data-element_type=\"widget\" data-e-type=\"widget\" data-widget_type=\"text-editor.default\">\n\t\t\t\t<div class=\"elementor-widget-container\">\n\t\t\t\t\t\t\t\t\t<p class=\"texto-cm\">\u00daltima actualizaci\u00f3n: 01 de agosto de 2025<\/p>\n<figure class=\"wp-block-image size-large is-style-default\"><img fetchpriority=\"high\" decoding=\"async\" class=\"aligncenter\" src=\"https:\/\/www.clubmilitar.gov.co\/home\/wp-content\/uploads\/2023\/09\/Estructura-Organica-en-el-Club-Militar.jpg\" alt=\"Organigrama\" width=\"536\" height=\"646\"><\/figure>\n<p class=\"texto-cm\">Consulte el acto administrativo que establece la Estructura Org\u00e1nica en el Club Militar:<\/p>\n<ul>\n<li><a class=\"link-cm\" href=\"https:\/\/www.clubmilitar.gov.co\/home\/wp-content\/uploads\/2022\/01\/RESOLUCION-No.000423-2020-Areas-de-Trabajo-Oficina-Planeacion-y-Grupos-de-Trabajo-CM..pdf\">RESOLUCI\u00d3N No.000423 2020 \u00c1reas de Trabajo Of<\/a><\/li>\n<\/ul>\t\t\t\t\t\t\t\t<\/div>\n\t\t\t\t<\/div>\n\t\t\t\t\t<\/div>\n\t\t<\/div>\n\t\t\t\t\t<\/div>\n\t\t<\/section>\n\t\t\t\t<\/div>\n\t\t","protected":false},"excerpt":{"rendered":"<p>\u00daltima actualizaci\u00f3n: 01 de agosto de 2025 Consulte el acto administrativo que establece la Estructura Org\u00e1nica en el Club Militar: RESOLUCI\u00d3N No.000423 2020 \u00c1reas de Trabajo Of<\/p>\n","protected":false},"author":13,"featured_media":0,"parent":0,"menu_order":0,"comment_status":"closed","ping_status":"closed","template":"","meta":{"_price":"","_stock":"","_tribe_ticket_header":"","_tribe_default_ticket_provider":"","_tribe_ticket_capacity":"0","_ticket_start_date":"","_ticket_end_date":"","_tribe_ticket_show_description":"","_tribe_ticket_show_not_going":false,"_tribe_ticket_use_global_stock":"","_tribe_ticket_global_stock_level":"","_global_stock_mode":"","_global_stock_cap":"","_tribe_rsvp_for_event":"","_tribe_ticket_going_count":"","_tribe_ticket_not_going_count":"","_tribe_tickets_list":"[]","_tribe_ticket_has_attendee_info_fields":false,"_EventAllDay":false,"_EventTimezone":"","_EventStartDate":"","_EventEndDate":"","_EventStartDateUTC":"","_EventEndDateUTC":"","_EventShowMap":false,"_EventShowMapLink":false,"_EventURL":"","_EventCost":"","_EventCostDescription":"","_EventCurrencySymbol":"","_EventCurrencyCode":"","_EventCurrencyPosition":"","_EventDateTimeSeparator":"","_EventTimeRangeSeparator":"","_EventOrganizerID":[],"_EventVenueID":[],"_OrganizerEmail":"","_OrganizerPhone":"","_OrganizerWebsite":"","_VenueAddress":"","_VenueCity":"","_VenueCountry":"","_VenueProvince":"","_VenueState":"","_VenueZip":"","_VenuePhone":"","_VenueURL":"","_VenueStateProvince":"","_VenueLat":"","_VenueLng":"","_VenueShowMap":false,"_VenueShowMapLink":false,"footnotes":"","_tec_slr_enabled":"","_tec_slr_layout":""},"class_list":["post-40427","page","type-page","status-publish","hentry"],"yoast_head":"<!-- This site is optimized with the Yoast SEO plugin v27.4 - https:\/\/yoast.com\/product\/yoast-seo-wordpress\/ -->\n<title>ESTRUCTURA ORGANICA - Club Militar<\/title>\n<meta name=\"robots\" content=\"index, follow, max-snippet:-1, max-image-preview:large, max-video-preview:-1\" \/>\n<link rel=\"canonical\" href=\"https:\/\/www.clubmilitar.gov.co\/home\/estructura-organica-organigrama\/\" \/>\n<meta property=\"og:locale\" content=\"es_ES\" \/>\n<meta property=\"og:type\" content=\"article\" \/>\n<meta property=\"og:title\" content=\"ESTRUCTURA ORGANICA - Club Militar\" \/>\n<meta property=\"og:description\" content=\"\u00daltima actualizaci\u00f3n: 01 de agosto de 2025 Consulte el acto administrativo que establece la Estructura Org\u00e1nica en el Club Militar: RESOLUCI\u00d3N No.000423 2020 \u00c1reas de Trabajo Of\" \/>\n<meta property=\"og:url\" content=\"https:\/\/www.clubmilitar.gov.co\/home\/estructura-organica-organigrama\/\" \/>\n<meta property=\"og:site_name\" content=\"Club Militar\" \/>\n<meta property=\"article:modified_time\" content=\"2025-08-28T13:39:22+00:00\" \/>\n<meta property=\"og:image\" content=\"https:\/\/www.clubmilitar.gov.co\/home\/wp-content\/uploads\/2023\/09\/Estructura-Organica-en-el-Club-Militar.jpg\" \/>\n<meta name=\"twitter:card\" content=\"summary_large_image\" \/>\n<meta name=\"twitter:label1\" content=\"Tiempo de lectura\" \/>\n\t<meta name=\"twitter:data1\" content=\"1 minuto\" \/>\n<script type=\"application\/ld+json\" class=\"yoast-schema-graph\">{\"@context\":\"https:\\\/\\\/schema.org\",\"@graph\":[{\"@type\":\"WebPage\",\"@id\":\"https:\\\/\\\/www.clubmilitar.gov.co\\\/home\\\/estructura-organica-organigrama\\\/\",\"url\":\"https:\\\/\\\/www.clubmilitar.gov.co\\\/home\\\/estructura-organica-organigrama\\\/\",\"name\":\"ESTRUCTURA ORGANICA - Club Militar\",\"isPartOf\":{\"@id\":\"https:\\\/\\\/www.clubmilitar.gov.co\\\/home\\\/#website\"},\"primaryImageOfPage\":{\"@id\":\"https:\\\/\\\/www.clubmilitar.gov.co\\\/home\\\/estructura-organica-organigrama\\\/#primaryimage\"},\"image\":{\"@id\":\"https:\\\/\\\/www.clubmilitar.gov.co\\\/home\\\/estructura-organica-organigrama\\\/#primaryimage\"},\"thumbnailUrl\":\"https:\\\/\\\/www.clubmilitar.gov.co\\\/home\\\/wp-content\\\/uploads\\\/2023\\\/09\\\/Estructura-Organica-en-el-Club-Militar.jpg\",\"datePublished\":\"2021-10-21T21:22:44+00:00\",\"dateModified\":\"2025-08-28T13:39:22+00:00\",\"breadcrumb\":{\"@id\":\"https:\\\/\\\/www.clubmilitar.gov.co\\\/home\\\/estructura-organica-organigrama\\\/#breadcrumb\"},\"inLanguage\":\"es\",\"potentialAction\":[{\"@type\":\"ReadAction\",\"target\":[\"https:\\\/\\\/www.clubmilitar.gov.co\\\/home\\\/estructura-organica-organigrama\\\/\"]}]},{\"@type\":\"ImageObject\",\"inLanguage\":\"es\",\"@id\":\"https:\\\/\\\/www.clubmilitar.gov.co\\\/home\\\/estructura-organica-organigrama\\\/#primaryimage\",\"url\":\"https:\\\/\\\/www.clubmilitar.gov.co\\\/home\\\/wp-content\\\/uploads\\\/2023\\\/09\\\/Estructura-Organica-en-el-Club-Militar.jpg\",\"contentUrl\":\"https:\\\/\\\/www.clubmilitar.gov.co\\\/home\\\/wp-content\\\/uploads\\\/2023\\\/09\\\/Estructura-Organica-en-el-Club-Militar.jpg\",\"width\":536,\"height\":646},{\"@type\":\"BreadcrumbList\",\"@id\":\"https:\\\/\\\/www.clubmilitar.gov.co\\\/home\\\/estructura-organica-organigrama\\\/#breadcrumb\",\"itemListElement\":[{\"@type\":\"ListItem\",\"position\":1,\"name\":\"Inicio\",\"item\":\"https:\\\/\\\/www.clubmilitar.gov.co\\\/home\\\/\"},{\"@type\":\"ListItem\",\"position\":2,\"name\":\"ESTRUCTURA ORGANICA\"}]},{\"@type\":\"WebSite\",\"@id\":\"https:\\\/\\\/www.clubmilitar.gov.co\\\/home\\\/#website\",\"url\":\"https:\\\/\\\/www.clubmilitar.gov.co\\\/home\\\/\",\"name\":\"Club Militar\",\"description\":\"&quot;Su destino ideal en familia&quot;\",\"publisher\":{\"@id\":\"https:\\\/\\\/www.clubmilitar.gov.co\\\/home\\\/#organization\"},\"potentialAction\":[{\"@type\":\"SearchAction\",\"target\":{\"@type\":\"EntryPoint\",\"urlTemplate\":\"https:\\\/\\\/www.clubmilitar.gov.co\\\/home\\\/?s={search_term_string}\"},\"query-input\":{\"@type\":\"PropertyValueSpecification\",\"valueRequired\":true,\"valueName\":\"search_term_string\"}}],\"inLanguage\":\"es\"},{\"@type\":\"Organization\",\"@id\":\"https:\\\/\\\/www.clubmilitar.gov.co\\\/home\\\/#organization\",\"name\":\"Club Militar\",\"url\":\"https:\\\/\\\/www.clubmilitar.gov.co\\\/home\\\/\",\"logo\":{\"@type\":\"ImageObject\",\"inLanguage\":\"es\",\"@id\":\"https:\\\/\\\/www.clubmilitar.gov.co\\\/home\\\/#\\\/schema\\\/logo\\\/image\\\/\",\"url\":\"https:\\\/\\\/www.clubmilitar.gov.co\\\/home\\\/wp-content\\\/uploads\\\/2024\\\/06\\\/cropped-cropped-cropped-cropped-image-1-1.png\",\"contentUrl\":\"https:\\\/\\\/www.clubmilitar.gov.co\\\/home\\\/wp-content\\\/uploads\\\/2024\\\/06\\\/cropped-cropped-cropped-cropped-image-1-1.png\",\"width\":596,\"height\":133,\"caption\":\"Club Militar\"},\"image\":{\"@id\":\"https:\\\/\\\/www.clubmilitar.gov.co\\\/home\\\/#\\\/schema\\\/logo\\\/image\\\/\"}}]}<\/script>\n<!-- \/ Yoast SEO plugin. -->","yoast_head_json":{"title":"ESTRUCTURA ORGANICA - Club Militar","robots":{"index":"index","follow":"follow","max-snippet":"max-snippet:-1","max-image-preview":"max-image-preview:large","max-video-preview":"max-video-preview:-1"},"canonical":"https:\/\/www.clubmilitar.gov.co\/home\/estructura-organica-organigrama\/","og_locale":"es_ES","og_type":"article","og_title":"ESTRUCTURA ORGANICA - Club Militar","og_description":"\u00daltima actualizaci\u00f3n: 01 de agosto de 2025 Consulte el acto administrativo que establece la Estructura Org\u00e1nica en el Club Militar: RESOLUCI\u00d3N No.000423 2020 \u00c1reas de Trabajo Of","og_url":"https:\/\/www.clubmilitar.gov.co\/home\/estructura-organica-organigrama\/","og_site_name":"Club Militar","article_modified_time":"2025-08-28T13:39:22+00:00","og_image":[{"url":"https:\/\/www.clubmilitar.gov.co\/home\/wp-content\/uploads\/2023\/09\/Estructura-Organica-en-el-Club-Militar.jpg","type":"","width":"","height":""}],"twitter_card":"summary_large_image","twitter_misc":{"Tiempo de lectura":"1 minuto"},"schema":{"@context":"https:\/\/schema.org","@graph":[{"@type":"WebPage","@id":"https:\/\/www.clubmilitar.gov.co\/home\/estructura-organica-organigrama\/","url":"https:\/\/www.clubmilitar.gov.co\/home\/estructura-organica-organigrama\/","name":"ESTRUCTURA ORGANICA - Club Militar","isPartOf":{"@id":"https:\/\/www.clubmilitar.gov.co\/home\/#website"},"primaryImageOfPage":{"@id":"https:\/\/www.clubmilitar.gov.co\/home\/estructura-organica-organigrama\/#primaryimage"},"image":{"@id":"https:\/\/www.clubmilitar.gov.co\/home\/estructura-organica-organigrama\/#primaryimage"},"thumbnailUrl":"https:\/\/www.clubmilitar.gov.co\/home\/wp-content\/uploads\/2023\/09\/Estructura-Organica-en-el-Club-Militar.jpg","datePublished":"2021-10-21T21:22:44+00:00","dateModified":"2025-08-28T13:39:22+00:00","breadcrumb":{"@id":"https:\/\/www.clubmilitar.gov.co\/home\/estructura-organica-organigrama\/#breadcrumb"},"inLanguage":"es","potentialAction":[{"@type":"ReadAction","target":["https:\/\/www.clubmilitar.gov.co\/home\/estructura-organica-organigrama\/"]}]},{"@type":"ImageObject","inLanguage":"es","@id":"https:\/\/www.clubmilitar.gov.co\/home\/estructura-organica-organigrama\/#primaryimage","url":"https:\/\/www.clubmilitar.gov.co\/home\/wp-content\/uploads\/2023\/09\/Estructura-Organica-en-el-Club-Militar.jpg","contentUrl":"https:\/\/www.clubmilitar.gov.co\/home\/wp-content\/uploads\/2023\/09\/Estructura-Organica-en-el-Club-Militar.jpg","width":536,"height":646},{"@type":"BreadcrumbList","@id":"https:\/\/www.clubmilitar.gov.co\/home\/estructura-organica-organigrama\/#breadcrumb","itemListElement":[{"@type":"ListItem","position":1,"name":"Inicio","item":"https:\/\/www.clubmilitar.gov.co\/home\/"},{"@type":"ListItem","position":2,"name":"ESTRUCTURA ORGANICA"}]},{"@type":"WebSite","@id":"https:\/\/www.clubmilitar.gov.co\/home\/#website","url":"https:\/\/www.clubmilitar.gov.co\/home\/","name":"Club Militar","description":"&quot;Su destino ideal en familia&quot;","publisher":{"@id":"https:\/\/www.clubmilitar.gov.co\/home\/#organization"},"potentialAction":[{"@type":"SearchAction","target":{"@type":"EntryPoint","urlTemplate":"https:\/\/www.clubmilitar.gov.co\/home\/?s={search_term_string}"},"query-input":{"@type":"PropertyValueSpecification","valueRequired":true,"valueName":"search_term_string"}}],"inLanguage":"es"},{"@type":"Organization","@id":"https:\/\/www.clubmilitar.gov.co\/home\/#organization","name":"Club Militar","url":"https:\/\/www.clubmilitar.gov.co\/home\/","logo":{"@type":"ImageObject","inLanguage":"es","@id":"https:\/\/www.clubmilitar.gov.co\/home\/#\/schema\/logo\/image\/","url":"https:\/\/www.clubmilitar.gov.co\/home\/wp-content\/uploads\/2024\/06\/cropped-cropped-cropped-cropped-image-1-1.png","contentUrl":"https:\/\/www.clubmilitar.gov.co\/home\/wp-content\/uploads\/2024\/06\/cropped-cropped-cropped-cropped-image-1-1.png","width":596,"height":133,"caption":"Club Militar"},"image":{"@id":"https:\/\/www.clubmilitar.gov.co\/home\/#\/schema\/logo\/image\/"}}]}},"publishpress_future_workflow_manual_trigger":{"enabledWorkflows":[]},"ticketed":false,"_links":{"self":[{"href":"https:\/\/www.clubmilitar.gov.co\/home\/wp-json\/wp\/v2\/pages\/40427","targetHints":{"allow":["GET"]}}],"collection":[{"href":"https:\/\/www.clubmilitar.gov.co\/home\/wp-json\/wp\/v2\/pages"}],"about":[{"href":"https:\/\/www.clubmilitar.gov.co\/home\/wp-json\/wp\/v2\/types\/page"}],"author":[{"embeddable":true,"href":"https:\/\/www.clubmilitar.gov.co\/home\/wp-json\/wp\/v2\/users\/13"}],"replies":[{"embeddable":true,"href":"https:\/\/www.clubmilitar.gov.co\/home\/wp-json\/wp\/v2\/comments?post=40427"}],"version-history":[{"count":30,"href":"https:\/\/www.clubmilitar.gov.co\/home\/wp-json\/wp\/v2\/pages\/40427\/revisions"}],"predecessor-version":[{"id":58693,"href":"https:\/\/www.clubmilitar.gov.co\/home\/wp-json\/wp\/v2\/pages\/40427\/revisions\/58693"}],"wp:attachment":[{"href":"https:\/\/www.clubmilitar.gov.co\/home\/wp-json\/wp\/v2\/media?parent=40427"}],"curies":[{"name":"wp","href":"https:\/\/api.w.org\/{rel}","templated":true}]}}